{"id":1090,"date":"2023-11-13T07:49:22","date_gmt":"2023-11-13T07:49:22","guid":{"rendered":"https:\/\/escritoras-em-portugues.com\/?page_id=1090"},"modified":"2024-06-04T21:55:29","modified_gmt":"2024-06-04T21:55:29","slug":"rita-joana-de-sousa-d","status":"publish","type":"page","link":"https:\/\/escritoras-em-portugues.com\/pt_pt\/xvii\/rita-joana-de-sousa-d\/","title":{"rendered":"Rita Joana de Sousa, D."},"content":{"rendered":"<p><strong>NOME <\/strong><span lang=\"PT\">Rita Joana de Sousa, D.<\/span><\/p>\n<h4><strong>Elementos biogr\u00e1ficos<\/strong><\/h4>\n<div><b>PAI <\/b><span lang=\"PT\">Doutor Jo\u00e3o Mendo Teixeira<\/span><\/div>\n<div><\/div>\n<div><strong>LOCAL DE NASCIMENTO<\/strong> Olinda, Brasil<\/div>\n<div><\/div>\n<div><strong>DATA DE NASCIMENTO <\/strong>1696<\/div>\n<div><\/div>\n<div><strong>DATA DA MORTE<\/strong> 1719<\/div>\n<div><\/div>\n<div>\n<div><b>ESTADO <\/b>Solteira<\/div>\n<\/div>\n<div><\/div>\n<div><\/div>\n<h4><strong>Obra<\/strong><\/h4>\n<p><strong>OBRAS MANUSCRITS (DESAPARECIDAS)<\/strong><\/p>\n<blockquote>\n<p style=\"font-weight: 400;\">V\u00e1rios tratados sobre Pintura, Hist\u00f3ria e \u201cFilosofia Natural\u201d<\/p>\n<\/blockquote>\n<p>&nbsp;<\/p>\n<h4><strong>Bibliografia:<\/strong><\/h4>\n<p style=\"font-weight: 400;\">MACHADO, Diogo Barbosa, <em>Bibliotheca Luzitana: hist\u00f3rica, cr\u00edtica e cronol\u00f3gica, <\/em>Lisboa Occidental, na Officina de Antonio Isidoro da Fonseca, 1741-1759, Tomo III, p. 636.<\/p>\n<p style=\"font-weight: 400;\">PERYM, Diogo Froes,<i><span lang=\"PT\">Theatro Heroino, abecedario historico, e catalogo das mulheres ilustres em armas, letras ac\u00e7oens heroicas e artes liberais, <\/span><\/i><span lang=\"PT\"><i>\u00a0<\/i>Lisboa Occidental, na Officina de Musica de Theotonio Antunes Lima, 1736-1740<\/span>, tomo II, p. 356.<\/p>\n","protected":false},"excerpt":{"rendered":"<p>NOME Rita Joana de Sousa, D. Elementos biogr\u00e1ficos PAI Doutor Jo\u00e3o Mendo Teixeira LOCAL DE NASCIMENTO Olinda, Brasil DATA DE NASCIMENTO 1696 DATA DA MORTE 1719 ESTADO Solteira Obra OBRAS MANUSCRITS (DESAPARECIDAS) V\u00e1rios tratados sobre Pintura, Hist\u00f3ria e \u201cFilosofia Natural\u201d &nbsp; Bibliografia: MACHADO, Diogo Barbosa, Bibliotheca Luzitana: hist\u00f3rica, cr\u00edtica e cronol\u00f3gica, Lisboa Occidental, na Officina &#8230; <a title=\"Rita Joana de Sousa, D.\" class=\"read-more\" href=\"https:\/\/escritoras-em-portugues.com\/pt_pt\/xvii\/rita-joana-de-sousa-d\/\" aria-label=\"Leia mais sobre Rita Joana de Sousa, D.\">Ler mais<\/a><\/p>\n","protected":false},"author":3,"featured_media":0,"parent":47,"menu_order":0,"comment_status":"closed","ping_status":"closed","template":"","meta":{"cybocfi_hide_featured_image":"","footnotes":""},"class_list":["post-1090","page","type-page","status-publish"],"_links":{"self":[{"href":"https:\/\/escritoras-em-portugues.com\/pt_pt\/wp-json\/wp\/v2\/pages\/1090","targetHints":{"allow":["GET"]}}],"collection":[{"href":"https:\/\/escritoras-em-portugues.com\/pt_pt\/wp-json\/wp\/v2\/pages"}],"about":[{"href":"https:\/\/escritoras-em-portugues.com\/pt_pt\/wp-json\/wp\/v2\/types\/page"}],"author":[{"embeddable":true,"href":"https:\/\/escritoras-em-portugues.com\/pt_pt\/wp-json\/wp\/v2\/users\/3"}],"replies":[{"embeddable":true,"href":"https:\/\/escritoras-em-portugues.com\/pt_pt\/wp-json\/wp\/v2\/comments?post=1090"}],"version-history":[{"count":2,"href":"https:\/\/escritoras-em-portugues.com\/pt_pt\/wp-json\/wp\/v2\/pages\/1090\/revisions"}],"predecessor-version":[{"id":1812,"href":"https:\/\/escritoras-em-portugues.com\/pt_pt\/wp-json\/wp\/v2\/pages\/1090\/revisions\/1812"}],"up":[{"embeddable":true,"href":"https:\/\/escritoras-em-portugues.com\/pt_pt\/wp-json\/wp\/v2\/pages\/47"}],"wp:attachment":[{"href":"https:\/\/escritoras-em-portugues.com\/pt_pt\/wp-json\/wp\/v2\/media?parent=1090"}],"curies":[{"name":"wp","href":"https:\/\/api.w.org\/{rel}","templated":true}]}}