{"id":1068,"date":"2023-11-12T23:57:54","date_gmt":"2023-11-12T23:57:54","guid":{"rendered":"https:\/\/escritoras-em-portugues.com\/?page_id=1068"},"modified":"2024-06-04T22:00:33","modified_gmt":"2024-06-04T22:00:33","slug":"maria-francisca-isabel-de-saboia-rainha-de-portugal","status":"publish","type":"page","link":"https:\/\/escritoras-em-portugues.com\/pt_pt\/xvii\/maria-francisca-isabel-de-saboia-rainha-de-portugal\/","title":{"rendered":"Maria Francisca Isabel de Saboia, Rainha de Portugal"},"content":{"rendered":"<p><strong>NOME <\/strong>Maria Francisca Isabel de Saboia, Rainha de Portugal<\/p>\n<p><strong>OUTROS NOMES<\/strong> <span lang=\"PT\">Duquesa de Nemours e d\u2019Aumale<\/span><\/p>\n<h4><strong>Elementos biogr\u00e1ficos<\/strong><\/h4>\n<p style=\"font-weight: 400;\"><strong>PAI<\/strong> Carlos Amadeu de Saboia, Duque de Nemours<\/p>\n<p style=\"font-weight: 400;\"><strong>M\u00c3E<\/strong> Isabel de Vend\u00f4me<\/p>\n<p style=\"font-weight: 400;\"><strong>LOCAL DE NASCIMENTO<\/strong>\u00a0 Paris<\/p>\n<p><strong>DATA DE NASCIMENTO <\/strong><span lang=\"PT\">21 de Junho de 1646<\/span><\/p>\n<p><strong>LOCAL DA MORTE<\/strong> Lisboa<\/p>\n<p><strong>DATA DA MORTE<\/strong>\u00a0 27 de Dezembro 1683<\/p>\n<p style=\"font-weight: 400;\"><strong>PA\u00cdS ONDE NASCEU<\/strong> \u00a0Fran\u00e7a<\/p>\n<p style=\"font-weight: 400;\"><strong>PROFISS\u00c3O \/ CARGO \/ FUN\u00c7\u00c3O<\/strong>\u00a0Rainha de Portugal, Rainha-Princesa<\/p>\n<p style=\"font-weight: 400;\"><strong>ESTADO<\/strong> Casada<\/p>\n<p style=\"font-weight: 400;\"><strong>C\u00d4NJUGE<\/strong> Afonso VI Rei de Portugal<\/p>\n<p style=\"font-weight: 400;\"><strong>DATA DE CASAMENTO<\/strong> 27 de Junho de 1666<\/p>\n<p style=\"font-weight: 400;\"><strong>NOME DO C\u00d4NJUGUE II\u00a0<\/strong> \u00a0\u00a0Pedro II Pr\u00edncipe Regente, Rei de Portugal<\/p>\n<p style=\"font-weight: 400;\"><strong>DATA DE CASAMENTO<\/strong> I<strong>I\u00a0<\/strong> 2 de Abril de 1668<\/p>\n<p style=\"font-weight: 400;\"><strong>N\u00ba DE FILHOS<\/strong> \u00a01<\/p>\n<p style=\"font-weight: 400;\"><strong>FILHOS<\/strong> Isabel Lu\u00edsa Josefa de Bragan\u00e7a (6 de Janeiro 1669- 21 de Outubro de1690) Princesa da Beira<\/p>\n<h4><strong>Obra<\/strong><\/h4>\n<p><strong>OBRAS MANUSCRITAS<\/strong><\/p>\n<blockquote>\n<p style=\"font-weight: 400;\"><em>Conseils de la Reine \u00e0 l\u2019Infante <\/em>(BN Cod 9860 n\u00ba 6)<\/p>\n<p style=\"font-weight: 400;\"><em>Documentos ou conselhos dados pela Rainha de Portugal, D. Maria Francisca Izabel de Sab\u00f3ya, a sua filha, a Infanta D. Isabel, quando estava para casar com o Duqe de Saboya, seu primo\u00a0\u00a0\u00a0 <\/em>(BGUC Ms 502, fl-5r-11r)<\/p>\n<p style=\"font-weight: 400;\"><em>Documentos da Raynha de Portugal, D. Maria Francisca Izabel de Sab\u00f3ya, que deo a Infante D. Izabel sua filha quando houve de caz\u00e1lla com o Duqe de Sab\u00f3ya seu primo <\/em>(BGUC, Ms. 504, fl 162r-1655r)<\/p>\n<\/blockquote>\n<h4><strong>Bibliografia:<\/strong><\/h4>\n<p>ANAST\u00c1CIO, Vanda<span lang=\"PT\">, <\/span><span lang=\"PT\">Privacidad y publicidad em el discurso epistolar feminino: el caso de la Marquesa de Alorna (1750-1839)\u201d in.: Maria Martos e Julio Neira (orgs.) <\/span><i><span lang=\"PT-BR\">Identidad autorial femenina y comunicaci\u00f3n epistolar<\/span><\/i><span class=\"apple-converted-space\"><span lang=\"PT-BR\">, <\/span><\/span><span lang=\"PT-BR\">Madrid, UNED, 2018, pp. 113-132.<\/span><\/p>\n<p style=\"font-weight: 400;\">BOXER, Charles, &#8220;<span style=\"font-size: inherit;\">Documentos ou conselhos dados pela Rainha de Portugal, D. Maria Francisca Izabel de Sabo\u0301ya, a sua filha, a Infanta D. Isabel, quando estava para casar com o Duqe de Sa- boya, seu primo&#8221;\u00a0<\/span><span style=\"font-size: inherit;\"><em>A Mulher na Expansa\u0303o Ultramarina Ibe\u0301rica (1415-1815): alguns factos ideias e personalidades,<\/em> Lisboa, Livros Horizonte, 1977.<\/span><\/p>\n<p style=\"font-weight: 400;\">BRAGA, Isabel M. R. Mendes Drumond e Paulo Drumond Braga, <em>Duas Rainhas em Tempo de Novos Equil\u00edbrios Europeus. Maria Francisca Isabel de Saboia. Maria Sofia Isabel de Neuburg<\/em> , [Lisboa], C\u00edrculo de Leitores, 2011.<\/p>\n<p style=\"font-weight: 400;\">CADAVAL, Diana de, <em>Maria Francisca de Saboia. Uma Mulher entre dois Homens, <\/em>Lisboa, A Esfera dos Livros, 2011.<\/p>\n<p style=\"font-weight: 400;\">CARVALHO, Jos\u00e9 Adriano Freitas de \u201cMaria Francisca Isabel de Saboia\u201d <em>Pais e Nobres I Cartas de Instru\u00e7\u00e3o para a Educa\u00e7\u00e3o de Jovens Nobres (S\u00e9culos XVI-XVIII), <\/em>Porto, Centro Inter-Universit\u00e1rio de Hist\u00f3ria da Espiritualidade, 2009, volume I, p. 32 e pp. 271-281.<\/p>\n<p style=\"font-weight: 400;\">SABUGOSA, Conde de, <em>\u201cD. Izabel de Portugal&#8221; Donas de Tempos idos, <\/em>3\u00aa edi\u00e7\u00e3o,\u00a0 s. d. Rio deJaneiro-Lisboa, Portugal-Brasil Editora Cia, Editora Americana, pp. 229-234<\/p>\n","protected":false},"excerpt":{"rendered":"<p>NOME Maria Francisca Isabel de Saboia, Rainha de Portugal OUTROS NOMES Duquesa de Nemours e d\u2019Aumale Elementos biogr\u00e1ficos PAI Carlos Amadeu de Saboia, Duque de Nemours M\u00c3E Isabel de Vend\u00f4me LOCAL DE NASCIMENTO\u00a0 Paris DATA DE NASCIMENTO 21 de Junho de 1646 LOCAL DA MORTE Lisboa DATA DA MORTE\u00a0 27 de Dezembro 1683 PA\u00cdS ONDE &#8230; <a title=\"Maria Francisca Isabel de Saboia, Rainha de Portugal\" class=\"read-more\" href=\"https:\/\/escritoras-em-portugues.com\/pt_pt\/xvii\/maria-francisca-isabel-de-saboia-rainha-de-portugal\/\" aria-label=\"Leia mais sobre Maria Francisca Isabel de Saboia, Rainha de Portugal\">Ler mais<\/a><\/p>\n","protected":false},"author":3,"featured_media":0,"parent":47,"menu_order":0,"comment_status":"closed","ping_status":"closed","template":"","meta":{"cybocfi_hide_featured_image":"","footnotes":""},"class_list":["post-1068","page","type-page","status-publish"],"_links":{"self":[{"href":"https:\/\/escritoras-em-portugues.com\/pt_pt\/wp-json\/wp\/v2\/pages\/1068","targetHints":{"allow":["GET"]}}],"collection":[{"href":"https:\/\/escritoras-em-portugues.com\/pt_pt\/wp-json\/wp\/v2\/pages"}],"about":[{"href":"https:\/\/escritoras-em-portugues.com\/pt_pt\/wp-json\/wp\/v2\/types\/page"}],"author":[{"embeddable":true,"href":"https:\/\/escritoras-em-portugues.com\/pt_pt\/wp-json\/wp\/v2\/users\/3"}],"replies":[{"embeddable":true,"href":"https:\/\/escritoras-em-portugues.com\/pt_pt\/wp-json\/wp\/v2\/comments?post=1068"}],"version-history":[{"count":7,"href":"https:\/\/escritoras-em-portugues.com\/pt_pt\/wp-json\/wp\/v2\/pages\/1068\/revisions"}],"predecessor-version":[{"id":1824,"href":"https:\/\/escritoras-em-portugues.com\/pt_pt\/wp-json\/wp\/v2\/pages\/1068\/revisions\/1824"}],"up":[{"embeddable":true,"href":"https:\/\/escritoras-em-portugues.com\/pt_pt\/wp-json\/wp\/v2\/pages\/47"}],"wp:attachment":[{"href":"https:\/\/escritoras-em-portugues.com\/pt_pt\/wp-json\/wp\/v2\/media?parent=1068"}],"curies":[{"name":"wp","href":"https:\/\/api.w.org\/{rel}","templated":true}]}}