{"id":1063,"date":"2023-11-12T23:25:23","date_gmt":"2023-11-12T23:25:23","guid":{"rendered":"https:\/\/escritoras-em-portugues.com\/?page_id=1063"},"modified":"2024-06-04T22:00:19","modified_gmt":"2024-06-04T22:00:19","slug":"maria-do-sacramento-soror","status":"publish","type":"page","link":"https:\/\/escritoras-em-portugues.com\/pt_pt\/xvii\/maria-do-sacramento-soror\/","title":{"rendered":"Maria do Sacramento, Soror"},"content":{"rendered":"<p><strong>NOME <\/strong><span lang=\"PT\">Maria do Sacramento, Soror<\/span><\/p>\n<h4><strong>Elementos biogr\u00e1ficos<\/strong><\/h4>\n<div><b>PAI <\/b><span lang=\"PT\">Descendente dos Condes de Vila Franca<\/span><\/div>\n<div><\/div>\n<div><strong>DATA DE NASCIMENTO<\/strong>\u00a0 S\u00e9culo XVII<\/div>\n<div><\/div>\n<div><b>LOCAL DA MORTE <\/b><span lang=\"PT\">Lisboa<\/span><\/div>\n<div><\/div>\n<div><b>PA\u00cdS ONDE NASCEU <\/b><span lang=\"PT\">Monarquia Dual (?)<\/span><\/div>\n<div><\/div>\n<div><b>DATA DA MORTE <\/b><span lang=\"PT\">26 de Janeiro de 1679<\/span><\/div>\n<div><\/div>\n<div><b>DATA DA PROFISS\u00c3O RELIGIOSA <\/b><span lang=\"PT\">8 de Setembro de 1623<\/span><\/div>\n<div><\/div>\n<div><b>LOCAL DA PROFISS\u00c3O RELIGIOSA\u00a0<\/b><span lang=\"PT\">Convento da Madre de Deus, Lisboa<\/span><\/div>\n<div><\/div>\n<div><b>CONVENTO <\/b><span lang=\"PT\">Convento da Madre de Deus, Lisboa<\/span><\/div>\n<div><\/div>\n<div><b>ORDEM RELIGIOSA A QUE PERTENCEU <\/b><span lang=\"PT\">Clarissas<\/span><\/div>\n<div><\/div>\n<div><b>IDIOMAS <\/b><span lang=\"PT\">Portugu\u00eas<\/span><\/div>\n<div><\/div>\n<div><\/div>\n<h4><strong>Obra<\/strong><\/h4>\n<p><strong>OBRAS MANUSCRITAS<\/strong><\/p>\n<div>\n<blockquote><p><i>Noti\u0301cia da fundac<\/i><i>\u0327<\/i><i>a\u0303o do Convento da Madre de Deus das religiosas descalc<\/i><i>\u0327<\/i><i>as de Lisboa, da primeira regra de nossa Madre Santa Clara<\/i>. Lisboa, Mss., 1639-1652. BNP<span lang=\"PT\">, <\/span>Museu Nacional de Arte Antiga (MNAA)<span lang=\"PT\">.<\/span><\/p><\/blockquote>\n<\/div>\n<h4><strong>Bibliografia:<\/strong><\/h4>\n<p style=\"font-weight: 400;\">BEL\u00c9M, Fr. Jer\u00f3nimo de, &#8220;Introdu\u00e7\u00e3o&#8221; <em style=\"font-size: inherit;\">Chronica Seraphica da Provincia dos Algarves<\/em><span style=\"font-size: inherit;\">, p. 275<\/span><\/p>\n<p style=\"font-weight: 400;\"><a href=\"http:\/\/reader.digitale-sammlungen.de\/de\/fs1\/object\/display\/bsb10939852_00005.html\">BEL\u00c9M, Frei Jeronymo de, <em>Chronica Serafica da Santa Prov\u00edncia dos Algarves da Regular Observancia do nosso serafico Padre S\u00e3o Francisco<\/em>, Lisboa, Off. Ignacio Rodrigues, 1750-1758, p. 275.<\/a><\/p>\n<p style=\"font-weight: 400;\">MACHADO, Diogo Barbosa, <a name=\"OLE_LINK4\"><\/a><span lang=\"PT\"><i>Bibliotheca Luzitana: hist\u00f3rica, cr\u00edtica e cronol\u00f3gica, <\/i>Lisboa Occidental, na Officina de Antonio Isidoro da Fonseca, 1741-1759, <\/span>Tomo III, p. 430.<\/p>\n<p style=\"font-weight: 400;\">PACHECO, Moreno Laborda, <em>A M\u00e1goa do Esquecimento. Escrita e Mem\u00f3ria Conventual no Portugal do S\u00e9culo XVII<\/em>, Salvador-Lisboa, EDUFBA-CHAM, 2020<\/p>\n<div><a name=\"OLE_LINK3\"><\/a><\/div>\n<p style=\"font-weight: 400;\">\n","protected":false},"excerpt":{"rendered":"<p>NOME Maria do Sacramento, Soror Elementos biogr\u00e1ficos PAI Descendente dos Condes de Vila Franca DATA DE NASCIMENTO\u00a0 S\u00e9culo XVII LOCAL DA MORTE Lisboa PA\u00cdS ONDE NASCEU Monarquia Dual (?) DATA DA MORTE 26 de Janeiro de 1679 DATA DA PROFISS\u00c3O RELIGIOSA 8 de Setembro de 1623 LOCAL DA PROFISS\u00c3O RELIGIOSA\u00a0Convento da Madre de Deus, Lisboa &#8230; <a title=\"Maria do Sacramento, Soror\" class=\"read-more\" href=\"https:\/\/escritoras-em-portugues.com\/pt_pt\/xvii\/maria-do-sacramento-soror\/\" aria-label=\"Leia mais sobre Maria do Sacramento, Soror\">Ler mais<\/a><\/p>\n","protected":false},"author":3,"featured_media":0,"parent":47,"menu_order":0,"comment_status":"closed","ping_status":"closed","template":"","meta":{"cybocfi_hide_featured_image":"","footnotes":""},"class_list":["post-1063","page","type-page","status-publish"],"_links":{"self":[{"href":"https:\/\/escritoras-em-portugues.com\/pt_pt\/wp-json\/wp\/v2\/pages\/1063","targetHints":{"allow":["GET"]}}],"collection":[{"href":"https:\/\/escritoras-em-portugues.com\/pt_pt\/wp-json\/wp\/v2\/pages"}],"about":[{"href":"https:\/\/escritoras-em-portugues.com\/pt_pt\/wp-json\/wp\/v2\/types\/page"}],"author":[{"embeddable":true,"href":"https:\/\/escritoras-em-portugues.com\/pt_pt\/wp-json\/wp\/v2\/users\/3"}],"replies":[{"embeddable":true,"href":"https:\/\/escritoras-em-portugues.com\/pt_pt\/wp-json\/wp\/v2\/comments?post=1063"}],"version-history":[{"count":5,"href":"https:\/\/escritoras-em-portugues.com\/pt_pt\/wp-json\/wp\/v2\/pages\/1063\/revisions"}],"predecessor-version":[{"id":1823,"href":"https:\/\/escritoras-em-portugues.com\/pt_pt\/wp-json\/wp\/v2\/pages\/1063\/revisions\/1823"}],"up":[{"embeddable":true,"href":"https:\/\/escritoras-em-portugues.com\/pt_pt\/wp-json\/wp\/v2\/pages\/47"}],"wp:attachment":[{"href":"https:\/\/escritoras-em-portugues.com\/pt_pt\/wp-json\/wp\/v2\/media?parent=1063"}],"curies":[{"name":"wp","href":"https:\/\/api.w.org\/{rel}","templated":true}]}}