{"id":1051,"date":"2023-11-12T22:47:21","date_gmt":"2023-11-12T22:47:21","guid":{"rendered":"https:\/\/escritoras-em-portugues.com\/?page_id=1051"},"modified":"2024-06-04T21:50:58","modified_gmt":"2024-06-04T21:50:58","slug":"maria-do-baptista-soror","status":"publish","type":"page","link":"https:\/\/escritoras-em-portugues.com\/pt_pt\/xvii\/maria-do-baptista-soror\/","title":{"rendered":"Maria do Baptista, Soror"},"content":{"rendered":"<p><strong>NOME <\/strong><span lang=\"PT\">Maria do Baptista, Soror<\/span><\/p>\n<h4><strong>Elementos biogr\u00e1ficos<\/strong><\/h4>\n<p><strong>DATA DE NASCIMENTO<\/strong>\u00a0 S\u00e9culo XVII<\/p>\n<p><strong>DATA DA MORTE<\/strong>\u00a0 S\u00e9culo XVII<\/p>\n<div><b>PROFISS\u00c3O \/ CARGO \/ FUN\u00c7\u00c3O <\/b><span lang=\"PT\">Prioresa<\/span><\/div>\n<div><\/div>\n<div><\/div>\n<div>\n<div><b>CONVENTO <\/b>Mosteiro do Salvador, Lisboa<\/div>\n<div><\/div>\n<div><\/div>\n<div><b>ORDEM RELIGIOSA A QUE PERTENCEU \u00a0<\/b>Dominicana<\/div>\n<div><\/div>\n<\/div>\n<div><\/div>\n<div><\/div>\n<h4><strong>Obra<\/strong><\/h4>\n<p><strong>OBRAS IMPRESSAS<\/strong><\/p>\n<div>\n<blockquote><p>\u00a0<i>Livro da Funda<\/i><i>\u00e7<\/i><i>a\u0303o do Mosteiro do Salvador da Cidade de Lisboa, &amp; de alguns casos dignos de memoria, que nelle acontecera\u0303o. Composto Pella Reverenda Madre Soror Maria do Baptista, Prioresa do mesmo Mosteiro. Dirigido Ao Divinissimo Sacramento da Eucharistia<\/i>. Lisboa<span lang=\"PT\">,<\/span> Pedro Crasbeeck, 1618<span lang=\"PT\">.<\/span><\/p>\n<p><em>Modo de resar o ros\u00e1rio de N. S. como se resa na Minerva em Roma, accrescentando o principio que teve para ser\u00a0<\/em><i>resar a choros, e a devo\u00e7\u00e3o dos Santos auxiliadores&#8230; <\/i>Lisboa, Jorge Rodrigues, 1638.<\/p><\/blockquote>\n<\/div>\n<h4><strong>Bibliografia:<\/strong><\/h4>\n<p style=\"font-weight: 400;\">AVELINO, Carla \u201cCr\u00f3nicas conventuais de <em>funda\u00e7\u00e3o<\/em>: Especificidades e Modelos\u201d <em>E-Revista de Estudos Interculturais do CEI-ISCAP, <\/em>n\u00ba 8, Maio de 2020, pp. 1-16.<\/p>\n<p style=\"font-weight: 400;\">MATOS, Ricardo Pinto de, <em>Manual Bibliographico Portuguez de Livros Raros, Classicos e Curiosos,<\/em> 1878.<\/p>\n<p>MORUJ\u00c3O, Isabel, <a name=\"OLE_LINK281\"><\/a><i><span lang=\"PT\">Contributo para uma Bibliografia cronol\u00f3gica da Literatura Mon\u00e1stica Feminina Portuguesa dos s\u00e9culos XVII e XVIII (impressos), <\/span><\/i><span lang=\"PT\">Lisboa, Centro de Estudos de Hist\u00f3ria Religiosa, Universidade Cat\u00f3lica Portuguesa, 1995, p. 9, p. 12.<\/span><\/p>\n<p>PACHECO, Moreno Laborda, <em>A M\u00e1goa do Esquecimento. Escrita e Mem\u00f3ria Conventual no Portugal do S\u00e9culo XVII<\/em>, Salvador-Lisboa, EDUFBA-CHAM, 2020, pp. 40-42.<\/p>\n<p>SILVA, Inoc\u00eancio Francisco da, <i><span lang=\"PT\">Diccion\u00e1rio Bibliographico Portuguez<\/span><\/i><span lang=\"PT\">, Lisboa, Imprensa Nacional, 1858-1862, <\/span>vol. IV, p. 136.<\/p>\n<div><a name=\"OLE_LINK280\"><\/a><\/div>\n","protected":false},"excerpt":{"rendered":"<p>NOME Maria do Baptista, Soror Elementos biogr\u00e1ficos DATA DE NASCIMENTO\u00a0 S\u00e9culo XVII DATA DA MORTE\u00a0 S\u00e9culo XVII PROFISS\u00c3O \/ CARGO \/ FUN\u00c7\u00c3O Prioresa CONVENTO Mosteiro do Salvador, Lisboa ORDEM RELIGIOSA A QUE PERTENCEU \u00a0Dominicana Obra OBRAS IMPRESSAS \u00a0Livro da Funda\u00e7a\u0303o do Mosteiro do Salvador da Cidade de Lisboa, &amp; de alguns casos dignos de memoria, &#8230; <a title=\"Maria do Baptista, Soror\" class=\"read-more\" href=\"https:\/\/escritoras-em-portugues.com\/pt_pt\/xvii\/maria-do-baptista-soror\/\" aria-label=\"Leia mais sobre Maria do Baptista, Soror\">Ler mais<\/a><\/p>\n","protected":false},"author":3,"featured_media":0,"parent":47,"menu_order":0,"comment_status":"closed","ping_status":"closed","template":"","meta":{"cybocfi_hide_featured_image":"","footnotes":""},"class_list":["post-1051","page","type-page","status-publish"],"_links":{"self":[{"href":"https:\/\/escritoras-em-portugues.com\/pt_pt\/wp-json\/wp\/v2\/pages\/1051","targetHints":{"allow":["GET"]}}],"collection":[{"href":"https:\/\/escritoras-em-portugues.com\/pt_pt\/wp-json\/wp\/v2\/pages"}],"about":[{"href":"https:\/\/escritoras-em-portugues.com\/pt_pt\/wp-json\/wp\/v2\/types\/page"}],"author":[{"embeddable":true,"href":"https:\/\/escritoras-em-portugues.com\/pt_pt\/wp-json\/wp\/v2\/users\/3"}],"replies":[{"embeddable":true,"href":"https:\/\/escritoras-em-portugues.com\/pt_pt\/wp-json\/wp\/v2\/comments?post=1051"}],"version-history":[{"count":8,"href":"https:\/\/escritoras-em-portugues.com\/pt_pt\/wp-json\/wp\/v2\/pages\/1051\/revisions"}],"predecessor-version":[{"id":1796,"href":"https:\/\/escritoras-em-portugues.com\/pt_pt\/wp-json\/wp\/v2\/pages\/1051\/revisions\/1796"}],"up":[{"embeddable":true,"href":"https:\/\/escritoras-em-portugues.com\/pt_pt\/wp-json\/wp\/v2\/pages\/47"}],"wp:attachment":[{"href":"https:\/\/escritoras-em-portugues.com\/pt_pt\/wp-json\/wp\/v2\/media?parent=1051"}],"curies":[{"name":"wp","href":"https:\/\/api.w.org\/{rel}","templated":true}]}}