{"id":1041,"date":"2023-11-12T21:58:34","date_gmt":"2023-11-12T21:58:34","guid":{"rendered":"https:\/\/escritoras-em-portugues.com\/?page_id=1041"},"modified":"2024-06-04T21:51:17","modified_gmt":"2024-06-04T21:51:17","slug":"maria-de-lara-e-menezes","status":"publish","type":"page","link":"https:\/\/escritoras-em-portugues.com\/pt_pt\/xvii\/maria-de-lara-e-menezes\/","title":{"rendered":"Maria de Lara e Menezes"},"content":{"rendered":"<p><strong>NOME <\/strong><span lang=\"PT\">Maria de Lara e Menezes<\/span><\/p>\n<h4><strong>Elementos biogr\u00e1ficos<\/strong><\/h4>\n<p><strong>PAI \u00a0<\/strong><span lang=\"PT\">Duque de Caminha (?)\u00a0<\/span><\/p>\n<p><strong>LOCAL DE NASCIMENTO<\/strong>\u00a0Lisboa<\/p>\n<p><strong>DATA DE NASCIMENTO<\/strong>\u00a0 23 de Junho 1649<\/p>\n<p><strong>PA\u00cdS ONDE NASCEU<\/strong> <span lang=\"PT\">Portugal<\/span><\/p>\n<p><strong>ESTADO <\/strong>\u00a0Casada<\/p>\n<p>&nbsp;<\/p>\n<h4><strong>Obra<\/strong><\/h4>\n<p><strong>OBRAS IMPRESSAS<\/strong><\/p>\n<blockquote>\n<p style=\"font-weight: 400;\"><a href=\"https:\/\/purl.pt\/261\/4\/l-3276-p\/l-3276-p_item4\/l-3276-p_PDF\/l-3276-p_PDF_24-C-R0150\/l-3276-p_0000_rosto-431_t24-C-R0150.pdf\"><em>&#8220;Sentimentos ou Saudades de Ignez de Castro,<\/em> poema em 2 cantos de oitava rima&#8221;in.: Mathias Pereyra da Silva (org.) <em>F\u00e9nix Renascida, <\/em>tomo I , Lisboa, Herdeiros Ant\u00f3nio Pedroso Galram, 1746<\/a><\/p>\n<\/blockquote>\n<pre><\/pre>\n<h4><strong>Bibliografia:<\/strong><\/h4>\n<p style=\"font-weight: 400;\">BARROS, Teresa Leit\u00e3o de,<em>Escritoras de Portugal. G\u00e9nio feminino revelado na Literatura Portuguesa, <\/em>\u00a0Lisboa, , Typographia de Antonio B. Antunes, vol. I, 1924, p. 241.<\/p>\n<p style=\"font-weight: 400;\">COELHO, Jos\u00e9 Ramos, <em>Historia do Infante D. Duarte, irm\u00e3o de el-Rei D. Jo\u00e3o IV<\/em>, Lisboa, Typ. Academia Real das Sciencias, 1889-1890 tomo II pp. 738-822.<\/p>\n<p style=\"font-weight: 400;\">SILVA, Innocencio Francisco da, e Brito Aranha, <em>Diccionario bibliographico Portuguez, <\/em>Lisboa, Imprensa Nacional, MDCCCCVI, Tomo XVIII, \u00a0p. 205.<\/p>\n<p style=\"font-weight: 400;\">\n","protected":false},"excerpt":{"rendered":"<p>NOME Maria de Lara e Menezes Elementos biogr\u00e1ficos PAI \u00a0Duque de Caminha (?)\u00a0 LOCAL DE NASCIMENTO\u00a0Lisboa DATA DE NASCIMENTO\u00a0 23 de Junho 1649 PA\u00cdS ONDE NASCEU Portugal ESTADO \u00a0Casada &nbsp; Obra OBRAS IMPRESSAS &#8220;Sentimentos ou Saudades de Ignez de Castro, poema em 2 cantos de oitava rima&#8221;in.: Mathias Pereyra da Silva (org.) F\u00e9nix Renascida, tomo &#8230; <a title=\"Maria de Lara e Menezes\" class=\"read-more\" href=\"https:\/\/escritoras-em-portugues.com\/pt_pt\/xvii\/maria-de-lara-e-menezes\/\" aria-label=\"Leia mais sobre Maria de Lara e Menezes\">Ler mais<\/a><\/p>\n","protected":false},"author":3,"featured_media":0,"parent":47,"menu_order":0,"comment_status":"closed","ping_status":"closed","template":"","meta":{"cybocfi_hide_featured_image":"","footnotes":""},"class_list":["post-1041","page","type-page","status-publish"],"_links":{"self":[{"href":"https:\/\/escritoras-em-portugues.com\/pt_pt\/wp-json\/wp\/v2\/pages\/1041","targetHints":{"allow":["GET"]}}],"collection":[{"href":"https:\/\/escritoras-em-portugues.com\/pt_pt\/wp-json\/wp\/v2\/pages"}],"about":[{"href":"https:\/\/escritoras-em-portugues.com\/pt_pt\/wp-json\/wp\/v2\/types\/page"}],"author":[{"embeddable":true,"href":"https:\/\/escritoras-em-portugues.com\/pt_pt\/wp-json\/wp\/v2\/users\/3"}],"replies":[{"embeddable":true,"href":"https:\/\/escritoras-em-portugues.com\/pt_pt\/wp-json\/wp\/v2\/comments?post=1041"}],"version-history":[{"count":3,"href":"https:\/\/escritoras-em-portugues.com\/pt_pt\/wp-json\/wp\/v2\/pages\/1041\/revisions"}],"predecessor-version":[{"id":1797,"href":"https:\/\/escritoras-em-portugues.com\/pt_pt\/wp-json\/wp\/v2\/pages\/1041\/revisions\/1797"}],"up":[{"embeddable":true,"href":"https:\/\/escritoras-em-portugues.com\/pt_pt\/wp-json\/wp\/v2\/pages\/47"}],"wp:attachment":[{"href":"https:\/\/escritoras-em-portugues.com\/pt_pt\/wp-json\/wp\/v2\/media?parent=1041"}],"curies":[{"name":"wp","href":"https:\/\/api.w.org\/{rel}","templated":true}]}}