{"id":1013,"date":"2023-11-08T06:42:34","date_gmt":"2023-11-08T06:42:34","guid":{"rendered":"https:\/\/escritoras-em-portugues.com\/?page_id=1013"},"modified":"2024-06-04T21:52:04","modified_gmt":"2024-06-04T21:52:04","slug":"maria-da-trindade-soror","status":"publish","type":"page","link":"https:\/\/escritoras-em-portugues.com\/pt_pt\/xvii\/maria-da-trindade-soror\/","title":{"rendered":"Maria da Trindade, Soror"},"content":{"rendered":"<p><strong>NOME <\/strong><span lang=\"PT\">Maria da Trindade, Soror<\/span><\/p>\n<h4><strong>Elementos biogr\u00e1ficos<\/strong><\/h4>\n<div><b>PAI <\/b><span lang=\"PT\">D. Manuel de Meneses (General da Armada Real, Cosmografo mor do Reino)<\/span><\/div>\n<div><\/div>\n<div><b>M\u00c3E <\/b><span lang=\"PT\">D. Lu\u00edsa de Moura<\/span><\/div>\n<div><\/div>\n<div><b>LOCAL DE NASCIMENTO <\/b><span lang=\"PT\">Lisboa<\/span><\/div>\n<div><\/div>\n<div><b>DATA DE NASCIMENTO <\/b><span lang=\"PT\">S\u00e9culo XVII<\/span><\/div>\n<div><\/div>\n<div><b>LOCAL DA MORTE <\/b><span lang=\"PT\">Sacav\u00e9m\u00a0<\/span><\/div>\n<div><\/div>\n<div><b> PROFISS\u00c3O \/ CARGO \/ FUN\u00c7\u00c3O <\/b><span lang=\"PT\">Abadessa<\/span><\/div>\n<div><\/div>\n<div><b>DATA DA MORTE <\/b><span lang=\"PT\">29 de Novembro de 1678<\/span><\/div>\n<div><\/div>\n<div><b>ESTADO\u00a0<\/b><span lang=\"PT\">Freira<\/span><\/div>\n<div><\/div>\n<div><b>LOCAL DA PROFISS\u00c3O RELIGIOSA <\/b><span lang=\"PT\">Convento de Nossa Senhora dos M\u00e1rtires, Sacav\u00e9m<\/span><\/div>\n<div><\/div>\n<div><b>CONVENTO <\/b><span lang=\"PT\">Nossa Senhora dos M\u00e1rtires, Sacav\u00e9m<\/span><\/div>\n<div><\/div>\n<div><\/div>\n<h4><strong>Obra<\/strong><\/h4>\n<p><strong>OBRAS MANUSCRITAS<\/strong><\/p>\n<blockquote>\n<p style=\"font-weight: 400;\"><em>Vida da Vener\u00e1vel Sor Catherina da Columna, e de outras Religiosas insignes em Santidade<\/em><\/p>\n<\/blockquote>\n<h4><strong>Bibliografia:<\/strong><\/h4>\n<p style=\"font-weight: 400;\"><a href=\"https:\/\/purl.pt\/12169\"><strong>\u00a0<\/strong>CARDOSO, D. Jorge, <em>Agiologio Lusitano<\/em>, <em>dos sanctos, e varoens illustres em virtude do Reino de Portugal, e suas conquistas : consagrado aos gloriosos S. Vicente, e S. Antonio, insignes patronos desta inclyta cidade Lisboa e a seu illustre Cabido Sede Vacante<\/em>, Em Lisboa, na Officina Craesbeekiana [et al.], 1652-1744<\/a><\/p>\n<p style=\"font-weight: 400;\">MACHADO, Diogo Barbosa, <em>Bibliotheca Luzitana: hist\u00f3rica, cr\u00edtica e cronol\u00f3gica, <\/em>Lisboa Occidental, na Officina de Antonio Isidoro da Fonseca, 1741-1759, Tomo III, p. 431.<\/p>\n","protected":false},"excerpt":{"rendered":"<p>NOME Maria da Trindade, Soror Elementos biogr\u00e1ficos PAI D. Manuel de Meneses (General da Armada Real, Cosmografo mor do Reino) M\u00c3E D. Lu\u00edsa de Moura LOCAL DE NASCIMENTO Lisboa DATA DE NASCIMENTO S\u00e9culo XVII LOCAL DA MORTE Sacav\u00e9m\u00a0 PROFISS\u00c3O \/ CARGO \/ FUN\u00c7\u00c3O Abadessa DATA DA MORTE 29 de Novembro de 1678 ESTADO\u00a0Freira LOCAL DA &#8230; <a title=\"Maria da Trindade, Soror\" class=\"read-more\" href=\"https:\/\/escritoras-em-portugues.com\/pt_pt\/xvii\/maria-da-trindade-soror\/\" aria-label=\"Leia mais sobre Maria da Trindade, Soror\">Ler mais<\/a><\/p>\n","protected":false},"author":3,"featured_media":0,"parent":47,"menu_order":0,"comment_status":"closed","ping_status":"closed","template":"","meta":{"cybocfi_hide_featured_image":"","footnotes":""},"class_list":["post-1013","page","type-page","status-publish"],"_links":{"self":[{"href":"https:\/\/escritoras-em-portugues.com\/pt_pt\/wp-json\/wp\/v2\/pages\/1013","targetHints":{"allow":["GET"]}}],"collection":[{"href":"https:\/\/escritoras-em-portugues.com\/pt_pt\/wp-json\/wp\/v2\/pages"}],"about":[{"href":"https:\/\/escritoras-em-portugues.com\/pt_pt\/wp-json\/wp\/v2\/types\/page"}],"author":[{"embeddable":true,"href":"https:\/\/escritoras-em-portugues.com\/pt_pt\/wp-json\/wp\/v2\/users\/3"}],"replies":[{"embeddable":true,"href":"https:\/\/escritoras-em-portugues.com\/pt_pt\/wp-json\/wp\/v2\/comments?post=1013"}],"version-history":[{"count":5,"href":"https:\/\/escritoras-em-portugues.com\/pt_pt\/wp-json\/wp\/v2\/pages\/1013\/revisions"}],"predecessor-version":[{"id":1802,"href":"https:\/\/escritoras-em-portugues.com\/pt_pt\/wp-json\/wp\/v2\/pages\/1013\/revisions\/1802"}],"up":[{"embeddable":true,"href":"https:\/\/escritoras-em-portugues.com\/pt_pt\/wp-json\/wp\/v2\/pages\/47"}],"wp:attachment":[{"href":"https:\/\/escritoras-em-portugues.com\/pt_pt\/wp-json\/wp\/v2\/media?parent=1013"}],"curies":[{"name":"wp","href":"https:\/\/api.w.org\/{rel}","templated":true}]}}