{"id":1004,"date":"2023-11-08T06:13:00","date_gmt":"2023-11-08T06:13:00","guid":{"rendered":"https:\/\/escritoras-em-portugues.com\/?page_id=1004"},"modified":"2024-06-04T21:52:20","modified_gmt":"2024-06-04T21:52:20","slug":"maria-da-encarnacao-soror","status":"publish","type":"page","link":"https:\/\/escritoras-em-portugues.com\/pt_pt\/xvii\/maria-da-encarnacao-soror\/","title":{"rendered":"Maria da Encarna\u00e7\u00e3o, Soror"},"content":{"rendered":"<p><strong>NOME <\/strong><span lang=\"PT\">Maria da Encarna\u00e7\u00e3o, Soror<\/span><\/p>\n<h4><strong>Elementos biogr\u00e1ficos<\/strong><\/h4>\n<div><b>PAI <\/b><span lang=\"PT\">Senhor de Pancas<\/span><\/div>\n<div><\/div>\n<div><b>LOCAL DE NASCIMENTO <\/b><span lang=\"PT\">Lisboa<\/span><\/div>\n<div><\/div>\n<div><b>DATA DE NASCIMENTO <\/b><span lang=\"PT\">S\u00e9culo XVII<\/span><\/div>\n<div><\/div>\n<div><b>LOCAL DA MORTE <\/b><span lang=\"PT\">Lisboa<\/span><\/div>\n<div><\/div>\n<div><b>PA\u00cdS ONDE NASCEU <\/b><span lang=\"PT\">Monarquia Dual (?)<\/span><\/div>\n<div><\/div>\n<div><b>DATA DA MORTE <\/b><span lang=\"PT\">2 de Agosto de 1692<\/span><\/div>\n<div><\/div>\n<div><b>ESTADO\u00a0<\/b><span lang=\"PT\">Freira<\/span><\/div>\n<div><\/div>\n<div><b>LOCAL DA PROFISS\u00c3O RELIGIOSA\u00a0<\/b><span lang=\"PT\">Convento do Sant\u00edssimo Sacramento<\/span><\/div>\n<div><\/div>\n<div><b>CONVENTO <\/b><span lang=\"PT\">Convento do Sant\u00edssimo Sacramento<\/span><\/div>\n<div><\/div>\n<div><b>ORDEM RELIGIOSA A QUE PERTENCEU <\/b><span lang=\"PT\">S\u00e3o Domingos<\/span><\/div>\n<div><\/div>\n<h4><strong>Obra<\/strong><\/h4>\n<p><strong>OBRAS IMPRESSAS<\/strong><\/p>\n<p style=\"font-weight: 400;\"><strong>MANUSCRITAS<\/strong><\/p>\n<blockquote>\n<p style=\"font-weight: 400;\"><em>Rimas Sagradas<\/em><\/p>\n<div><i><span lang=\"PT\">Explica\u00e7\u00e3o de alguns lugares da Sagrada Escritura<\/span><\/i><\/div>\n<\/blockquote>\n<pre><\/pre>\n<h4><strong>Bibliografia:<\/strong><\/h4>\n<p style=\"font-weight: 400;\">MACHADO, Diogo Barbosa, <em>Bibliotheca Luzitana: hist\u00f3rica, cr\u00edtica e cronol\u00f3gica, <\/em>Lisboa Occidental, na Officina de Antonio Isidoro da Fonseca, 1741-1759,Tomo III, p. 422<\/p>\n<p style=\"font-weight: 400;\">PERYM, Dami\u00e3o de Froes, <em>Theatro Heroino, abecedario historico, e catalogo das mulheres ilustres em armas, letras ac\u00e7oens heroicas e artes liberais\u2026, <\/em>Lisboa Occidental, na Officina de Musica de Theotonio Antunes Lima, 1736-1740, Tomo II, p. 254<\/p>\n<p style=\"font-weight: 400;\">SANTA CATARINA, Fr. Lucas de <em>Hist\u00f3ria de S\u00e3o Domingos da Prov\u00edncia de Portugal, <\/em>Parte 4, liv 3, cap. 44<\/p>\n<p style=\"font-weight: 400;\">\n","protected":false},"excerpt":{"rendered":"<p>NOME Maria da Encarna\u00e7\u00e3o, Soror Elementos biogr\u00e1ficos PAI Senhor de Pancas LOCAL DE NASCIMENTO Lisboa DATA DE NASCIMENTO S\u00e9culo XVII LOCAL DA MORTE Lisboa PA\u00cdS ONDE NASCEU Monarquia Dual (?) DATA DA MORTE 2 de Agosto de 1692 ESTADO\u00a0Freira LOCAL DA PROFISS\u00c3O RELIGIOSA\u00a0Convento do Sant\u00edssimo Sacramento CONVENTO Convento do Sant\u00edssimo Sacramento ORDEM RELIGIOSA A QUE &#8230; <a title=\"Maria da Encarna\u00e7\u00e3o, Soror\" class=\"read-more\" href=\"https:\/\/escritoras-em-portugues.com\/pt_pt\/xvii\/maria-da-encarnacao-soror\/\" aria-label=\"Leia mais sobre Maria da Encarna\u00e7\u00e3o, Soror\">Ler mais<\/a><\/p>\n","protected":false},"author":3,"featured_media":0,"parent":47,"menu_order":0,"comment_status":"closed","ping_status":"closed","template":"","meta":{"cybocfi_hide_featured_image":"","footnotes":""},"class_list":["post-1004","page","type-page","status-publish"],"_links":{"self":[{"href":"https:\/\/escritoras-em-portugues.com\/pt_pt\/wp-json\/wp\/v2\/pages\/1004","targetHints":{"allow":["GET"]}}],"collection":[{"href":"https:\/\/escritoras-em-portugues.com\/pt_pt\/wp-json\/wp\/v2\/pages"}],"about":[{"href":"https:\/\/escritoras-em-portugues.com\/pt_pt\/wp-json\/wp\/v2\/types\/page"}],"author":[{"embeddable":true,"href":"https:\/\/escritoras-em-portugues.com\/pt_pt\/wp-json\/wp\/v2\/users\/3"}],"replies":[{"embeddable":true,"href":"https:\/\/escritoras-em-portugues.com\/pt_pt\/wp-json\/wp\/v2\/comments?post=1004"}],"version-history":[{"count":2,"href":"https:\/\/escritoras-em-portugues.com\/pt_pt\/wp-json\/wp\/v2\/pages\/1004\/revisions"}],"predecessor-version":[{"id":1804,"href":"https:\/\/escritoras-em-portugues.com\/pt_pt\/wp-json\/wp\/v2\/pages\/1004\/revisions\/1804"}],"up":[{"embeddable":true,"href":"https:\/\/escritoras-em-portugues.com\/pt_pt\/wp-json\/wp\/v2\/pages\/47"}],"wp:attachment":[{"href":"https:\/\/escritoras-em-portugues.com\/pt_pt\/wp-json\/wp\/v2\/media?parent=1004"}],"curies":[{"name":"wp","href":"https:\/\/api.w.org\/{rel}","templated":true}]}}