{"id":994,"date":"2023-11-07T21:45:00","date_gmt":"2023-11-07T21:45:00","guid":{"rendered":"https:\/\/escritoras-em-portugues.com\/?page_id=994"},"modified":"2024-06-04T21:48:07","modified_gmt":"2024-06-04T21:48:07","slug":"madalena-da-gloria-soror","status":"publish","type":"page","link":"https:\/\/escritoras-em-portugues.com\/en\/xvii\/madalena-da-gloria-soror\/","title":{"rendered":"Madalena da Gl\u00f3ria, Soror"},"content":{"rendered":"<p><strong>NAME <\/strong><span lang=\"PT\">Madalena da Gl\u00f3ria, Soror<\/span><\/p>\n<p style=\"font-weight: 400;\"><strong>OTHER NAMES<\/strong> Madalena Euf\u00e9mia de Vilhena<\/p>\n<p style=\"font-weight: 400;\"><strong>PSEUD\u00d3NIMO<\/strong> Leonarda Gil da Gama<\/p>\n<h4><strong>Biographical Elements<\/strong><\/h4>\n<p style=\"font-weight: 400;\"><strong>FATHER<\/strong> Henrique de \u00a0Carvalho e Sousa, Comendador da Comenda de S. Pedro de Aguiar, Provedor das Obras do Pa\u00e7o, Senhor de Azambujeira<\/p>\n<p style=\"font-weight: 400;\"><strong>MOTHER<\/strong> D. Helena de T\u00e1vora<\/p>\n<p style=\"font-weight: 400;\"><strong>BIRTHPLACE<\/strong> Sintra<\/p>\n<p style=\"font-weight: 400;\"><strong>DATE OF BIRTH<\/strong> 11 de Maio de 1672 (confirmada na folha de tomada de perguntas, onde afirma ter 16 anos)<\/p>\n<p style=\"font-weight: 400;\"><strong>PLACE OF DEATH<\/strong> Lisboa<\/p>\n<p style=\"font-weight: 400;\"><strong>COUNTRY OF BIRTH<\/strong> Portugal<\/p>\n<p style=\"font-weight: 400;\"><strong>DATE OF DEATH<\/strong> c. 1760 (ainda vivia em 1759)<\/p>\n<p style=\"font-weight: 400;\"><strong>MARITAL STATUS<\/strong> Freira<\/p>\n<p style=\"font-weight: 400;\"><strong>DATE OF RELIGIOUS PROFESSION<\/strong> \u00a025 de Mar\u00e7o de 1688<\/p>\n<p style=\"font-weight: 400;\"><strong>DATA DOS VOTOS<\/strong> 24 de Dezembro de 1688 (Data da tomada de perguntas. A\u00ed se diz que tinha dez meses de noviciado, mas a contagem dos meses n\u00e3o bate certo)<\/p>\n<p style=\"font-weight: 400;\"><strong>PLACE OF RELIGIOUS PROFESSION<\/strong> \u00a0\u00a0Convento de\u00a0 Nossa Senhora da Esperan\u00e7a, Lisboa<\/p>\n<p style=\"font-weight: 400;\"><strong>CONVENT<\/strong> Convento de Nossa Senhora da Esperan\u00e7a, Lisboa<\/p>\n<p style=\"font-weight: 400;\"><strong>RELIGIOUS ORDER<\/strong> Ordem dos Frades Menores (Clarissa)<\/p>\n<h4><strong>WORKS<\/strong><\/h4>\n<p><strong>PRINTED WORKS<\/strong><\/p>\n<blockquote>\n<p style=\"font-weight: 400;\"><em>Astro Brilhante em novo mundo, fragrante flor do Para\u00edso, plantada no Jardim da America. Historia Panegyrica de Santa rosa de Santa Maria. <\/em>Lisboa, Pedro Ferreira, 1733.<\/p>\n<p style=\"font-weight: 400;\"><em>Novena de Santa Rosa de Sancta Maria<\/em>. Lisboa na Officina da Musica 1734.<\/p>\n<p style=\"font-weight: 400;\"><em>Brados do Desengano, contra o profundo sonmno do esquecimento, em tres historias exemplares, para melhor conhecer-se o pouco que duram as vaidades do mundo. etc <\/em>Lisboa, por Miguel Rodrigues, 1736; Segunda Parte, Lisboa, Officina da Musica, 1739<\/p>\n<p style=\"font-weight: 400;\"><em>Brados do Desengano, contra o profundo sonmno do esquecimento, em tres historias exemplares, para melhor conhecer-se o pouco que duram as vaidades do mundo. etc<\/em>, Lisboa, por Domingos Rodrigues, 1749.<\/p>\n<p style=\"font-weight: 400;\"><em>Orbe Celeste, adornado de brilhantes estrellas e dous ramilhates etc, Lisboa,\u00a0 <\/em>por Pedro Ferreira 1742.<\/p>\n<p style=\"font-weight: 400;\"><em>Aguia Real, Fenix abrasado e Pelicano amante. Historia panegyrica, e vida prodigiosa do inclyto patriarcha Sancto Agostinho. <\/em>Lisboa, na Offic. Pinheirense de Musica, 1744.<\/p>\n<p style=\"font-weight: 400;\"><em>\u00a0<\/em><em>Reyno de Babil\u00f3nia ganhado pelas armas do Empyreo: discurso moral, <\/em>etc, Lisboa, por Pedro Ferreira, 1749.<\/p>\n<\/blockquote>\n<p style=\"font-weight: 400;\"><strong>MISSING WORKS<\/strong><\/p>\n<blockquote>\n<p style=\"font-weight: 400;\"><em>Obsequio de huma alma devota oferecida \u00e0 Sagrada Imagem do Senhor dos Passos que se venera no Col\u00e9gio de S. Paulo dos Mission\u00e1rios Ingleses<\/em>. (Manuscrito referido por Barbosa Machado, volume III, p. 160)<\/p>\n<\/blockquote>\n<h4><strong>Bibliography<\/strong><\/h4>\n<p style=\"font-weight: 400;\">AUGUSTO, Sara, \u201cAs novelas morais e exemplares de Soror Maria do C\u00e9u e de Soror Madalena da Gl\u00f3ria\u201d e \u201cA Fic\u00e7\u00e3o Aleg\u00f3rica Barroca\u201d <em>A Alegoria na Fic\u00e7\u00e3o Romanesca do Maneirismo e do Barroco<\/em>, Lisboa, Funda\u00e7\u00e3o C. Gulbenkian, FCT, 2010, pp. 330-355; pp. 360-463.<\/p>\n<p style=\"font-weight: 400;\">BARROS, Theresa Leit\u00e3o de, <em>Escritoras de Portugal. G\u00e9nio feminino revelado na Literatura Portuguesa, <\/em>\u00a0Lisboa, Typographia de Antonio B. Antunes, 1924, volume 1,\u00a0 p. 233.<\/p>\n<div class=\"page\" title=\"Page 52\">\n<div class=\"layoutArea\">\n<div class=\"column\">\n<p>BELLINI, Li\u0301gia, \u201cVida Mona\u0301stica e Pra\u0301ticas da Escrita entre Mulheres em Portugal no Antigo Regime\u201d, in <em>Campus Social,<\/em> n.o 3 \/ 4, 2006\/2007.<\/p>\n<div class=\"page\" title=\"Page 52\">\n<div class=\"layoutArea\">\n<div class=\"column\">\n<p>BELO, Filomena, <em>Rellac\u0327a\u0303o da Vida e Morte da Serva de a Venero\u0301vel Madre Elenna da Cruz por So\u0301ror Maria do Ceo: transcric\u0327a\u0303o do Co\u0301dice 87 da BN precedida de um estudo histo\u0301rico,<\/em> Tese de Mestrado para a Universidade Nova de Lisboa, 1990.<\/p>\n<\/div>\n<\/div>\n<\/div>\n<\/div>\n<\/div>\n<\/div>\n<p style=\"font-weight: 400;\">COSTA, Ant\u00f3nio Carvalho da, <em>Corografia Portuguesa<\/em>, volume III, Trat. 6, cap. 14.<\/p>\n<div class=\"page\" title=\"Page 50\">\n<div class=\"layoutArea\">\n<div class=\"column\">\n<p>COUTO, Anabela Galhardo, <em>Gli Abiti Neri. Letteratura Femminile del Barocco Portoghese<\/em>, Roma, Il Filo, 2007.<\/p>\n<\/div>\n<\/div>\n<\/div>\n<div class=\"page\" title=\"Page 51\">\n<div class=\"layoutArea\">\n<div class=\"column\">\n<p>CRUZ, Di\u0301dia Outeiro, A conquista do reino dos ce\u0301us segundo Madalena da Glo\u0301ria ou Reyno de Babylonia, ganhado pelas armas do empyreo, Tese de Mestrado para a Universidade Nova de Lisboa, 1993.<\/p>\n<p>HATHERLY, Ana, \u201cSor Juana e So\u0301ror Madalena da Glo\u0301ria\u201d, in CARVALHO, Joa- quim de Montezuma de, Sor Juana Ine\u0301s de la Cruz e o Padre Anto\u0301nio Vieira ou a Disputa sobre as Finezas de Jesus Cristo, Lisboa, Vega, 1998.<\/p>\n<p>HATHERLY, Ana, &#8220;Tomar a Palavra. Aspectos de vida da mulher na sociedade barroca&#8221; <span style=\"font-size: inherit;\"><em>Revista da Faculdade de Cie\u0302ncias Sociais e Humanas<\/em>, n\u00ba 9, Lisboa, Edic\u0327o\u0303es Colibri, 1996, pp. 269-280.<\/span><\/p>\n<\/div>\n<\/div>\n<\/div>\n<p style=\"font-weight: 400;\">JESUS, Gertrudes Margarida, <em>Segunda Carta Apolog\u00e9tica em favor, e defensa das Mulheres, escrita por dona Gertrudes Margarida de Jesus, ao Irm\u00e3o Amador do Desengano, com a qual destroe toda a fabrica do seu Espelho Cr\u00edtico. E se responde ao terceiro defeito, que nelle contemplou<\/em>, Lisboa, Francisco Borges de Sousa, 1761.<\/p>\n<p style=\"font-weight: 400;\">MACHADO, Diogo Barbosa, <em>Bibliotheca Luzitana: hist\u00f3rica, cr\u00edtica e cronol\u00f3gica, <\/em>Lisboa Occidental, na Officina de Antonio Isidoro da Fonseca, 1741-1759, volume III, p. 160.<\/p>\n<p style=\"font-weight: 400;\">MACHADO, \u00c1lvaro Manuel, \u201cGl\u00f3ria, Soror Madalena da\u201d <em>Quem \u00e9 Quem na Literatura Portuguesa, <\/em>Lisboa, Publica\u00e7\u00f5es Dom Quixote, 1979, p. 56.<\/p>\n<div class=\"page\" title=\"Page 55\">\n<div class=\"layoutArea\">\n<div class=\"column\">\n<p>MAGALHA\u0303ES, Isabel Allegro de (coord.), <em>Histo\u0301ria e Antologia da Literatura Portu- guesa: Se\u0301culo XVII. Literatura de Conventos \u2013 Autoria Feminina<\/em>, Lisboa, Fundac\u0327a\u0303o Calouste Gulbenkian, 2005.<\/p>\n<\/div>\n<\/div>\n<\/div>\n<p style=\"font-weight: 400;\"><strong>\u00a0<\/strong>MORUJ\u00c3O, \u201cMadalena da Gl\u00f3ria, Soror\u201d <em>Biblos, Enciclop\u00e9dia Verbo das Literaturas de L\u00edngua Portuguesa, <\/em>Lisboa-S\u00e3o Paulo, Editorial Verbo, 1999, volume 3, pp. 354-355<\/p>\n<p style=\"font-weight: 400;\"><strong>\u00a0<\/strong>MORUJ\u00c3O, Isabel <em>Contributo para uma Bibliografia cronol\u00f3gica da Literatura Mon\u00e1stica Feminina Portuguesa dos s\u00e9culos XVII e XVIII (impressos), <\/em>Lisboa, Centro de Estudos de Hist\u00f3ria Religiosa, Universidade Cat\u00f3lica Portuguesa, 1995, p. 48.<\/p>\n<div class=\"page\" title=\"Page 51\">\n<div class=\"layoutArea\">\n<div class=\"column\">\n<p>MORUJA\u0303O, Isabel, <em>Por tra\u0301s da Grade: Poesia Conventual Feminina em Portugal (Se\u0301culos XVII-XVIII)<\/em>, Tese de Doutoramento para a Faculdade de Letras da Universi- dade do Porto, 2005.<\/p>\n<\/div>\n<\/div>\n<\/div>\n<p style=\"font-weight: 400;\">PERYM, Dami\u00e3o de Froes, <em>Theatro Heroino, abecedario historico, e catalogo das mulheres ilustres em armas, letras ac\u00e7oens heroicas e artes liberais\u2026, <\/em>Lisboa Occidental, na Officina de Musica de Theotonio Antunes Lima, 1736-1740 volume II, pp. 245-246.<\/p>\n<p style=\"font-weight: 400;\">RAMO\u0301N, Maria Micaela Dias Pereira. \u201cEducac\u0327a\u0303o e recreac\u0327a\u0303o nos mosteiros femininos no contexto da Contra-Reforma cato\u0301lica: as narrativas de ficc\u0327a\u0303o em prosa de So\u0301ror Maria do Ce\u0301u e de So\u0301ror Madalena da Glo\u0301ria\u201d. In: Jose\u0301 Eduardo Franco e Lui\u0301s Machado de Abreu (coords.) <em>Para a Histo\u0301ria das Ordens e Congregac<\/em><em>\u0327<\/em><em>o\u0303es Religiosas em Portugal, na Europa e no Mundo<\/em>, 2 volumes, Lisboa, Paulinas Editora, vol. II, 2014, pp. 263-276.<\/p>\n<div class=\"page\" title=\"Page 51\">\n<div class=\"layoutArea\">\n<div class=\"column\">\n<p>RAMO\u0301N, Micaela, \u201cO Poder da Imagem \u2013 Emblema\u0301tica e Persuasa\u0303o numa Novela Alego\u0301rica Portuguesa do Se\u0301culo XVIII\u201d, in <em>Do Entre as Artes. Envolvimento e Cli\u0301max<\/em>, 2007.<\/p>\n<div class=\"page\" title=\"Page 57\">\n<div class=\"layoutArea\">\n<div class=\"column\">\n<p>RAMO\u0301N, Micaela, \u201cPsicomaquia, esponsais e salvac\u0327a\u0303o eterna. O universo alego\u0301rico de tre\u0302s novelas portuguesas barrocas de autoria feminina\u201d, in <em>Diacri\u0301tica. Cie\u0302ncias da Literatura<\/em>, n.o 21\/3, 2007.<\/p>\n<\/div>\n<\/div>\n<\/div>\n<\/div>\n<\/div>\n<\/div>\n<p><a href=\"https:\/\/repositorio-aberto.up.pt\/handle\/10216\/64594\">REIS, Ana Lu\u00edsa P\u00eago Reis, <em>Reino da Babil\u00f3nia, de S\u00f3ror Madalena da Gl\u00f3ria : Textos e paratextos (reedi\u00e7\u00e3o e leitura) <\/em>Disserta\u00e7\u00e3o de Mestrado, Porto, Universidade do Porto, 2010.<\/a><\/p>\n<div class=\"page\" title=\"Page 57\">\n<div class=\"layoutArea\">\n<div class=\"column\">\n<p>REME\u0301DIOS, Mendes dos (ed.), Escritoras Doutros Tempos: Extractos das Obras de Violante do Ce\u0301u, Maria do Ce\u0301u, Madalena da Glo\u0301ria, Coimbra, Franc\u0327a Amado, 1914.<\/p>\n<\/div>\n<\/div>\n<\/div>\n<p style=\"font-weight: 400;\">SALVADO, Ant\u00f3nio<em>, Antologia da Poesia Feminina Portuguesa, <\/em>Fund\u00e3o, Edi\u00e7\u00f5es J. F. 1980, pp. 56-64.<\/p>\n<p style=\"font-weight: 400;\">SANTOS, Zulmira \u201cGl\u00f3ria, Soror Madalena da\u201d \u00c1lvaro Manuel MACHADO (coord.) <em>Dicion\u00e1rio de Literatura Portuguesa<\/em>, Lisboa, Presen\u00e7a, 1996, pp. 223.<\/p>\n<p style=\"font-weight: 400;\">SILVA, Innoc\u00eancio Francisco da, <em>Diccion\u00e1rio Bibliographico Portuguez<\/em>, Lisboa, Imprensa Nacional, 1858, volume V, p. 345.<\/p>\n<p style=\"font-weight: 400;\">","protected":false},"excerpt":{"rendered":"<p>NOME Madalena da Gl\u00f3ria, Soror OUTROS NOMES Madalena Euf\u00e9mia de Vilhena PSEUD\u00d3NIMO Leonarda Gil da Gama Elementos biogr\u00e1ficos PAI Henrique de \u00a0Carvalho e Sousa, Comendador da Comenda de S. Pedro de Aguiar, Provedor das Obras do Pa\u00e7o, Senhor de Azambujeira M\u00c3E D. Helena de T\u00e1vora LOCAL DE NASCIMENTO Sintra DATA DE NASCIMENTO 11 de Maio &#8230; <a title=\"Madalena da Gl\u00f3ria, Soror\" class=\"read-more\" href=\"https:\/\/escritoras-em-portugues.com\/en\/xvii\/madalena-da-gloria-soror\/\" aria-label=\"Read more about Madalena da Gl\u00f3ria, Soror\">Read more<\/a><\/p>","protected":false},"author":3,"featured_media":0,"parent":47,"menu_order":0,"comment_status":"closed","ping_status":"closed","template":"","meta":{"cybocfi_hide_featured_image":"","footnotes":""},"class_list":["post-994","page","type-page","status-publish"],"_links":{"self":[{"href":"https:\/\/escritoras-em-portugues.com\/en\/wp-json\/wp\/v2\/pages\/994","targetHints":{"allow":["GET"]}}],"collection":[{"href":"https:\/\/escritoras-em-portugues.com\/en\/wp-json\/wp\/v2\/pages"}],"about":[{"href":"https:\/\/escritoras-em-portugues.com\/en\/wp-json\/wp\/v2\/types\/page"}],"author":[{"embeddable":true,"href":"https:\/\/escritoras-em-portugues.com\/en\/wp-json\/wp\/v2\/users\/3"}],"replies":[{"embeddable":true,"href":"https:\/\/escritoras-em-portugues.com\/en\/wp-json\/wp\/v2\/comments?post=994"}],"version-history":[{"count":9,"href":"https:\/\/escritoras-em-portugues.com\/en\/wp-json\/wp\/v2\/pages\/994\/revisions"}],"predecessor-version":[{"id":1794,"href":"https:\/\/escritoras-em-portugues.com\/en\/wp-json\/wp\/v2\/pages\/994\/revisions\/1794"}],"up":[{"embeddable":true,"href":"https:\/\/escritoras-em-portugues.com\/en\/wp-json\/wp\/v2\/pages\/47"}],"wp:attachment":[{"href":"https:\/\/escritoras-em-portugues.com\/en\/wp-json\/wp\/v2\/media?parent=994"}],"curies":[{"name":"wp","href":"https:\/\/api.w.org\/{rel}","templated":true}]}}