{"id":968,"date":"2023-11-07T16:01:05","date_gmt":"2023-11-07T16:01:05","guid":{"rendered":"https:\/\/escritoras-em-portugues.com\/?page_id=968"},"modified":"2024-06-04T22:43:56","modified_gmt":"2024-06-04T22:43:56","slug":"modelo","status":"publish","type":"page","link":"https:\/\/escritoras-em-portugues.com\/en\/xix\/modelo\/","title":{"rendered":"Domitila Carvalho"},"content":{"rendered":"<p><strong>NOME <\/strong><span lang=\"PT\">Domitila Carvalho<\/span><\/p>\n<div><b><span lang=\"PT\">OUTROS NOME(S) <\/span><\/b><span lang=\"PT-BR\">Domitila Hormizinda Miranda de Carvalho<\/span><\/div>\n<div><\/div>\n<h4><strong>Elementos biogr\u00e1ficos<\/strong><\/h4>\n<p style=\"font-weight: 400;\"><strong>PAI<\/strong>\u00a0Manuel Rodrigues de Carvalho<\/p>\n<p style=\"font-weight: 400;\"><strong>M\u00c3E<\/strong>\u00a0Margarida Miranda de Carvalho<\/p>\n<p style=\"font-weight: 400;\"><strong>LOCAL DE NASCIMENTO<\/strong>\u00a0 Travanca da Feira, Santa Maria da Feira<\/p>\n<p style=\"font-weight: 400;\"><strong>DATA DE NASCIMENTO<\/strong>\u00a0 10 de Abril de 1871<\/p>\n<p style=\"font-weight: 400;\"><strong>LOCAL DA MORTE<\/strong>\u00a0Lisboa<\/p>\n<p style=\"font-weight: 400;\"><strong>PA\u00cdS ONDE NASCEU<\/strong>\u00a0Portugal<\/p>\n<p style=\"font-weight: 400;\"><strong>PROFISS\u00c3O \/ CARGO \/ FUN\u00c7\u00c3O<\/strong>\u00a0M\u00e9dica da Assist\u00eancia Nacional aos Tuberculosos e Professora de Matem\u00e1tica no liceu Maria Pia em Lisboa, Reitora do Liceu Maria Pia (1902-1912); Vogal da Dire\u00e7\u00e3o da Obra das M\u00e3es (1936), Deputada pela Uni\u00e3o Nacional (1934)<\/p>\n<p style=\"font-weight: 400;\"><strong>DATA DA MORTE<\/strong><span style=\"font-weight: 400;\">\u00a011 de Novembro de 1966<\/span><\/p>\n<p>&nbsp;<\/p>\n<h4><strong>Obra<\/strong><\/h4>\n<p><strong>OBRAS IMPRESSAS<\/strong><\/p>\n<blockquote>\n<p style=\"font-weight: 400;\"><em>Terra de Amores<\/em>, Coimbra : Coimbra Editora, [1924]<\/p>\n<p style=\"font-weight: 400;\"><em>Li\u00e7\u00e3o \u00e0s alunas do Liceu de Garrett, no 30<\/em><em>\u00ba<\/em><em> dia do falecimento do Senhor Doutor Sid\u00f3nio Pais<\/em>, Lisboa, Oficinas Gr\u00e1ficas, 1919<\/p>\n<p style=\"font-weight: 400;\"><em>Maria Am\u00e1lia Vaz de Carvalho, <\/em>Lisboa, 1930<\/p>\n<p style=\"font-weight: 400;\"><em>Versos<\/em> (Pref\u00e1cio de Affonso Lopes-Vieira) Coimbra, Fran\u00e7a Amado, 1909<\/p>\n<p style=\"font-weight: 400;\"><em>A crian\u00e7a e o Cinema, <\/em>1946<\/p>\n<p style=\"font-weight: 400;\"><em>Para o Alto, <\/em>Porto, s. n., 1957<\/p>\n<p style=\"font-weight: 400;\">\u201c\u00c0 Virgem\u201d Zuzarte de Mendon\u00e7a (org.) <em>Um Colar de P\u00e9rolas: os poetas portugueses cantando \u00e0 Virgem<\/em><\/p>\n<\/blockquote>\n<p style=\"font-weight: 400;\"><strong>Colabora\u00e7\u00e3o na Imprensa Peri\u00f3dica<\/strong><\/p>\n<blockquote>\n<p style=\"font-weight: 400;\"><em>A Caridade<\/em> Figueira da Foz (1903)<\/p>\n<p style=\"font-weight: 400;\"><em>Ala Moderna<\/em> Guimar\u00e3es (1903-1904)<\/p>\n<p style=\"font-weight: 400;\"><em>A Alvorada<\/em> Viana do Castelo (1903-1904)<\/p>\n<p style=\"font-weight: 400;\"><em>A P\u00e1tria<\/em> Funchal (1906-1907)<\/p>\n<p style=\"font-weight: 400;\"><em>Beira Mar<\/em>, Espinho (1917-1918)<\/p>\n<p style=\"font-weight: 400;\"><em>O Soneto Neo-latino<\/em> Viana do Castelo (1929)<\/p>\n<p style=\"font-weight: 400;\"><em>A Sociedade Futura<\/em> (1902-1904)<\/p>\n<p style=\"font-weight: 400;\"><em>Alma Feminina<\/em> (1907-1908)<\/p>\n<p style=\"font-weight: 400;\"><em>Higiene Popular<\/em> (1909-1910)<\/p>\n<p style=\"font-weight: 400;\"><em>Revista Feminina<\/em> (1926)<\/p>\n<p style=\"font-weight: 400;\"><em>Terras de Portugal<\/em> (1925-1926)<\/p>\n<p style=\"font-weight: 400;\"><em>A Voz<\/em> (1927-1938)<\/p>\n<p style=\"font-weight: 400;\"><em>Stella<\/em> (1937)<\/p>\n<\/blockquote>\n<h4><strong>Bibliografia:<\/strong><\/h4>\n<p style=\"font-weight: 400;\"><em>Di\u00e1rio do Governo<\/em> n\u00ba 830 11 de Abril de 1931<\/p>\n<p style=\"font-weight: 400;\">\u201cDomitila da Carvalho\u201d <em>Sociedade Futura<\/em>, n\u00ba 28, 1\/03\/1904<\/p>\n<p style=\"font-weight: 400;\">\u201cO Nosso Certame Liter\u00e1rio\u201d <em>Alma Feminina<\/em>, n\u00ba 11, 1907, p. 3;<\/p>\n<p style=\"font-weight: 400;\">\u201cJornal da Mulher\u201d <em>O Mundo<\/em>, 14\/07\/1909<\/p>\n<p style=\"font-weight: 400;\">\u201cAc\u00e7\u00e3o Cat\u00f3lica: A Associa\u00e7\u00e3o dos M\u00e9dicos Cat\u00f3licos Portugueses comemorou ontem a festa lit\u00fargica do seu patrono\u201d <em>Novidades<\/em>23\/10\/1939, p. 1<\/p>\n<p style=\"font-weight: 400;\">BARROS, Jo\u00e3o de \u201cDomitila Miranda de Carvalho\u201d <em>Enciclop\u00e9dia Pedag\u00f3gica Progredior, <\/em>Porto, s. d., pp. 845-846.<\/p>\n<p style=\"font-weight: 400;\">CARDOSO, Nuno Catarino <em>Poetisas Portuguesas: Antologia contendo dados bibliogr\u00e1ficos e biogr\u00e1ficos acerca de cento e seis poetisas, Lisboa, <\/em>Ed. de autor, 1917, pp. 73-77.<\/p>\n<p style=\"font-weight: 400;\">GOMES, Joaquim Ferreira, <em>A Mulher na Universidade de Coimbra, <\/em>Coimbra, Almedina, 1987, pp. 9-23.<\/p>\n<p style=\"font-weight: 400;\">GOMES, Joaquim Ferreira \u201cDomitila ce Carvalho: a primeira mulher na Universidade de Coimbra\u201d <em>Revista Portuguesa de Pedagogia, <\/em>XXV, 1991, pp. 3-23.<\/p>\n<p style=\"font-weight: 400;\">LISBOA, Eugenio (org) <em>Dicion\u00e1rio Cronol\u00f3gico dos Autres Portugueses, <\/em>Lisboa, Europa-Am\u00e9rica, 1990 vol III, p. 104.<\/p>\n<p style=\"font-weight: 400;\">MIRIAM, \u201cA Inf\u00e2ncia das nossas Escritoras\u201d Portugal Feminino, n\u00ba 28, 1932, p. 11, cols 2-3<\/p>\n<p style=\"font-weight: 400;\">PIMENTEL, Irene Fluster <em>Hist\u00f3ria das organiza\u00e7\u00f5es femininas no Estado Novo; O Estado Novo e as Mulheres;<\/em> <em>A Obra das M\u00e3es pela Educa\u00e7\u00e3o Nacional; A Mocidade Portuguesa, <\/em>Lisboa, C\u00edrculo de Leitores, 2000, pp. 30-32, 44, 78, 128, 240, 319-321, 418-419 e 421.<\/p>\n<p style=\"font-weight: 400;\">PIMENTEL, Irene Fluster \u201cDomitila Hormizinda Miranda de Carvalho\u201d, Ant\u00f3nio N\u00d3VOA (coord.) <em>Dicion\u00e1rio de Educadores Portugueses<\/em>, Porto, Asa, 2003, pp. 292-293.<\/p>\n<p style=\"font-weight: 400;\">PIRES, Daniel <em>Dicion\u00e1rio da Imprensa Peri\u00f3dica Liter\u00e1ria Portuguesa do S\u00e9culo XX (1900-1940), <\/em>Lisboa, Edi\u00e7\u00f5es Grifo, 1996.<\/p>\n<p style=\"font-weight: 400;\">REM\u00c9DIOS, Maria Jos\u00e9, \u201cDomitila Hormizinda Miranda de Carvalho\u201d Z\u00edlia Os\u00f3rio de CASTRO e Jo\u00e3o ESTEVES (dirs.) <em>Dicion\u00e1rio no Feminino (s\u00e9culos XIX e XX),<\/em> Lisboa, Livros Horizonte, 2005, pp. 284-285.<\/p>\n<p style=\"font-weight: 400;\">SOUSA,\u00a0 Maria Reynolds de \u201cAs primeira deputadas portuguesas\u201d A Mulher na Sociedade Portuguesa, Coimbra, Instituto de Hist\u00f3ria Econ\u00f3mica e Social da Faculdade de Letras, pp. 427-444.<\/p>\n<p style=\"font-weight: 400;\"><strong>COMMENTS | OBSERVA\u00c7\u00d5ES<\/strong><\/p>\n<p style=\"font-weight: 400;\">Primeira mulher a licenciar-se em Portugal (na Universidade de Coimbra)<\/p>\n","protected":false},"excerpt":{"rendered":"<p>NOME Domitila Carvalho OUTROS NOME(S) Domitila Hormizinda Miranda de Carvalho Elementos biogr\u00e1ficos PAI\u00a0Manuel Rodrigues de Carvalho M\u00c3E\u00a0Margarida Miranda de Carvalho LOCAL DE NASCIMENTO\u00a0 Travanca da Feira, Santa Maria da Feira DATA DE NASCIMENTO\u00a0 10 de Abril de 1871 LOCAL DA MORTE\u00a0Lisboa PA\u00cdS ONDE NASCEU\u00a0Portugal PROFISS\u00c3O \/ CARGO \/ FUN\u00c7\u00c3O\u00a0M\u00e9dica da Assist\u00eancia Nacional aos Tuberculosos e &#8230; <a title=\"Domitila Carvalho\" class=\"read-more\" href=\"https:\/\/escritoras-em-portugues.com\/en\/xix\/modelo\/\" aria-label=\"Read more about Domitila Carvalho\">Read more<\/a><\/p>","protected":false},"author":3,"featured_media":0,"parent":48,"menu_order":0,"comment_status":"closed","ping_status":"closed","template":"","meta":{"cybocfi_hide_featured_image":"","footnotes":""},"class_list":["post-968","page","type-page","status-publish"],"_links":{"self":[{"href":"https:\/\/escritoras-em-portugues.com\/en\/wp-json\/wp\/v2\/pages\/968","targetHints":{"allow":["GET"]}}],"collection":[{"href":"https:\/\/escritoras-em-portugues.com\/en\/wp-json\/wp\/v2\/pages"}],"about":[{"href":"https:\/\/escritoras-em-portugues.com\/en\/wp-json\/wp\/v2\/types\/page"}],"author":[{"embeddable":true,"href":"https:\/\/escritoras-em-portugues.com\/en\/wp-json\/wp\/v2\/users\/3"}],"replies":[{"embeddable":true,"href":"https:\/\/escritoras-em-portugues.com\/en\/wp-json\/wp\/v2\/comments?post=968"}],"version-history":[{"count":5,"href":"https:\/\/escritoras-em-portugues.com\/en\/wp-json\/wp\/v2\/pages\/968\/revisions"}],"predecessor-version":[{"id":1891,"href":"https:\/\/escritoras-em-portugues.com\/en\/wp-json\/wp\/v2\/pages\/968\/revisions\/1891"}],"up":[{"embeddable":true,"href":"https:\/\/escritoras-em-portugues.com\/en\/wp-json\/wp\/v2\/pages\/48"}],"wp:attachment":[{"href":"https:\/\/escritoras-em-portugues.com\/en\/wp-json\/wp\/v2\/media?parent=968"}],"curies":[{"name":"wp","href":"https:\/\/api.w.org\/{rel}","templated":true}]}}