{"id":958,"date":"2023-11-07T13:05:15","date_gmt":"2023-11-07T13:05:15","guid":{"rendered":"https:\/\/escritoras-em-portugues.com\/?page_id=958"},"modified":"2024-06-04T21:46:45","modified_gmt":"2024-06-04T21:46:45","slug":"d-joana-josefa-de-menezes-3a-condessa-da-ericeira","status":"publish","type":"page","link":"https:\/\/escritoras-em-portugues.com\/en\/xvii\/d-joana-josefa-de-menezes-3a-condessa-da-ericeira\/","title":{"rendered":"Joana Josefa de Menezes, D., 3\u00aa Condessa da Ericeira"},"content":{"rendered":"<p><strong>NOME <\/strong><span lang=\"PT\">D. Joana Josefa de Menezes, 3\u00aa Condessa da Ericeira<\/span><\/p>\n<p><strong>OUTRO(S)<\/strong>\u00a0<strong>NOME (S) <\/strong>Condessa da Ericeira<\/p>\n<p><strong>PSEUD\u00d3NIMOS <\/strong><span lang=\"PT\">Apolin\u00e1rio de Almada, A\u00f3nia<\/span><\/p>\n<h4><strong>Elementos biogr\u00e1ficos<\/strong><\/h4>\n<p><strong>PAI <\/strong>D. Fernando de Menezes, 2\u00ba Conde da Ericeira<\/p>\n<p style=\"font-weight: 400;\"><strong>M\u00c3E<\/strong> D. Leonor Filipa de Noronha<\/p>\n<p style=\"font-weight: 400;\"><strong>LOCAL DE NASCIMENTO<\/strong> Lisboa<\/p>\n<p style=\"font-weight: 400;\"><strong>DATA DE NASCIMENTO<\/strong>\u00a0 13 de Setembro de 1651<\/p>\n<p style=\"font-weight: 400;\"><strong>LOCAL DA MORTE<\/strong> Lisboa<\/p>\n<p style=\"font-weight: 400;\"><strong>DATA DA MORTE\u00a0<\/strong><span lang=\"PT\">26 de Agosto de 1709<\/span><\/p>\n<p style=\"font-weight: 400;\"><strong>PA\u00cdS ONDE NASCEU<\/strong> Portugal<\/p>\n<div><strong><span lang=\"PT\">PROFISS\u00c3O \/ CARGO \/ FUN\u00c7\u00c3O <\/span><\/strong>\u00abCamerista\u00bb de D. Catarina de Bragan\u00e7a Rainha de Inglaterra<\/div>\n<div><\/div>\n<div><span style=\"font-size: inherit;\"><strong>ESTADO<\/strong> Casada<\/span><\/div>\n<div><\/div>\n<div><span style=\"font-size: inherit;\"><strong>C\u00d4NJUGE<\/strong> D. Luiz de Menezes, 3\u00ba Conde da Ericeira<\/span><\/div>\n<div><\/div>\n<div><span style=\"font-size: inherit;\"><strong>DATA DE CASAMENTO<\/strong> 1 de Maio de 1666<\/span><\/div>\n<div><\/div>\n<div>\n<p style=\"font-weight: 400;\"><strong>N\u00daMERO DE FILHOS<\/strong> 2<\/p>\n<p style=\"font-weight: 400;\"><strong>FILHOS<\/strong><\/p>\n<p style=\"font-weight: 400;\">Dom Francisco Xavier de Menezes, 4\u00ba Conde da Ericeira, n. 29 de Janeiro de 1673 \u2013 m. 21 de Dezembro de 1743<\/p>\n<p style=\"font-weight: 400;\">Dona Maria Magdalena de Menezes, Convento da Encarna\u00e7\u00e3o, n. 22 Julho de 1670<\/p>\n<p style=\"font-weight: 400;\"><strong>IDIOMAS<\/strong> Italiano, Franc\u00eas, Castelhano e Latim<\/p>\n<\/div>\n<div><\/div>\n<h4><strong>Obra<\/strong><\/h4>\n<p><strong>OBRAS IMPRESSAS<\/strong><\/p>\n<blockquote>\n<p style=\"font-weight: 400;\">[Apolinario de Almada <em>pseud.<\/em>] <em>Despertador del alma al Sue\u00f1o de la Vida: en voz de un advertido desengano, <\/em>Lisboa, Manuel Lopes Ferreira, 1695.<\/p>\n<p style=\"font-weight: 400;\"><em>\u00a0<\/em><em>Panegyrico ao Governo da Serenissima Senhora Duqueza de Saboya Maria Joanna Baptista de Saboya. Recitado pelo Abbade de sua Alteza Real na Achademia de Turim em 12 de Mayo de 1680. dia antecedente ao em que tomou posse do Governo S. A. Real, o Serenissimo Senhor Duque de Saboya, Principe de Piamonte, &amp; Rey de Chipre.<\/em> Traduzido de Francez em Portuguez dedicado a Rainha Nossa Senhora pelo Impressor. Lisboa, Na Officina de Joa\u00f5 Galra\u00f5 Familiar do S. Officio, Anno de 1680 [<em>apud <\/em>Innocencio Francisco da Silva: Traduzido por Joana Josefa de Menezes]<\/p>\n<p style=\"font-weight: 400;\"><em>Reflex\u00f5es sobre a Mizeric\u00f3rdia de Deos em forma de solil\u00f3quios, por uma pecadora arrependida compostas em francez por Sor Luiza da Misericordia, carmelita descal\u00e7a, no s\u00e9culo Luisa Francisca de la Beaume Leblanc, Duquesa de Valiere, impressas em Paris e traduzidas em portugu\u00eas<\/em>, Lisboa, Miguel Deslandes, 1694 [Dedicat\u00f3ria e pr\u00f3logo da tradutora]<\/p>\n<p style=\"font-weight: 400;\">Reimpr Typ Rollandiana<\/p>\n<\/blockquote>\n<p style=\"font-weight: 400;\"><strong>OBRAS DESAPARECIDAS<\/strong><\/p>\n<blockquote>\n<div><i><span lang=\"PT\">Vida de Santo Agostinho com reflexoens<\/span><\/i><\/div>\n<div><\/div>\n<div><em>Poema f\u00fanebre \u00e0 morte da Rainha<\/em><\/div>\n<div><\/div>\n<div>\n<p style=\"font-weight: 400;\"><em>Cartas Francezas<\/em><\/p>\n<p style=\"font-weight: 400;\"><i><span lang=\"PT\">Triunfo das mulheres <\/span><\/i><span lang=\"PT\">(tradu\u00e7\u00e3o do franc\u00eas)<\/span><\/p>\n<\/div>\n<\/blockquote>\n<div>\n<div>\n<blockquote>\n<div><i><span lang=\"PT\">Discursos Acad\u00e9micos e Moraes com huma Novella<\/span><\/i><\/div>\n<div>\n<div><\/div>\n<div><i><span lang=\"PT\">Cartas familiares <\/span><\/i><span lang=\"PT\">(<\/span><span lang=\"PT\">2 tomos)<\/span><\/div>\n<\/div>\n<\/blockquote>\n<div>\n<blockquote>\n<div><\/div>\n<div><i><span lang=\"PT\">Obras Po\u00e9ticas Francezas e Italianas<\/span><\/i><\/div>\n<div><\/div>\n<div><i><i><span lang=\"PT\">Obras Po\u00e9ticas Hespanholas: <\/span><\/i><\/i><em style=\"font-size: inherit;\">El Divino Imperio de Amor, El Duelo de las Finezas (<\/em>comedias<em style=\"font-size: inherit;\">)<\/em><\/div>\n<div><\/div>\n<div><em style=\"font-size: inherit;\">Obras Po\u00e9ticas Portuguezas<\/em><\/div>\n<div><\/div>\n<div><em style=\"font-size: inherit;\">Cartas \u00e0 Rainha<\/em><\/div>\n<\/blockquote>\n<div>\n<blockquote>\n<div><\/div>\n<div><i><span lang=\"PT\">Poema f\u00fanebre \u00e0 rainha<\/span><\/i><\/div>\n<div><\/div>\n<\/blockquote>\n<div>\n<blockquote>\n<p style=\"font-weight: 400;\"><em>Doze volumes em prosa e verso, <\/em>(<em>apud<\/em> Soares TOSCANO)<\/p>\n<p style=\"font-weight: 400;\"><em>Poema heroico da Andromada, e Perseo quatro cantos em oitavas<\/em><\/p>\n<p style=\"font-weight: 400;\"><em>Com\u00e9dia: Divino imperio del amor<\/em><\/p>\n<p style=\"font-weight: 400;\"><em>Com\u00e9dia: Desden de razon vencido<\/em><\/p>\n<p style=\"font-weight: 400;\"><em>Contienda del amor divino, y Humano <\/em>(Auto Sacramental)<\/p>\n<\/blockquote>\n<p style=\"font-weight: 400;\"><em>Seis Loas, e seis Bailes, sonetos, e Romances <\/em>(Castelhano)<em>\u00a0<\/em><\/p>\n<\/div>\n<\/div>\n<\/div>\n<\/div>\n<\/div>\n<h4><strong>Bibliografia:<\/strong><\/h4>\n<p style=\"font-weight: 400;\">ANAST\u00c1CIO, Vanda, <em>Uma Antologia Improv\u00e1vel? A escrita das mulheres (1495-1830), <\/em>com a colabora\u00e7\u00e3o In\u00eas de Ornellas e Castro, Jos\u00e9 F\u00e9lix Duque, de Pedro Sena Lino, Isabel Moruj\u00e3o e Hugo Neto, Lisboa, Rel\u00f3gio de \u00c1gua, 2013, pp. 537-541.<\/p>\n<p style=\"font-weight: 400;\">BARROS, Theresa Leit\u00e3o de, <em>Escritoras de Portugal. G\u00e9nio feminino revelado <\/em>, Lisboa, Typographia de Antonio B. Antunes, 1924, Volume I, p. 236<\/p>\n<p style=\"font-weight: 400;\">BLUTEAU, Rafael, <em>Prosas, <\/em>Lisboa, Joseph Ant\u00f3nio da Silva, 1728, volume I, pp. 13-15.<\/p>\n<p style=\"font-weight: 400;\">FARINHA, Bento Jos\u00e9 de Sousa, <em>Summario de Bibliotheca Lusitana<\/em>, Lisboa, na Officina de Antonio Gomes, 1786, Volume II, P. 249.<\/p>\n<p style=\"font-weight: 400;\">GAMA, Filippe Joseph, <em>Panegyrico da Illustrissima e Excellentissima Senhora D. Maria Joseph da Gra\u00e7a e Noronha, Marqueza do Louri\u00e7al, Recitado na sua Quinta de Val-verde, junto a Cascaes, em Setembro de 1745. Por seu Author Filippe Joseph da Gama, Academico da Acad\u00e9mia Real da Historia Portugueza<\/em>, Lisboa, na Offic. dos Herd. de Antonio Pedrozo Galram, 1746, pp. 21-22.<\/p>\n<p style=\"font-weight: 400;\">GARCIA PERES, <em>Catalogo Razonado Biografico e Bibliografico de los Autores Portugueses que escribiron en castellano<\/em>, Madrid, Imprenta del Colegio Nacional de Sordo-modos y de ciegos, 1890, pp. 382-383.<\/p>\n<p style=\"font-weight: 400;\">MACHADO, Diogo Barbosa, <em>Bibliotheca Luzitana, <\/em>Lisboa Occidental, na Officina de Antonio Isidoro da Fonseca, 1741-1759, volume 1, p. 556.<\/p>\n<p style=\"font-weight: 400;\">MENEZES, Francisco Xavier, <em>Henriqueida,<\/em> Lisboa Occidental, na Officina de Antonio Isidoro da Fonseca, 1741, p. 155.<\/p>\n<p style=\"font-weight: 400;\">PERYM, Dami\u00e3o de Froes, <em>Theatro Heroino, abecedario historico, e catalogo das mulheres ilustres em armas, letras ac\u00e7oens heroicas e artes liberais\u2026 <\/em>Lisboa Occidental, na Officina de Musica de Theotonis Antunes Lima, 1736-1740,Volume I, pp. 487-SS<\/p>\n<p style=\"font-weight: 400;\"><em>\u00a0<\/em>REM\u00c9DIOS, Mendes dos,\u00a0 <em>Escritoras doutros Tempos. Extractos das obras de Violante do C\u00e9u, Maria do C\u00e9u e Madalena da Gl\u00f3ria, <\/em>Coimbra, Fran\u00e7a Amado Editor,\u00a0 1914<\/p>\n<p style=\"font-weight: 400;\">SABUGOSA, Conde de, <em>Donas de tempos idos,<\/em> 1920 pp. 297-ss\u00a0 \u00a0p. 314.<\/p>\n<p style=\"font-weight: 400;\">SANTA MARIA, Pe. Francisco de, <em>Anno Historico Diario Portuguez: noticia abreviada de pessoas grandes, e cousas notaveis de Portugal<\/em>, Lisboa, na Officina de Domingos Gonsalves, 1744, Volume II, 26 de Agosto, III, pp. 589-590 .<\/p>\n<p style=\"font-weight: 400;\">SILVA, Jos\u00e9 Maria da Costa e, <em>Ensaio Biographico cr\u00edtico <\/em>volume X, pp. 231-243<\/p>\n<p style=\"font-weight: 400;\">SILVA, Inocencio Francisco da, <em>Dicion\u00e1rio Bibliographico Portuguez<\/em>, Lisboa, Imprensa Nacional, 1858, Volume III, pp. 280-281; Volume IX, p. 143.<\/p>\n<p style=\"font-weight: 400;\">SILVA, Inocencio Francisco da, &#8220;Condessa da Ericeira&#8221; <em>Jornal para todos, <\/em>n\u00ba 3, 1859, p. 22 (1859?)<\/p>\n<p style=\"font-weight: 400;\">SOUSA, Ant\u00f3nio Caetano de, <em>Hist\u00f3ria Geneal\u00f3gica da Casa Real Portuguesa, <\/em>Coimbra, Livraria Atl\u00e2ntida, 1951, Volume V, p. 213.<\/p>\n<p style=\"font-weight: 400;\">TAVARES, Padre Manuel, <em>Portugal Illustrado pelo Sexo Feminino<\/em>, Lisboa Occidental, na Officina de Pedro Ferreira, 1734, p. 71.<\/p>\n<p style=\"font-weight: 400;\">TOSCANO, Francisco Soares, <em>Parallelos de Principes, e Varoens Illustres Antigos a que muitos da nossa Nas\u00e7a\u00f5 Portugueza se a semelhara\u00f5 em suas obras, ditos, e feitos: com a origem das Armas de algumas familias deste Reyno. <\/em>Por Francisco Soares Toscano, Natural da Cidade de Evora. Agora novamente acrescentados, e offerecidos ao Excelentissimo Senhor D. Francisco Xavier de Menezes, Quarto Conde da Ericeira do Conselho de sua Magestade, Lisboa Occidental, na Officina Ferreiriana, 1733, pp. 410-411.<\/p>\n<p style=\"font-weight: 400;\">\n","protected":false},"excerpt":{"rendered":"<p>NOME D. Joana Josefa de Menezes, 3\u00aa Condessa da Ericeira OUTRO(S)\u00a0NOME (S) Condessa da Ericeira PSEUD\u00d3NIMOS Apolin\u00e1rio de Almada, A\u00f3nia Elementos biogr\u00e1ficos PAI D. Fernando de Menezes, 2\u00ba Conde da Ericeira M\u00c3E D. Leonor Filipa de Noronha LOCAL DE NASCIMENTO Lisboa DATA DE NASCIMENTO\u00a0 13 de Setembro de 1651 LOCAL DA MORTE Lisboa DATA DA &#8230; <a title=\"Joana Josefa de Menezes, D., 3\u00aa Condessa da Ericeira\" class=\"read-more\" href=\"https:\/\/escritoras-em-portugues.com\/en\/xvii\/d-joana-josefa-de-menezes-3a-condessa-da-ericeira\/\" aria-label=\"Read more about Joana Josefa de Menezes, D., 3\u00aa Condessa da Ericeira\">Read more<\/a><\/p>","protected":false},"author":3,"featured_media":0,"parent":47,"menu_order":0,"comment_status":"closed","ping_status":"closed","template":"","meta":{"cybocfi_hide_featured_image":"","footnotes":""},"class_list":["post-958","page","type-page","status-publish"],"_links":{"self":[{"href":"https:\/\/escritoras-em-portugues.com\/en\/wp-json\/wp\/v2\/pages\/958","targetHints":{"allow":["GET"]}}],"collection":[{"href":"https:\/\/escritoras-em-portugues.com\/en\/wp-json\/wp\/v2\/pages"}],"about":[{"href":"https:\/\/escritoras-em-portugues.com\/en\/wp-json\/wp\/v2\/types\/page"}],"author":[{"embeddable":true,"href":"https:\/\/escritoras-em-portugues.com\/en\/wp-json\/wp\/v2\/users\/3"}],"replies":[{"embeddable":true,"href":"https:\/\/escritoras-em-portugues.com\/en\/wp-json\/wp\/v2\/comments?post=958"}],"version-history":[{"count":8,"href":"https:\/\/escritoras-em-portugues.com\/en\/wp-json\/wp\/v2\/pages\/958\/revisions"}],"predecessor-version":[{"id":1786,"href":"https:\/\/escritoras-em-portugues.com\/en\/wp-json\/wp\/v2\/pages\/958\/revisions\/1786"}],"up":[{"embeddable":true,"href":"https:\/\/escritoras-em-portugues.com\/en\/wp-json\/wp\/v2\/pages\/47"}],"wp:attachment":[{"href":"https:\/\/escritoras-em-portugues.com\/en\/wp-json\/wp\/v2\/media?parent=958"}],"curies":[{"name":"wp","href":"https:\/\/api.w.org\/{rel}","templated":true}]}}