{"id":953,"date":"2023-11-06T19:43:06","date_gmt":"2023-11-06T19:43:06","guid":{"rendered":"https:\/\/escritoras-em-portugues.com\/?page_id=953"},"modified":"2024-06-22T23:09:53","modified_gmt":"2024-06-22T23:09:53","slug":"ildefonsa-laura-cesar","status":"publish","type":"page","link":"https:\/\/escritoras-em-portugues.com\/en\/xviii\/ildefonsa-laura-cesar\/","title":{"rendered":"Ildefonsa Laura C\u00e9sar"},"content":{"rendered":"<p><strong>NOME <\/strong><span lang=\"PT\">Ildefonsa Laura C\u00e9sar<\/span><\/p>\n<h4><strong>Elementos biogr\u00e1ficos<\/strong><\/h4>\n<p><strong>PAI<\/strong> <span lang=\"PT\">Ant\u00f3nio C\u00e9sar Caminha<\/span><\/p>\n<p><strong>LOCAL DE NASCIMENTO <\/strong><span lang=\"PT\">Salvador, Ba\u00eda, Brasil<\/span><\/p>\n<p><strong>DATA DE NASCIMENTO <\/strong><span lang=\"PT\">1794<\/span><\/p>\n<p><strong>LOCAL DA MORTE <\/strong><span lang=\"PT\">B<\/span><span lang=\"PT\">ahia, Brasil<\/span><\/p>\n<p style=\"font-weight: 400;\"><strong>PA\u00cdS \/ REGI\u00c3O ONDE NASCEU<\/strong> Brasil<\/p>\n<p><strong>DATA DA MORTE<\/strong>\u00a0 Desconhecida<\/p>\n<p style=\"font-weight: 400;\"><strong>ESTADO I<\/strong> &#8220;Uni\u00e3o de facto&#8221;<\/p>\n<p style=\"font-weight: 400;\"><strong>NOME DO COMPANHEIRO<\/strong> Jos\u00e9 Lino Coutinho<\/p>\n<p style=\"font-weight: 400;\"><strong>N\u00ba DE FILHOS<\/strong> \u00a01<\/p>\n<p style=\"font-weight: 400;\"><strong>FILHOS<\/strong> \u00a0Cora C\u00e9sar Coutinho\u00a0 (25 de Janeiro de 1819-25 de Abril de 1880)<\/p>\n<p style=\"font-weight: 400;\"><strong>ESTADO II<\/strong> Casada<\/p>\n<p style=\"font-weight: 400;\"><strong>NOME DO C\u00d4NJUGUE<\/strong> \u00a0Manuel Gomes Tourinho<\/p>\n<h4><strong>Obra<\/strong><\/h4>\n<p><strong>OBRAS IMPRESSAS<\/strong><\/p>\n<blockquote>\n<p style=\"font-weight: 400;\"><em>Ensaios Po\u00e9ticos <\/em>1844<\/p>\n<p style=\"font-weight: 400;\"><em>Li\u00e7\u00e3o a meus Filhos\u00a0 <\/em>1845<\/p>\n<\/blockquote>\n<h4><strong>Bibliografia:<\/strong><\/h4>\n<p style=\"font-weight: 400;\">BLAKE, Augusto Victorino Sacramento, <em>Dicion\u00e1rio Bibliogr\u00e1fico Brasileiro, <\/em>Rio de Janeiro, Conselho Federal de Cultura<em>, <\/em>1970 [1\u00aa ed.: 1883]<\/p>\n<p style=\"font-weight: 400;\">MUZART, Zahid\u00e9 Lupinacci, <em>Escritoras brasileiras do s\u00e9culo XIX, <\/em>Florian\u00f3polis, Editora Mulheres<em>, <\/em>1999.<\/p>\n<p style=\"font-weight: 400;\">PEREIRA, Cl\u00e1udia, \u201cA Escrita de autoria feminina no Brasil dos s\u00e9culos XVIII e XIX\u201d <em>Contestado fruto: a poesia esquecida de Beatriz Brand\u00e3o (1779-1868), <\/em>Lisboa, CLEPUL, 2011, pp. 36-52.<\/p>\n<p style=\"font-weight: 400;\">PRIORE, Mary del, <em>Hist\u00f3ria das Mulheres no Brasil, S\u00e3o Paulo, Contexto, <\/em>1997 (Reed.: 20049<\/p>\n<p style=\"font-weight: 400;\">SABINO, In\u00eas, <em>Mulheres ilustres do Brasil, <\/em>Rio de Janeiro, Garnier, 1899, pp. 107-110.\u00a0\u00a0 [reed: Florian\u00f3polis, Editora Mulheres, 1996], p. 108<\/p>\n<p style=\"font-weight: 400;\">SILVA, Inoc\u00eancio Francisco da, <em>Dicion\u00e1rio Bibliographico Portuguez<\/em>. Lisboa: Imprensa Nacional, 1858, pp.<\/p>\n<p style=\"font-weight: 400;\">\n","protected":false},"excerpt":{"rendered":"<p>NOME Ildefonsa Laura C\u00e9sar Elementos biogr\u00e1ficos PAI Ant\u00f3nio C\u00e9sar Caminha LOCAL DE NASCIMENTO Salvador, Ba\u00eda, Brasil DATA DE NASCIMENTO 1794 LOCAL DA MORTE Bahia, Brasil PA\u00cdS \/ REGI\u00c3O ONDE NASCEU Brasil DATA DA MORTE\u00a0 Desconhecida ESTADO I &#8220;Uni\u00e3o de facto&#8221; NOME DO COMPANHEIRO Jos\u00e9 Lino Coutinho N\u00ba DE FILHOS \u00a01 FILHOS \u00a0Cora C\u00e9sar Coutinho\u00a0 (25 &#8230; <a title=\"Ildefonsa Laura C\u00e9sar\" class=\"read-more\" href=\"https:\/\/escritoras-em-portugues.com\/en\/xviii\/ildefonsa-laura-cesar\/\" aria-label=\"Read more about Ildefonsa Laura C\u00e9sar\">Read more<\/a><\/p>","protected":false},"author":3,"featured_media":0,"parent":46,"menu_order":0,"comment_status":"closed","ping_status":"closed","template":"","meta":{"cybocfi_hide_featured_image":"","footnotes":""},"class_list":["post-953","page","type-page","status-publish"],"_links":{"self":[{"href":"https:\/\/escritoras-em-portugues.com\/en\/wp-json\/wp\/v2\/pages\/953","targetHints":{"allow":["GET"]}}],"collection":[{"href":"https:\/\/escritoras-em-portugues.com\/en\/wp-json\/wp\/v2\/pages"}],"about":[{"href":"https:\/\/escritoras-em-portugues.com\/en\/wp-json\/wp\/v2\/types\/page"}],"author":[{"embeddable":true,"href":"https:\/\/escritoras-em-portugues.com\/en\/wp-json\/wp\/v2\/users\/3"}],"replies":[{"embeddable":true,"href":"https:\/\/escritoras-em-portugues.com\/en\/wp-json\/wp\/v2\/comments?post=953"}],"version-history":[{"count":4,"href":"https:\/\/escritoras-em-portugues.com\/en\/wp-json\/wp\/v2\/pages\/953\/revisions"}],"predecessor-version":[{"id":2007,"href":"https:\/\/escritoras-em-portugues.com\/en\/wp-json\/wp\/v2\/pages\/953\/revisions\/2007"}],"up":[{"embeddable":true,"href":"https:\/\/escritoras-em-portugues.com\/en\/wp-json\/wp\/v2\/pages\/46"}],"wp:attachment":[{"href":"https:\/\/escritoras-em-portugues.com\/en\/wp-json\/wp\/v2\/media?parent=953"}],"curies":[{"name":"wp","href":"https:\/\/api.w.org\/{rel}","templated":true}]}}