{"id":934,"date":"2023-11-05T18:20:52","date_gmt":"2023-11-05T18:20:52","guid":{"rendered":"https:\/\/escritoras-em-portugues.com\/?page_id=934"},"modified":"2024-06-04T21:43:55","modified_gmt":"2024-06-04T21:43:55","slug":"isabel-auta-de-sao-jose-soror","status":"publish","type":"page","link":"https:\/\/escritoras-em-portugues.com\/en\/xvii\/isabel-auta-de-sao-jose-soror\/","title":{"rendered":"Isabel Auta de S\u00e3o Jos\u00e9, Soror"},"content":{"rendered":"<p><strong>NAME \u00a0<\/strong><span lang=\"PT\">Isabel Auta de S\u00e3o Jos\u00e9, Soror<\/span><\/p>\n<h4><strong>Biographical Elements<\/strong><\/h4>\n<p style=\"font-weight: 400;\"><strong>FATHER<\/strong> \u00a0Manoel Telles da Silva, 1\u00ba Marqu\u00eas de Alegrete<\/p>\n<p style=\"font-weight: 400;\"><strong>MOTHER<\/strong> Luiza Coutinho<\/p>\n<p style=\"font-weight: 400;\"><strong>BIRTHPLACE<\/strong> Lisboa<\/p>\n<p style=\"font-size: 17px;\"><strong>DATE OF BIRTH<\/strong>\u00a0 XVII century<\/p>\n<p style=\"font-weight: 400;\"><strong>DATE OF DEATH<\/strong>\u00a0 XVII century<\/p>\n<p style=\"font-size: 17px;\"><span style=\"font-size: inherit;\"><strong>MARITAL STATUS<\/strong> Freira<\/span><\/p>\n<p style=\"font-weight: 400;\"><strong>DATA DOS VOTOS<\/strong> 8 de Dezembro de 1684<\/p>\n<p style=\"font-weight: 400;\"><strong>PLACE OF RELIGIOUS PROFESSION<\/strong> Convento da Madre de Deus, Lisboa<\/p>\n<p style=\"font-weight: 400;\"><strong>CONVENT<\/strong> Madre de Deus, Lisboa<\/p>\n<p style=\"font-weight: 400;\"><strong>RELIGIOUS ORDER<\/strong> Primeira regra de Santa Clara<\/p>\n<p style=\"font-weight: 400;\"><strong>CARGO \/ FUN\u00c7\u00c3O<\/strong>\u00a0Abadessa (5 vezes)<\/p>\n<h4><strong>WORKS<\/strong><\/h4>\n<p><strong>HANDWRITTEN WORKS (MISSING)<\/strong><\/p>\n<blockquote>\n<p style=\"font-weight: 400;\"><em>Rela\u00e7a\u00f5 da admiravel morte da Vener\u00e1vel Madre Soror Maria Magdalena de Jesus, filha dos Condes da Ericeira, e Abadessa, que foy do Mosteiro da Madre de Deos<\/em><\/p>\n<\/blockquote>\n<h4><strong>Bibliography<\/strong><\/h4>\n<p style=\"font-weight: 400;\">BEL\u00c9M, Fr. Jeronimo de, <em>Introdu\u00e7\u00e3o \u00e0 Chronica da Ser\u00e1fica da Prov\u00edncia dos Algarves, Lisboa, Na Off de Ignacio Rodrigues, <\/em>1750<em>, <\/em>p. 259<\/p>\n<p style=\"font-weight: 400;\">MACHADO, Diogo Barbosa, <em>Bibliotheca Luzitana: hist\u00f3rica, cr\u00edtica e cronol\u00f3gica, <\/em>Lisboa Occidental, na Officina de Antonio Isidoro da Fonseca, 1741-1759, Volume IV, p. 230-231<\/p>\n<p>&nbsp;<\/p>","protected":false},"excerpt":{"rendered":"<p>NOME \u00a0Isabel Auta de S\u00e3o Jos\u00e9, Soror Elementos biogr\u00e1ficos PAI \u00a0Manoel Telles da Silva, 1\u00ba Marqu\u00eas de Alegrete M\u00c3E Luiza Coutinho LOCAL DE NASCIMENTO Lisboa DATA DE NASCIMENTO\u00a0 S\u00e9culo XVII DATA DA MORTE\u00a0 S\u00e9culo XVII ESTADO Freira DATA DOS VOTOS 8 de Dezembro de 1684 LOCAL DA PROFISS\u00c3O RELIGIOSA Convento da Madre de Deus, Lisboa &#8230; <a title=\"Isabel Auta de S\u00e3o Jos\u00e9, Soror\" class=\"read-more\" href=\"https:\/\/escritoras-em-portugues.com\/en\/xvii\/isabel-auta-de-sao-jose-soror\/\" aria-label=\"Read more about Isabel Auta de S\u00e3o Jos\u00e9, Soror\">Read more<\/a><\/p>","protected":false},"author":3,"featured_media":0,"parent":47,"menu_order":0,"comment_status":"closed","ping_status":"closed","template":"","meta":{"cybocfi_hide_featured_image":"","footnotes":""},"class_list":["post-934","page","type-page","status-publish"],"_links":{"self":[{"href":"https:\/\/escritoras-em-portugues.com\/en\/wp-json\/wp\/v2\/pages\/934","targetHints":{"allow":["GET"]}}],"collection":[{"href":"https:\/\/escritoras-em-portugues.com\/en\/wp-json\/wp\/v2\/pages"}],"about":[{"href":"https:\/\/escritoras-em-portugues.com\/en\/wp-json\/wp\/v2\/types\/page"}],"author":[{"embeddable":true,"href":"https:\/\/escritoras-em-portugues.com\/en\/wp-json\/wp\/v2\/users\/3"}],"replies":[{"embeddable":true,"href":"https:\/\/escritoras-em-portugues.com\/en\/wp-json\/wp\/v2\/comments?post=934"}],"version-history":[{"count":2,"href":"https:\/\/escritoras-em-portugues.com\/en\/wp-json\/wp\/v2\/pages\/934\/revisions"}],"predecessor-version":[{"id":1781,"href":"https:\/\/escritoras-em-portugues.com\/en\/wp-json\/wp\/v2\/pages\/934\/revisions\/1781"}],"up":[{"embeddable":true,"href":"https:\/\/escritoras-em-portugues.com\/en\/wp-json\/wp\/v2\/pages\/47"}],"wp:attachment":[{"href":"https:\/\/escritoras-em-portugues.com\/en\/wp-json\/wp\/v2\/media?parent=934"}],"curies":[{"name":"wp","href":"https:\/\/api.w.org\/{rel}","templated":true}]}}