{"id":916,"date":"2023-11-05T13:05:01","date_gmt":"2023-11-05T13:05:01","guid":{"rendered":"https:\/\/escritoras-em-portugues.com\/?page_id=916"},"modified":"2024-06-04T22:05:22","modified_gmt":"2024-06-04T22:05:22","slug":"francisca-de-paula-possolo-da-costa","status":"publish","type":"page","link":"https:\/\/escritoras-em-portugues.com\/en\/xviii\/francisca-de-paula-possolo-da-costa\/","title":{"rendered":"Francisca de Paula Possolo da Costa"},"content":{"rendered":"<p><strong>NOME <\/strong><span lang=\"PT\">Francisca de Paula Possolo da Costa<\/span><\/p>\n<p><strong>PSEUD\u00d3NIMO(S) <\/strong>Franc\u00edlia Pastora do Tejo, D. F. P. P. C.<\/p>\n<p style=\"font-weight: 400;\"><em>\u00a0<\/em><\/p>\n<h4><strong>Elementos biogr\u00e1ficos<\/strong><\/h4>\n<p><strong>PAI<\/strong> <span lang=\"PT\">Nicolau Possolo<\/span><\/p>\n<p><strong>M\u00c3E \u00a0<\/strong><span lang=\"PT\">D. Maria do Carmo Correia de Magalh\u00e3es<\/span><\/p>\n<p style=\"font-weight: 400;\"><strong>LOCAL<\/strong> <strong>DE NASCIMENTO<\/strong> Lisboa<\/p>\n<p style=\"font-weight: 400;\"><strong>DATA DE NASCIMENTO<\/strong>\u00a04 de Outubro de 1783<\/p>\n<p style=\"font-weight: 400;\"><strong>LOCAL E DATA DA MORTE<\/strong> Cartaxo, <span lang=\"PT\">19 de Julho de 1838<\/span><\/p>\n<div><span lang=\"PT\"><strong>PA\u00cdS ONDE NASCEU<\/strong> <\/span>Portugal<\/div>\n<div><\/div>\n<div><strong>ESTADO<\/strong> Casada<\/div>\n<div><\/div>\n<div><strong>C\u00d4NJUGE<\/strong><span style=\"font-size: inherit;\"> Jo\u00e3o Baptista \u00c2ngelo da Costa (Oficial da Marinha)<\/span><\/div>\n<div><\/div>\n<div>\n<p style=\"font-weight: 400;\"><strong>LOCAL E DATA DE CASAMENTO<\/strong> Lisboa, 16 de Abril 1813<\/p>\n<p><strong>IDIOMAS<\/strong> <span lang=\"PT\">Portugu\u00eas, Franc\u00eas<\/span><\/p>\n<\/div>\n<div><\/div>\n<h4><strong>Obra<\/strong><\/h4>\n<p><strong>OBRAS DESAPARECIDAS<\/strong><\/p>\n<blockquote>\n<p style=\"font-weight: 400;\"><em>Carta do Conde de Las Casas, dirigida da Ilha de Sancta Hena ao pr\u00edncipe Luciano Bonaparte etc.<\/em><\/p>\n<p style=\"font-weight: 400;\"><em>\u00a0<\/em><em>Duque de Cl\u00e8ves\u00a0<\/em>(pe\u00e7a de teatro)<\/p>\n<p style=\"font-weight: 400;\"><em>\u00a0<\/em><em>Ricardo ou a For\u00e7a do Destino <\/em>(pe\u00e7a de teatro)<\/p>\n<\/blockquote>\n<p><strong>OBRAS IMPRESSAS<\/strong><\/p>\n<blockquote>\n<p style=\"font-weight: 400;\"><em>Franc\u00edlia, Pastora do Tejo, <\/em>Lisboa, Imprensa R\u00e9gia, 1816<\/p>\n<p style=\"font-weight: 400;\"><em>Sonetos compostos por D. Francisca Possolo da Costa e recitados no Real Theatro de S. Carlos <\/em><\/p>\n<p style=\"font-weight: 400;\">[por ocasi\u00e3o do juramento da Carta Constitucional], Lisboa, na Typ. de Ricardo Jos\u00e9 de Carvalho, 1827.<\/p>\n<p style=\"font-weight: 400;\"><em>Sonetos compostos por D. Francisca Possolo da Costa e recitados no Real Theatro de S. Carlos,<\/em> Lisboa, na Typ. de Ricardo Jos\u00e9 de Carvalho, 1826<\/p>\n<p><em>Sonetos compostos por D. Francisca Possolo da Costa e recitados no Real Theatro de S. Carlos,<\/em> Lisboa, Imprensa da Rua dos Fanqueiros, 1826.<\/p>\n<p style=\"font-weight: 400;\"><em>Corinna, ou a It\u00e1lia<\/em>, <em>por Madame de St\u00e4el-Holstein: traduzida da septima edi\u00e7\u00e3o franceza<\/em>, Lisboa, 1835.<\/p>\n<p style=\"font-weight: 400;\"><em>Conversa\u00e7\u00f5es sobre a pluralidade dos mundos, por Fontenelle. Vertidas do francez em vulgar\u2026 Agora posthumamente dados \u00e0 luz pelos seus parentes, e precedidas de uma noticia litteraria acerca da traductora, <\/em>Lisboa, na Imprensa Nacional, 1841.<\/p>\n<p style=\"font-weight: 400;\"><em>Epistola \u00e0 Marqueza de Alorna\u00a0 <\/em>tomo II das <em>obras <\/em>da mesma Marqueza, p. 68<\/p>\n<p style=\"font-weight: 400;\"><em>Henriqueta de Orleans, ou o Hero\u00edsmo. Novella portuguesa, <\/em>2 volumes, Lisboa, 1819<\/p>\n<p style=\"font-weight: 400;\"><em>Henriqueta de Orleans, ou o Hero\u00edsmo. Novella portugueza, <\/em>2 volumes, Lisboa,\u00a0\u00a0 1829<\/p>\n<p style=\"font-weight: 400;\">\u201cEP\u00cdSTOLA <em>Franc\u00edlia a Alcipe<\/em>\u201c \u00a0in.: [Marquesa de Alorna], <em>Obras Poeticas de D. Leonor d\u2019Almeida Portugal Lorena e Lencastre, Marqueza d\u2019Alorna, Condessa d\u2019Assumar e d\u2019Oeynhausen, conhecida entre os poetas portuguezes pello nome de Alcipe, <\/em>6 vols., Lisboa, Na Imprensa Nacional, 1844, vol. II, p. 68.<\/p>\n<p style=\"font-weight: 400;\">\u201cConsola\u00e7\u00f5es. Ep\u00edstolas de Franc\u00edlia e Castilho\u201d in.: Ant\u00f3nio Feliciano de Castilho, <em>Palestras Religiosas, Obras Completas de Antonio Feliciano de Castilho, volume 38\u00ba, <\/em>Lisboa, Empreza da Historia de Portugal, 1906, pp. 77-158.<\/p>\n<\/blockquote>\n<h4><strong>Bibliografia:<\/strong><\/h4>\n<p>ANAST\u00c1CIO, Vanda, &#8220;Domingos Borges de Barros (1779-1855): tecendo la\u00e7os entre Paris, Lisboa e o Brasil&#8221; in.: Gilda Santos, Ida Alves, Andreia Castro (orgs.) <em>Gentes e Paisagens Luso-Brasileiras<\/em>, Rio de Janeiro, Numa Editora, 2023, pp. 91-118.<\/p>\n<p style=\"font-weight: 400;\">ANAST\u00c1CIO, Vanda, \u00abFrancisca de Paula Possollo da Costa\u00bb in.: Z\u00edlia Os\u00f3rio de Castro e Ant\u00f3nio Ferreira de Sousa (coord.)<em> Dicion\u00e1rio no Feminino (s\u00e9culos XIX-XX)<\/em>, Lisboa, Livros Horizonte, 2005, pp. 354-355.<\/p>\n<p style=\"font-weight: 400;\">ANAST\u00c1CIO, Vanda, \u00abMulheres varonis e interesses dom\u00e9sticos\u00bb (Reflex\u00f5es acerca do discurso produzido pela Hist\u00f3ria Liter\u00e1ria acerca das mulheres escritoras da viragem do s\u00e9culo XVIII para o s\u00e9culo XIX)\u00bb, <em>Cartographies. M\u00e9langes offerts \u00e0 Maria Alzira Seixo, <\/em>Lisboa, 2005, pp. 537-556.<\/p>\n<p style=\"font-weight: 400;\">ANAST\u00c1CIO, Vanda, <em>Uma Antologia Improv\u00e1vel? A escrita das mulheres (1495-1830), <\/em>com a colabora\u00e7\u00e3o In\u00eas de Ornellas e Castro, Jos\u00e9 F\u00e9lix Duque, de Pedro Sena Lino, Isabel Moruj\u00e3o e Hugo Neto, Lisboa, Rel\u00f3gio de \u00c1gua, 2013, pp. 604-607.<\/p>\n<p>BALBI, A.\u00a0<em>Essai statistique sur le Royaume de Portugal et d&#8217;Algarve,\u00a0<\/em>tome II, Paris, Chez Rey et Gravier, 1822.<\/p>\n<p style=\"font-weight: 400;\">BARROS, Teresa Leit\u00e3o de, \u201cFranc\u00edlia e Nat\u00e9rcia\u201d <em>Escritoras de Portugal: G\u00e9nio Feminino Revelado na Literatura Portuguesa,<\/em> Lisboa, s.d., 1924, volume II, pp. 93-105<\/p>\n<p style=\"font-weight: 400;\"><a href=\"http:\/\/ler.letras.up.pt\/site\/default.aspx?qry=id06id1171&amp;sum=sim\">BORGES, Andreia Gisela, <em>Meu triste canto deve ser ouvido : Introdu\u00e7\u00e3o \u00e0 vida e obra de Francisca Possolo (1783-1838), <\/em>Disserta\u00e7\u00e3o de Mestrado apresentada \u00e0 Faculdade de Letras da Universidade do Porto, Porto, 2006.<\/a><\/p>\n<p style=\"font-weight: 400;\">CASTILHO, Ant\u00f3nio Feliciano de \u201cNot\u00edcia liter\u00e1ria acerca da Sr\u00aa D. Francisca de Paula Possollo da Costa\u201d Fontenelle, <em>Conversa\u00e7\u00f5es sobre a pluralidade dos mundos, por Fontenelle. Vertidas do francez em vulgar\u2026 Agora posthumamente dados \u00e0 luz pelos seus parentes, e precedidas de uma noticia litteraria acerca da traductora, <\/em>Lisboa, na Imprensa Nacional, 1841, pp. V-CXXXII.<\/p>\n<p style=\"font-weight: 400;\">CASTILHO, Ant\u00f3nio Feliciano de, <em>Vivos e Mortos, <\/em>volume I, Lisboa, Empresa da Hist\u00f3ria de Portugal, 1904, pp. 61-155.<\/p>\n<p>CASTILHO, J\u00falio de,\u00a0<em>Mem\u00f3rias de Castilho,\u00a0<\/em>tomo I, Lisboa, Academia das Sciencias, 1881.<\/p>\n<p style=\"font-weight: 400;\">COSTA, D. Ant\u00f3nio da, <em>A Mulher em Portugal, <\/em>Lisboa, Typographia da Companhia Editora, 1892, pp. 241-150.<\/p>\n<p style=\"font-weight: 400;\">S\/A \u00abFrancisca de Paula Possollo da Costa\u00bb <em>Biblos. Enciclop\u00e9dia Verbo das Literaturas em L\u00edngua Portuguesa, <\/em>Lisboa-S\u00e3o Paulo, Editorial Verbo, vol 1, 1995, p. 1329.<\/p>\n<p style=\"font-weight: 400;\">RECTOR, M\u00f3nica, <em>Mulher objecto e sujeito da literatura Portuguesa,<\/em> Porto, Universidade Fernando Pessoa &#8211; Funda\u00e7\u00e3o Fernando Pessoa, 1999, p. 138.<\/p>\n<p style=\"font-weight: 400;\">SALVADO, Ant\u00f3nio Forte, <em>Antologia de Mulheres-Poetas Portuguesas<\/em>, Lisboa, Delfos, 1962, p. 74.<\/p>\n<p style=\"font-weight: 400;\">SANTOS, Maria de Lurdes Lima dos, <em>Intelectuais Portugueses na Primeira Metade de Oitocentos, <\/em>Lisboa, Presen\u00e7a, 1988.<\/p>\n<p style=\"font-weight: 400;\">SILVA, Inoc\u00eancio Francisco da, &#8220;D. Francisca Possollo\u201d <em>O Panorama, <\/em>volume II, 2\u00aa s\u00e9rie, Janeiro- Dezembro de 1843, pp. 109-110.<\/p>\n<p style=\"font-weight: 400;\">SILVA, Inoc\u00eancio Francisco da, <em>Dicionario Bibliografico Portuguez, <\/em>Lisboa, Imprensa Nacional, 1858-1878, vol. II, pp. 318-319.<\/p>\n<p style=\"font-weight: 400;\">SILVEIRA, Pedro da, \u201cFrancisca Possolo da Costa\u201d <em>Dicion\u00e1rio do Romantismo Liter\u00e1rio Portugu\u00eas, <\/em>Lisboa, Caminho, 1997, p.<\/p>\n<p style=\"font-weight: 400;\">\n","protected":false},"excerpt":{"rendered":"<p>NOME Francisca de Paula Possolo da Costa PSEUD\u00d3NIMO(S) Franc\u00edlia Pastora do Tejo, D. F. P. P. C. \u00a0 Elementos biogr\u00e1ficos PAI Nicolau Possolo M\u00c3E \u00a0D. Maria do Carmo Correia de Magalh\u00e3es LOCAL DE NASCIMENTO Lisboa DATA DE NASCIMENTO\u00a04 de Outubro de 1783 LOCAL E DATA DA MORTE Cartaxo, 19 de Julho de 1838 PA\u00cdS ONDE &#8230; <a title=\"Francisca de Paula Possolo da Costa\" class=\"read-more\" href=\"https:\/\/escritoras-em-portugues.com\/en\/xviii\/francisca-de-paula-possolo-da-costa\/\" aria-label=\"Read more about Francisca de Paula Possolo da Costa\">Read more<\/a><\/p>","protected":false},"author":3,"featured_media":0,"parent":46,"menu_order":0,"comment_status":"closed","ping_status":"closed","template":"","meta":{"cybocfi_hide_featured_image":"","footnotes":""},"class_list":["post-916","page","type-page","status-publish"],"_links":{"self":[{"href":"https:\/\/escritoras-em-portugues.com\/en\/wp-json\/wp\/v2\/pages\/916","targetHints":{"allow":["GET"]}}],"collection":[{"href":"https:\/\/escritoras-em-portugues.com\/en\/wp-json\/wp\/v2\/pages"}],"about":[{"href":"https:\/\/escritoras-em-portugues.com\/en\/wp-json\/wp\/v2\/types\/page"}],"author":[{"embeddable":true,"href":"https:\/\/escritoras-em-portugues.com\/en\/wp-json\/wp\/v2\/users\/3"}],"replies":[{"embeddable":true,"href":"https:\/\/escritoras-em-portugues.com\/en\/wp-json\/wp\/v2\/comments?post=916"}],"version-history":[{"count":7,"href":"https:\/\/escritoras-em-portugues.com\/en\/wp-json\/wp\/v2\/pages\/916\/revisions"}],"predecessor-version":[{"id":1840,"href":"https:\/\/escritoras-em-portugues.com\/en\/wp-json\/wp\/v2\/pages\/916\/revisions\/1840"}],"up":[{"embeddable":true,"href":"https:\/\/escritoras-em-portugues.com\/en\/wp-json\/wp\/v2\/pages\/46"}],"wp:attachment":[{"href":"https:\/\/escritoras-em-portugues.com\/en\/wp-json\/wp\/v2\/media?parent=916"}],"curies":[{"name":"wp","href":"https:\/\/api.w.org\/{rel}","templated":true}]}}