{"id":906,"date":"2023-11-01T13:13:04","date_gmt":"2023-11-01T13:13:04","guid":{"rendered":"https:\/\/escritoras-em-portugues.com\/?page_id=906"},"modified":"2024-06-04T22:38:01","modified_gmt":"2024-06-04T22:38:01","slug":"albertina-paraiso","status":"publish","type":"page","link":"https:\/\/escritoras-em-portugues.com\/en\/xix\/albertina-paraiso\/","title":{"rendered":"Albertina Para\u00edso"},"content":{"rendered":"<p><strong>NAME <\/strong><span lang=\"PT\">Albertina Para\u00edso<\/span><\/p>\n<p><strong>OTHER NAME(S)<\/strong> Albertina de Sousa Para\u00edso<\/p>\n<h4><strong>Biographical Elements<\/strong><\/h4>\n<p><strong>FATHER<\/strong> Guilherme Augusto de Sousa Para\u00edso<\/p>\n<p><strong>MOTHER<\/strong> Sofia Isilda de Freitas Para\u00edso<\/p>\n<p><strong>DATE OF BIRTH <\/strong>11 de Janeiro de <span lang=\"PT\">1864<\/span><\/p>\n<p><strong>BIRTHPLACE<\/strong> Porto<\/p>\n<p><strong>DATE OF DEATH <\/strong>25 de Fevereiro de <span lang=\"PT\">1954<\/span><\/p>\n<p><strong>PLACE OF DEATH<\/strong> Lisboa<\/p>\n<p style=\"font-weight: 400;\"><strong>PROFISS\u00c3O<\/strong> Directora da revista <em>Alma Feminina<\/em><\/p>\n<p><strong>MARITAL STATUS<\/strong> Married<\/p>\n<p><strong>SPOUSE<\/strong> Manuel Rodrigues Barroca<\/p>\n<p><strong>LOCAL E DATA DO CASAMENTO<\/strong> Lisboa, 2 de Julho de 1902<\/p>\n<p><strong>LANGUAGES<\/strong> Franc\u00eas, Ingl\u00eas, Italiano<\/p>\n<h4><strong>WORKS<\/strong><\/h4>\n<p><strong>PRINTED WORKS<\/strong><\/p>\n<blockquote>\n<p style=\"font-weight: 400;\"><em>Musgos e rosas, <\/em>Lisboa, Livraria F\u00e9rin, 1896 (com Pref\u00e1cio de Jo\u00e3o de Deus)<\/p>\n<p style=\"font-weight: 400;\"><em>Derradeiros Versos, <\/em>Lisboa, Soc. Industrial de Tipografia, 1938.<\/p>\n<p style=\"font-weight: 400;\"><em>A Hist\u00f3ria do Beb\u00e9, <\/em>Lisboa, Tip. Bertrand, 1941<\/p>\n<p style=\"font-weight: 400;\"><em>A Hist\u00f3ria da Mulher<\/em>, 1941<\/p>\n<\/blockquote>\n<p><strong>COLABORA\u00c7\u00c3O NA IMPRENSA PERI\u00d3DICA<\/strong><\/p>\n<blockquote>\n<p style=\"font-weight: 400;\">Dirige <em>Almanach das Senhoras Portuenses <\/em>(1889)<\/p>\n<p style=\"font-weight: 400;\">Dirige<em> Almanach das Senhoras Portuguezas e Brazileiras <\/em>(1885-1887)<\/p>\n<p style=\"font-weight: 400;\">Dirige Alma<em> Feminina<\/em><\/p>\n<p style=\"font-weight: 400;\">Dirige p\u00e1gina &#8220;<i>Jornal da Mulher&#8221;<\/i>, no jornal\u00a0<i>O Mundo<\/i>.<\/p>\n<\/blockquote>\n<h4><strong>Bibliography<\/strong><\/h4>\n<p>ANAST\u00c1CIO, Vanda &#8220;Almanaques: origem, g\u00e9neros, produ\u00e7\u00e3o feminina&#8221; <em>Veredas: Revista da Associa\u00e7\u00e3o Internacional de Lusitanistas, <\/em>Santiago de Compostela, vol. 18, 2012, pp. 53-74.<\/p>\n<p>ANDRADE, Adriano da Guerra,\u00a0<em>Diccionario de\u00a0<\/em><i>seud\u00f3nimos e Iniciais de Escritores Portugueses, <\/i>Lisboa, Biblioteca Nacional, 1999, pp. 124 e 412.<\/p>\n<p>COSTA, Fernando Marques da,\u00a0<em>A Ma\u00e7onaria Feminina, <\/em>Lisboa, Editorial Vega, s.d., p. 86.<\/p>\n<p><em>Dicion\u00e1rio cronol\u00f3gico de Autores Portugueses, <\/em>Lisboa, Europa-Am\u00e9rica, 1990, vol. II, p. 483<\/p>\n<p>ESTEVES, Jo\u00e3o, Ilda Soares de ABREU &#8220;Albertina de Sousa Para\u00edso&#8221; in.: Z\u00edlia Os\u00f3rio de CASTRO, Jo\u00e3o ESTEVES (dir.) <em>Dicion\u00e1rio no Feminino (Secs. XIX-XX), <\/em>Lisboa, Livros Horizonte, 2005, pp. 35-37.<\/p>\n<p>ESTEVES, Jo\u00e3o &#8220;Os Prim\u00f3rdios do Feminismo em Portugal: a 1\u00aa D\u00e9cada do s\u00e9culo XX&#8221;\u00a0<em>Pen\u00e9lope,\u00a0<\/em>n\u00ba 25, 2001, pp. 87-112.<\/p>\n<p><em>Grande Enciclop\u00e9dia Portuguesa e Brasileira, <\/em>Lisboa-Rio de Janeiro, Ed. Enciclop\u00e9dia, s.d., vol XX, pp. 324-325.<\/p>\n<p>MONTEIRO, J\u00falia &#8220;As Portuguesas&#8221;\u00a0<em>Almanaque das Senhoras Portuenses, <\/em>1886.<\/p>\n<p>OLIVEIRA, Am\u00e9rico Lopes de, \u00a0M\u00e1rio Gon\u00e7alves VIANA, <em>Dicion\u00e1rio Mundial de Mulheres Not\u00e1veis<\/em>, Porto, Lello &amp; Irm\u00e3o, 1967, pp. 1026-1027.<\/p>\n<p>OLIVEIRA, Am\u00e9rico Lopes de,\u00a0<em>Escritoras Brasileiras Galegas e Portuguesas, <\/em>Braga, 1983<\/p>\n<p>O&#8217;NEILL, Maria &#8220;D. Albertina Para\u00edso&#8221; Almanaque das Senhoras para 1912, Lisboa, Parceria Ant\u00f3nio Maria Pereira, p. 193.<\/p>\n<p>PERDIG\u00c3O, Henrique,\u00a0<em>Dicion\u00e1rio Universal de Literatura,\u00a0<\/em>Porto, 1940, p. 636<\/p>\n<p>PIRES, Daniel,\u00a0<em>Dicion\u00e1rio da Imprensa Peri\u00f3dica Liter\u00e1ria Portuguesa do S\u00e9culo XX (1900-1940), <\/em>Lisboa, Grifo, 1996<\/p>\n<p>TEIXEIRA, H\u00e9lio, &#8220;Albertina Para\u00edso&#8221; <em>Biblos. Enciclop\u00e9dia \u00a0VERBO das Literaturas em L\u00edngua Portuguesa, <\/em>vol. 3 Lisboa, VERBO, p. 1398<\/p>\n<p>SILVA, Innoc\u00eancio Francisco da,\u00a0<em>Dicion\u00e1rio Bibliogr\u00e1fico\u00a0<\/em><i>Portugu\u00eas,\u00a0<\/i>Lisboa, Imprensa nacional, 1893, vol. XV, pp. 147 e 157; vol. XVIII, p. 20, 22-24, 26, 46, 52-53, 96, 107, 114, vol. XX, p. 153, vol. XXII, p. 172.<\/p>\n<p>&nbsp;<\/p>","protected":false},"excerpt":{"rendered":"<p>NOME Albertina Para\u00edso OUTRO(S) NOME(S) Albertina de Sousa Para\u00edso Elementos biogr\u00e1ficos PAI Guilherme Augusto de Sousa Para\u00edso M\u00c3E Sofia Isilda de Freitas Para\u00edso DATA DE NASCIMENTO 11 de Janeiro de 1864 LOCAL DE NASCIMENTO Porto DATA DA MORTE 25 de Fevereiro de 1954 LOCAL DA MORTE Lisboa PROFISS\u00c3O Directora da revista Alma Feminina ESTADO Casada &#8230; <a title=\"Albertina Para\u00edso\" class=\"read-more\" href=\"https:\/\/escritoras-em-portugues.com\/en\/xix\/albertina-paraiso\/\" aria-label=\"Read more about Albertina Para\u00edso\">Read more<\/a><\/p>","protected":false},"author":3,"featured_media":0,"parent":48,"menu_order":0,"comment_status":"closed","ping_status":"closed","template":"","meta":{"cybocfi_hide_featured_image":"","footnotes":""},"class_list":["post-906","page","type-page","status-publish"],"_links":{"self":[{"href":"https:\/\/escritoras-em-portugues.com\/en\/wp-json\/wp\/v2\/pages\/906","targetHints":{"allow":["GET"]}}],"collection":[{"href":"https:\/\/escritoras-em-portugues.com\/en\/wp-json\/wp\/v2\/pages"}],"about":[{"href":"https:\/\/escritoras-em-portugues.com\/en\/wp-json\/wp\/v2\/types\/page"}],"author":[{"embeddable":true,"href":"https:\/\/escritoras-em-portugues.com\/en\/wp-json\/wp\/v2\/users\/3"}],"replies":[{"embeddable":true,"href":"https:\/\/escritoras-em-portugues.com\/en\/wp-json\/wp\/v2\/comments?post=906"}],"version-history":[{"count":10,"href":"https:\/\/escritoras-em-portugues.com\/en\/wp-json\/wp\/v2\/pages\/906\/revisions"}],"predecessor-version":[{"id":1886,"href":"https:\/\/escritoras-em-portugues.com\/en\/wp-json\/wp\/v2\/pages\/906\/revisions\/1886"}],"up":[{"embeddable":true,"href":"https:\/\/escritoras-em-portugues.com\/en\/wp-json\/wp\/v2\/pages\/48"}],"wp:attachment":[{"href":"https:\/\/escritoras-em-portugues.com\/en\/wp-json\/wp\/v2\/media?parent=906"}],"curies":[{"name":"wp","href":"https:\/\/api.w.org\/{rel}","templated":true}]}}