{"id":903,"date":"2023-11-01T12:21:01","date_gmt":"2023-11-01T12:21:01","guid":{"rendered":"https:\/\/escritoras-em-portugues.com\/?page_id=903"},"modified":"2024-06-04T22:02:47","modified_gmt":"2024-06-04T22:02:47","slug":"angela-do-amaral-rangel","status":"publish","type":"page","link":"https:\/\/escritoras-em-portugues.com\/en\/xviii\/angela-do-amaral-rangel\/","title":{"rendered":"\u00c2ngela do Amaral Rangel"},"content":{"rendered":"<p><strong>NAME <\/strong><span lang=\"PT\">\u00c2<\/span><span lang=\"PT\">ngela do Amaral Rangel<\/span><\/p>\n<h4><strong>Biographical Elements<\/strong><\/h4>\n<p style=\"font-weight: 400;\"><strong>FATHER<\/strong>\u00a0 Ant\u00f3nio Marcos Vale (?)<\/p>\n<p><strong>MOTHER<\/strong><span style=\"font-weight: 400;\"> \u00a0<\/span><span style=\"font-weight: 400;\">Cust\u00f3dia Rangel (?)<\/span><\/p>\n<p style=\"font-weight: 400;\"><strong>DATE OF BIRTH<\/strong> <em>c.<\/em> 1725<\/p>\n<p style=\"font-weight: 400;\"><strong>PLACE OF DEATH<\/strong>\u00a0 Rio de Janeiro<\/p>\n<p style=\"font-weight: 400;\"><strong>PA\u00cdS\/ REGI\u00c3O ONDE NASCEU<\/strong> Portugal (Brasil-Col\u00f3nia)<\/p>\n<p style=\"font-weight: 400;\"><strong>PROFESSION \/ POSITION \/ FUNCTION<\/strong>\u00a0membro da <em>Academia dos Selectos <\/em>(sess\u00e3o de 30 de Janeiro de 1752)<\/p>\n<p style=\"font-weight: 400;\"><strong>DATE OF DEATH<\/strong>\u00a0 Desconhecida<\/p>\n<p style=\"font-weight: 400;\"><strong>LANGUAGES <\/strong>Portugu\u00eas, Castelhano<\/p>\n<h4><strong>WORKS<\/strong><\/h4>\n<p><strong>PRINTED WORKS<\/strong><\/p>\n<blockquote>\n<p style=\"font-weight: 400;\">in.: S\u00c1, Manoel Tavares de Sequeira e, <em>J\u00fabilos da Am\u00e9rica, <\/em>Lisboa, Manoel Alvares Sollano, 1754<\/p>\n<p style=\"font-weight: 400;\"><em>Primeira M\u00e1xima Militar<\/em><\/p>\n<p style=\"font-weight: 400; text-align: left;\">\u00a0 \u00a0 \u00a0 \u00a0 \u00a0 \u00a0 \u00a0 \u00a0 \u00a0 \u00a0 \u00a0 \u00a0 \u00a0 \u00a0 \u00a0Soneto<\/p>\n<p style=\"font-weight: 400;\">J\u00e1 retumba o clarim que a Fama encerra<\/p>\n<p style=\"font-weight: 400;\">Na vaga Regi\u00e3o seu doce ascenso<\/p>\n<p style=\"font-weight: 400;\">De Gomes publicando o alto alento,<\/p>\n<p style=\"font-weight: 400;\">Por n\u00e3o caber no \u00e2mbito da terra.<\/p>\n<p style=\"font-weight: 400;\">Declara, que se est\u00e1 na dura Guerra<\/p>\n<p style=\"font-weight: 400;\">Tudo acaba, t\u00e3o r\u00e1pido e violento<\/p>\n<p style=\"font-weight: 400;\">Que o mais forte Esquadr\u00e3o, em um momento,<\/p>\n<p style=\"font-weight: 400;\">Seus alentos vitais ali subterra.<\/p>\n<p style=\"font-weight: 400;\">Vosso Nome sera sempre exaltado,<\/p>\n<p style=\"font-weight: 400;\">Que se voais nas asas da Ventura<\/p>\n<p style=\"font-weight: 400;\">Vosso valor o tem assegurado.<\/p>\n<p style=\"font-weight: 400;\">Porque nos diz a Fama clara e pura<\/p>\n<p style=\"font-weight: 400;\">Que outro Her\u00f3i como v\u00f3s n\u00e3o tem achado<\/p>\n<p style=\"font-weight: 400;\">Debaixo da Celeste Arquitectura.<\/p>\n<p style=\"font-weight: 400;\"><em>\u00a0<\/em><\/p>\n<p style=\"font-weight: 400;\"><em>\u00a0<\/em><\/p>\n<p style=\"font-weight: 400;\"><em>M\u00e1ximas crist\u00e3s e pol\u00edticas<\/em><\/p>\n<p style=\"font-weight: 400;\"><em>\u00a0 \u00a0\u00a0\u00a0\u00a0\u00a0\u00a0\u00a0\u00a0\u00a0 \u00a0\u00a0\u00a0\u00a0\u00a0\u00a0\u00a0\u00a0\u00a0<\/em>Soneto<\/p>\n<p style=\"font-weight: 400;\">Ilustre General, Vossa Excelencia<\/p>\n<p style=\"font-weight: 400;\">Foi por tantas virtudes merecida<\/p>\n<p style=\"font-weight: 400;\">Que sendo j\u00e1 de todos conhecida<\/p>\n<p style=\"font-weight: 400;\">Muito poucos lhe fazem competencia<\/p>\n<p style=\"font-weight: 400;\">Se tudo obrais por alta intelig\u00eancia<\/p>\n<p style=\"font-weight: 400;\">De Deus a gra\u00e7a tendes adquirida<\/p>\n<p style=\"font-weight: 400;\">Do Monarca um afecto sem medida<\/p>\n<p style=\"font-weight: 400;\">E do Povo uma humilde obedi\u00eancia<\/p>\n<p style=\"font-weight: 400;\">No Cat\u00f3lico e na lealdade<\/p>\n<p style=\"font-weight: 400;\">Tendes vossa esperan\u00e7a bem fundada<\/p>\n<p style=\"font-weight: 400;\">Que na presente, e na futura idade<\/p>\n<p style=\"font-weight: 400;\">H\u00e1-de ser\u00a0 a virtude premiada<\/p>\n<p style=\"font-weight: 400;\">Na terra com feliz serenidade,<\/p>\n<p style=\"font-weight: 400;\">E nos C\u00e9us com a gl\u00f3ria eternizada.<\/p>\n<\/blockquote>\n<h4><strong>Bibliography<\/strong><\/h4>\n<p style=\"font-weight: 400;\"><a href=\"http:\/\/www.telunb.com.br\/mulhereliteratura\/anais\/wp-content\/uploads\/2012\/01\/edilene_ribeiro.pdf\">BATISTA, Edilene Ribeiro, \u201cA Produ\u00e7\u00e3o liter\u00e1ria feminina nos s\u00e9culos XVIII e XIX\u201d <em>Anais do XIV Semin\u00e1rio Nacional Mulher e Literatura \/ V Semin\u00e1rio Internacional Mulher e Literatura<\/em><\/a><\/p>\n<p style=\"font-weight: 400;\">BLAKE, Augusto Victorino Sacramento, <em>Dicion\u00e1rio Bibliogr\u00e1fico Brasileiro, <\/em>1883<\/p>\n<p style=\"font-weight: 400;\">CAVALCANTI, Nireu Oliveira, <em>Rio de Janeiro setecentista: a vida e a constru\u00e7\u00e3o da cidade da invas\u00e3o Francesa at\u00e9 \u00e0 chegada da Corte, <\/em>Rio de Janeiro, Jorge Zahar Editor, 2004, pp. 220-221.<\/p>\n<p style=\"font-weight: 400;\">PEREIRA, Cl\u00e1udia, <em>Contestado fruto: a poesia esquecida de Beatriz Brand\u00e3o (1779-1868), <\/em>Lisboa, Faculdade de Letras &#8211; CLEPUL, 2011.<\/p>\n<p style=\"font-weight: 400;\">MORAES, Rubens Borba de, <em>Bibliografia Brasiliana<\/em><\/p>\n<p style=\"font-weight: 400;\">MUZART, Zahid\u00e9 Lupinacci (org.), <em>Escritoras brasileiras do s\u00e9culo XIX, <\/em>Florian\u00f3polis, Editora Mulheres, 1999, p.<\/p>\n<p style=\"font-weight: 400;\">S\u00c1, Manoel Tavares de Sequeira e, <em>J\u00fabilos da Am\u00e9rica, <\/em>Lisboa, Manoel Alvares Sollano, 1754.<\/p>\n<p style=\"font-weight: 400;\">SILVA, Innoc\u00eancio Francisco da, <em>Diccion\u00e1rio Bibliographico Portuguez<\/em>, Lisboa, Imprensa Nacional, 1858<\/p>\n<p style=\"font-weight: 400;\">VARNHAGEN, \u00a0Francisco Adolfo, <em>Floril\u00e9gio da poesia brasileira, <\/em>1850<\/p>\n<p style=\"font-weight: 400;\"><em>\u00a0<\/em><\/p>\n<h4><strong>Observa\u00e7\u00f5es<\/strong><\/h4>\n<p style=\"font-weight: 400;\">\u00a0\u201cparece ter sido a primeira brasileira a publicar seus versos antes de 1822\u201d; \u201ccega de nascen\u00e7a\u201d <em>(apud<\/em> Cl\u00e1udia PEREIRA)<\/p>","protected":false},"excerpt":{"rendered":"<p>NOME \u00c2ngela do Amaral Rangel Elementos biogr\u00e1ficos PAI\u00a0 Ant\u00f3nio Marcos Vale (?) M\u00c3E \u00a0Cust\u00f3dia Rangel (?) DATA DE NASCIMENTO c. 1725 LOCAL DA MORTE\u00a0 Rio de Janeiro PA\u00cdS\/ REGI\u00c3O ONDE NASCEU Portugal (Brasil-Col\u00f3nia) PROFISS\u00c3O \/ CARGO \/ FUN\u00c7\u00c3O\u00a0membro da Academia dos Selectos (sess\u00e3o de 30 de Janeiro de 1752) DATA DA MORTE\u00a0 Desconhecida IDIOMAS Portugu\u00eas, &#8230; <a title=\"\u00c2ngela do Amaral Rangel\" class=\"read-more\" href=\"https:\/\/escritoras-em-portugues.com\/en\/xviii\/angela-do-amaral-rangel\/\" aria-label=\"Read more about \u00c2ngela do Amaral Rangel\">Read more<\/a><\/p>","protected":false},"author":3,"featured_media":0,"parent":46,"menu_order":0,"comment_status":"closed","ping_status":"closed","template":"","meta":{"cybocfi_hide_featured_image":"","footnotes":""},"class_list":["post-903","page","type-page","status-publish"],"_links":{"self":[{"href":"https:\/\/escritoras-em-portugues.com\/en\/wp-json\/wp\/v2\/pages\/903","targetHints":{"allow":["GET"]}}],"collection":[{"href":"https:\/\/escritoras-em-portugues.com\/en\/wp-json\/wp\/v2\/pages"}],"about":[{"href":"https:\/\/escritoras-em-portugues.com\/en\/wp-json\/wp\/v2\/types\/page"}],"author":[{"embeddable":true,"href":"https:\/\/escritoras-em-portugues.com\/en\/wp-json\/wp\/v2\/users\/3"}],"replies":[{"embeddable":true,"href":"https:\/\/escritoras-em-portugues.com\/en\/wp-json\/wp\/v2\/comments?post=903"}],"version-history":[{"count":5,"href":"https:\/\/escritoras-em-portugues.com\/en\/wp-json\/wp\/v2\/pages\/903\/revisions"}],"predecessor-version":[{"id":1830,"href":"https:\/\/escritoras-em-portugues.com\/en\/wp-json\/wp\/v2\/pages\/903\/revisions\/1830"}],"up":[{"embeddable":true,"href":"https:\/\/escritoras-em-portugues.com\/en\/wp-json\/wp\/v2\/pages\/46"}],"wp:attachment":[{"href":"https:\/\/escritoras-em-portugues.com\/en\/wp-json\/wp\/v2\/media?parent=903"}],"curies":[{"name":"wp","href":"https:\/\/api.w.org\/{rel}","templated":true}]}}