{"id":900,"date":"2023-11-01T12:13:18","date_gmt":"2023-11-01T12:13:18","guid":{"rendered":"https:\/\/escritoras-em-portugues.com\/?page_id=900"},"modified":"2024-06-04T22:02:24","modified_gmt":"2024-06-04T22:02:24","slug":"ana-bernardina-pinto-ferreira-de-sousa-e-noronha","status":"publish","type":"page","link":"https:\/\/escritoras-em-portugues.com\/en\/xviii\/ana-bernardina-pinto-ferreira-de-sousa-e-noronha\/","title":{"rendered":"Ana Bernardina Pinto Ferreira de Sousa e Noronha"},"content":{"rendered":"<p><strong>NAME <\/strong><span lang=\"PT\">Ana Bernardina Pinto Ferreira de Sousa e Noronha<\/span><\/p>\n<h4><strong>Biographical Elements<\/strong><\/h4>\n<p><strong>DATE OF BIRTH<\/strong>\u00a0 XVIII century<\/p>\n<p><strong>DATE OF DEATH<\/strong>\u00a0 XVIII century<\/p>\n<p style=\"font-weight: 400;\"><strong>BIRTHPLACE<\/strong> \u00a0Coimbra<\/p>\n<p style=\"font-weight: 400;\"><strong>COUNTRY OF BIRTH<\/strong> Portugal<\/p>\n<p style=\"font-weight: 400;\"><strong>MARITAL STATUS<\/strong> Freira<\/p>\n<h4><strong>WORKS<\/strong><\/h4>\n<p><strong>PRINTED WORKS<\/strong><\/p>\n<blockquote>\n<p style=\"font-weight: 400;\"><em>Can\u00e7\u00e3o f\u00fanebre \u00e0s sentid\u00edssimas mortes do Ser.<sup>mo<\/sup> Sr. D. Gabriel Ant\u00f3nio, Infante de Hespanha e da Ser.<sup>ma<\/sup> Sr\u00aa. Marianna Victoria, sua esposa e Infante de Portugal<\/em>, Lisboa, Oficina de Lino da Silva Godinho, 1788.<\/p>\n<\/blockquote>\n<h4><strong>Bibliography<\/strong><\/h4>\n<p style=\"font-weight: 400;\">BARROS, Teresa Leit\u00e3o de, <em>Escritoras de Portugal<\/em>. <em>G\u00e9nio Feminino revelado na Literatura Portuguesa<\/em>, Lisboa, 1924, vol. II., p. 141.<\/p>\n<p style=\"font-weight: 400;\"><a href=\"https:\/\/ia800209.us.archive.org\/34\/items\/mulheremportugal00costuoft\/mulheremportugal00costuoft.pdf\">COSTA, D. Ant\u00f3nio da, <em>A Mulher em Portugal. Obra posthuma publicada em benef\u00edcio de uma crean\u00e7a, <\/em>Lisboa, Typografia Nacional Editora, 1892.<\/a><\/p>\n<p style=\"font-weight: 400;\">","protected":false},"excerpt":{"rendered":"<p>NOME Ana Bernardina Pinto Ferreira de Sousa e Noronha Elementos biogr\u00e1ficos DATA DE NASCIMENTO\u00a0 S\u00e9culo XVIII DATA DA MORTE\u00a0 S\u00e9culo XVIII LOCAL DE NASCIMENTO \u00a0Coimbra PA\u00cdS ONDE NASCEU Portugal ESTADO Freira Obra OBRAS IMPRESSAS Can\u00e7\u00e3o f\u00fanebre \u00e0s sentid\u00edssimas mortes do Ser.mo Sr. D. Gabriel Ant\u00f3nio, Infante de Hespanha e da Ser.ma Sr\u00aa. Marianna Victoria, sua &#8230; <a title=\"Ana Bernardina Pinto Ferreira de Sousa e Noronha\" class=\"read-more\" href=\"https:\/\/escritoras-em-portugues.com\/en\/xviii\/ana-bernardina-pinto-ferreira-de-sousa-e-noronha\/\" aria-label=\"Read more about Ana Bernardina Pinto Ferreira de Sousa e Noronha\">Read more<\/a><\/p>","protected":false},"author":3,"featured_media":0,"parent":46,"menu_order":0,"comment_status":"closed","ping_status":"closed","template":"","meta":{"cybocfi_hide_featured_image":"","footnotes":""},"class_list":["post-900","page","type-page","status-publish"],"_links":{"self":[{"href":"https:\/\/escritoras-em-portugues.com\/en\/wp-json\/wp\/v2\/pages\/900","targetHints":{"allow":["GET"]}}],"collection":[{"href":"https:\/\/escritoras-em-portugues.com\/en\/wp-json\/wp\/v2\/pages"}],"about":[{"href":"https:\/\/escritoras-em-portugues.com\/en\/wp-json\/wp\/v2\/types\/page"}],"author":[{"embeddable":true,"href":"https:\/\/escritoras-em-portugues.com\/en\/wp-json\/wp\/v2\/users\/3"}],"replies":[{"embeddable":true,"href":"https:\/\/escritoras-em-portugues.com\/en\/wp-json\/wp\/v2\/comments?post=900"}],"version-history":[{"count":3,"href":"https:\/\/escritoras-em-portugues.com\/en\/wp-json\/wp\/v2\/pages\/900\/revisions"}],"predecessor-version":[{"id":1829,"href":"https:\/\/escritoras-em-portugues.com\/en\/wp-json\/wp\/v2\/pages\/900\/revisions\/1829"}],"up":[{"embeddable":true,"href":"https:\/\/escritoras-em-portugues.com\/en\/wp-json\/wp\/v2\/pages\/46"}],"wp:attachment":[{"href":"https:\/\/escritoras-em-portugues.com\/en\/wp-json\/wp\/v2\/media?parent=900"}],"curies":[{"name":"wp","href":"https:\/\/api.w.org\/{rel}","templated":true}]}}