{"id":891,"date":"2023-11-01T11:45:29","date_gmt":"2023-11-01T11:45:29","guid":{"rendered":"https:\/\/escritoras-em-portugues.com\/?page_id=891"},"modified":"2024-06-04T21:42:40","modified_gmt":"2024-06-04T21:42:40","slug":"antonia-margarida-de-castelo-branco","status":"publish","type":"page","link":"https:\/\/escritoras-em-portugues.com\/en\/xvii\/antonia-margarida-de-castelo-branco\/","title":{"rendered":"Ant\u00f3nia Margarida de Castelo Branco"},"content":{"rendered":"<p><strong>NAME <\/strong><span lang=\"PT\">Ant\u00f3nia Margarida de Castelo Branco<\/span><\/p>\n<p><strong>OTHER NAME(S)<\/strong> <span lang=\"PT\">Ant\u00f3nia Margarida de Albuquerque, Clara do Sant\u00edssimo Sacramento, Soror<\/span><\/p>\n<h4><strong>Biographical Elements<\/strong><\/h4>\n<div><b>FATHER <\/b><span lang=\"PT\">Ant\u00f3nio de Albuquerque<\/span><\/div>\n<div>\n<div><\/div>\n<div><b>MOTHER <\/b>Joana Luiza de Castelo Branco<\/div>\n<\/div>\n<div><\/div>\n<div>\n<div><b>BIRTHPLACE <\/b>Vila do Lavradio, Lisboa<\/div>\n<div><\/div>\n<\/div>\n<p><strong>DATE OF BIRTH <\/strong><span lang=\"PT\">4 de Agosto de 1652<\/span><\/p>\n<div>\n<div><b>COUNTRY OF BIRTH <\/b>Portugal<\/div>\n<div><\/div>\n<\/div>\n<div><b>PLACE OF DEATH <\/b><span lang=\"PT\">Lisboa<\/span><\/div>\n<div>\n<div><\/div>\n<\/div>\n<p><strong>DATE OF DEATH <\/strong><span lang=\"PT\">Janeiro 1717<\/span><\/p>\n<div><b>MARITAL STATUS\u00a0<span lang=\"PT\">I <\/span><\/b><span lang=\"PT\">Married<\/span><\/div>\n<div><\/div>\n<div>\n<p style=\"font-weight: 400;\"><strong>SPOUSE<\/strong>\u00a0Br\u00e1s Teles de Meneses e Faro<\/p>\n<p style=\"font-weight: 400;\"><strong>WEDDING DATE<\/strong>\u00a01669<\/p>\n<p style=\"font-weight: 400;\"><strong>NUMBER OF CHILDREN<\/strong>\u00a01<\/p>\n<p style=\"font-weight: 400;\"><strong>CHILDREN\u00a0<\/strong>Br\u00e1s Manuel Teles de Meneses Faro e Albuquerque<\/p>\n<p><strong>MARITAL STATUS II <\/strong>Freira<span style=\"font-weight: 400;\"><br \/>\n<\/span><\/p>\n<\/div>\n<div><\/div>\n<div><span style=\"font-weight: 400;\"><strong>DATE OF RELIGIOUS PROFESSION<\/strong>\u00a0<\/span><span style=\"font-weight: 400;\">31 de Mar\u00e7o de 1680<\/span><span style=\"font-weight: 400;\"><br \/>\n<\/span><\/div>\n<div><\/div>\n<div><span style=\"font-weight: 400;\"><strong>PLACE OF RELIGIOUS PROFESSION <\/strong><\/span><span style=\"font-weight: 400;\">Mosteiro da Madre de Deus de Xabregas<\/span><span style=\"font-weight: 400;\"><br \/>\n<\/span><\/div>\n<div><\/div>\n<div><span style=\"font-weight: 400;\"><strong>CONVENT<\/strong>\u00a0<\/span><span style=\"font-weight: 400;\">Convento de Santos, Mosteiro da Madre de Deus de Xabregas<\/span><span style=\"font-weight: 400;\"><br \/>\n<\/span><\/div>\n<div><\/div>\n<div><span style=\"font-weight: 400;\"><strong>RELIGIOUS ORDER<\/strong>\u00a0<\/span><span style=\"font-weight: 400;\">Comendadeiras de Santos, Clarissas<\/span><span style=\"font-weight: 400;\"><br \/>\n<\/span><\/div>\n<div><\/div>\n<div>\n<p><span style=\"font-weight: 400;\"><strong>LANGUAGES<\/strong> Portugu\u00eas<\/span><\/p>\n<p>&nbsp;<\/p>\n<\/div>\n<h4><strong>WORKS<\/strong><\/h4>\n<p><strong>HANDWRITTEN WORKS<\/strong><\/p>\n<div>\n<blockquote><p>BRANCO, Anto\u0301nia Margarida de Castelo,<span style=\"font-size: inherit;\">\u00a0 <\/span><i style=\"font-size: inherit;\">Fiel e Verdadeira relac<\/i><i style=\"font-size: inherit;\">\u0327<\/i><i style=\"font-size: inherit;\">a\u0303o que da\u0301 dos socessos de sua vida a creatura mais ingrata a seu creador por obediencia de seus padres espirituaes e novamente tornada a escrever por hum socesso na era<\/i> <i style=\"font-size: inherit;\">de 1685 annos<\/i><span style=\"font-size: inherit;\">. (<\/span><span lang=\"PT\" style=\"font-size: inherit;\">BN <\/span><span style=\"font-size: inherit;\">Cod. 11357)<\/span><\/p><\/blockquote>\n<\/div>\n<p><strong>PRINTED WORKS<\/strong><\/p>\n<div>\n<blockquote><p>BRANCO, Anto\u0301nia Margarida de<span lang=\"PT\"> Castelo,<\/span> <i>A escada de Jacob: cartas i\u0301ntimas de Soror Clara do SSo<\/i>. <i>Sacramento<\/i> <i>(Anto\u0301nia<\/i><i>Margarida de<\/i> <i>Castelo Branco) para D. Joa\u0303o de Sousa e outras afins (1677-1714),<\/i> Alice La\u0301zaro; pesquisa, transcric\u0327a\u0303o e anotac\u0327o\u0303es das cartas <span lang=\"PT\">por <\/span>Maria da Conceic\u0327a\u0303o Geada<span lang=\"PT\">,<\/span> Lisboa<span lang=\"PT\">,<\/span> Chiado Editora, 2014.<\/p><\/blockquote>\n<\/div>\n<div>\n<blockquote><p>BRANCO, Anto\u0301nia Margarida de<span lang=\"PT\"> Castelo,<\/span> <i>Autobiografia (1652-1717),<\/i> prefa\u0301cio e transcric\u0327a\u0303o de Joa\u0303o Palma-Ferreira<span lang=\"PT\">,<\/span> Lisboa<span lang=\"PT\">,<\/span>Imprensa Nacional-Casa da Moeda, 198<span lang=\"PT\">3.<\/span><\/p><\/blockquote>\n<\/div>\n<h4><strong>Bibliography<\/strong><\/h4>\n<p style=\"font-weight: 400;\">BEL\u00c9M, Frei Jer\u00f3nimo de <em>Excel\u00eancia, cr\u00e9dito e reputa\u00e7\u00e3o deste Real Mosteiro da Madre de Deus, com as vidas, virtudes, e particulares ac\u00e7\u00f5es das Vener\u00e1veis Religiosas, que nele deixaram prov\u00e1vel opini\u00e3o de seu eterno descanso<\/em><em>,<\/em> 1755.<\/p>\n<p style=\"font-weight: 400;\">BEL\u00c9M, Frei Jer\u00f3nimo <em>Cro\u0301nica Sera\u0301fica da Santa Provi\u0301ncia dos Algarves<\/em>, parte III, Lisboa, no Mosteiro de Sa\u0303o Vicente de Fora, 1755.<\/p>\n<p style=\"font-weight: 400;\">CUNHA, Mafalda Maria Ferin. <em>A \u201cFiel e Verdadeyra relac\u0327ao\u0303 que da\u0301 dos sucessos de sua vida a creatura mais ingrata a seu Creador&#8230;\u201d \u00a0Um ge\u0301nero, um texto u\u0301nico,<\/em> Dissertac\u0327a\u0303o de Mestrado em Cultura e Literatura Portuguesas &#8211; E\u0301poca Moderna apresentada a\u0300 Faculdade de Cie\u0302ncias Sociais e Humanas da Universidade Nova Lisboa, Lisboa, 1992.<\/p>\n<p style=\"font-weight: 400;\">L\u00c1ZARO, Alice,\u00a0<em>A Escada de Jacob. Cartas \u00cdntimas de Soror <span lang=\"PT\">Clara do Sant\u00edssimo Sacramento,<\/span><\/em><span lang=\"PT\"> Lisboa, Ciado Editora, 2014.<\/span><\/p>\n<p style=\"font-weight: 400;\">MILHEIRO, Dalila Maria Teixeira, <em>Dimenso\u0303es do feminino na Fiel e Verdadeyra Rela\u00e7<\/em><em>ao\u0303 que da\u0301 dos sucessos de sua vida a creatura mais ingrata a seu Creador por obediencia de seus Padres espirituais e novamente tornada a escrever por hum sucesso na era de 1685 annos de Clara do Santi\u0301ssimo Sacramento<\/em>, Dissertac\u0327a\u0303o de Mestrado em Estudos sobre as Mulheres apresentada a\u0300 Universidade Aberta, Lisboa, 2014.<\/p>\n<p style=\"font-weight: 400;\">PALMA-FERREIRA, Jo\u00e3o. &#8220;Pref\u00e1cio&#8221; in.:<span style=\"font-size: inherit;\">\u00a0\u00a0<\/span><span style=\"font-size: inherit;\">BRANCO, Anto\u0301nia Margarida de<\/span><span lang=\"PT\" style=\"font-size: inherit;\"> Castelo,<\/span> <i style=\"font-size: inherit;\">Autobiografia (1652-1717),<\/i><span style=\"font-size: inherit;\">\u00a0transcric\u0327a\u0303o de Joa\u0303o Palma-Ferreira<\/span><span lang=\"PT\" style=\"font-size: inherit;\">,<\/span><span style=\"font-size: inherit;\"> Lisboa<\/span><span lang=\"PT\" style=\"font-size: inherit;\">,<\/span><span style=\"font-size: inherit;\">Imprensa Nacional-Casa da Moeda, 198<\/span><span lang=\"PT\" style=\"font-size: inherit;\">3.<\/span><\/p>\n<p style=\"font-weight: 400;\">ROCHA, Clara. \u201cDuas aristocratas no convento: as autobiografias de Anto\u0301nia Margarida de Castelo Branco e da Marquesa de Alorna\u201d. In: <em>Uma coisa na ordem das coisas. Estudos para Ofe\u0301lia Paiva Monteiro<\/em>, Coimbra, Imprensa da Universidade de Coimbra, 2012, pp. 121-130.<\/p>\n<p style=\"font-weight: 400;\">VIEIRA, Ce\u0301lia Sousa, <em>Biografia e vida devota no se\u0301culo XVIII : a vida maravilhoza de Soror Clara Gertrudes do Sacramento de Frei Afonso dos Prazeres<\/em>, Dissertac\u0327a\u0303o de Mestrado em Histo\u0301ria da Cultura Portuguesa-E\u0301poca Moderna apresentada a\u0300 Faculdade de Letras da Universidade do Porto, Porto, 1996.<\/p>\n<p style=\"font-weight: 400;\">XAVIER J\u00daNIOR, Fl\u00e1vio Scotellaro, Margarida sobre Margarida: escrita e reescrita da vida de Soror Clara do Sant\u00edssimo Sacramento, Disserta\u00e7\u00e3o de Mestrado, Porto, FLUP, 2018<\/p>\n<p>&nbsp;<\/p>\n<p>&nbsp;<\/p>","protected":false},"excerpt":{"rendered":"<p>NOME Ant\u00f3nia Margarida de Castelo Branco OUTRO(S) NOME(S) Ant\u00f3nia Margarida de Albuquerque, Clara do Sant\u00edssimo Sacramento, Soror Elementos biogr\u00e1ficos PAI Ant\u00f3nio de Albuquerque M\u00c3E Joana Luiza de Castelo Branco LOCAL DE NASCIMENTO Vila do Lavradio, Lisboa DATA DE NASCIMENTO 4 de Agosto de 1652 PA\u00cdS ONDE NASCEU Portugal LOCAL DA MORTE Lisboa DATA DA MORTE &#8230; <a title=\"Ant\u00f3nia Margarida de Castelo Branco\" class=\"read-more\" href=\"https:\/\/escritoras-em-portugues.com\/en\/xvii\/antonia-margarida-de-castelo-branco\/\" aria-label=\"Read more about Ant\u00f3nia Margarida de Castelo Branco\">Read more<\/a><\/p>","protected":false},"author":3,"featured_media":0,"parent":47,"menu_order":0,"comment_status":"closed","ping_status":"closed","template":"","meta":{"cybocfi_hide_featured_image":"","footnotes":""},"class_list":["post-891","page","type-page","status-publish"],"_links":{"self":[{"href":"https:\/\/escritoras-em-portugues.com\/en\/wp-json\/wp\/v2\/pages\/891","targetHints":{"allow":["GET"]}}],"collection":[{"href":"https:\/\/escritoras-em-portugues.com\/en\/wp-json\/wp\/v2\/pages"}],"about":[{"href":"https:\/\/escritoras-em-portugues.com\/en\/wp-json\/wp\/v2\/types\/page"}],"author":[{"embeddable":true,"href":"https:\/\/escritoras-em-portugues.com\/en\/wp-json\/wp\/v2\/users\/3"}],"replies":[{"embeddable":true,"href":"https:\/\/escritoras-em-portugues.com\/en\/wp-json\/wp\/v2\/comments?post=891"}],"version-history":[{"count":3,"href":"https:\/\/escritoras-em-portugues.com\/en\/wp-json\/wp\/v2\/pages\/891\/revisions"}],"predecessor-version":[{"id":1772,"href":"https:\/\/escritoras-em-portugues.com\/en\/wp-json\/wp\/v2\/pages\/891\/revisions\/1772"}],"up":[{"embeddable":true,"href":"https:\/\/escritoras-em-portugues.com\/en\/wp-json\/wp\/v2\/pages\/47"}],"wp:attachment":[{"href":"https:\/\/escritoras-em-portugues.com\/en\/wp-json\/wp\/v2\/media?parent=891"}],"curies":[{"name":"wp","href":"https:\/\/api.w.org\/{rel}","templated":true}]}}