{"id":856,"date":"2023-10-31T16:36:53","date_gmt":"2023-10-31T16:36:53","guid":{"rendered":"https:\/\/escritoras-em-portugues.com\/?page_id=856"},"modified":"2024-06-04T21:43:03","modified_gmt":"2024-06-04T21:43:03","slug":"catarina-de-calvos-e-meneses","status":"publish","type":"page","link":"https:\/\/escritoras-em-portugues.com\/en\/xvii\/catarina-de-calvos-e-meneses\/","title":{"rendered":"Catarina de Calvos e Meneses"},"content":{"rendered":"<p><strong>NAME <\/strong><span lang=\"PT\">C<\/span><span lang=\"PT\">atarina de Calvos e Meneses<\/span><\/p>\n<h4><strong>Biographical Elements<\/strong><\/h4>\n<p style=\"font-weight: 400;\"><strong>FATHER<\/strong> Luiz Cardoso, Morgado do Solar de Cardoso<\/p>\n<p style=\"font-weight: 400;\"><strong>MOTHER<\/strong> \u00a0Luiza Magdalena Sarmento do Amaral, Senhora do Morgado do Pa\u00e7o<\/p>\n<p style=\"font-weight: 400;\"><strong>MARITAL STATUS<\/strong> \u00a0Married<\/p>\n<p style=\"font-weight: 400;\"><strong>SPOUSE<\/strong>\u00a0 Ant\u00f3nio de Magalh\u00e3es de Meneses, Fidalgo da Casa Real Comendador de Abrantes da Ordem de Cristo, Mestre de Campo dos Auxiliares do Minho, Senhor do Morgado de Justo<\/p>\n<h4><strong>WORKS<\/strong><\/h4>\n<p><strong>OBRAS MANUSCRITAS(DESAPARECIDA<\/strong><strong>)<\/strong><\/p>\n<blockquote>\n<p style=\"font-weight: 400;\"><em>Fam\u00edlia dos Marinhos de Galiza\u00a0<\/em><\/p>\n<\/blockquote>\n<h4><strong>Bibliography<\/strong><\/h4>\n<p style=\"font-weight: 400;\">MACHADO, Diogo Barbosa, <em>Bibliotheca Luzitana: hist\u00f3rica, cr\u00edtica e cronol\u00f3gica, <\/em>Lisboa Occidental, na Officina de Antonio Isidoro da Fonseca, 1741-1759, volume IV, p. 88<\/p>\n<p style=\"font-weight: 400;\">SOUSA, Manuel Caetano de, <em>Hist\u00f3ria Geneal\u00f3gica da Casa Real Portuguesa, <\/em>Coimbra, Livraria Atl\u00e2ntida, 1951, volume 8, p. 20, n\u00ba 39<\/p>\n<p style=\"font-weight: 400;\"><em>\u00a0<\/em><\/p>","protected":false},"excerpt":{"rendered":"<p>NOME Catarina de Calvos e Meneses Elementos biogr\u00e1ficos PAI Luiz Cardoso, Morgado do Solar de Cardoso M\u00c3E \u00a0Luiza Magdalena Sarmento do Amaral, Senhora do Morgado do Pa\u00e7o ESTADO \u00a0Casada C\u00d4NJUGE\u00a0 Ant\u00f3nio de Magalh\u00e3es de Meneses, Fidalgo da Casa Real Comendador de Abrantes da Ordem de Cristo, Mestre de Campo dos Auxiliares do Minho, Senhor do &#8230; <a title=\"Catarina de Calvos e Meneses\" class=\"read-more\" href=\"https:\/\/escritoras-em-portugues.com\/en\/xvii\/catarina-de-calvos-e-meneses\/\" aria-label=\"Read more about Catarina de Calvos e Meneses\">Read more<\/a><\/p>","protected":false},"author":3,"featured_media":0,"parent":47,"menu_order":0,"comment_status":"closed","ping_status":"closed","template":"","meta":{"cybocfi_hide_featured_image":"","footnotes":""},"class_list":["post-856","page","type-page","status-publish"],"_links":{"self":[{"href":"https:\/\/escritoras-em-portugues.com\/en\/wp-json\/wp\/v2\/pages\/856","targetHints":{"allow":["GET"]}}],"collection":[{"href":"https:\/\/escritoras-em-portugues.com\/en\/wp-json\/wp\/v2\/pages"}],"about":[{"href":"https:\/\/escritoras-em-portugues.com\/en\/wp-json\/wp\/v2\/types\/page"}],"author":[{"embeddable":true,"href":"https:\/\/escritoras-em-portugues.com\/en\/wp-json\/wp\/v2\/users\/3"}],"replies":[{"embeddable":true,"href":"https:\/\/escritoras-em-portugues.com\/en\/wp-json\/wp\/v2\/comments?post=856"}],"version-history":[{"count":3,"href":"https:\/\/escritoras-em-portugues.com\/en\/wp-json\/wp\/v2\/pages\/856\/revisions"}],"predecessor-version":[{"id":1775,"href":"https:\/\/escritoras-em-portugues.com\/en\/wp-json\/wp\/v2\/pages\/856\/revisions\/1775"}],"up":[{"embeddable":true,"href":"https:\/\/escritoras-em-portugues.com\/en\/wp-json\/wp\/v2\/pages\/47"}],"wp:attachment":[{"href":"https:\/\/escritoras-em-portugues.com\/en\/wp-json\/wp\/v2\/media?parent=856"}],"curies":[{"name":"wp","href":"https:\/\/api.w.org\/{rel}","templated":true}]}}