{"id":811,"date":"2023-10-31T12:04:27","date_gmt":"2023-10-31T12:04:27","guid":{"rendered":"https:\/\/escritoras-em-portugues.com\/?page_id=811"},"modified":"2024-06-04T02:58:22","modified_gmt":"2024-06-04T02:58:22","slug":"luisa-dos-anjos-soror-2","status":"publish","type":"page","link":"https:\/\/escritoras-em-portugues.com\/en\/xvi\/luisa-dos-anjos-soror-2\/","title":{"rendered":"Lu\u00edsa dos Anjos, Soror"},"content":{"rendered":"<p><strong>NAME \u00a0<\/strong><span lang=\"PT\">Lu\u00edsa dos Anjos, Soror<\/span><\/p>\n<h4><strong>Biographical Elements<\/strong><\/h4>\n<p style=\"font-weight: 400;\"><strong>BIRTHPLACE <\/strong>\u00a0Portugal<\/p>\n<p style=\"font-weight: 400;\"><strong>MARITAL STATUS <\/strong>Freira<\/p>\n<p style=\"font-weight: 400;\"><strong>PLACE OF RELIGIOUS PROFESSION<\/strong> Mosteiro de Santa Clara, Alenquer<\/p>\n<p style=\"font-weight: 400;\"><strong>CONVENT <\/strong>Mosteiro de Santa Clara, Alenquer<\/p>\n<p style=\"font-weight: 400;\"><strong>RELIGIOUS ORDER<\/strong> Clarissas<\/p>\n<h4><strong>WORKS<\/strong><\/h4>\n<p style=\"font-weight: 400;\"><strong>HANDWRITTEN WORKS (MISSING)<\/strong><\/p>\n<blockquote>\n<p style=\"font-weight: 400;\"><em>R<\/em><em>ela\u00e7\u00e3o das vidas das Religiosas Vener\u00e1veis por virtudes, e observ\u00e2ncia do Mosteiro da Concei\u00e7\u00e3o da Ordem de Santa Clara da Vila de Alenquer<\/em> (1550)<\/p>\n<\/blockquote>\n<h4><strong>Bibliography<\/strong><\/h4>\n<p style=\"font-weight: 400;\"><a href=\"http:\/\/purl.pt\/12169\/3\/\">CARDOSO, Jorge, <em>Agiologio Lusitano dos Santos e var\u00f5es illustres em virtude do Reino de Portugal e suas conquistas<\/em>, Lisboa, Officina Craesbeeckiana, 1652<\/a> (Ed. Fac-similada: Maria de Lurdes Correia Fernandes, Porto, Faculdade de Letras do Porto, 2002]\u00a0\u00a0 volume II, p. 295<\/p>\n<p style=\"font-weight: 400;\">MACHADO, Diogo Barbosa, <em>Bibliotheca Luzitana: hist\u00f3rica, cr\u00edtica e cronol\u00f3gica, <\/em>Lisboa Occidental, na Officina de Antonio Isidoro da Fonseca, 1741-1759, Tomo III, p. 158.<\/p>","protected":false},"excerpt":{"rendered":"<p>NOME \u00a0Lu\u00edsa dos Anjos, Soror Elementos biogr\u00e1ficos LOCAL DE NASCIMENTO \u00a0Portugal ESTADO Freira LOCAL DA PROFISS\u00c3O RELIGIOSA Mosteiro de Santa Clara, Alenquer CONVENTO Mosteiro de Santa Clara, Alenquer ORDEM RELIGIOSA A QUE PERTENCEU Clarissas Obra OBRAS MANUSCRITAS (DESAPARECIDAS) Rela\u00e7\u00e3o das vidas das Religiosas Vener\u00e1veis por virtudes, e observ\u00e2ncia do Mosteiro da Concei\u00e7\u00e3o da Ordem de &#8230; <a title=\"Lu\u00edsa dos Anjos, Soror\" class=\"read-more\" href=\"https:\/\/escritoras-em-portugues.com\/en\/xvi\/luisa-dos-anjos-soror-2\/\" aria-label=\"Read more about Lu\u00edsa dos Anjos, Soror\">Read more<\/a><\/p>","protected":false},"author":3,"featured_media":0,"parent":45,"menu_order":0,"comment_status":"closed","ping_status":"closed","template":"","meta":{"cybocfi_hide_featured_image":"","footnotes":""},"class_list":["post-811","page","type-page","status-publish"],"_links":{"self":[{"href":"https:\/\/escritoras-em-portugues.com\/en\/wp-json\/wp\/v2\/pages\/811","targetHints":{"allow":["GET"]}}],"collection":[{"href":"https:\/\/escritoras-em-portugues.com\/en\/wp-json\/wp\/v2\/pages"}],"about":[{"href":"https:\/\/escritoras-em-portugues.com\/en\/wp-json\/wp\/v2\/types\/page"}],"author":[{"embeddable":true,"href":"https:\/\/escritoras-em-portugues.com\/en\/wp-json\/wp\/v2\/users\/3"}],"replies":[{"embeddable":true,"href":"https:\/\/escritoras-em-portugues.com\/en\/wp-json\/wp\/v2\/comments?post=811"}],"version-history":[{"count":3,"href":"https:\/\/escritoras-em-portugues.com\/en\/wp-json\/wp\/v2\/pages\/811\/revisions"}],"predecessor-version":[{"id":1684,"href":"https:\/\/escritoras-em-portugues.com\/en\/wp-json\/wp\/v2\/pages\/811\/revisions\/1684"}],"up":[{"embeddable":true,"href":"https:\/\/escritoras-em-portugues.com\/en\/wp-json\/wp\/v2\/pages\/45"}],"wp:attachment":[{"href":"https:\/\/escritoras-em-portugues.com\/en\/wp-json\/wp\/v2\/media?parent=811"}],"curies":[{"name":"wp","href":"https:\/\/api.w.org\/{rel}","templated":true}]}}