{"id":807,"date":"2023-10-31T10:27:36","date_gmt":"2023-10-31T10:27:36","guid":{"rendered":"https:\/\/escritoras-em-portugues.com\/?page_id=807"},"modified":"2024-06-04T02:48:46","modified_gmt":"2024-06-04T02:48:46","slug":"bernarda-ferreira-de-lacerda","status":"publish","type":"page","link":"https:\/\/escritoras-em-portugues.com\/en\/xvi\/bernarda-ferreira-de-lacerda\/","title":{"rendered":"Bernarda Ferreira de Lacerda"},"content":{"rendered":"<p><strong>NOME<\/strong> Bernarda Ferreira de Lacerda<\/p>\n<h4><strong>Elementos biogr\u00e1ficos<\/strong><\/h4>\n<p style=\"font-weight: 400;\"><strong>PAI<\/strong>\u00a0In\u00e1cio Ferreira Leit\u00e3o (Desembargador do Pa\u00e7o, Chanceler-mor<\/p>\n<p><strong>MOTHER | M\u00c3E<\/strong>\u00a0Paula de S\u00e1 e Meneses<\/p>\n<p><strong>LOCAL DE NASCIMENTO<\/strong>\u00a0 Porto<\/p>\n<p><strong>DATA DE NASCIMENTO<\/strong>\u00a0 1595<\/p>\n<p><strong>LOCAL DA MORTE<\/strong>\u00a0Lisboa (sepultada no Convento dos Carmelitas Desca\u00e7os de Lisboa)<\/p>\n<p><strong>PA\u00cdS ONDE NASCEU<\/strong> Monarquia Dual<\/p>\n<p><strong>DATA DA MORTE<\/strong> 1 de Outubro 1644<\/p>\n<p><strong>ESTADO\u00a0<\/strong>Casada<\/p>\n<p><strong>C\u00d4NJUGE<\/strong> Fern\u00e3o Correia de Sousa<\/p>\n<p style=\"font-weight: 400;\"><strong>N\u00ba DE FILHOS<\/strong>\u00a01<\/p>\n<p style=\"font-weight: 400;\"><strong>FILHOS <\/strong>Maria Clara de Meneses<\/p>\n<p><strong>IDIOMAS <\/strong>Portugu\u00eas, Castelhano, Latim, Italiano<\/p>\n<p><strong style=\"font-family: inherit; font-size: 24px; font-style: inherit;\">Obra<\/strong><\/p>\n<p style=\"font-weight: 400;\"><strong>OBRAS (DESAPARECIDAS)<\/strong><\/p>\n<blockquote>\n<p style=\"font-weight: 400;\"><em>El Cac<\/em><em>\u0327<\/em><em>ador del ciel<\/em><em>o<\/em> (Com\u00e9dia)<\/p>\n<p style=\"font-weight: 400;\"><em>Santo <\/em><em>E<\/em><em>ustachio y la buena e mala fortuna<\/em> (com\u00e9dia)<\/p>\n<p style=\"font-weight: 400;\"><em>Tragica conversa\u0303o dos Christa\u0303os de S. Thome\u0301, ou Preste Joa\u0303o<\/em>, com 80 capi\u0301tulos.<\/p>\n<\/blockquote>\n<p><strong>OBRAS IMPRESSAS<\/strong><\/p>\n<div>\n<blockquote><p><a href=\"https:\/\/purl.pt\/29003\/4\/\"><i>Hespan\u0303a Libertada <\/i>(primeira parte) Lisboa<span lang=\"PT\">,<\/span> Pedro Casbreeck, 1618.<\/a><\/p><\/blockquote>\n<\/div>\n<blockquote>\n<div>\n<p><i>Soledades de Buc\u0327aco<\/i><span lang=\"PT\">, <\/span>Lisboa<span lang=\"PT\">,<\/span> Matias Rodrigues, 1634.<\/p>\n<\/div>\n<div>\n<p><i>Hespan\u0303a Libertada <\/i>(poema po\u0301stumo, parte segunda, por sua filha Dona Maria Clara de Menezes). Lisboa<span lang=\"PT\">,<\/span> Juan de la Costa, 1673.<\/p>\n<\/div>\n<\/blockquote>\n<div>\n<blockquote><p><span lang=\"PT\">Poema introdut\u00f3rio <\/span><i>Malaca conquistada por o grande Afo. [i.e\u0301 Afonso] de Albuquerque: poema heroico de Franco<\/i>. [i.e\u0301 Francisco] de Saa\u0301 de Meneses com os argumentos de Dona Bernarda<\/p><\/blockquote>\n<\/div>\n<h4><strong>Bibliografia:<\/strong><\/h4>\n<p style=\"font-weight: 400;\"><em>Archivo Historico Portuguez<\/em>, Volume VIII (1910), p. 248<\/p>\n<p style=\"font-weight: 400;\">BARANDA, Nieves, \u201cMujer, escritura y fama: la <em>Hespan\u0303a Libertada <\/em>(1618) de Don\u0303a Bernarda Ferreira de Lacerda\u201d, <em>Peni\u0301nsula. Revista de Estudos Ibe\u0301ricos<\/em>, n. 0, Porto, 2003, pp.225-239.<\/p>\n<p style=\"font-weight: 400;\"><a href=\"http:\/\/ler.letras.up.pt\/uploads\/ficheiros\/2965.pdf\">BARANDA, Nieves, \u201cEscritoras\u00a0 sin\u00a0 fronteras\u00a0 entre\u00a0 Portugal\u00a0 y Espa\u00f1a en el Siglo de Oro (com unas notas sobre dos poemas femininos del siglo XVI)\u201d Pen\u00ednsula, Revista de Estudos Ib\u00e9ricos n\u00ba2, p. 219-236, 2005.\u00a0<\/a><\/p>\n<p style=\"font-weight: 400;\">BARROS, Thereza Leit\u00e3o de, <em>\u00a0Escritoras de Portugal \u2013 G\u00e9nio feminino revelado na Literatura Portuguesa<\/em>, Vol. I. Lisboa: T. L. Barros, 1924, p. 169-183.<\/p>\n<p style=\"font-weight: 400;\">BARROS, Thereza Leita\u0303o de, \u201cPerfis de Vitral\u201d <em>Escritoras de Portugal. Ge\u0301nio Feminino revelado na Literatura Portuguesa<\/em>. Vol. I. Lisboa: Tip. de Anto\u0301nio B. Antunes, 1924, pp. 169-183.<\/p>\n<p style=\"font-weight: 400;\">BRANCO, Camilo Castelo. <em>Curso de Literatura Portuguesa<\/em>. Prefa\u0301cio de Viale Moutinho. 2. ed. Lisboa, Labirinto, 1986.<\/p>\n<p style=\"font-weight: 400;\">BRUNO, Sampaio, <em>Portuenses Ilustres<\/em>, Tomo I. Porto: Livraria Magalh\u00e3es e Moniz Editora, 1907, pp. 277-283.<\/p>\n<p style=\"font-weight: 400;\">CASTILHO Alexandre Magno de &amp; Ant\u00f3nio Xavier Rodrigues Cordeiro,\u00a0&#8220;Hero\u00edna portugueza&#8221;, <em>Almanach de Lembran\u00e7as Luso-Brasileiro para o ano de 1862<\/em>, Imprensa de Lucas Evangelista, 1861, p. 308<\/p>\n<p style=\"font-weight: 400;\">CASTRO,\u00a0Jo\u00e3o Bautista de <em>Mappa de Portugal<\/em><em>,<\/em>\u00a0 1763, p. 306.<\/p>\n<p style=\"font-weight: 400;\"><a href=\"https:\/\/www.revistas.usp.br\/viaatlantica\/article\/view\/180573\/175908\">GANH\u00c3O, Monica, \u201cA \u201cfem\u00ednea voz\u201d: ethos e moral em <em>Hespa\u00f1a Libertada<\/em> de Bernarda Ferreira de Lacerda\u201d Via Atl\u00e2ntica, 1, (39), pp. 214-23<\/a>2<\/p>\n<p><a href=\"https:\/\/revistas.uned.es\/index.php\/REI\/article\/view\/38001\/28716\">GLO\u00cbL, Matthias &#8220;Nuevas Aportaciones sobre la dimensi\u00f3n femenina y las lealtades pol\u00edticas en <em>La Hespa\u00f1a Libertada<\/em> de Bernarda Ferreira de Lacerda&#8221; Revista de Escritoras Ib\u00e9ricas, vol. 11, 2023, pp. 204-232.<\/a><\/p>\n<p style=\"font-weight: 400;\">HERAS,\u00a0 Natalia\u00a0 Gonz\u00e1lez, \u00a0&#8220;Ferreira\u00a0 de\u00a0 Lacerda,Bernarda&#8221;<em>\u00a0 Hespa\u00f1a Libertada<\/em>, 2 vols., edici\u00f3n de Yolanda Beteta\u00a0 Madrid,\u00a0 Madrid,\u00a0 Almudayna. Investigaciones\u00a0 Feministas, 2011.<\/p>\n<p style=\"font-weight: 400;\">MARIA, Jose\u0301 de Jesus et alli. <em>Chronica de Carmelitas Descalc<\/em><em>\u0327<\/em><em>os, particular do reyno de Portugal, e provincia de Sam Felippe <\/em>\/ pello P. Fr. Belchior de S. Anna.<\/p>\n<p style=\"font-weight: 400;\">MORUJ\u00c3O, Isabel \u201cBernarda Ferreira de Lacerda\u201d <em>Biblos \u2013 Enciclope\u0301dia Verbo das literaturas em li\u0301ngua portuguesa<\/em>, Lisboa,VERBO, 1995, pp.1327-1328<\/p>\n<p style=\"font-weight: 400;\">SARAIVA, Ant\u00f3nio Jos\u00e9 e \u00d3scar LOPES, <em>Hist\u00f3ria da Literatura Portuguesa<\/em>, ed.: 2001, p. 367.<\/p>\n<p style=\"font-weight: 400;\">SILVA, Fabio Mario da \u201cO\u00a0 \u00e9pico\u00a0 escrito\u00a0 por\u00a0 mulheres\u00a0 na\u00a0 Pen\u00ednsula\u00a0 Ib\u00e9rica:\u00a0 Bernarda\u00a0 Ferreira\u00a0 de\u00a0 Lacerda\u00a0 (1595-1644) e Soror Maria de Mesquita Pimentel (1581-1661)\u201d, <em>Revista \u00c9picas<\/em>, Ano 1, n\u00ba1, Junho, p. 1-11, 2017.<\/p>\n<p style=\"font-weight: 400;\">SILVA, Innocencio Francisco da, <em>Diciona\u0301rio Bibliogra\u0301fico Portugue<\/em><em>\u0302<\/em><em>s<\/em>. Lisboa: Imprensa Nacional, 1973, pp. 23-24;<\/p>\n<p style=\"font-weight: 400;\">SILVA, Jos\u00e9 Maria da Costa e \u201cCap\u00edtulo IV: D. Bernarda Ferreira de Lacerda\u201d <em>Ensaio Biogr\u00e1phico-cr\u00edticos dos melhores Poetas Portuguezes, <\/em>Volume 5, Lisboa, Imprensa Silviana, 1853<\/p>\n<p style=\"font-weight: 400;\"><em>\u00a0<\/em><a href=\"https:\/\/dspace.uevora.pt\/rdpc\/bitstream\/10174\/8643\/1\/06_artigo_fabio_mario_da_silva_ana_luisa_vilela.pdf\">VILELA, Ana Lu\u00edsa e Fabio Mario SILVA \u201cDuas escritoras ib\u00e9ricas do s\u00e9culo XVII: Bernarda Ferreira de Lacerda e Mariana de Luna\u201d<\/a><\/p>\n<p style=\"font-weight: 400;\">\n","protected":false},"excerpt":{"rendered":"<p>NOME Bernarda Ferreira de Lacerda Elementos biogr\u00e1ficos PAI\u00a0In\u00e1cio Ferreira Leit\u00e3o (Desembargador do Pa\u00e7o, Chanceler-mor MOTHER | M\u00c3E\u00a0Paula de S\u00e1 e Meneses LOCAL DE NASCIMENTO\u00a0 Porto DATA DE NASCIMENTO\u00a0 1595 LOCAL DA MORTE\u00a0Lisboa (sepultada no Convento dos Carmelitas Desca\u00e7os de Lisboa) PA\u00cdS ONDE NASCEU Monarquia Dual DATA DA MORTE 1 de Outubro 1644 ESTADO\u00a0Casada C\u00d4NJUGE Fern\u00e3o &#8230; <a title=\"Bernarda Ferreira de Lacerda\" class=\"read-more\" href=\"https:\/\/escritoras-em-portugues.com\/en\/xvi\/bernarda-ferreira-de-lacerda\/\" aria-label=\"Read more about Bernarda Ferreira de Lacerda\">Read more<\/a><\/p>","protected":false},"author":3,"featured_media":0,"parent":45,"menu_order":0,"comment_status":"closed","ping_status":"closed","template":"","meta":{"cybocfi_hide_featured_image":"","footnotes":""},"class_list":["post-807","page","type-page","status-publish"],"_links":{"self":[{"href":"https:\/\/escritoras-em-portugues.com\/en\/wp-json\/wp\/v2\/pages\/807","targetHints":{"allow":["GET"]}}],"collection":[{"href":"https:\/\/escritoras-em-portugues.com\/en\/wp-json\/wp\/v2\/pages"}],"about":[{"href":"https:\/\/escritoras-em-portugues.com\/en\/wp-json\/wp\/v2\/types\/page"}],"author":[{"embeddable":true,"href":"https:\/\/escritoras-em-portugues.com\/en\/wp-json\/wp\/v2\/users\/3"}],"replies":[{"embeddable":true,"href":"https:\/\/escritoras-em-portugues.com\/en\/wp-json\/wp\/v2\/comments?post=807"}],"version-history":[{"count":8,"href":"https:\/\/escritoras-em-portugues.com\/en\/wp-json\/wp\/v2\/pages\/807\/revisions"}],"predecessor-version":[{"id":1664,"href":"https:\/\/escritoras-em-portugues.com\/en\/wp-json\/wp\/v2\/pages\/807\/revisions\/1664"}],"up":[{"embeddable":true,"href":"https:\/\/escritoras-em-portugues.com\/en\/wp-json\/wp\/v2\/pages\/45"}],"wp:attachment":[{"href":"https:\/\/escritoras-em-portugues.com\/en\/wp-json\/wp\/v2\/media?parent=807"}],"curies":[{"name":"wp","href":"https:\/\/api.w.org\/{rel}","templated":true}]}}