{"id":776,"date":"2023-10-29T11:50:32","date_gmt":"2023-10-29T11:50:32","guid":{"rendered":"https:\/\/escritoras-em-portugues.com\/?page_id=776"},"modified":"2024-06-04T02:52:42","modified_gmt":"2024-06-04T02:52:42","slug":"filipa-de-santiago-soror","status":"publish","type":"page","link":"https:\/\/escritoras-em-portugues.com\/en\/xvi\/filipa-de-santiago-soror\/","title":{"rendered":"Filipa de Santiago, Soror"},"content":{"rendered":"<p><strong>NOME <\/strong><span lang=\"PT\">Filipa de Santiago, Soror<\/span><\/p>\n<div><span lang=\"PT\"><span lang=\"PT\"><strong>OUTROS NOMES <\/strong>Filipa de S\u00e3o Tiago<strong><br \/>\n<\/strong><\/span><\/span><span lang=\"PT\">\u00a0\u00a0<\/span><\/div>\n<h4><strong>Elementos biogr\u00e1ficos<\/strong><\/h4>\n<p style=\"font-weight: 400;\"><strong>LOCAL DE NASCIMENTO<\/strong> Alcongosta [\u00abtermo da Covilhan\u00bb]<\/p>\n<p style=\"font-weight: 400;\"><strong>PROFISS\u00c3O \/ CARGO \/ FUN\u00c7\u00c3O<\/strong> Abadessa<\/p>\n<p style=\"font-weight: 400;\"><strong>ESTADO<\/strong> Freira<\/p>\n<p style=\"font-weight: 400;\"><strong>DATA DA PROFISS\u00c3O RELIGIOSA<\/strong> 22 de Junho 1574<\/p>\n<p style=\"font-weight: 400;\"><strong>LOCAL DA PROFISS\u00c3O RELIGIOSA<\/strong> S. Vicente da Beira<\/p>\n<p style=\"font-weight: 400;\"><strong>CONVENTO <\/strong>\u00a0Ser\u00e1fico Convento de S. Francisco da Vila de S. Vicente da Beira<\/p>\n<p style=\"font-weight: 400;\"><strong>ORDEM RELIGIOSA A QUE PERTENCEU<\/strong> Clarissas<\/p>\n<h4><strong>Obra<\/strong><\/h4>\n<p style=\"font-weight: 400;\"><strong>OBRAS DESAPARECIDAS<\/strong><\/p>\n<blockquote>\n<p style=\"font-weight: 400;\"><em>\u00a0<\/em><em>Funda\u00e7a\u00f5 do Convento de S. Vicente da Beira, authenticada com testemunhas no anno de 1618 <\/em><\/p>\n<\/blockquote>\n<h4><strong>Bibliografia:<\/strong><\/h4>\n<p style=\"font-weight: 400;\">BARROS, Theresa Leit\u00e3o de, <em>Escritoras de Portugal. G\u00e9nio feminino revelado na Literatura Portuguesa, <\/em>\u00a0Lisboa, 2 vols., Typographia de Antonio B. Antunes, 1924, volume I, p. 193<\/p>\n<p style=\"font-weight: 400;\">FARINHA, Bento Jos\u00e9 de Sousa, <em>Summario de Bibliotheca Lusitana<\/em>, Volume II, Lisboa, na Officina de Antonio Gomes, 1786, p. 31.<\/p>\n<p style=\"font-weight: 400;\">MACHADO, Diogo Barbosa, <em>Bibliotheca Luzitana: hist\u00f3rica, cr\u00edtica e cronol\u00f3gica, <\/em>Lisboa Occidental, na Officina de Antonio Isidoro da Fonseca, 1741-1759,Volume II, p. 67 e Volume IV, p. 121.<\/p>\n<p style=\"font-weight: 400;\">PERYM, Dami\u00e3o de Froes, <em>Theatro Heroino, abecedario historico, e catalogo das mulheres ilustres em armas, letras ac\u00e7oens heroicas e artes liberais\u2026, <\/em>Lisboa Occidental, na Officina de Musica de Theotonio Antunes Lima, 1736-1740. volume I, p. 387<\/p>\n<p style=\"font-weight: 400;\">SOLEDADE, Frei Fernando da, <em>Hist\u00f3ria Ser\u00e1fica da Provincia de Portugal<\/em>, &#8230;. Part 5, Livro 1, cap. 33, n\u00ba 232.<\/p>\n<p>Yyyyy, Yyyyyy<em>, <\/em>Yyyyy, Yyyyyyy, 9999, fl. 999<\/p>\n","protected":false},"excerpt":{"rendered":"<p>NOME Filipa de Santiago, Soror OUTROS NOMES Filipa de S\u00e3o Tiago \u00a0\u00a0 Elementos biogr\u00e1ficos LOCAL DE NASCIMENTO Alcongosta [\u00abtermo da Covilhan\u00bb] PROFISS\u00c3O \/ CARGO \/ FUN\u00c7\u00c3O Abadessa ESTADO Freira DATA DA PROFISS\u00c3O RELIGIOSA 22 de Junho 1574 LOCAL DA PROFISS\u00c3O RELIGIOSA S. Vicente da Beira CONVENTO \u00a0Ser\u00e1fico Convento de S. Francisco da Vila de S. &#8230; <a title=\"Filipa de Santiago, Soror\" class=\"read-more\" href=\"https:\/\/escritoras-em-portugues.com\/en\/xvi\/filipa-de-santiago-soror\/\" aria-label=\"Read more about Filipa de Santiago, Soror\">Read more<\/a><\/p>\n","protected":false},"author":3,"featured_media":0,"parent":45,"menu_order":0,"comment_status":"closed","ping_status":"closed","template":"","meta":{"cybocfi_hide_featured_image":"","footnotes":""},"class_list":["post-776","page","type-page","status-publish"],"_links":{"self":[{"href":"https:\/\/escritoras-em-portugues.com\/en\/wp-json\/wp\/v2\/pages\/776","targetHints":{"allow":["GET"]}}],"collection":[{"href":"https:\/\/escritoras-em-portugues.com\/en\/wp-json\/wp\/v2\/pages"}],"about":[{"href":"https:\/\/escritoras-em-portugues.com\/en\/wp-json\/wp\/v2\/types\/page"}],"author":[{"embeddable":true,"href":"https:\/\/escritoras-em-portugues.com\/en\/wp-json\/wp\/v2\/users\/3"}],"replies":[{"embeddable":true,"href":"https:\/\/escritoras-em-portugues.com\/en\/wp-json\/wp\/v2\/comments?post=776"}],"version-history":[{"count":3,"href":"https:\/\/escritoras-em-portugues.com\/en\/wp-json\/wp\/v2\/pages\/776\/revisions"}],"predecessor-version":[{"id":1674,"href":"https:\/\/escritoras-em-portugues.com\/en\/wp-json\/wp\/v2\/pages\/776\/revisions\/1674"}],"up":[{"embeddable":true,"href":"https:\/\/escritoras-em-portugues.com\/en\/wp-json\/wp\/v2\/pages\/45"}],"wp:attachment":[{"href":"https:\/\/escritoras-em-portugues.com\/en\/wp-json\/wp\/v2\/media?parent=776"}],"curies":[{"name":"wp","href":"https:\/\/api.w.org\/{rel}","templated":true}]}}