{"id":752,"date":"2023-10-28T20:11:34","date_gmt":"2023-10-28T20:11:34","guid":{"rendered":"https:\/\/escritoras-em-portugues.com\/?page_id=752"},"modified":"2024-06-04T21:39:26","modified_gmt":"2024-06-04T21:39:26","slug":"joana-da-gama-2","status":"publish","type":"page","link":"https:\/\/escritoras-em-portugues.com\/en\/xvi\/joana-da-gama-2\/","title":{"rendered":"Joana da Gama"},"content":{"rendered":"<p><strong>NOME<\/strong> Joana da Gama<\/p>\n<h4><strong>Elementos biogr\u00e1ficos<\/strong><\/h4>\n<p style=\"font-weight: 400;\"><strong>PAI<\/strong> Manoel do Casco<\/p>\n<p style=\"font-weight: 400;\"><strong>M\u00c3E <\/strong>Filipa da Gama<\/p>\n<p style=\"font-weight: 400;\"><strong>LOCAL DE NASCIMENTO<\/strong> Viana do Alentejo<\/p>\n<p style=\"font-weight: 400;\"><strong>DATA DE NASCIMENTO<\/strong> <em>c. <\/em>1520<\/p>\n<p style=\"font-weight: 400;\"><strong>LOCAL DA MORTE<\/strong> \u00c9vora<\/p>\n<p style=\"font-weight: 400;\"><strong>DATA DA MORTE<\/strong> 21 de Setembro de 1586<\/p>\n<p style=\"font-weight: 400;\"><strong>ESTADO I<\/strong> Casada<\/p>\n<p style=\"font-weight: 400;\"><strong>ESTADO II<\/strong> Vi\u00fava \/ Recolhida<\/p>\n<p style=\"font-weight: 400;\"><strong>PROFISS\u00c3O \/ FUN\u00c7\u00c3O \/ CARGO<\/strong> Fundadora do \u201cRecolhimento do Salvador do Mundo\u201d, \u00c9vora<\/p>\n<p style=\"font-weight: 400;\"><strong>LOCAL DO RECOLHIMENTO<\/strong> Recolhimento \u201cSalvador do Mundo\u201d in \u00c9vora<\/p>\n<p style=\"font-weight: 400;\"><strong>ORDEM RELIGIOSA A QUE PERTENCEU<\/strong> Ordem Terceira de S\u00e3o Francisco<\/p>\n<p><strong style=\"font-family: inherit; font-size: 24px; font-style: inherit;\">Obra<\/strong><\/p>\n<p><strong>OBRAS IMPRESSAS<\/strong><\/p>\n<blockquote><p><i><span lang=\"PT\">Dictos diversos postos por ordem de Alfabeto com mais algumas Trovas, Vilhancicos, Sonetos, Cantigas e Romances em que se contem senten\u00e7as, e avisos not\u00e1veis, <\/span><\/i><span lang=\"PT\">[<\/span><span lang=\"PT\">\u00c9vora, Andr\u00e9 de Burgos, 1555]<\/span><\/p>\n<p><a href=\"http:\/\/purl.pt\/23315\/3\/\"><em>Ditos diversos feytos por hua freyra da terceyra regra. Nos quaes se conte sente\u00e7as muy notaveys, &amp; avisos necessarios<\/em>, s. l. n. d.<\/a><\/p>\n<p>NORONHA, Tito de, <em>Ditos da Freyra. Conforme a edi\u00e7\u00e3o quinhentista revista por Tito de Noronha<\/em>, Porto-Braga, Livraria Internacional, 1872<\/p>\n<p>GAMA, Joana da, <em>Ditos da Freira, <\/em>Apresenta\u00e7\u00e3o, notas e fixa\u00e7\u00e3o do texto de Anne-Marie Quint, Lisboa, Centro de Estudos Cl\u00e1ssicos-Universidade de Lisboa, 2010<\/p><\/blockquote>\n<h4><strong>Bibliografia:<\/strong><\/h4>\n<p style=\"font-weight: 400;\">ANAST\u00c1CIO, Vanda, <em>Uma Antologia Improv\u00e1vel? A escrita das mulheres (1495-1830), <\/em>com a colabora\u00e7\u00e3o In\u00eas de Ornellas e Castro, Jos\u00e9 F\u00e9lix Duque, de Pedro Sena Lino, Isabel Moruj\u00e3o e Hugo Neto, Lisboa, Rel\u00f3gio de \u00c1gua, 2013, p. 345-349.<\/p>\n<p style=\"font-weight: 400;\">ANTONIO, Nicolas, <em>Bibliotheca Hispana Nova<\/em>, [ed. Francisco Perez Bayer], Madrid, J. de Ibarra, 1783-1788<em>, <\/em>Volume I, p. 626 Col. II<\/p>\n<p style=\"font-weight: 400;\">BARROS, Theresa Leit\u00e3o de, <em>Escritoras de Portugal. G\u00e9nio feminino revelado na Literatura Portuguesa, <\/em>\u00a0Lisboa, 2 vols., Typographia de Antonio B. Antunes, 1924<\/p>\n<p style=\"font-weight: 400;\">FARINHA, Bento Jos\u00e9 de Sousa, <em>Summario de Bibliotheca Lusitana<\/em>, volume II, Lisboa: na Officina de Antonio Gomes, 1786, p. 249.<\/p>\n<p style=\"font-weight: 400;\">GAMA, Joana da, <em>Ditos da Freira, <\/em>Apresenta\u00e7\u00e3o, notas e fixa\u00e7\u00e3o do texto de Anne-Marie Quint, Lisboa, Centro de Estudos Cl\u00e1ssicos-Universidade de Lisboa, 2010.<\/p>\n<p style=\"font-weight: 400;\">MACHADO, Diogo Barbosa, <em>Bibliotheca Luzitana: hist\u00f3rica, cr\u00edtica e cronol\u00f3gica, <\/em>Lisboa Occidental, na Officina de Antonio Isidoro da Fonseca, 1741-1759, volume 2, p. 555.<\/p>\n<p style=\"font-weight: 400;\"><a href=\"http:\/\/www.leitura.gulbenkian.pt\/boletim_cultural\/files\/HALP_27.pdf\">MAGALH\u00c3ES, Isabel Allegro de, <em>Hist\u00f3ria e Antologia da Literatura Portuguesa<\/em> <em>S\u00e9culo XVI<\/em> n\u00ba 27, Funda\u00e7\u00e3o Calouste Gulbenkian, 2003, pp. 41-46 e pp. 90-91.<\/a><\/p>\n<p style=\"font-weight: 400;\">NORONHA, Tito de, <em>Ditos da Freyra. Conforme a edi\u00e7\u00e3o quinhentista<\/em>, Porto-Braga, Livraria Internacional, 1872.<\/p>\n<p style=\"font-weight: 400;\">PEREIRA, Gabriel, <em>Estudos Diversos<\/em>, Coimbra, Imprensa da Universidade, 1934.<br \/>\n<strong><br \/>\n<\/strong>QUINT, Anne-Marie, \u00abJoana da Gama: une femme \u00e9crivain dans le Portugal du XVI si\u00e8cle\u00bb,<em> Mod\u00e8les et innovations, Cahiers du CREPAL n\u00b0 2<\/em>, Paris: Presses Sorbonne Nouvelle, 1995, p. 37-59.<\/p>\n<p style=\"font-weight: 400;\">QUINT, Anne-Marie, \u00abLes tentations po\u00e9tiques de Joana da Gama\u00bb, in: <em>Femmes en po\u00e9sie<\/em>, textes r\u00e9unis par Jean-Yves Casanova, Catherine Dumas, Roland Forgues, Pau, Publications de l&#8217;Universit\u00e9 de Pau, 2002, p. 97-112.<\/p>\n<p style=\"font-weight: 400;\">SAMARTIN, Roberto Lopez-Iglesias, <em>A dona do tempo antigo. Mulher e campo liter\u00e1rio no Renascimento portugu\u00eas (1495-1557), <\/em>Santiago de Compostela, Edicions Laiovento, 2003.<\/p>\n<p style=\"font-weight: 400;\">SAMPAIO, Albino Forjaz de, <em>As melhores P\u00e1ginas da Literatura Feminina (Poesia)<\/em>, Lisboa, Livraria Popular de Francisco Franco, 1935, pp. 14-17.<\/p>\n<p style=\"font-weight: 400;\">SAMPAIO, Albino Forjaz de, <em>As melhores P\u00e1ginas da Literatura Feminina (Prosa)<\/em>, Lisboa, Livraria Popular de Francisco Franco, 1936, p. 7-13.<\/p>\n<p style=\"font-weight: 400;\">SERRANO Y SANZ, Manuel,<em> Apuntes para una biblioteca de escritoras espa\u00f1olas desde el a\u00f1o 1401 al 1833<\/em>, Madrid, Establecimiento Tipografico \u201cSucesores de Rivadeneyra\u201d, 1903-1905, volume I, p. 457.<\/p>\n<p style=\"font-weight: 400;\">SILVA, Innoc\u00eancio Francisco da, <em>Diccion\u00e1rio Bibliographico Portuguez<\/em>, Lisboa, Imprensa Nacional, 1858, volume III, p. 280; volume IX,<\/p>\n<p style=\"font-weight: 400;\"><strong>\u00a0<\/strong>SILVA, Fabio Mario da \u201cJoana da Gama, uma estrategista das Letras Portuguesas do s\u00e9culo XVI\u201d <em>Odisseia, <\/em>Natal, RN, n. 11, Jul. Dez, 2013, pp. 1-10.<\/p>\n<p style=\"font-weight: 400;\"><strong>\u00a0<\/strong><strong>LINKS RELACIONADOS<\/strong><\/p>\n<p style=\"font-weight: 400;\"><a href=\"http:\/\/www.bdalentejo.net\/BDAObra\/obras\/81\/BlocosPDF\/bloco31-279_288.pdf\">http:\/\/www.bdalentejo.net\/BDAObra\/obras\/81\/BlocosPDF\/bloco31-279_288.pdf<\/a><\/p>\n<p style=\"font-weight: 400;\"><a href=\"http:\/\/palavrofilacuriosa.blogspot.pt\/2012\/08\/sabedoria-de-uma-mulher-independente-os.html\">http:\/\/palavrofilacuriosa.blogspot.pt\/2012\/08\/sabedoria-de-uma-mulher-independente-os.html<\/a><\/p>\n<p style=\"font-weight: 400;\"><a href=\"http:\/\/sexoforte.net\/mulher\/artigos.php?id=150&amp;w=joana-da-gama-a-sabedoria-de-uma-freira\">http:\/\/sexoforte.net\/mulher\/artigos.php?id=150&amp;w=joana-da-gama-a-sabedoria-de-uma-freira<\/a><\/p>\n<p style=\"font-weight: 400;\"><a href=\"http:\/\/www.geocities.ws\/hugo_xavier\/j_gama.html\">http:\/\/www.geocities.ws\/hugo_xavier\/j_gama.html<\/a><\/p>\n<p style=\"font-weight: 400;\"><a href=\"http:\/\/nescritas.com\/poetasapaixonados\/listapoesiasdeamor2\/1972\/01\/\">http:\/\/nescritas.com\/poetasapaixonados\/listapoesiasdeamor2\/1972\/01\/<\/a><\/p>\n<p style=\"font-weight: 400;\"><a href=\"http:\/\/litterascriptalitteratura.blogspot.pt\/2012\/10\/a-retorica-maneirista-de-d-joanna-da.html\">http:\/\/litterascriptalitteratura.blogspot.pt\/2012\/10\/a-retorica-maneirista-de-d-joanna-da.html<\/a><\/p>\n<p style=\"font-weight: 400;\">\n","protected":false},"excerpt":{"rendered":"<p>NOME Joana da Gama Elementos biogr\u00e1ficos PAI Manoel do Casco M\u00c3E Filipa da Gama LOCAL DE NASCIMENTO Viana do Alentejo DATA DE NASCIMENTO c. 1520 LOCAL DA MORTE \u00c9vora DATA DA MORTE 21 de Setembro de 1586 ESTADO I Casada ESTADO II Vi\u00fava \/ Recolhida PROFISS\u00c3O \/ FUN\u00c7\u00c3O \/ CARGO Fundadora do \u201cRecolhimento do Salvador &#8230; <a title=\"Joana da Gama\" class=\"read-more\" href=\"https:\/\/escritoras-em-portugues.com\/en\/xvi\/joana-da-gama-2\/\" aria-label=\"Read more about Joana da Gama\">Read more<\/a><\/p>","protected":false},"author":3,"featured_media":0,"parent":45,"menu_order":0,"comment_status":"closed","ping_status":"closed","template":"","meta":{"cybocfi_hide_featured_image":"","footnotes":""},"class_list":["post-752","page","type-page","status-publish"],"_links":{"self":[{"href":"https:\/\/escritoras-em-portugues.com\/en\/wp-json\/wp\/v2\/pages\/752","targetHints":{"allow":["GET"]}}],"collection":[{"href":"https:\/\/escritoras-em-portugues.com\/en\/wp-json\/wp\/v2\/pages"}],"about":[{"href":"https:\/\/escritoras-em-portugues.com\/en\/wp-json\/wp\/v2\/types\/page"}],"author":[{"embeddable":true,"href":"https:\/\/escritoras-em-portugues.com\/en\/wp-json\/wp\/v2\/users\/3"}],"replies":[{"embeddable":true,"href":"https:\/\/escritoras-em-portugues.com\/en\/wp-json\/wp\/v2\/comments?post=752"}],"version-history":[{"count":10,"href":"https:\/\/escritoras-em-portugues.com\/en\/wp-json\/wp\/v2\/pages\/752\/revisions"}],"predecessor-version":[{"id":1768,"href":"https:\/\/escritoras-em-portugues.com\/en\/wp-json\/wp\/v2\/pages\/752\/revisions\/1768"}],"up":[{"embeddable":true,"href":"https:\/\/escritoras-em-portugues.com\/en\/wp-json\/wp\/v2\/pages\/45"}],"wp:attachment":[{"href":"https:\/\/escritoras-em-portugues.com\/en\/wp-json\/wp\/v2\/media?parent=752"}],"curies":[{"name":"wp","href":"https:\/\/api.w.org\/{rel}","templated":true}]}}