{"id":678,"date":"2023-04-23T13:16:00","date_gmt":"2023-04-23T16:16:00","guid":{"rendered":"http:\/\/escritoras-em-portugues.provisorio.ws\/?page_id=389"},"modified":"2024-06-04T02:34:08","modified_gmt":"2024-06-04T02:34:08","slug":"briatiz-de-ataide-dona","status":"publish","type":"page","link":"https:\/\/escritoras-em-portugues.com\/en\/xv\/briatiz-de-ataide-dona\/","title":{"rendered":"Briatiz de Ata\u00edde, Dona"},"content":{"rendered":"<p><strong>NOME <\/strong>Briatiz de Ata\u00edde, Dona<br \/>\n<strong>OUTRAS FORMAS DO NOME <\/strong>Beatriz de Ata\u00edde, Dona<\/p>\n<p><strong>Elementos biogr\u00e1ficos<\/strong><\/p>\n<p><strong>DATA DE NASCIMENTO <\/strong>S\u00e9culo XV<br \/>\n<strong>DATA DA MORTE \u00a0<\/strong>S\u00e9culo XV<\/p>\n<p><strong>Obra<\/strong><\/p>\n<p><strong>OBRAS IMPRESSAS<\/strong><\/p>\n<blockquote><p>N\u00e3o pode bem responder<br \/>\nQuem destas vive t\u00e3o fora,<br \/>\nMas pois que meu parecer<br \/>\nQuereis tomar, e saber,<br \/>\nPardeu\u2019 loguo ness\u2019hora\u00a0\u00a0\u00a0\u00a0 \/ perd\u00ea-vos loguo ness\u2019ora<br \/>\nN\u00e3o \u00e9 nada recear<br \/>\nServir galante donzela<br \/>\nEm respeito de folguar<br \/>\nPerder por ela.<\/p>\n<p>in.: RESENDE, Garcia de, <em>Cancioneiro Geral de Garcia de Resende, <\/em>Lisboa, por Herm\u00e3 de Campos, 1516, fl. (CLXVII r e v) <a href=\"http:\/\/purl.pt\/12096\/5\/\">http:\/\/purl.pt\/12096\/5\/<\/a><\/p><\/blockquote>\n<p><strong>BIBLIOGRAFIA <\/strong><\/p>\n<p>FREIRE, Anselmo Braancamp, \u201cRaparigas do Cancioneiro\u201d <em>Cr\u00edtica e Hist\u00f3ria. Estudos<\/em>, [reed. Fac-similada] Lisboa, Funda\u00e7\u00e3o Calouste Gulbenkian, 1996.<\/p>\n<p>RESENDE, Garcia de, <em>Cancioneiro Geral de Garcia de Resende, <\/em>Lisboa, por Herm\u00e3 de Campos, 1516, fl. <a href=\"http:\/\/purl.pt\/12096\/5\/\">http:\/\/purl.pt\/12096\/5\/<\/a><\/p>\n<p>SAMARTIN, Roberto Lopez-Iglesias, <em>A dona do tempo antigo. Mulher e campo liter\u00e1rio no Renascimento portugu\u00eas (1495-1557), <\/em>Santiago de Compostela, Edicions Laiovento, 2003.<\/p>\n<p><strong>Observa\u00e7\u00f5es<\/strong><\/p>\n<p>Aida III, p. 291<\/p>\n","protected":false},"excerpt":{"rendered":"<p>NOME Briatiz de Ata\u00edde, Dona OUTRAS FORMAS DO NOME Beatriz de Ata\u00edde, Dona Elementos biogr\u00e1ficos DATA DE NASCIMENTO S\u00e9culo XV DATA DA MORTE \u00a0S\u00e9culo XV Obra OBRAS IMPRESSAS N\u00e3o pode bem responder Quem destas vive t\u00e3o fora, Mas pois que meu parecer Quereis tomar, e saber, Pardeu\u2019 loguo ness\u2019hora\u00a0\u00a0\u00a0\u00a0 \/ perd\u00ea-vos loguo ness\u2019ora N\u00e3o \u00e9 &#8230; <a title=\"Briatiz de Ata\u00edde, Dona\" class=\"read-more\" href=\"https:\/\/escritoras-em-portugues.com\/en\/xv\/briatiz-de-ataide-dona\/\" aria-label=\"Read more about Briatiz de Ata\u00edde, Dona\">Read more<\/a><\/p>","protected":false},"author":2,"featured_media":0,"parent":43,"menu_order":0,"comment_status":"closed","ping_status":"closed","template":"","meta":{"cybocfi_hide_featured_image":"","footnotes":""},"class_list":["post-678","page","type-page","status-publish"],"_links":{"self":[{"href":"https:\/\/escritoras-em-portugues.com\/en\/wp-json\/wp\/v2\/pages\/678","targetHints":{"allow":["GET"]}}],"collection":[{"href":"https:\/\/escritoras-em-portugues.com\/en\/wp-json\/wp\/v2\/pages"}],"about":[{"href":"https:\/\/escritoras-em-portugues.com\/en\/wp-json\/wp\/v2\/types\/page"}],"author":[{"embeddable":true,"href":"https:\/\/escritoras-em-portugues.com\/en\/wp-json\/wp\/v2\/users\/2"}],"replies":[{"embeddable":true,"href":"https:\/\/escritoras-em-portugues.com\/en\/wp-json\/wp\/v2\/comments?post=678"}],"version-history":[{"count":2,"href":"https:\/\/escritoras-em-portugues.com\/en\/wp-json\/wp\/v2\/pages\/678\/revisions"}],"predecessor-version":[{"id":1640,"href":"https:\/\/escritoras-em-portugues.com\/en\/wp-json\/wp\/v2\/pages\/678\/revisions\/1640"}],"up":[{"embeddable":true,"href":"https:\/\/escritoras-em-portugues.com\/en\/wp-json\/wp\/v2\/pages\/43"}],"wp:attachment":[{"href":"https:\/\/escritoras-em-portugues.com\/en\/wp-json\/wp\/v2\/media?parent=678"}],"curies":[{"name":"wp","href":"https:\/\/api.w.org\/{rel}","templated":true}]}}