{"id":658,"date":"2023-04-23T17:22:40","date_gmt":"2023-04-23T20:22:40","guid":{"rendered":"http:\/\/escritoras-em-portugues.provisorio.ws\/?page_id=658"},"modified":"2024-06-04T19:40:26","modified_gmt":"2024-06-04T19:40:26","slug":"violante-dona","status":"publish","type":"page","link":"https:\/\/escritoras-em-portugues.com\/en\/xv\/violante-dona\/","title":{"rendered":"Violante, Dona"},"content":{"rendered":"<p><strong>NAME <\/strong>Violante, Dona<\/p>\n<h4><strong>Dados biogr\u00e1ficos<\/strong><\/h4>\n<p><strong>DATE OF BIRTH<\/strong> XV century<br \/>\n<strong>DATE OF DEATH<\/strong> XV century<\/p>\n<p><strong>LANGUAGES<\/strong> Portugu\u00eas<\/p>\n<h4><strong>WORKS<\/strong><\/h4>\n<p><strong>PRINTED WORKS<\/strong><\/p>\n<pre><em>Qui\u00e7a que tern\u00e1 la muerte\r\n\r\n<\/em>Pues muriendo os do plazer,\r\nA la vida fin dar quiero,\r\nSin la qual no puede ser\r\nYo dexaros de querer\r\nY querendoos desespiero.\r\nY despues de fenecida\r\nMi dolor y pena fuerta\r\nQuedar puede guarecida\r\nQue lo que falta em lavida\r\nQui\u00e7\u00e1 que tern\u00e1 la muerte.\r\n\r\nin.: <a href=\"http:\/\/purl.pt\/12096\/5\/\">RESENDE, Garcia de, <em>Cancioneiro Geral de Garcia de Resende, <\/em>Lisboa, por Herm\u00e3 de Campos, 1516, fl.\r\n<\/a><\/pre>\n<h4><\/h4>\n<h4><strong>Bibliografia<\/strong><\/h4>\n<p>DIAS, Aida Fernanda, <em>Cancioneiro Geral de Garcia de Resende, <\/em>Lisboa, Imprensa Nacional \u2013 Casa da Moeda, 1993, vol.<\/p>\n<p><a href=\"http:\/\/purl.pt\/12096\/5\/\">RESENDE, Garcia de <em>Cancioneiro Geral de Garcia de Resende, <\/em>Lisboa, por Herm\u00e3 de Campos, 1516, fl.<\/a><\/p>\n<p>SAMARTIN, Roberto Lopez-Iglesias, <em>A dona do tempo antigo. Mulher e campo liter\u00e1rio no Renascimento portugu\u00eas (1495-1557), <\/em>Santiago de Compostela, Edicions Laiovento, 2003.<\/p>","protected":false},"excerpt":{"rendered":"<p>NOME Violante, Dona Dados biogr\u00e1ficos DATA DE NASCIMENTO S\u00e9culo XV DATA DA MORTE S\u00e9culo XV IDIOMAS Portugu\u00eas Obra OBRAS IMPRESSAS Qui\u00e7a que tern\u00e1 la muerte Pues muriendo os do plazer, A la vida fin dar quiero, Sin la qual no puede ser Yo dexaros de querer Y querendoos desespiero. Y despues de fenecida Mi dolor &#8230; <a title=\"Violante, Dona\" class=\"read-more\" href=\"https:\/\/escritoras-em-portugues.com\/en\/xv\/violante-dona\/\" aria-label=\"Read more about Violante, Dona\">Read more<\/a><\/p>","protected":false},"author":2,"featured_media":0,"parent":43,"menu_order":0,"comment_status":"closed","ping_status":"closed","template":"","meta":{"cybocfi_hide_featured_image":"","footnotes":""},"class_list":["post-658","page","type-page","status-publish"],"_links":{"self":[{"href":"https:\/\/escritoras-em-portugues.com\/en\/wp-json\/wp\/v2\/pages\/658","targetHints":{"allow":["GET"]}}],"collection":[{"href":"https:\/\/escritoras-em-portugues.com\/en\/wp-json\/wp\/v2\/pages"}],"about":[{"href":"https:\/\/escritoras-em-portugues.com\/en\/wp-json\/wp\/v2\/types\/page"}],"author":[{"embeddable":true,"href":"https:\/\/escritoras-em-portugues.com\/en\/wp-json\/wp\/v2\/users\/2"}],"replies":[{"embeddable":true,"href":"https:\/\/escritoras-em-portugues.com\/en\/wp-json\/wp\/v2\/comments?post=658"}],"version-history":[{"count":4,"href":"https:\/\/escritoras-em-portugues.com\/en\/wp-json\/wp\/v2\/pages\/658\/revisions"}],"predecessor-version":[{"id":1751,"href":"https:\/\/escritoras-em-portugues.com\/en\/wp-json\/wp\/v2\/pages\/658\/revisions\/1751"}],"up":[{"embeddable":true,"href":"https:\/\/escritoras-em-portugues.com\/en\/wp-json\/wp\/v2\/pages\/43"}],"wp:attachment":[{"href":"https:\/\/escritoras-em-portugues.com\/en\/wp-json\/wp\/v2\/media?parent=658"}],"curies":[{"name":"wp","href":"https:\/\/api.w.org\/{rel}","templated":true}]}}