{"id":650,"date":"2023-04-23T17:18:15","date_gmt":"2023-04-23T20:18:15","guid":{"rendered":"http:\/\/escritoras-em-portugues.provisorio.ws\/?page_id=650"},"modified":"2024-06-04T19:38:16","modified_gmt":"2024-06-04T19:38:16","slug":"maria-jacome","status":"publish","type":"page","link":"https:\/\/escritoras-em-portugues.com\/en\/xv\/maria-jacome\/","title":{"rendered":"Maria J\u00e1come"},"content":{"rendered":"<p><strong>NAME<\/strong> Maria J\u00e1come<\/p>\n<p><strong>Dados biogr\u00e1ficos<\/strong><\/p>\n<p><strong>FATHER<\/strong>\u00a0Pero J\u00e1come<br \/>\n<strong>MOTHER <\/strong>Margarida Vieira<br \/>\n<strong>DATE OF BIRTH<\/strong> XV century<br \/>\n<strong>DATE OF DEATH<\/strong> XV century<\/p>\n<p><strong>MARITAL STATUS\u00a0<\/strong>Married<br \/>\n<strong>C\u00d4NJUGUE<\/strong>\u00a0Rui de Figueiredo<\/p>\n<p><strong>LANGUAGES<\/strong> Portugu\u00eas<\/p>\n<p><strong>WORKS<\/strong><\/p>\n<p><strong>PRINTED WORKS<\/strong><\/p>\n<pre>Se meu conselho tomar\r\nQuiserdes, nam curareis\r\nEm tal perigo entrar\r\nCom\u2019este em que vos meteis.\r\nQu\u2019hei doo de vos ver matar\r\nA esta crua donzela\r\nE, por isso, o afastar\r\n\u00c9 milhor dela.\r\n\r\nin.: <a href=\"http:\/\/purl.pt\/12096\/5\/\">RESENDE, Garcia de, <em>Cancioneiro Geral de Garcia de Resende, <\/em>Lisboa, por Herm\u00e3 de Campos, 1516, fl.\r\n<\/a><\/pre>\n<p><strong>BIBLIOGRAPHY <\/strong><\/p>\n<p>DIAS, Aida Fernanda, <em>Cancioneiro Geral de Garcia de Resende, <\/em>Lisboa, Imprensa Nacional \u2013 Casa da Moeda, 1993, vol. III, p. 294.<\/p>\n<p>FREIRE, Anselmo Braancamp, \u201cA gente do <em>Cancioneiro<\/em>\u201d <em>Revista Lusitana<\/em>, vol. XI, 1908, p. 311.<\/p>\n<p><a href=\"http:\/\/purl.pt\/12096\/5\/\">RESENDE, Garcia de, <em>Cancioneiro Geral de Garcia de Resende, <\/em>Lisboa, por Herm\u00e3 de Campos, 1516, fl.<\/a><\/p>\n<p>SAMARTIN, Roberto Lopez-Iglesias, <em>A dona do tempo antigo. Mulher e campo liter\u00e1rio no Renascimento portugu\u00eas (1495-1557), <\/em>Santiago de Compostela, Edicions Laiovento, 2003.<\/p>","protected":false},"excerpt":{"rendered":"<p>NOME Maria J\u00e1come Dados biogr\u00e1ficos PAI\u00a0Pero J\u00e1come M\u00c3E Margarida Vieira DATA DE NASCIMENTO S\u00e9culo XV DATA DA MORTE S\u00e9culo XV ESTADO\u00a0Casada C\u00d4NJUGUE\u00a0Rui de Figueiredo IDIOMAS Portugu\u00eas Obra OBRAS IMPRESSAS Se meu conselho tomar Quiserdes, nam curareis Em tal perigo entrar Com\u2019este em que vos meteis. Qu\u2019hei doo de vos ver matar A esta crua donzela &#8230; <a title=\"Maria J\u00e1come\" class=\"read-more\" href=\"https:\/\/escritoras-em-portugues.com\/en\/xv\/maria-jacome\/\" aria-label=\"Read more about Maria J\u00e1come\">Read more<\/a><\/p>","protected":false},"author":2,"featured_media":0,"parent":43,"menu_order":0,"comment_status":"closed","ping_status":"closed","template":"","meta":{"cybocfi_hide_featured_image":"","footnotes":""},"class_list":["post-650","page","type-page","status-publish"],"_links":{"self":[{"href":"https:\/\/escritoras-em-portugues.com\/en\/wp-json\/wp\/v2\/pages\/650","targetHints":{"allow":["GET"]}}],"collection":[{"href":"https:\/\/escritoras-em-portugues.com\/en\/wp-json\/wp\/v2\/pages"}],"about":[{"href":"https:\/\/escritoras-em-portugues.com\/en\/wp-json\/wp\/v2\/types\/page"}],"author":[{"embeddable":true,"href":"https:\/\/escritoras-em-portugues.com\/en\/wp-json\/wp\/v2\/users\/2"}],"replies":[{"embeddable":true,"href":"https:\/\/escritoras-em-portugues.com\/en\/wp-json\/wp\/v2\/comments?post=650"}],"version-history":[{"count":1,"href":"https:\/\/escritoras-em-portugues.com\/en\/wp-json\/wp\/v2\/pages\/650\/revisions"}],"predecessor-version":[{"id":1749,"href":"https:\/\/escritoras-em-portugues.com\/en\/wp-json\/wp\/v2\/pages\/650\/revisions\/1749"}],"up":[{"embeddable":true,"href":"https:\/\/escritoras-em-portugues.com\/en\/wp-json\/wp\/v2\/pages\/43"}],"wp:attachment":[{"href":"https:\/\/escritoras-em-portugues.com\/en\/wp-json\/wp\/v2\/media?parent=650"}],"curies":[{"name":"wp","href":"https:\/\/api.w.org\/{rel}","templated":true}]}}