{"id":638,"date":"2023-04-23T17:10:50","date_gmt":"2023-04-23T20:10:50","guid":{"rendered":"http:\/\/escritoras-em-portugues.provisorio.ws\/?page_id=638"},"modified":"2024-06-04T19:33:11","modified_gmt":"2024-06-04T19:33:11","slug":"maria-de-melo","status":"publish","type":"page","link":"https:\/\/escritoras-em-portugues.com\/en\/xv\/maria-de-melo\/","title":{"rendered":"Maria de Melo"},"content":{"rendered":"<p><strong>NAME<\/strong> Maria de Melo<\/p>\n<p><strong>Dados biogr\u00e1ficos<\/strong><\/p>\n<p><strong>DATE OF BIRTH<\/strong> XV century<br \/>\n<strong>DATE OF DEATH<\/strong> XV century<\/p>\n<p><strong>LANGUAGES<\/strong> Portugu\u00eas<\/p>\n<p><strong>WORKS<\/strong><\/p>\n<p><strong>PRINTED WORKS<\/strong><\/p>\n<pre>Lo que mi sentir calhava\r\n\r\nQue de vos nunca pensee\r\nFalharme sino qual quedo,\r\nGloria nunca me see\r\nMenos triste ni m\u00e1s ledo.\r\nY quando triste fengia\r\nQu\u2019este mal no me matava,\r\nMucha m\u00e1s pena sentia,\r\nPorqu\u2019enton contrafazia\r\nLo que mi sentir calhava.\r\n\r\nIn.: <a href=\"http:\/\/purl.pt\/12096\/5\/\">RESENDE, Garcia de, <em>Cancioneiro Geral de Garcia de Resende, <\/em>Lisboa, por Herm\u00e3 de Campos, 1516, fl.<\/a>\r\n<\/pre>\n<p><strong>BIBLIOGRAPHY <\/strong><\/p>\n<p>DIAS, Aida Fernanda, <em>Cancioneiro Geral de Garcia de Resende, <\/em>Lisboa, Imprensa Nacional \u2013 Casa da Moeda, 1993, vol. I, p. 131<\/p>\n<p><a href=\"http:\/\/purl.pt\/12096\/5\/\">RESENDE, Garcia de, <em>Cancioneiro Geral de Garcia de Resende, <\/em>Lisboa, por Herm\u00e3 de Campos, 1516, fl.<\/a><\/p>\n<p>SAMARTIN, Roberto Lopez-Iglesias, <em>A dona do tempo antigo. Mulher e campo liter\u00e1rio no Renascimento portugu\u00eas (1495-1557), <\/em>Santiago de Compostela, Edicions Laiovento, 2003.<\/p>","protected":false},"excerpt":{"rendered":"<p>NOME Maria de Melo Dados biogr\u00e1ficos DATA DE NASCIMENTO S\u00e9culo XV DATA DA MORTE S\u00e9culo XV IDIOMAS Portugu\u00eas Obra OBRAS IMPRESSAS Lo que mi sentir calhava Que de vos nunca pensee Falharme sino qual quedo, Gloria nunca me see Menos triste ni m\u00e1s ledo. Y quando triste fengia Qu\u2019este mal no me matava, Mucha m\u00e1s &#8230; <a title=\"Maria de Melo\" class=\"read-more\" href=\"https:\/\/escritoras-em-portugues.com\/en\/xv\/maria-de-melo\/\" aria-label=\"Read more about Maria de Melo\">Read more<\/a><\/p>","protected":false},"author":2,"featured_media":0,"parent":43,"menu_order":0,"comment_status":"closed","ping_status":"closed","template":"","meta":{"cybocfi_hide_featured_image":"","footnotes":""},"class_list":["post-638","page","type-page","status-publish"],"_links":{"self":[{"href":"https:\/\/escritoras-em-portugues.com\/en\/wp-json\/wp\/v2\/pages\/638","targetHints":{"allow":["GET"]}}],"collection":[{"href":"https:\/\/escritoras-em-portugues.com\/en\/wp-json\/wp\/v2\/pages"}],"about":[{"href":"https:\/\/escritoras-em-portugues.com\/en\/wp-json\/wp\/v2\/types\/page"}],"author":[{"embeddable":true,"href":"https:\/\/escritoras-em-portugues.com\/en\/wp-json\/wp\/v2\/users\/2"}],"replies":[{"embeddable":true,"href":"https:\/\/escritoras-em-portugues.com\/en\/wp-json\/wp\/v2\/comments?post=638"}],"version-history":[{"count":1,"href":"https:\/\/escritoras-em-portugues.com\/en\/wp-json\/wp\/v2\/pages\/638\/revisions"}],"predecessor-version":[{"id":1744,"href":"https:\/\/escritoras-em-portugues.com\/en\/wp-json\/wp\/v2\/pages\/638\/revisions\/1744"}],"up":[{"embeddable":true,"href":"https:\/\/escritoras-em-portugues.com\/en\/wp-json\/wp\/v2\/pages\/43"}],"wp:attachment":[{"href":"https:\/\/escritoras-em-portugues.com\/en\/wp-json\/wp\/v2\/media?parent=638"}],"curies":[{"name":"wp","href":"https:\/\/api.w.org\/{rel}","templated":true}]}}