{"id":581,"date":"2023-04-23T16:29:19","date_gmt":"2023-04-23T19:29:19","guid":{"rendered":"http:\/\/escritoras-em-portugues.provisorio.ws\/?page_id=581"},"modified":"2024-06-04T16:56:47","modified_gmt":"2024-06-04T16:56:47","slug":"joana-excelente-senhora","status":"publish","type":"page","link":"https:\/\/escritoras-em-portugues.com\/en\/xv\/joana-excelente-senhora\/","title":{"rendered":"Joana Excelente Senhora"},"content":{"rendered":"<p><strong>NOME<\/strong>\u00a0Joana de Trast\u00e2mara, Rainha de Portugal,<br \/>\n<strong>OUTROS NOME(S)<\/strong>\u00a0Excelente Senhora, Beltraneja, Princesa das Ast\u00farias (1462), Rainha de Castela<\/p>\n<p><strong>Elementos biogr\u00e1ficos<\/strong><\/p>\n<p><strong>PAI<\/strong>\u00a0Henrique IV de Castela<br \/>\n<strong>M\u00c3E<\/strong>\u00a0Infanta D. Joana de Portugal, filha do rei D. Duarte<br \/>\n<strong>LOCAL DE NASCIMENTO<\/strong>\u00a0 Castela<br \/>\n<strong>DATA DE NASCIMENTO<\/strong>\u00a028 de Fevereiro de 1462<br \/>\n<strong>LOCAL DA MORTE<\/strong>\u00a0Lisboa, Pa\u00e7os de Alc\u00e1\u00e7ova do Castelo de S\u00e3o Jorge (sepultada no Mosteiro de Santa Clara de Lisboa)<br \/>\n<strong>PA\u00cdS ONDE NASCEU<\/strong>\u00a0Castela, Espanha<br \/>\n<strong>PROFISS\u00c3O \/ CARGO \/ FUN\u00c7\u00c3O<\/strong>\u00a0Rainha de Portugal, 2\u00aa mulher de D. Afonso V<br \/>\n<strong>DATA DA MORTE<\/strong>\u00a012 de Abril de 1530<\/p>\n<p><strong>ESTADO\u00a01 <\/strong>Casada com o Rei D. Afonso V<br \/>\n<strong>C\u00d4NJUGUE<\/strong>\u00a0D. Afonso V, Rei de Portugal<br \/>\n<strong>LUGAR E DATA DE CASAMENTO<\/strong>\u00a0Placencia, 30 de Maio de 1475<\/p>\n<p><strong>ESTADO 2 <\/strong>Recolhida<br \/>\n<strong>CONVENTO<\/strong>\u00a0Mosteiro de Santa Clara (Santar\u00e9m) (1479); Mosteiro de Santa Clara a Velha em Coimbra (1480)<\/p>\n<p><strong>IDIOMAS<\/strong>\u00a0Portugu\u00eas, Castelhano<\/p>\n<p><strong>Obra<\/strong><\/p>\n<p><strong>OBRAS MANUSCRITAS<\/strong><\/p>\n<blockquote><p><a href=\"https:\/\/digitarq.arquivos.pt\/details?id=4719336\"><em>Apontamentos<\/em> que estavam em poder do rei de Portugal<\/a><\/p>\n<p><em><a href=\"https:\/\/digitarq.arquivos.pt\/details?id=4695567\">Testamento da Excelente Senhora<\/a><br \/>\n<\/em><\/p><\/blockquote>\n<p><strong>BIBLIOGRAFIA\u00a0<\/strong><\/p>\n<p>ARTEAGA, Almudena, <em>A Beltraneja (A Excelente Senhora). O Pecado Oculto de Isabel a Cato\u0301lica<\/em>, traduc\u0327a\u0303o de Joa\u0303o Costa, 2a ed., Lisboa, Ed. Guimara\u0303es, 2002.<\/p>\n<p><a href=\"https:\/\/repositorio.ul.pt\/handle\/10451\/6785\">COSTA, Ant\u00f3nio Carlos Martins, <em>A Batalha de Toro e as rela\u00e7\u00f5es entre Portugal e Castela: as dimens\u00f5es pol\u00edticas e militares na segunda metade do s\u00e9culo XV,<\/em>Tese de Mestrado, Faculdade de Letras Universidade de Lisboa, 2011.<\/a><\/p>\n<p>DIAS, Aida Fernanda, O <em>Cancioneiro Geral e a Poesia Peninsular de Quatrocentos (Contactos e Sobreviv\u00eancia), <\/em>Coimbra, Livraria Almedina, 1978, pp. 135-136.<\/p>\n<p><a href=\"http:\/\/repositorio.uportu.pt\/jspui\/bitstream\/11328\/973\/1\/D.%20Joana.pdf\">FREITAS, Isabel Vaz de Freitas Joana A Excelente Senhora 1462-1530, Lisboa, Academia Portuguesa de Hist\u00f3ria, Quidnovi, 2011.<\/a><\/p>\n<p><a href=\"https:\/\/run.unl.pt\/handle\/10362\/119515\">OLIVEIRA, Maria Teresa, \u201cCarta do Duq<strong>u<\/strong>e de Bragan\u00e7a a D. Afonso V sobre o casamento da \u201cexcelente Senhora\u201d <em>Fragmenta Hist\u00f3rica &#8211; Hist\u00f3ria, Paleografia e Diplom\u00e1tica<\/em><strong><em>,<\/em><\/strong> N\u00ba 6<strong>,<\/strong> 2018<strong>,<\/strong> [108]<\/a><\/p>\n","protected":false},"excerpt":{"rendered":"<p>NOME\u00a0Joana de Trast\u00e2mara, Rainha de Portugal, OUTROS NOME(S)\u00a0Excelente Senhora, Beltraneja, Princesa das Ast\u00farias (1462), Rainha de Castela Elementos biogr\u00e1ficos PAI\u00a0Henrique IV de Castela M\u00c3E\u00a0Infanta D. Joana de Portugal, filha do rei D. Duarte LOCAL DE NASCIMENTO\u00a0 Castela DATA DE NASCIMENTO\u00a028 de Fevereiro de 1462 LOCAL DA MORTE\u00a0Lisboa, Pa\u00e7os de Alc\u00e1\u00e7ova do Castelo de S\u00e3o Jorge &#8230; <a title=\"Joana Excelente Senhora\" class=\"read-more\" href=\"https:\/\/escritoras-em-portugues.com\/en\/xv\/joana-excelente-senhora\/\" aria-label=\"Read more about Joana Excelente Senhora\">Read more<\/a><\/p>","protected":false},"author":2,"featured_media":0,"parent":43,"menu_order":0,"comment_status":"closed","ping_status":"closed","template":"","meta":{"cybocfi_hide_featured_image":"","footnotes":""},"class_list":["post-581","page","type-page","status-publish"],"_links":{"self":[{"href":"https:\/\/escritoras-em-portugues.com\/en\/wp-json\/wp\/v2\/pages\/581","targetHints":{"allow":["GET"]}}],"collection":[{"href":"https:\/\/escritoras-em-portugues.com\/en\/wp-json\/wp\/v2\/pages"}],"about":[{"href":"https:\/\/escritoras-em-portugues.com\/en\/wp-json\/wp\/v2\/types\/page"}],"author":[{"embeddable":true,"href":"https:\/\/escritoras-em-portugues.com\/en\/wp-json\/wp\/v2\/users\/2"}],"replies":[{"embeddable":true,"href":"https:\/\/escritoras-em-portugues.com\/en\/wp-json\/wp\/v2\/comments?post=581"}],"version-history":[{"count":3,"href":"https:\/\/escritoras-em-portugues.com\/en\/wp-json\/wp\/v2\/pages\/581\/revisions"}],"predecessor-version":[{"id":1728,"href":"https:\/\/escritoras-em-portugues.com\/en\/wp-json\/wp\/v2\/pages\/581\/revisions\/1728"}],"up":[{"embeddable":true,"href":"https:\/\/escritoras-em-portugues.com\/en\/wp-json\/wp\/v2\/pages\/43"}],"wp:attachment":[{"href":"https:\/\/escritoras-em-portugues.com\/en\/wp-json\/wp\/v2\/media?parent=581"}],"curies":[{"name":"wp","href":"https:\/\/api.w.org\/{rel}","templated":true}]}}