{"id":575,"date":"2023-04-23T16:25:31","date_gmt":"2023-04-23T19:25:31","guid":{"rendered":"http:\/\/escritoras-em-portugues.provisorio.ws\/?page_id=575"},"modified":"2024-06-04T16:51:03","modified_gmt":"2024-06-04T16:51:03","slug":"joana-de-mendonca","status":"publish","type":"page","link":"https:\/\/escritoras-em-portugues.com\/en\/xv\/joana-de-mendonca\/","title":{"rendered":"Joana de Mendon\u00e7a"},"content":{"rendered":"<p><strong>NOME<\/strong> Joana de Mendon\u00e7a<\/p>\n<p><strong>Dados biogr\u00e1ficos<\/strong><\/p>\n<p><strong>PAI<\/strong> Diogo de Mendon\u00e7a, Alcaide-Mor de Mour\u00e3o<br \/>\n<strong>M\u00c3E <\/strong> Brites Soares de Albergaria<br \/>\n<strong>DATA DE NASCIMENTO<\/strong> S\u00e9culo XV<br \/>\n<strong>PROFISS\u00c3O \/ CARGO \/ FUN\u00c7\u00c3O \/ T\u00cdTULO <\/strong>Duquesa de Bragan\u00e7a<br \/>\n<strong>LOCAL DA MORTE <\/strong>Vila Vi\u00e7osa (sepultada por baixo do Coro do Convento das Chagas de Vila Vi\u00e7osa)<br \/>\n<strong>DATA DA MORTE<\/strong> 1580<\/p>\n<p><strong>ESTADO <\/strong>Casada<br \/>\n<strong>C\u00d4NJUGUE <\/strong>D.Jaime, Duque de Bragan\u00e7a (2\u00aa mulher)<br \/>\n<strong>DATA DE CASAMENTO <\/strong>1520<br \/>\n<strong>N\u00ba DE FILHOS <\/strong>8<\/p>\n<p><strong>FILHOS<br \/>\n<\/strong>Joana de Bragan\u00e7a (1521 \u2014 1588), casou com Bernardino de Cardenas, 3\u00ba Marqu\u00eas de Elche<br \/>\nConstantino de Bragan\u00e7a (1528 \u2014 1575), Vice-rei da \u00cdndia<br \/>\nJaime de Bragan\u00e7a, cl\u00e9rigo<br \/>\nFulg\u00eancio de Bragan\u00e7a, 11\u00ba Dom Prior da Colegiada de Guimar\u00e3es<br \/>\nTeot\u00f3nio de Bragan\u00e7a, Arcebispo de \u00c9vora<br \/>\nEug\u00e9nia de Bragan\u00e7a casou com D. Francisco de Melo, 2\u00ba Marqu\u00eas de Ferreira<br \/>\nMaria de Bragan\u00e7a<br \/>\nVic\u00eancia de Bragan\u00e7a<\/p>\n<p><strong>Obra<\/strong><\/p>\n<p>OBRAS IMPRESSAS<\/p>\n<pre><em>Come\u00e7am logo os louvores das damas os quais fez todos a Dona Joanna de Mendon\u00e7a\r\n\r\n<\/em>N\u00e3o sei que possa dizer,\r\npor v\u00f3s, que seja louvor,\r\nque se t\u00e3o ousado f\u00f4r\r\nperderei o entender.\r\nQuando quero come\u00e7ar,\r\n\u00e9 cousa que n\u00e3o tem cabo:\r\nantes me quero calar\r\nque cuidaram que vos gabo.\r\n\r\nFormosura t\u00e3o sobeja\r\nvos deu Deus, c\u00e1 entre n\u00f3s,\r\nque n\u00e3o sei quem vos bem veja\r\nque se n\u00e3o perca por v\u00f3s,\r\nque n\u00e3o deis sempre cuidado,\r\nque n\u00e3o mateis cada hora.\r\nAntes de v\u00f3s desamado,\r\nque amado d\u2019outra senhora!\r\n\r\nPois sois sem compara\u00e7\u00e3o,\r\nde todas quantas nasceram:\r\nos que por v\u00f3s se perderam\r\nbem se perdem com raz\u00e3o.\r\nE pois nunca vimos tal,\r\nnem creio que viu ningu\u00e9m:\r\nque fa\u00e7aes a todos mal\r\neu digo que fazeis bem.\r\n\r\nTendes tanta gentileza,\r\ntanto ar na fala e rir,\r\nque quem vos, senhora, vir,\r\nnunca sentir\u00e1 tristeza.\r\nFostes no mundo nascida\r\ncom gra\u00e7as t\u00e3o escolhidas,\r\nque s\u00f3 por vos ter servida,\r\ndaria duas mil vidas.\r\n\r\nVossas grandes perfei\u00e7\u00f5es,\r\nmanhas e desenvolturas,\r\ntiram todas as tristuras\r\nque acham nos cora\u00e7\u00f5es.\r\nVossas penas s\u00e3o prazer,\r\nvossos cuidados, vit\u00f3ria,\r\nvosso mal, \u00e9 bem fazer,\r\ne vosso esquecer, mem\u00f3ria.\r\n\r\nQuem vos n\u00e3o viu n\u00e3o tem vida,\r\nquem vos n\u00e3o serviu, senhora,\r\npode contar por perdida\r\ntoda sua vida t\u00e9 agora.\r\nE quem vir tal formosura,\r\nseja certo que hade ter.\r\nem quanto viver, tristura,\r\njuntos pesar e prazer.\r\n\r\nDo que v\u00f3s tendes de mais\r\npodeis dar a todas, parte,\r\ne em v\u00f3s ficar que farte,\r\nsem falecer o que daes.\r\nQue todas queiram tomar\r\nmanhas, gra\u00e7as e parecer\r\nde v\u00f3s, n\u00e3o pode minguar\r\nquanto nelas mais crescer.\r\nDama de tal formosura,\r\ndama de tal merecer,\r\no que vive sem vos v\u00ear\r\nn\u00e3o teve boa ventura.\r\n\r\nPara que \u00e9 vida sem v\u00f3s?\r\nNem se pode chamar vida,\r\ne se n\u00e3o f\u00f4reis nascida\r\nporque nasceramos n\u00f3s?\r\n\r\nQuem viu nunca tal senhora,\r\nquem viu nunca tal mulher,\r\nque pode dar, se quiser,\r\na morte e vida numa hora?\r\nCerto n\u00e3o dir\u00e1 ningu\u00e9m,\r\nque se viu tal creatura,\r\nnem que tal desenvoltura\r\ndonzella teve, nem tem.\r\n\r\nSois t\u00e3o linda, t\u00e3o airosa,\r\nque muitos mataes por fama;\r\nante v\u00f3s nenhuma dama\r\nn\u00e3o se chamara formosa:\r\nporque quantas damas s\u00e3o,\r\njuntas s\u00f3 numa figura,\r\nn\u00e3o ter\u00e1 compara\u00e7\u00e3o\r\nante vossa formosura.\r\n\r\nSe no mundo se perdesse\r\nquanto se p\u00f4de cuidar,\r\ntudo v\u00f3s pod\u00e9reis dar\r\nsem que nada falecesse:\r\nPorque o que em v\u00f3s sobeja\r\n\u00e9 tanto, que abastaria\r\na mil mundos, e teria\r\ncada uma o que deseja.\r\n\r\n<em>Cabo\r\n<\/em>Em saber e descri\u00e7\u00e3o,\r\nem virtudes e bondade,\r\ne em toda perfei\u00e7\u00e3o,\r\ntendes primor na verdade.\r\nSois tamb\u00e9m mui piedosa,\r\namiga de todo bem,\r\nsobretudo a mais formosa\r\ndo que ouviu nem viu ningu\u00e9m.\r\n\r\n*\r\n[Dedicado \u00e0 autora]\r\nN\u00e3o se espera outro rremedio\r\nDe quem vyr a periguosa\r\nSe nam vida douidosa.\r\n<em>D. Joana de Mendon\u00e7a\r\n\r\n<\/em>Por acudir ao rrifam\r\nNam sey cousa que nam fa\u00e7a\r\nAte confessor na pra\u00e7a\r\nTudo o que nele v\u2019dam\r\nE pare\u00e7eme rrezam,\r\nQue poys soys tam periguosa,\r\nnam sejays despiadosa.\r\n\r\nin.: <a href=\"http:\/\/purl.pt\/12096\/5\/\">RESENDE, Garcia de, <em>Cancioneiro Geral de Garcia de Resende, <\/em>Lisboa, por Herm\u00e3 de Campos, 1516, fls.<\/a>\r\n<\/pre>\n<p><strong>BIBLIOGRAFIA <\/strong><\/p>\n<p>DIAS, Aida Fernanda, <em>Cancioneiro Geral de Garcia de Resende, <\/em>Lisboa, Imprensa Nacional \u2013 Casa da Moeda, 1993, vol. III, n. 564, p. 143.<\/p>\n<p>DIAS, Aida Fernanda, O <em>Cancioneiro Geral e a Poesia Peninsular de Quatrocentos (Contactos e Sobreviv\u00eancia), <\/em>Coimbra, Livraria Almedina, 1978, p. 220.<\/p>\n<p>FREIRE, Anselmo Braancamp Freire, \u201cA Gente do <em>Cancioneiro<\/em>\u201d <em>Revista Lusitana, <\/em>vol. X, 1907, p. 290.<\/p>\n<p><a href=\"http:\/\/purl.pt\/12096\/5\/\">RESENDE, Garcia de, <em>Cancioneiro Geral de Garcia de Resende, <\/em>Lisboa, por Herm\u00e3 de Campos, 1516, fl.<\/a><\/p>\n<p>SAMARTIN, Roberto Lopez-Iglesias, <em>A dona do tempo antigo. Mulher e campo liter\u00e1rio no Renascimento portugu\u00eas (1495-1557), <\/em>Santiago de Compostela, Edicions Laiovento, 2003.<\/p>\n<p>SAMPAIO, Albino Forjaz de, <em>As melhores p\u00e1ginas da literatura feminina (poesia), <\/em>Lisboa, Livraria Popular de Francisco Franco, 1935, pp. 9-11<\/p>\n<p>S\u00c1NCHEZ TARR\u00cdO, Ana Maria \u201c<em>\u0168 amor demasiado. <\/em>Sobre a carta de amor em verso\u2019 in Jos\u00e9 Lu\u00eds Rodr\u00edguez (ed.), <em>In honorem Ricardo Carbalho Calero<\/em>, Santiago de Compostela, Parlamento de Galicia, Universidade de Santiago, 2000, volume II, pp. 663-676.<\/p>\n<p>SOUSA, Manuel Caetano de, <em>Hist\u00f3ria Geneal\u00f3gica da Casa Real Portuguesa, <\/em>Coimbra, Tomo V, Coimbra, Livraria Atl\u00e2ntida, 1951, pp. 341-349.<\/p>\n","protected":false},"excerpt":{"rendered":"<p>NOME Joana de Mendon\u00e7a Dados biogr\u00e1ficos PAI Diogo de Mendon\u00e7a, Alcaide-Mor de Mour\u00e3o M\u00c3E Brites Soares de Albergaria DATA DE NASCIMENTO S\u00e9culo XV PROFISS\u00c3O \/ CARGO \/ FUN\u00c7\u00c3O \/ T\u00cdTULO Duquesa de Bragan\u00e7a LOCAL DA MORTE Vila Vi\u00e7osa (sepultada por baixo do Coro do Convento das Chagas de Vila Vi\u00e7osa) DATA DA MORTE 1580 ESTADO &#8230; <a title=\"Joana de Mendon\u00e7a\" class=\"read-more\" href=\"https:\/\/escritoras-em-portugues.com\/en\/xv\/joana-de-mendonca\/\" aria-label=\"Read more about Joana de Mendon\u00e7a\">Read more<\/a><\/p>","protected":false},"author":2,"featured_media":0,"parent":43,"menu_order":0,"comment_status":"closed","ping_status":"closed","template":"","meta":{"cybocfi_hide_featured_image":"","footnotes":""},"class_list":["post-575","page","type-page","status-publish"],"_links":{"self":[{"href":"https:\/\/escritoras-em-portugues.com\/en\/wp-json\/wp\/v2\/pages\/575","targetHints":{"allow":["GET"]}}],"collection":[{"href":"https:\/\/escritoras-em-portugues.com\/en\/wp-json\/wp\/v2\/pages"}],"about":[{"href":"https:\/\/escritoras-em-portugues.com\/en\/wp-json\/wp\/v2\/types\/page"}],"author":[{"embeddable":true,"href":"https:\/\/escritoras-em-portugues.com\/en\/wp-json\/wp\/v2\/users\/2"}],"replies":[{"embeddable":true,"href":"https:\/\/escritoras-em-portugues.com\/en\/wp-json\/wp\/v2\/comments?post=575"}],"version-history":[{"count":1,"href":"https:\/\/escritoras-em-portugues.com\/en\/wp-json\/wp\/v2\/pages\/575\/revisions"}],"predecessor-version":[{"id":1725,"href":"https:\/\/escritoras-em-portugues.com\/en\/wp-json\/wp\/v2\/pages\/575\/revisions\/1725"}],"up":[{"embeddable":true,"href":"https:\/\/escritoras-em-portugues.com\/en\/wp-json\/wp\/v2\/pages\/43"}],"wp:attachment":[{"href":"https:\/\/escritoras-em-portugues.com\/en\/wp-json\/wp\/v2\/media?parent=575"}],"curies":[{"name":"wp","href":"https:\/\/api.w.org\/{rel}","templated":true}]}}