{"id":566,"date":"2023-04-23T16:12:07","date_gmt":"2023-04-23T19:12:07","guid":{"rendered":"http:\/\/escritoras-em-portugues.provisorio.ws\/?page_id=566"},"modified":"2024-06-04T16:47:39","modified_gmt":"2024-06-04T16:47:39","slug":"joana-anriques","status":"publish","type":"page","link":"https:\/\/escritoras-em-portugues.com\/en\/xv\/joana-anriques\/","title":{"rendered":"Joana Anriques"},"content":{"rendered":"<p><strong>NAME <\/strong>Joana Anriques<\/p>\n<p><strong>DADOS BIOGR\u00c1FICOS<\/strong><\/p>\n<p><strong>DATE OF BIRTH <\/strong>XV century<\/p>\n<p><strong>PROFESSION \/ POSITION \/ FUNCTION <\/strong>Donzela da Senhora D. Filipa d\u2019Almada<\/p>\n<p><strong>DATE OF DEATH <\/strong>XVI century<\/p>\n<p><strong>LANGUAGES <\/strong>Portugu\u00eas<\/p>\n<p>&nbsp;<\/p>\n<h4><strong>WORKS<\/strong><\/h4>\n<p><strong>PRINTED WORKS<\/strong><\/p>\n<pre>Aguardai, pois aguardastes\r\nA vida toda do padre,\r\nEnfadando sua madre,\r\nE v\u00f3s n\u00e3o v\u2019enfadastes.\r\nPois v\u2019 ajuda a ventura\r\nSab\u00ea-vos v\u00f3s ajudar\r\nQue quem no pa\u00e7o atura\r\nNunca deixa de medrar.\r\n\r\n<a href=\"http:\/\/purl.pt\/12096\/5\/\">In.: <em>Cancioneiro Geral de Garcia de Resende, <\/em>Lisboa, por Hernan de Campos, 1516 , fl.<\/a>\r\n<\/pre>\n<p><strong>Bibliografia<\/strong><\/p>\n<div>\n<p>DIAS Ainda Fernanda \u201cAs mulheres nas letras portuguesas medievais\u201d<span class=\"apple-converted-space\">\u00a0<\/span><em>Santa Barbara Portuguese Studies, First series,<\/em><span class=\"apple-converted-space\"><i>\u00a0<\/i><\/span>volume III, 1996, p. 12.<\/p>\n<\/div>\n<p><a href=\"http:\/\/purl.pt\/12096\/5\/\">RESENDE, Garcia de, <em>Cancioneiro Geral de Garcia de Resende, <\/em>Lisboa, por Hernan de Campos, 1516 , fl.<\/a><\/p>\n<p>SAMARTIN, Roberto Lopez-Iglesias, <em>A dona do tempo antigo. Mulher e campo liter\u00e1rio no Renascimento portugu\u00eas (1495-1557), <\/em>Santiago de Compostela, Edicions Laiovento, 2003.<\/p>\n<p>S\u00c1NCHEZ TARR\u00cdO, Ana Maria \u201c<em>\u0168 amor demasiado. <\/em>Sobre a carta de amor em verso\u2019 in Jos\u00e9 Lu\u00eds Rodr\u00edguez (ed.), <em>In honorem Ricardo Carbalho Calero<\/em>, Santiago de Compostela, Parlamento de Galicia, Universidade de Santiago, 2000, volume II, pp. 663-676.<\/p>","protected":false},"excerpt":{"rendered":"<p>NOME Joana Anriques DADOS BIOGR\u00c1FICOS DATA DE NASCIMENTO S\u00e9culo XV PROFISS\u00c3O \/ CARGO \/ FUN\u00c7\u00c3O Donzela da Senhora D. Filipa d\u2019Almada DATA DA MORTE S\u00e9culo XVI IDIOMAS Portugu\u00eas &nbsp; Obra OBRAS IMPRESSAS Aguardai, pois aguardastes A vida toda do padre, Enfadando sua madre, E v\u00f3s n\u00e3o v\u2019enfadastes. Pois v\u2019 ajuda a ventura Sab\u00ea-vos v\u00f3s ajudar &#8230; <a title=\"Joana Anriques\" class=\"read-more\" href=\"https:\/\/escritoras-em-portugues.com\/en\/xv\/joana-anriques\/\" aria-label=\"Read more about Joana Anriques\">Read more<\/a><\/p>","protected":false},"author":2,"featured_media":0,"parent":43,"menu_order":0,"comment_status":"closed","ping_status":"closed","template":"","meta":{"cybocfi_hide_featured_image":"","footnotes":""},"class_list":["post-566","page","type-page","status-publish"],"_links":{"self":[{"href":"https:\/\/escritoras-em-portugues.com\/en\/wp-json\/wp\/v2\/pages\/566","targetHints":{"allow":["GET"]}}],"collection":[{"href":"https:\/\/escritoras-em-portugues.com\/en\/wp-json\/wp\/v2\/pages"}],"about":[{"href":"https:\/\/escritoras-em-portugues.com\/en\/wp-json\/wp\/v2\/types\/page"}],"author":[{"embeddable":true,"href":"https:\/\/escritoras-em-portugues.com\/en\/wp-json\/wp\/v2\/users\/2"}],"replies":[{"embeddable":true,"href":"https:\/\/escritoras-em-portugues.com\/en\/wp-json\/wp\/v2\/comments?post=566"}],"version-history":[{"count":3,"href":"https:\/\/escritoras-em-portugues.com\/en\/wp-json\/wp\/v2\/pages\/566\/revisions"}],"predecessor-version":[{"id":1722,"href":"https:\/\/escritoras-em-portugues.com\/en\/wp-json\/wp\/v2\/pages\/566\/revisions\/1722"}],"up":[{"embeddable":true,"href":"https:\/\/escritoras-em-portugues.com\/en\/wp-json\/wp\/v2\/pages\/43"}],"wp:attachment":[{"href":"https:\/\/escritoras-em-portugues.com\/en\/wp-json\/wp\/v2\/media?parent=566"}],"curies":[{"name":"wp","href":"https:\/\/api.w.org\/{rel}","templated":true}]}}