{"id":436,"date":"2023-04-23T13:34:24","date_gmt":"2023-04-23T16:34:24","guid":{"rendered":"http:\/\/escritoras-em-portugues.provisorio.ws\/?page_id=436"},"modified":"2024-06-04T16:42:25","modified_gmt":"2024-06-04T16:42:25","slug":"guiomar-de-castro-2","status":"publish","type":"page","link":"https:\/\/escritoras-em-portugues.com\/en\/xv\/guiomar-de-castro-2\/","title":{"rendered":"Guiomar de Castro"},"content":{"rendered":"<p><strong>NOME<\/strong> Guiomar de Castro<\/p>\n<p><strong>DODOS BIOGR\u00c1FICOS<\/strong><\/p>\n<p><strong>PAI<\/strong> D. Garcia de Castro, Senhor Do Paul<\/p>\n<p><strong>M\u00c3E<\/strong> D. Brites de Lima (filha 1\u00ba Visconde de Vila Nova da Cerveira)<\/p>\n<p><strong>DATA DE NASCIMENTO<\/strong> S\u00e9culo XV<\/p>\n<p><strong>DATA DA MORTE<\/strong> S\u00e9culo XV<\/p>\n<p><strong>ESTADO<\/strong> Casada<\/p>\n<p><strong>C\u00d4NJUGUE<\/strong> Aires da Silva, Camareiro Mor de D. Jo\u00e3o II e Regedor das Justi\u00e7as, Senhor de Vagos, Alcaide-mor de Montemor-o-velho, f. 1530<\/p>\n<p><strong>LOCAL E DATA DO CASAMENTO<\/strong> 1482<\/p>\n<p><strong>N\u00ba DE FILHOS<\/strong> 4<\/p>\n<p><strong>FILHOS<\/strong><\/p>\n<p>Jo\u00e3o da Silva<\/p>\n<p>D. Brites da Silva<\/p>\n<p>D. Joana<\/p>\n<p>Frei Francisco, Frade Franciscano<\/p>\n<p><strong>IDIOMAS<\/strong> Portugu\u00eas<\/p>\n<h3><strong>Obra<\/strong><\/h3>\n<h5><strong>OBRAS IMPRESSAS<\/strong><\/h5>\n<blockquote><p>Oh triste gloria passada<br \/>\nConoce que soy perdido<br \/>\nPor vos, vida y muerte mia,<br \/>\nCa, fuera ser merecido,<br \/>\nEst\u00e1 ya tan conocido<br \/>\nQue negar no se devia,<br \/>\nQue sempre fue mi bevir<br \/>\nY mi vida tam penada<br \/>\nQu\u2019aun estaa por venir<br \/>\nOh triste gloria passada.<\/p>\n<p>in.: <a href=\"https:\/\/purl.pt\/12096\/1\/index.html#\/1\/html\"><em>Cancioneiro Geral de Garcia de Resende, <\/em>Lisboa, por Herman de Campos, 1516, fl.<\/a><\/p><\/blockquote>\n<h5><strong>BIBLIOGRAFIA<\/strong><\/h5>\n<p>FREIRE, Anselmo Braancamp, \u201cRaparigas do Cancioneiro\u201d <em>Cr\u00edtica e Hist\u00f3ria. Estudos, <\/em>Lisboa, Funda\u00e7\u00e3o Calouste Gulbenkian, 1996, p. 26. [1\u00aa edi\u00e7\u00e3o: <em>Indices do Cancioneiro de Resende e das Obras de Gil Vicente,<\/em> Lisboa, 1900 (edi\u00e7\u00e3o de 20 exemplares para oferta)]<\/p>\n<p>GAYO, Manuel Jos\u00e9 da Costa Felgueiras, <em>Nobili\u00e1rio das Fam\u00edlias de Portugal<\/em>, vols. IV e IX, Braga, Agostinho de Azevedo Meirelles, Domingos de Ara\u00fajo Afonso, 1938-1941, pp. 59 e 388 ,389.<\/p>\n<p><em>Grande Enciclop\u00e9dia Portuguesa e Brasileira<\/em>, vol. 23, Lisboa, Editorial Enciclop\u00e9dica Lda., s.d. pp. 758, 759.<\/p>\n<p><a href=\"http:\/\/purl.pt\/12096\/5\/\">RESENDE, Garcia de, <em>Cancioneiro Geral de Garcia de Resende, <\/em>Lisboa, por Herm\u00e3 de Campos, 1516, fl.<\/a><\/p>\n<p>&nbsp;<\/p>\n","protected":false},"excerpt":{"rendered":"<p>NOME Guiomar de Castro DODOS BIOGR\u00c1FICOS PAI D. Garcia de Castro, Senhor Do Paul M\u00c3E D. Brites de Lima (filha 1\u00ba Visconde de Vila Nova da Cerveira) DATA DE NASCIMENTO S\u00e9culo XV DATA DA MORTE S\u00e9culo XV ESTADO Casada C\u00d4NJUGUE Aires da Silva, Camareiro Mor de D. Jo\u00e3o II e Regedor das Justi\u00e7as, Senhor de &#8230; <a title=\"Guiomar de Castro\" class=\"read-more\" href=\"https:\/\/escritoras-em-portugues.com\/en\/xv\/guiomar-de-castro-2\/\" aria-label=\"Read more about Guiomar de Castro\">Read more<\/a><\/p>","protected":false},"author":2,"featured_media":0,"parent":43,"menu_order":0,"comment_status":"closed","ping_status":"closed","template":"","meta":{"cybocfi_hide_featured_image":"","footnotes":""},"class_list":["post-436","page","type-page","status-publish"],"_links":{"self":[{"href":"https:\/\/escritoras-em-portugues.com\/en\/wp-json\/wp\/v2\/pages\/436","targetHints":{"allow":["GET"]}}],"collection":[{"href":"https:\/\/escritoras-em-portugues.com\/en\/wp-json\/wp\/v2\/pages"}],"about":[{"href":"https:\/\/escritoras-em-portugues.com\/en\/wp-json\/wp\/v2\/types\/page"}],"author":[{"embeddable":true,"href":"https:\/\/escritoras-em-portugues.com\/en\/wp-json\/wp\/v2\/users\/2"}],"replies":[{"embeddable":true,"href":"https:\/\/escritoras-em-portugues.com\/en\/wp-json\/wp\/v2\/comments?post=436"}],"version-history":[{"count":9,"href":"https:\/\/escritoras-em-portugues.com\/en\/wp-json\/wp\/v2\/pages\/436\/revisions"}],"predecessor-version":[{"id":1717,"href":"https:\/\/escritoras-em-portugues.com\/en\/wp-json\/wp\/v2\/pages\/436\/revisions\/1717"}],"up":[{"embeddable":true,"href":"https:\/\/escritoras-em-portugues.com\/en\/wp-json\/wp\/v2\/pages\/43"}],"wp:attachment":[{"href":"https:\/\/escritoras-em-portugues.com\/en\/wp-json\/wp\/v2\/media?parent=436"}],"curies":[{"name":"wp","href":"https:\/\/api.w.org\/{rel}","templated":true}]}}