{"id":416,"date":"2023-04-23T13:25:33","date_gmt":"2023-04-23T16:25:33","guid":{"rendered":"http:\/\/escritoras-em-portugues.provisorio.ws\/?page_id=416"},"modified":"2024-06-04T16:12:05","modified_gmt":"2024-06-04T16:12:05","slug":"felipa-senhora-dona","status":"publish","type":"page","link":"https:\/\/escritoras-em-portugues.com\/en\/xv\/felipa-senhora-dona\/","title":{"rendered":"Felipa, Senhora Dona"},"content":{"rendered":"<p><strong>NOME<\/strong> <strong>\u00a0<\/strong>Felipa, Senhora Dona<\/p>\n<p><strong>Dados biogr\u00e1ficos<\/strong><\/p>\n<p><strong>DATA DE NASCIMENTO<\/strong> S\u00e9culo XV<br \/>\n<strong>DATA DA MORTE <\/strong>S\u00e9culo XV<\/p>\n<p><strong>IDIOMAS <\/strong>Portugu\u00eas<\/p>\n<p><strong>Obra<\/strong><\/p>\n<p><strong>OBRAS IMPRESSAS<\/strong><\/p>\n<pre>Repondo \u00f2 que perguntastes,\r\nComo estavam as donzelas,\r\nE digo que todas elas\r\nEstam quaes as vos leixastes,\r\nSenam qu\u2019estam saudosas;\r\nDizem que nelas errastes,\r\nPois tam curto preguntastes\r\nPor elas tanto fermosas.\r\n\r\n<a href=\"http:\/\/purl.pt\/12096\/5\/\">in.: RESENDE, Garcia de, <em>Cancioneiro Geral de Garcia de Resende, <\/em>Lisboa, por Herm\u00e3 de Campos, 1516, fl.\r\n<\/a><\/pre>\n<p><strong>BIBLIOGRAFIA <\/strong><\/p>\n<p>FREIRE, Anselmo Braancamp, \u201cRaparigas do Cancioneiro\u201d <em>Cr\u00edtica e Hist\u00f3ria. Estudos<\/em>, [reed. Fac-similada] Lisboa, Funda\u00e7\u00e3o Calouste Gulbenkian, 1996.<\/p>\n<p>GOMEZ-BRAVO, Ana M. \u201cA huma Senhora que lhe disse\u201d: sobre la Pr\u00e1ctica Social de la Autor\u00eda y la noci\u00f3n de Texto em el Cancioneiro Geral de Resende y la l\u00edrica cancioneril ib\u00e9rica\u201d <em>La Coronica, <\/em>32. 1, (Fall 2003), pp. 43-64.<\/p>\n<p><a href=\"http:\/\/purl.pt\/12096\/5\/\">RESENDE, Garcia de, <em>Cancioneiro Geral de Garcia de Resende, <\/em>Lisboa, por Herm\u00e3 de Campos, 1516, fl.<\/a><\/p>\n<p>SAMARTIN, Roberto Lopez-Iglesias, <em>A dona do tempo antigo. Mulher e campo liter\u00e1rio no Renascimento portugu\u00eas (1495-1557), <\/em>Santiago de Compostela, Edicions Laiovento, 2003.<\/p>\n","protected":false},"excerpt":{"rendered":"<p>NOME \u00a0Felipa, Senhora Dona Dados biogr\u00e1ficos DATA DE NASCIMENTO S\u00e9culo XV DATA DA MORTE S\u00e9culo XV IDIOMAS Portugu\u00eas Obra OBRAS IMPRESSAS Repondo \u00f2 que perguntastes, Como estavam as donzelas, E digo que todas elas Estam quaes as vos leixastes, Senam qu\u2019estam saudosas; Dizem que nelas errastes, Pois tam curto preguntastes Por elas tanto fermosas. in.: &#8230; <a title=\"Felipa, Senhora Dona\" class=\"read-more\" href=\"https:\/\/escritoras-em-portugues.com\/en\/xv\/felipa-senhora-dona\/\" aria-label=\"Read more about Felipa, Senhora Dona\">Read more<\/a><\/p>","protected":false},"author":2,"featured_media":0,"parent":43,"menu_order":0,"comment_status":"closed","ping_status":"closed","template":"","meta":{"cybocfi_hide_featured_image":"","footnotes":""},"class_list":["post-416","page","type-page","status-publish"],"_links":{"self":[{"href":"https:\/\/escritoras-em-portugues.com\/en\/wp-json\/wp\/v2\/pages\/416","targetHints":{"allow":["GET"]}}],"collection":[{"href":"https:\/\/escritoras-em-portugues.com\/en\/wp-json\/wp\/v2\/pages"}],"about":[{"href":"https:\/\/escritoras-em-portugues.com\/en\/wp-json\/wp\/v2\/types\/page"}],"author":[{"embeddable":true,"href":"https:\/\/escritoras-em-portugues.com\/en\/wp-json\/wp\/v2\/users\/2"}],"replies":[{"embeddable":true,"href":"https:\/\/escritoras-em-portugues.com\/en\/wp-json\/wp\/v2\/comments?post=416"}],"version-history":[{"count":1,"href":"https:\/\/escritoras-em-portugues.com\/en\/wp-json\/wp\/v2\/pages\/416\/revisions"}],"predecessor-version":[{"id":1711,"href":"https:\/\/escritoras-em-portugues.com\/en\/wp-json\/wp\/v2\/pages\/416\/revisions\/1711"}],"up":[{"embeddable":true,"href":"https:\/\/escritoras-em-portugues.com\/en\/wp-json\/wp\/v2\/pages\/43"}],"wp:attachment":[{"href":"https:\/\/escritoras-em-portugues.com\/en\/wp-json\/wp\/v2\/media?parent=416"}],"curies":[{"name":"wp","href":"https:\/\/api.w.org\/{rel}","templated":true}]}}