{"id":412,"date":"2023-04-23T13:24:42","date_gmt":"2023-04-23T16:24:42","guid":{"rendered":"http:\/\/escritoras-em-portugues.provisorio.ws\/?page_id=412"},"modified":"2024-06-04T16:09:41","modified_gmt":"2024-06-04T16:09:41","slug":"felipa-de-vilhana","status":"publish","type":"page","link":"https:\/\/escritoras-em-portugues.com\/en\/xv\/felipa-de-vilhana\/","title":{"rendered":"Felipa de Vilhana"},"content":{"rendered":"<p><strong>NOME <\/strong>Felipa de Vilhana<br \/>\n<strong>NOME OUTRAS FORMAS<\/strong> Filipa de Vilhena<\/p>\n<p><strong>Dados biogr\u00e1ficos<\/strong><\/p>\n<p><strong>DATA DE NASCIMENTO<\/strong> S\u00e9culo XV<br \/>\n<strong>DATA DA MORTE<\/strong> S\u00e9culo XV<\/p>\n<p><strong>IDIOMAS<\/strong> Castelhano<\/p>\n<p><strong>Obra<\/strong><\/p>\n<p>OBRAS IMPRESSAS<\/p>\n<pre><em>Los dias de mi bevir\r\n<\/em><em>ya los cuento por passados\r\n\r\n<\/em>Oh mi vida, por quien vida\r\nVivo lleno de tristura,\r\nPor quem pena dolorida\r\nSobra em mi con la partida\r\nComo en vos la fermosura\r\nCon este triste partir\r\nNo parten de mi cuidados\r\nY solo por vos servir\r\n<em>Los dias de mi bevir\r\n<\/em><em>Ya los cuento por passados<\/em>.\r\n\r\nin.: <a href=\"http:\/\/purl.pt\/12096\/5\/\">RESENDE, Garcia de, <em>Cancioneiro Geral de Garcia de Resende, <\/em>Lisboa, por Hernan de Campos, 1516, fl.<\/a>\r\n<\/pre>\n<p><strong>BIBLIOGRAFIA <\/strong><\/p>\n<p>DIAS, Aida Fernanda, O <em>Cancioneiro Geral e a Poesia Peninsular de Quatrocentos (Contactos e Sobreviv\u00eancia), <\/em>Coimbra, Livraria Almedina, 1978, p. 169.<\/p>\n<p>FREIRE, Anselmo Braancamp, \u201cRaparigas do Cancioneiro\u201d <em>Cr\u00edtica e Hist\u00f3ria. Estudos<\/em>, [reed. Fac-similada] Lisboa, Funda\u00e7\u00e3o Calouste Gulbenkian, 1996.<\/p>\n<p><a href=\"http:\/\/purl.pt\/12096\/5\/\">RESENDE, Garcia de, <em>Cancioneiro Geral de Garcia de Resende, <\/em>Lisboa, por Hernan de Campos, 1516, fl.<\/a><\/p>\n<p>SAMARTIN, Roberto Lopez-Iglesias, <em>A dona do tempo antigo. Mulher e campo liter\u00e1rio no Renascimento portugu\u00eas (1495-1557), <\/em>Santiago de Compostela, Edicions Laiovento, 2003.<\/p>\n","protected":false},"excerpt":{"rendered":"<p>NOME Felipa de Vilhana NOME OUTRAS FORMAS Filipa de Vilhena Dados biogr\u00e1ficos DATA DE NASCIMENTO S\u00e9culo XV DATA DA MORTE S\u00e9culo XV IDIOMAS Castelhano Obra OBRAS IMPRESSAS Los dias de mi bevir ya los cuento por passados Oh mi vida, por quien vida Vivo lleno de tristura, Por quem pena dolorida Sobra em mi con &#8230; <a title=\"Felipa de Vilhana\" class=\"read-more\" href=\"https:\/\/escritoras-em-portugues.com\/en\/xv\/felipa-de-vilhana\/\" aria-label=\"Read more about Felipa de Vilhana\">Read more<\/a><\/p>","protected":false},"author":2,"featured_media":0,"parent":43,"menu_order":0,"comment_status":"closed","ping_status":"closed","template":"","meta":{"cybocfi_hide_featured_image":"","footnotes":""},"class_list":["post-412","page","type-page","status-publish"],"_links":{"self":[{"href":"https:\/\/escritoras-em-portugues.com\/en\/wp-json\/wp\/v2\/pages\/412","targetHints":{"allow":["GET"]}}],"collection":[{"href":"https:\/\/escritoras-em-portugues.com\/en\/wp-json\/wp\/v2\/pages"}],"about":[{"href":"https:\/\/escritoras-em-portugues.com\/en\/wp-json\/wp\/v2\/types\/page"}],"author":[{"embeddable":true,"href":"https:\/\/escritoras-em-portugues.com\/en\/wp-json\/wp\/v2\/users\/2"}],"replies":[{"embeddable":true,"href":"https:\/\/escritoras-em-portugues.com\/en\/wp-json\/wp\/v2\/comments?post=412"}],"version-history":[{"count":1,"href":"https:\/\/escritoras-em-portugues.com\/en\/wp-json\/wp\/v2\/pages\/412\/revisions"}],"predecessor-version":[{"id":1710,"href":"https:\/\/escritoras-em-portugues.com\/en\/wp-json\/wp\/v2\/pages\/412\/revisions\/1710"}],"up":[{"embeddable":true,"href":"https:\/\/escritoras-em-portugues.com\/en\/wp-json\/wp\/v2\/pages\/43"}],"wp:attachment":[{"href":"https:\/\/escritoras-em-portugues.com\/en\/wp-json\/wp\/v2\/media?parent=412"}],"curies":[{"name":"wp","href":"https:\/\/api.w.org\/{rel}","templated":true}]}}