{"id":407,"date":"2023-04-23T13:23:26","date_gmt":"2023-04-23T16:23:26","guid":{"rendered":"http:\/\/escritoras-em-portugues.provisorio.ws\/?page_id=407"},"modified":"2024-06-04T16:07:47","modified_gmt":"2024-06-04T16:07:47","slug":"felipa-anriques","status":"publish","type":"page","link":"https:\/\/escritoras-em-portugues.com\/en\/xv\/felipa-anriques\/","title":{"rendered":"Felipa Anriques"},"content":{"rendered":"<p><strong>NOME <\/strong>\u00a0Felipa Anriques<\/p>\n<p><strong>Dados biogr\u00e1ficos<\/strong><\/p>\n<p><strong>DATA DE NASCIMENTO<\/strong> S\u00e9culo XV<br \/>\n<strong>DATA DA MORTE<\/strong> S\u00e9culo XV<\/p>\n<p><strong>IDIOMAS<\/strong> Portugu\u00eas<\/p>\n<p><strong>Obra<\/strong><\/p>\n<p><strong>OBRAS IMPRESSAS<\/strong><\/p>\n<pre>No veo como seria\r\n\r\nYa d\u2019aca donde partistes\r\nTodo cuanto haves andado,\r\nVo lhorando por du fuistes,\r\nDando mil sospiros tristes\r\nCom\u2019hombre desesperado.\r\nY sabes que tales son\r\nSospiros sin alegria\r\nQue salem del cora\u00e7on,\r\nMas salir desta passion\r\nNo veo como seria.\r\n\r\nin.: <a href=\"http:\/\/purl.pt\/12096\/5\/\"><em>Cancioneiro Geral de Garcia de Resende, <\/em>Lisboa, por Herm\u00e3 de Campos, 1516, fl.<\/a>\r\n<\/pre>\n<p><strong>BIBLIOGRAFIA <\/strong><\/p>\n<p>FREIRE, Anselmo Braancamp, \u201cRaparigas do Cancioneiro\u201d <em>Cr\u00edtica e Hist\u00f3ria. Estudos<\/em>, [reed. Fac-similada] Lisboa, Funda\u00e7\u00e3o Calouste Gulbenkian, 1996.<\/p>\n<p><a href=\"http:\/\/purl.pt\/12096\/5\/\">RESENDE, Garcia de, <em>Cancioneiro Geral de Garcia de Resende, <\/em>Lisboa, por Herm\u00e3 de Campos, 1516, fl.<\/a><\/p>\n<p>SAMARTIN, Roberto Lopez-Iglesias, <em>A dona do tempo antigo. Mulher e campo liter\u00e1rio no Renascimento portugu\u00eas (1495-1557), <\/em>Santiago de Compostela, Edicions Laiovento, 2003.<\/p>\n","protected":false},"excerpt":{"rendered":"<p>NOME \u00a0Felipa Anriques Dados biogr\u00e1ficos DATA DE NASCIMENTO S\u00e9culo XV DATA DA MORTE S\u00e9culo XV IDIOMAS Portugu\u00eas Obra OBRAS IMPRESSAS No veo como seria Ya d\u2019aca donde partistes Todo cuanto haves andado, Vo lhorando por du fuistes, Dando mil sospiros tristes Com\u2019hombre desesperado. Y sabes que tales son Sospiros sin alegria Que salem del cora\u00e7on, &#8230; <a title=\"Felipa Anriques\" class=\"read-more\" href=\"https:\/\/escritoras-em-portugues.com\/en\/xv\/felipa-anriques\/\" aria-label=\"Read more about Felipa Anriques\">Read more<\/a><\/p>","protected":false},"author":2,"featured_media":0,"parent":43,"menu_order":0,"comment_status":"closed","ping_status":"closed","template":"","meta":{"cybocfi_hide_featured_image":"","footnotes":""},"class_list":["post-407","page","type-page","status-publish"],"_links":{"self":[{"href":"https:\/\/escritoras-em-portugues.com\/en\/wp-json\/wp\/v2\/pages\/407","targetHints":{"allow":["GET"]}}],"collection":[{"href":"https:\/\/escritoras-em-portugues.com\/en\/wp-json\/wp\/v2\/pages"}],"about":[{"href":"https:\/\/escritoras-em-portugues.com\/en\/wp-json\/wp\/v2\/types\/page"}],"author":[{"embeddable":true,"href":"https:\/\/escritoras-em-portugues.com\/en\/wp-json\/wp\/v2\/users\/2"}],"replies":[{"embeddable":true,"href":"https:\/\/escritoras-em-portugues.com\/en\/wp-json\/wp\/v2\/comments?post=407"}],"version-history":[{"count":1,"href":"https:\/\/escritoras-em-portugues.com\/en\/wp-json\/wp\/v2\/pages\/407\/revisions"}],"predecessor-version":[{"id":1709,"href":"https:\/\/escritoras-em-portugues.com\/en\/wp-json\/wp\/v2\/pages\/407\/revisions\/1709"}],"up":[{"embeddable":true,"href":"https:\/\/escritoras-em-portugues.com\/en\/wp-json\/wp\/v2\/pages\/43"}],"wp:attachment":[{"href":"https:\/\/escritoras-em-portugues.com\/en\/wp-json\/wp\/v2\/media?parent=407"}],"curies":[{"name":"wp","href":"https:\/\/api.w.org\/{rel}","templated":true}]}}