{"id":404,"date":"2023-04-23T13:22:20","date_gmt":"2023-04-23T16:22:20","guid":{"rendered":"http:\/\/escritoras-em-portugues.provisorio.ws\/?page_id=404"},"modified":"2024-06-04T16:06:33","modified_gmt":"2024-06-04T16:06:33","slug":"caterina-anriques-dona","status":"publish","type":"page","link":"https:\/\/escritoras-em-portugues.com\/en\/xv\/caterina-anriques-dona\/","title":{"rendered":"Caterina Anriques, Dona"},"content":{"rendered":"<p><strong>Nome<\/strong> Caterina Anriques, Dona<\/p>\n<p><strong>Dados biogr\u00e1ficos<\/strong><\/p>\n<p><strong>Data de nascimento <\/strong>XV century<br \/>\n<strong>Data da morte <\/strong>XVI century<\/p>\n<p><strong>Idiomas<\/strong> Portugu\u00eas<\/p>\n<p><strong>WORKS<\/strong><\/p>\n<p><strong>PRINTED WORKS<br \/>\n<\/strong><\/p>\n<pre>A tais perguntas nam sei,\r\nSenhor primo, responder,\r\nMas, pois quereis, eu direi\r\nE vos aconselharei\r\nO que deveis de fazer:\r\nDev\u00ea-la de recear,\r\nSe tal com\u2019eu \u00e9 donzela,\r\nMas mais deveis de folgar\r\nPerder por ela.\r\n\r\nin.: \u00a0<a href=\"http:\/\/purl.pt\/12096\/5\/\"><em>Cancioneiro Geral de Garcia de Resende, <\/em>Lisboa, por Herm\u00e3 de Campos, 1516, fl.<\/a>\r\n<\/pre>\n<p><strong>Bibliografia<\/strong><\/p>\n<p><a href=\"http:\/\/purl.pt\/12096\/5\/\">Resende, Garcia de, <em>Cancioneiro Geral de Garcia de Resende, <\/em>Lisboa, por Herm\u00e3 de Campos, 1516, fl.<\/a><\/p>\n<p>Samartin, Roberto Lopez-Iglesias, <em>A dona do tempo antigo. Mulher e campo liter\u00e1rio no Renascimento portugu\u00eas (1495-1557), <\/em>Santiago de Compostela, Edicions Laiovento, 2003.<\/p>\n<p><strong>Observa\u00e7\u00f5es<br \/>\n<\/strong>Dias, Aida Fernandes, III, p. 291<\/p>","protected":false},"excerpt":{"rendered":"<p>Nome Caterina Anriques, Dona Dados biogr\u00e1ficos Data de nascimento S\u00e9culo XV Data da morte S\u00e9culo XVI Idiomas Portugu\u00eas Obra OBRAS IMPRESSAS A tais perguntas nam sei, Senhor primo, responder, Mas, pois quereis, eu direi E vos aconselharei O que deveis de fazer: Dev\u00ea-la de recear, Se tal com\u2019eu \u00e9 donzela, Mas mais deveis de folgar &#8230; <a title=\"Caterina Anriques, Dona\" class=\"read-more\" href=\"https:\/\/escritoras-em-portugues.com\/en\/xv\/caterina-anriques-dona\/\" aria-label=\"Read more about Caterina Anriques, Dona\">Read more<\/a><\/p>","protected":false},"author":2,"featured_media":0,"parent":43,"menu_order":0,"comment_status":"closed","ping_status":"closed","template":"","meta":{"cybocfi_hide_featured_image":"","footnotes":""},"class_list":["post-404","page","type-page","status-publish"],"_links":{"self":[{"href":"https:\/\/escritoras-em-portugues.com\/en\/wp-json\/wp\/v2\/pages\/404","targetHints":{"allow":["GET"]}}],"collection":[{"href":"https:\/\/escritoras-em-portugues.com\/en\/wp-json\/wp\/v2\/pages"}],"about":[{"href":"https:\/\/escritoras-em-portugues.com\/en\/wp-json\/wp\/v2\/types\/page"}],"author":[{"embeddable":true,"href":"https:\/\/escritoras-em-portugues.com\/en\/wp-json\/wp\/v2\/users\/2"}],"replies":[{"embeddable":true,"href":"https:\/\/escritoras-em-portugues.com\/en\/wp-json\/wp\/v2\/comments?post=404"}],"version-history":[{"count":1,"href":"https:\/\/escritoras-em-portugues.com\/en\/wp-json\/wp\/v2\/pages\/404\/revisions"}],"predecessor-version":[{"id":1708,"href":"https:\/\/escritoras-em-portugues.com\/en\/wp-json\/wp\/v2\/pages\/404\/revisions\/1708"}],"up":[{"embeddable":true,"href":"https:\/\/escritoras-em-portugues.com\/en\/wp-json\/wp\/v2\/pages\/43"}],"wp:attachment":[{"href":"https:\/\/escritoras-em-portugues.com\/en\/wp-json\/wp\/v2\/media?parent=404"}],"curies":[{"name":"wp","href":"https:\/\/api.w.org\/{rel}","templated":true}]}}