{"id":2011,"date":"2024-07-26T10:23:30","date_gmt":"2024-07-26T10:23:30","guid":{"rendered":"https:\/\/escritoras-em-portugues.com\/?page_id=2011"},"modified":"2024-07-26T10:23:30","modified_gmt":"2024-07-26T10:23:30","slug":"francisca-xavier-da-silva-teles","status":"publish","type":"page","link":"https:\/\/escritoras-em-portugues.com\/en\/xviii\/francisca-xavier-da-silva-teles\/","title":{"rendered":"Francisca Xavier da Silva Teles, 1\u00aa marquesa de Chaves"},"content":{"rendered":"<p><strong>NAME<\/strong> Francisca Xavier da Silva Teles<\/p>\n<p><strong>OUTROS<\/strong> <strong>NOMES <\/strong>Francisca Xavier Teles da Silva de Sousa Cam\u00f5es Moniz e Albuquerque, 1\u00aa marquesa de Chaves<\/p>\n<h4><strong>Biographical Elements<\/strong><\/h4>\n<p><strong>FATHER<\/strong> Lu\u00eds Teles da Silva Caminha e Meneses, 5\u00ba marqu\u00eas de Alegrete (1775-1828)<\/p>\n<p><strong>MOTHER<\/strong> Francisca Maria do Carmo de Noronha (1773-1799)<\/p>\n<p><strong>BIRTHPLACE<\/strong>\u00a0 Lisboa, Santa Engr\u00e1cia, Pal\u00e1cio do Veloso<\/p>\n<p><strong>DATE OF BIRTH<\/strong>\u00a0 2 de Dezembro de 1785<\/p>\n<p><strong>BAPTISM PLACE<\/strong>\u00a0 Lisboa, Santa Engr\u00e1cia<\/p>\n<p><strong>BAPTISM DATE<\/strong>\u00a0 8 de Dezembro de 1785<\/p>\n<p><strong>PLACE OF DEATH<\/strong> Lisboa, Pena<\/p>\n<p><strong>COUNTRY OF BIRTH<\/strong> Portugal<\/p>\n<p><strong>PROFESSION \/ POSITION \/ FUNCTION<\/strong> Dama da rainha D. Maria I e da Imperatriz do Brasil D. Leopoldina<\/p>\n<p><strong>DATE OF DEATH<\/strong> 30 de Julho de 1845<\/p>\n<p><strong>MARITAL STATUS<\/strong> Married<\/p>\n<p><strong>C\u00d4NJUGUE<\/strong> 1\u00ba Manuel da Silveira Pinto da Fonseca Teixeira, 2\u00ba conde de Amarante e 1\u00ba Marqu\u00eas de Chaves (1784-1830)<\/p>\n<p>2\u00ba Jo\u00e3o Manuel de Vilhena Saldanha Oliveira (1800-1872)<\/p>\n<p><strong>MARRIAGE PLACE AND DATE<\/strong> 1\u00ba Lisboa, Santa Engr\u00e1cia, 16 de Julho de 1823<\/p>\n<p>2\u00ba Lisboa, Bel\u00e9m, 20 de Agosto de 1834<\/p>\n<p><strong>NUMBER OF CHILDREN<\/strong> 0<\/p>\n<p><strong>LANGUAGES<\/strong> Portugu\u00eas<\/p>\n<h4><strong>WORKS<\/strong><\/h4>\n<p><strong>HANDWRITTEN WORKS<\/strong><\/p>\n<p>Correspond\u00eancia remetida a diversas personalidades, desconhecida<\/p>\n<pre><\/pre>\n<h4><strong>Bibliography<\/strong><\/h4>\n<p>ALMEIDA, Francisco Jos\u00e9 de, <em>Apontamentos da vida d\u2019um homem obscuro escriptor por elle mesmo<\/em>, Lisboa, Typ. de Jo\u00e3o Carlos d\u2019Ascens\u00e3o Almeida, 1880<\/p>\n<p>BERARDO, Jos\u00e9, <em>Revista hist\u00f3rica de Portugal desde a morte de D. Jo\u00e3o VI at\u00e9 o falecimento do Imperador Dom Pedro<\/em>, Coimbra, Imp. De Trov\u00e3o e Comp., 1840<\/p>\n<p>BOOK, Edward, <em>The book of battles, or, daring deeds by land and sea<\/em>, London, Houlston &amp; Wright, 1867, p. 475; LAFFIN, John,Women in battle, London, New York, Abelard-Schuman, 1967<\/p>\n<p>CASTELO-BRANCO, Camilo, <em>Scenas da Foz<\/em>, Porto, Cruz Coutinho, 1860<\/p>\n<p>FARIA, Am\u00e9rico, P<em>ortuguesas na Hist\u00f3ria<\/em>, Lisboa, Editorial organiza\u00e7\u00f5es, 1965<\/p>\n<p>FEIO, Jos\u00e9 Barreto, <em>Dom Miguel, ses aventures scandaleuses, ses crimes et son usurpation<\/em>, Paris, M\u00e9nard Libraire, 1833<\/p>\n<p>KINSEY, William, <em>Portugal Illustrated in a series of Letters<\/em>, London, Treuttel, W\u00fcrtz and Ritcher, 1828<\/p>\n<p>MARTINS, Oliveira, <em>Portugal Contempor\u00e2neo<\/em>, Lisboa, Livraria Ant\u00f3nio Maria Pereira, 1895<\/p>\n<p>NORONHA, Eduardo de, <em>A marquesa de Chaves<\/em>, Porto, Livraria Civiliza\u00e7\u00e3o, 1922<\/p>\n<p>PIMENTEL, Alberto, <em>Sangue Azul (estudos hist\u00f3ricos)<\/em>, Lisboa, Parceria Ant\u00f3nio Maria Pereira, 1898, pp. 105-307<\/p>\n<p>URBANO, Pedro, &#8220;The Marchioness of Chaves beyond rebellion: Gendered Perspectives on Power during the Portuguese Constitutional Monarchy Transition&#8221;,<em> Tiempos Modernos<\/em>, vol. 14, n\u00ba 48, 2024, pp. 232-253<\/p>\n<h3><\/h3>","protected":false},"excerpt":{"rendered":"<p>NOME Francisca Xavier da Silva Teles OUTROS NOMES Francisca Xavier Teles da Silva de Sousa Cam\u00f5es Moniz e Albuquerque, 1\u00aa marquesa de Chaves Elementos biogr\u00e1ficos PAI Lu\u00eds Teles da Silva Caminha e Meneses, 5\u00ba marqu\u00eas de Alegrete (1775-1828) M\u00c3E Francisca Maria do Carmo de Noronha (1773-1799) LOCAL DE NASCIMENTO\u00a0 Lisboa, Santa Engr\u00e1cia, Pal\u00e1cio do Veloso &#8230; <a title=\"Francisca Xavier da Silva Teles, 1\u00aa marquesa de Chaves\" class=\"read-more\" href=\"https:\/\/escritoras-em-portugues.com\/en\/xviii\/francisca-xavier-da-silva-teles\/\" aria-label=\"Read more about Francisca Xavier da Silva Teles, 1\u00aa marquesa de Chaves\">Read more<\/a><\/p>","protected":false},"author":1,"featured_media":0,"parent":46,"menu_order":0,"comment_status":"closed","ping_status":"closed","template":"","meta":{"cybocfi_hide_featured_image":"","footnotes":""},"class_list":["post-2011","page","type-page","status-publish"],"_links":{"self":[{"href":"https:\/\/escritoras-em-portugues.com\/en\/wp-json\/wp\/v2\/pages\/2011","targetHints":{"allow":["GET"]}}],"collection":[{"href":"https:\/\/escritoras-em-portugues.com\/en\/wp-json\/wp\/v2\/pages"}],"about":[{"href":"https:\/\/escritoras-em-portugues.com\/en\/wp-json\/wp\/v2\/types\/page"}],"author":[{"embeddable":true,"href":"https:\/\/escritoras-em-portugues.com\/en\/wp-json\/wp\/v2\/users\/1"}],"replies":[{"embeddable":true,"href":"https:\/\/escritoras-em-portugues.com\/en\/wp-json\/wp\/v2\/comments?post=2011"}],"version-history":[{"count":1,"href":"https:\/\/escritoras-em-portugues.com\/en\/wp-json\/wp\/v2\/pages\/2011\/revisions"}],"predecessor-version":[{"id":2012,"href":"https:\/\/escritoras-em-portugues.com\/en\/wp-json\/wp\/v2\/pages\/2011\/revisions\/2012"}],"up":[{"embeddable":true,"href":"https:\/\/escritoras-em-portugues.com\/en\/wp-json\/wp\/v2\/pages\/46"}],"wp:attachment":[{"href":"https:\/\/escritoras-em-portugues.com\/en\/wp-json\/wp\/v2\/media?parent=2011"}],"curies":[{"name":"wp","href":"https:\/\/api.w.org\/{rel}","templated":true}]}}