{"id":1528,"date":"2024-02-19T07:43:15","date_gmt":"2024-02-19T07:43:15","guid":{"rendered":"https:\/\/escritoras-em-portugues.com\/?page_id=1528"},"modified":"2024-06-04T22:00:42","modified_gmt":"2024-06-04T22:00:42","slug":"maria-madalena-de-jesus-madre","status":"publish","type":"page","link":"https:\/\/escritoras-em-portugues.com\/en\/xvii\/maria-madalena-de-jesus-madre\/","title":{"rendered":"Maria Madalena de Jesus, Madre"},"content":{"rendered":"<p><strong>NAME<\/strong> Maria Madalena de Jesus, Madre<\/p>\n<p><strong>OTHER NAME(S) <\/strong>Maria Magdalena de Jesus, Madre<\/p>\n<h4><strong>Biographical Elements<\/strong><\/h4>\n<p><strong>DATE OF BIRTH<\/strong>\u00a0 S\u00e9culo XVII (?)<\/p>\n<p><strong>DATE OF DEATH<\/strong>\u00a0 XVIII century<\/p>\n<h4><strong>WORKS<\/strong><\/h4>\n<p><strong>PRINTED WORKS<\/strong><\/p>\n<blockquote><p><em>Obras da Madre Maria Magdalena de Jesus, Lisboa, <\/em>s. n., 1723<\/p><\/blockquote>\n<h4><strong>Bibliography<\/strong><\/h4>\n<p><a href=\"http:\/\/ler.letras.up.pt\/uploads\/ficheiros\/4720.pdf\">MORUJ\u00e3o, Isabel,\u00a0<em>Contributo <\/em><i><span lang=\"PT\">para uma Bibliografia cronol\u00f3gica da Literatura Mon\u00e1stica Feminina Portuguesa dos s\u00e9culos XVII e XVIII (impressos), <\/span><\/i><span lang=\"PT\">Lisboa, Centro de Estudos de Hist\u00f3ria Religiosa, Universidade Cat\u00f3lica Portuguesa, 1995, p. 17.<\/span><\/a><\/p>","protected":false},"excerpt":{"rendered":"<p>NOME Maria Madalena de Jesus, Madre OUTRO(S) NOME(S) Maria Magdalena de Jesus, Madre Elementos biogr\u00e1ficos DATA DE NASCIMENTO\u00a0 S\u00e9culo XVII (?) DATA DA MORTE\u00a0 S\u00e9culo XVIII Obra OBRAS IMPRESSAS Obras da Madre Maria Magdalena de Jesus, Lisboa, s. n., 1723 Bibliografia: MORUJ\u00e3o, Isabel,\u00a0Contributo para uma Bibliografia cronol\u00f3gica da Literatura Mon\u00e1stica Feminina Portuguesa dos s\u00e9culos XVII &#8230; <a title=\"Maria Madalena de Jesus, Madre\" class=\"read-more\" href=\"https:\/\/escritoras-em-portugues.com\/en\/xvii\/maria-madalena-de-jesus-madre\/\" aria-label=\"Read more about Maria Madalena de Jesus, Madre\">Read more<\/a><\/p>","protected":false},"author":3,"featured_media":0,"parent":47,"menu_order":0,"comment_status":"closed","ping_status":"closed","template":"","meta":{"cybocfi_hide_featured_image":"","footnotes":""},"class_list":["post-1528","page","type-page","status-publish"],"_links":{"self":[{"href":"https:\/\/escritoras-em-portugues.com\/en\/wp-json\/wp\/v2\/pages\/1528","targetHints":{"allow":["GET"]}}],"collection":[{"href":"https:\/\/escritoras-em-portugues.com\/en\/wp-json\/wp\/v2\/pages"}],"about":[{"href":"https:\/\/escritoras-em-portugues.com\/en\/wp-json\/wp\/v2\/types\/page"}],"author":[{"embeddable":true,"href":"https:\/\/escritoras-em-portugues.com\/en\/wp-json\/wp\/v2\/users\/3"}],"replies":[{"embeddable":true,"href":"https:\/\/escritoras-em-portugues.com\/en\/wp-json\/wp\/v2\/comments?post=1528"}],"version-history":[{"count":2,"href":"https:\/\/escritoras-em-portugues.com\/en\/wp-json\/wp\/v2\/pages\/1528\/revisions"}],"predecessor-version":[{"id":1825,"href":"https:\/\/escritoras-em-portugues.com\/en\/wp-json\/wp\/v2\/pages\/1528\/revisions\/1825"}],"up":[{"embeddable":true,"href":"https:\/\/escritoras-em-portugues.com\/en\/wp-json\/wp\/v2\/pages\/47"}],"wp:attachment":[{"href":"https:\/\/escritoras-em-portugues.com\/en\/wp-json\/wp\/v2\/media?parent=1528"}],"curies":[{"name":"wp","href":"https:\/\/api.w.org\/{rel}","templated":true}]}}