{"id":1517,"date":"2024-02-19T07:23:58","date_gmt":"2024-02-19T07:23:58","guid":{"rendered":"https:\/\/escritoras-em-portugues.com\/?page_id=1517"},"modified":"2024-06-04T21:56:23","modified_gmt":"2024-06-04T21:56:23","slug":"seraphina-guedes-dona","status":"publish","type":"page","link":"https:\/\/escritoras-em-portugues.com\/en\/xvii\/seraphina-guedes-dona\/","title":{"rendered":"Seraphina Guedes, Dona"},"content":{"rendered":"<p><strong>NAME<\/strong> Seraphina Guedes, Dona<\/p>\n<h4><strong>Biographical Elements<\/strong><\/h4>\n<p><strong>DATE OF BIRTH<\/strong>\u00a0 S\u00e9culo XVII (?)<\/p>\n<p><strong>DATE OF DEATH<\/strong>\u00a0 XVII century<\/p>\n<h4><strong>WORKS<\/strong><\/h4>\n<p><strong>PRINTED WORKS<\/strong><\/p>\n<blockquote><p>&#8220;D\u00e9cimas al autor&#8221; in.: Juan Baptista GARCIA DE ALEXANDRE,\u00a0<em>Cancion real al Altissimo Ministerio de el Ave Maria en la Sacratissima Encarnacion de el Verbo Dios Eterno, principio de nuestra feliz, y Redempcion. Romance. Chaos del Mundo en la muerte de el Fenix Christo Se\u00f1or Nuestro, y alegria universal en su\u00a0<\/em><i>Resurrecci\u00f3n, <\/i>Lisboa, Antonio Alvarez, 1635<\/p><\/blockquote>\n<h4><strong>Bibliography<\/strong><\/h4>\n<p><a href=\"http:\/\/ler.letras.up.pt\/uploads\/ficheiros\/4720.pdf\">MORUJ\u00c3O, Isabel, <em>Contributo <\/em><i><span lang=\"PT\">para uma Bibliografia cronol\u00f3gica da Literatura Mon\u00e1stica Feminina Portuguesa dos s\u00e9culos XVII e XVIII (impressos), <\/span><\/i><span lang=\"PT\">Lisboa, Centro de Estudos de Hist\u00f3ria Religiosa, Universidade Cat\u00f3lica Portuguesa, 1995, p. 11.<\/span><\/a><\/p>","protected":false},"excerpt":{"rendered":"<p>NOME Seraphina Guedes, Dona Elementos biogr\u00e1ficos DATA DE NASCIMENTO\u00a0 S\u00e9culo XVII (?) DATA DA MORTE\u00a0 S\u00e9culo XVII Obra OBRAS IMPRESSAS &#8220;D\u00e9cimas al autor&#8221; in.: Juan Baptista GARCIA DE ALEXANDRE,\u00a0Cancion real al Altissimo Ministerio de el Ave Maria en la Sacratissima Encarnacion de el Verbo Dios Eterno, principio de nuestra feliz, y Redempcion. Romance. Chaos del &#8230; <a title=\"Seraphina Guedes, Dona\" class=\"read-more\" href=\"https:\/\/escritoras-em-portugues.com\/en\/xvii\/seraphina-guedes-dona\/\" aria-label=\"Read more about Seraphina Guedes, Dona\">Read more<\/a><\/p>","protected":false},"author":3,"featured_media":0,"parent":47,"menu_order":0,"comment_status":"closed","ping_status":"closed","template":"","meta":{"cybocfi_hide_featured_image":"","footnotes":""},"class_list":["post-1517","page","type-page","status-publish"],"_links":{"self":[{"href":"https:\/\/escritoras-em-portugues.com\/en\/wp-json\/wp\/v2\/pages\/1517","targetHints":{"allow":["GET"]}}],"collection":[{"href":"https:\/\/escritoras-em-portugues.com\/en\/wp-json\/wp\/v2\/pages"}],"about":[{"href":"https:\/\/escritoras-em-portugues.com\/en\/wp-json\/wp\/v2\/types\/page"}],"author":[{"embeddable":true,"href":"https:\/\/escritoras-em-portugues.com\/en\/wp-json\/wp\/v2\/users\/3"}],"replies":[{"embeddable":true,"href":"https:\/\/escritoras-em-portugues.com\/en\/wp-json\/wp\/v2\/comments?post=1517"}],"version-history":[{"count":3,"href":"https:\/\/escritoras-em-portugues.com\/en\/wp-json\/wp\/v2\/pages\/1517\/revisions"}],"predecessor-version":[{"id":1815,"href":"https:\/\/escritoras-em-portugues.com\/en\/wp-json\/wp\/v2\/pages\/1517\/revisions\/1815"}],"up":[{"embeddable":true,"href":"https:\/\/escritoras-em-portugues.com\/en\/wp-json\/wp\/v2\/pages\/47"}],"wp:attachment":[{"href":"https:\/\/escritoras-em-portugues.com\/en\/wp-json\/wp\/v2\/media?parent=1517"}],"curies":[{"name":"wp","href":"https:\/\/api.w.org\/{rel}","templated":true}]}}