{"id":1485,"date":"2024-02-18T16:44:16","date_gmt":"2024-02-18T16:44:16","guid":{"rendered":"https:\/\/escritoras-em-portugues.com\/?page_id=1485"},"modified":"2024-06-22T23:05:31","modified_gmt":"2024-06-22T23:05:31","slug":"francisca-da-coluna-soror","status":"publish","type":"page","link":"https:\/\/escritoras-em-portugues.com\/en\/xvii\/francisca-da-coluna-soror\/","title":{"rendered":"Francisca da Coluna, Soror"},"content":{"rendered":"<p><strong>NOME <\/strong>\u00a0<span lang=\"PT\">Francisca da Coluna, Soror<\/span><\/p>\n<h4><strong>Elementos biogr\u00e1ficos<\/strong><\/h4>\n<p><strong>PAI <\/strong>Ant\u00e3o Mogo de Mello, Fidalgo da Casa Real<\/p>\n<p><strong>M\u00c3E <\/strong><span lang=\"PT\">\u00c2ngela de Velasco<\/span><\/p>\n<p><strong>LOCAL DE NASCIMENTO<\/strong><\/p>\n<p><strong>DATA DE NASCIMENTO<\/strong>\u00a0 Torres Novas<\/p>\n<p style=\"font-weight: 400;\"><strong>PA\u00cdS ONDE NASCEU<\/strong> Portugal<\/p>\n<div><b><span lang=\"PT\">PROFISS\u00c3O \/ CARGO \/ FUN\u00c7\u00c3O <\/span><\/b><span lang=\"PT\">Abadessa<\/span><\/div>\n<div><\/div>\n<p><strong>DATA DA MORTE<\/strong>\u00a0 S\u00e9culo YY<\/p>\n<p><strong>ESTADO<\/strong> \u00a0Freira<\/p>\n<p><strong>CONVENTO <\/strong><span lang=\"PT\">Convento do Esp\u00edrito Santo, Torres Novas<\/span><\/p>\n<h4><strong>Obra<\/strong><\/h4>\n<p><strong>OBRAS IMPRESSAS<\/strong><\/p>\n<blockquote>\n<div><i><span lang=\"PT\">Soneto de Francisca da Colvna Religiosa Professa no Mosteiro do Espirito Santo de Torres Nouas, <\/span><\/i><\/div>\n<div><span lang=\"PT\">in.: Francisco Lopes, <i>Sancto Antonio de Lisboa: Primeira e Segunda parte, do seu nascimento, crea\u00e7\u00e3o, vida, morte e milagres,<\/i> Lisboa, Of. Pedro Craesbeeck, no ano de 1610.<\/span><\/div>\n<\/blockquote>\n<div><\/div>\n<div><strong>OBRAS DESAPARECIDAS<\/strong><\/div>\n<div><\/div>\n<div>\n<p style=\"font-weight: 400;\"><em>Commedia do Nacimento de Christo Senhor Nosso<\/em><\/p>\n<p style=\"font-weight: 400;\"><em>Commedias ao Divino.<\/em><\/p>\n<p style=\"font-weight: 400;\"><em>Commedias<\/em><\/p>\n<\/div>\n<div><\/div>\n<h4><strong>Bibliografia:<\/strong><\/h4>\n<p style=\"font-weight: 400;\">BARROS, Teresa Leit\u00e3o de, <em>Escritoras de Portugal. G\u00e9nio feminino revelado na Literatura Portuguesa, <\/em>\u00a0Lisboa, vol. I, Typographia de Antonio B. Antunes, 1924, p. 239.<\/p>\n<p>FARINHA, Bento Jos\u00e9 de Sousa, <em>Summario de Bibliotheca Lusitana,<\/em> Lisboa, na Officina de Antonio Gomes, 1786, vol. II, pp. 39-40.<\/p>\n<p style=\"font-weight: 400;\">PERYM, Dami\u00e3o de Froes, <em>Theatro Heroino, abecedario historico, e catalogo das mulheres ilustres em armas, letras ac\u00e7oens heroicas e artes liberais\u2026, <\/em>, Lisboa Occidental, na Officina de Musica de Theotonio Antunes Lima, 1736-1740, volume \u00a0I, \u00a0p. 386<\/p>\n<p style=\"font-weight: 400;\">MACHADO, Diogo Barbosa, <em>Bibliotheca Luzitana: hist\u00f3rica, cr\u00edtica e cronol\u00f3gica, <\/em>Lisboa Occidental, na Officina de Antonio Isidoro da Fonseca, 1741-1759, vol. II, pp. 81-82; Vol. IV, p. 124.<\/p>\n<p style=\"font-weight: 400;\">MORUJ\u00c3O, Isabel, <em>Contributo para uma bibliografia cronol\u00f3gica\u00a0 da literatura mon\u00e1stica feminina Portuguesa dos s\u00e9culos XVII e XVIII (impressos). Centro de Estudos de Hist\u00f3ria Religiosa: Universidade Cat\u00f3lica Portuguesa<\/em>, Lisboa, 1995, p. 9.<\/p>\n<p style=\"font-weight: 400;\">REIS, Pe Ant\u00f3nio dos, <i>Corpus Illustrium Poetarum Lusitanorum qui Latine scripserunt, nunc primum in lucem editum ab [&#8230;], nonnulisque poetarum uitis auctum ab Emanuele Monteiro<\/i>, [&#8230;], Lisbonae, Typis Regalibus Sylvianis, Regiaeque Academiae, 1745-1748, p. 278.<\/p>\n<p style=\"font-weight: 400;\">SERRANO Y SANZ, <span lang=\"PT\">Manuel,<i> Apuntes para una biblioteca de escritoras espa\u00f1olas desde el a\u00f1o 1401 al 1833<\/i>, Madrid, Establecimiento Tipografico \u201cSucesores de Rivadeneyra\u201d, 1903-1905,<\/span>\u00a0volume I, p. 275.<\/p>\n<p style=\"font-weight: 400;\">TAVARES, Pe Manuel<span lang=\"PT\">, <i>Portugal Illustrado pelo Sexo Feminino<\/i>, Lisboa Occidental, na Officina de Pedro Ferreira, 1734,<\/span><em>\u00a0<\/em>p. 74.<\/p>\n<div><a name=\"OLE_LINK64\"><\/a><\/div>\n","protected":false},"excerpt":{"rendered":"<p>NOME \u00a0Francisca da Coluna, Soror Elementos biogr\u00e1ficos PAI Ant\u00e3o Mogo de Mello, Fidalgo da Casa Real M\u00c3E \u00c2ngela de Velasco LOCAL DE NASCIMENTO DATA DE NASCIMENTO\u00a0 Torres Novas PA\u00cdS ONDE NASCEU Portugal PROFISS\u00c3O \/ CARGO \/ FUN\u00c7\u00c3O Abadessa DATA DA MORTE\u00a0 S\u00e9culo YY ESTADO \u00a0Freira CONVENTO Convento do Esp\u00edrito Santo, Torres Novas Obra OBRAS IMPRESSAS &#8230; <a title=\"Francisca da Coluna, Soror\" class=\"read-more\" href=\"https:\/\/escritoras-em-portugues.com\/en\/xvii\/francisca-da-coluna-soror\/\" aria-label=\"Read more about Francisca da Coluna, Soror\">Read more<\/a><\/p>","protected":false},"author":3,"featured_media":0,"parent":47,"menu_order":0,"comment_status":"closed","ping_status":"closed","template":"","meta":{"cybocfi_hide_featured_image":"","footnotes":""},"class_list":["post-1485","page","type-page","status-publish"],"_links":{"self":[{"href":"https:\/\/escritoras-em-portugues.com\/en\/wp-json\/wp\/v2\/pages\/1485","targetHints":{"allow":["GET"]}}],"collection":[{"href":"https:\/\/escritoras-em-portugues.com\/en\/wp-json\/wp\/v2\/pages"}],"about":[{"href":"https:\/\/escritoras-em-portugues.com\/en\/wp-json\/wp\/v2\/types\/page"}],"author":[{"embeddable":true,"href":"https:\/\/escritoras-em-portugues.com\/en\/wp-json\/wp\/v2\/users\/3"}],"replies":[{"embeddable":true,"href":"https:\/\/escritoras-em-portugues.com\/en\/wp-json\/wp\/v2\/comments?post=1485"}],"version-history":[{"count":6,"href":"https:\/\/escritoras-em-portugues.com\/en\/wp-json\/wp\/v2\/pages\/1485\/revisions"}],"predecessor-version":[{"id":2006,"href":"https:\/\/escritoras-em-portugues.com\/en\/wp-json\/wp\/v2\/pages\/1485\/revisions\/2006"}],"up":[{"embeddable":true,"href":"https:\/\/escritoras-em-portugues.com\/en\/wp-json\/wp\/v2\/pages\/47"}],"wp:attachment":[{"href":"https:\/\/escritoras-em-portugues.com\/en\/wp-json\/wp\/v2\/media?parent=1485"}],"curies":[{"name":"wp","href":"https:\/\/api.w.org\/{rel}","templated":true}]}}