{"id":1457,"date":"2024-02-05T08:44:53","date_gmt":"2024-02-05T08:44:53","guid":{"rendered":"https:\/\/escritoras-em-portugues.com\/?page_id=1457"},"modified":"2024-06-04T22:33:09","modified_gmt":"2024-06-04T22:33:09","slug":"modelo-3","status":"publish","type":"page","link":"https:\/\/escritoras-em-portugues.com\/en\/xix\/modelo-3\/","title":{"rendered":"Am\u00e9lia de Leuchtenberg, D., Imperatriz do Brasil"},"content":{"rendered":"<p><strong>NAME<\/strong> Am\u00e9lia de Leuchtenberg, D., Imperatriz do Brasil<\/p>\n<p><strong>OTHER NAMES <\/strong>Am\u00e9lie Auguste Eug\u00e9nie Napol\u00e9onne de Leuchtenberg, <span lang=\"PT\" style=\"font-size: inherit;\">Am\u00e9lie de Beauharnais<\/span><\/p>\n<h4><strong>Biographical Elements<\/strong><\/h4>\n<div><b>FATHER \u00a0<\/b><span lang=\"PT\">Eug\u00e8ne de Beauharnais, 1er duc de Leuchtenberg<\/span><\/div>\n<div><\/div>\n<div>\n<div><b>MOTHER <\/b>Augusta, Princesa de Bayern<\/div>\n<div><\/div>\n<\/div>\n<p><strong>BIRTHPLACE <\/strong>Mil\u00e3o<\/p>\n<p><strong>DATE OF BIRTH <\/strong>31 de Julho de 1812<\/p>\n<div>\n<div><b>COUNTRY OF BIRTH <\/b>Imp\u00e9rio Austro-H\u00fangaro<\/div>\n<\/div>\n<div>\n<div><\/div>\n<div><b>PROFESSION \/ POSITION \/ FUNCTION<\/b> Imperatriz do Brasil<\/div>\n<\/div>\n<div><\/div>\n<p><strong>DATE OF DEATH <\/strong><span lang=\"PT\">26 de Janeiro 1873<\/span><\/p>\n<div><b>MARITAL STATUS\u00a0<\/b><span lang=\"PT\">Married<\/span><\/div>\n<div><\/div>\n<div><b>C\u00d4NJUGUE <\/b>D. Pedro, I Imperador do Brasil, IV Rei de Portugal<\/div>\n<div><\/div>\n<div><b><b>MARRIAGE PLACE AND DATE <\/b><\/b>Rio de Janeiro, 17 de Outubro 1829<\/div>\n<div><\/div>\n<div><b>NUMBER OF CHILDREN <\/b>1<\/div>\n<div><\/div>\n<div><b><b>CHILDREN <\/b><\/b>Maria Am\u00e9lia de Bragan\u00e7a Princesa do Brasil (n. 1 de Dezembro de 1831)<\/div>\n<div><\/div>\n<div><b>LANGUAGES <\/b>Franc\u00eas, Portugu\u00eas<\/div>\n<div><\/div>\n<div><\/div>\n<h4><strong>WORKS<\/strong><\/h4>\n<p><strong>PRINTED WORKS<\/strong><\/p>\n<blockquote>\n<p style=\"font-weight: 400;\"><em>Adeuses da Imperatriz Amelia ao menino adormecido<\/em>. Rio de Janeiro, typ. de R. Rogier, 1831.<\/p>\n<\/blockquote>\n<h4 style=\"font-weight: 400;\"><strong>Bibliografia<\/strong><\/h4>\n<div>ASSUN\u00c7\u00c3O, Paulo de<span style=\"font-size: inherit;\">\u00a0&#8220;A saudade e\u0301 cor-de-rosa &#8211; Memo\u0301rias de Ame\u0301lia de Leuchtenberg &#8211; Imperatriz do Brazil&#8221; in.: <\/span><em style=\"font-size: inherit;\">Arte, Cultura e Patrimo\u0301nio do Romantismo &#8211; Actas do 1o. Colo\u0301quio &#8220;Saudade Perpe\u0301tua&#8221;, <\/em><span style=\"font-size: inherit;\">Porto, CEPESE, 2018, pp. 217-241.\u00a0<\/span><\/div>\n<div><\/div>\n<div><span lang=\"PT\">BLAKE, Sacramento, <\/span><i><span lang=\"PT\">Diccionario bibliographico brazileiro,<\/span><\/i><\/div>\n<div><\/div>\n<div>SILVA, Innocencio Francisco da, <em>Dicion\u00e1rio Bibliogr\u00e1fico Portugu\u00eas<\/em>, Lisboa, Imprensa Nacional,<\/div>\n<div><\/div>\n<div>SCHWARCZ, L\u00edlia e Heloisa M. STARKING, <em>Brasil: Uma biografia<\/em>,<\/div>\n<div><\/div>\n<div>WITTE, Cl\u00e1udia de, <em>D. Am\u00e9lia: a Hist\u00f3ria N\u00e3o Contada, <\/em>Leya Brasil,<\/div>\n<pre><\/pre>","protected":false},"excerpt":{"rendered":"<p>NOME Am\u00e9lia de Leuchtenberg, D., Imperatriz do Brasil OUTRO(S) NOME (S) Am\u00e9lie Auguste Eug\u00e9nie Napol\u00e9onne de Leuchtenberg, Am\u00e9lie de Beauharnais Elementos biogr\u00e1ficos PAI \u00a0Eug\u00e8ne de Beauharnais, 1er duc de Leuchtenberg M\u00c3E Augusta, Princesa de Bayern LOCAL DE NASCIMENTO Mil\u00e3o DATA DE NASCIMENTO 31 de Julho de 1812 PA\u00cdS ONDE NASCEU Imp\u00e9rio Austro-H\u00fangaro PROFISS\u00c3O \/ CARGO &#8230; <a title=\"Am\u00e9lia de Leuchtenberg, D., Imperatriz do Brasil\" class=\"read-more\" href=\"https:\/\/escritoras-em-portugues.com\/en\/xix\/modelo-3\/\" aria-label=\"Read more about Am\u00e9lia de Leuchtenberg, D., Imperatriz do Brasil\">Read more<\/a><\/p>","protected":false},"author":3,"featured_media":0,"parent":48,"menu_order":0,"comment_status":"closed","ping_status":"closed","template":"","meta":{"cybocfi_hide_featured_image":"","footnotes":""},"class_list":["post-1457","page","type-page","status-publish"],"_links":{"self":[{"href":"https:\/\/escritoras-em-portugues.com\/en\/wp-json\/wp\/v2\/pages\/1457","targetHints":{"allow":["GET"]}}],"collection":[{"href":"https:\/\/escritoras-em-portugues.com\/en\/wp-json\/wp\/v2\/pages"}],"about":[{"href":"https:\/\/escritoras-em-portugues.com\/en\/wp-json\/wp\/v2\/types\/page"}],"author":[{"embeddable":true,"href":"https:\/\/escritoras-em-portugues.com\/en\/wp-json\/wp\/v2\/users\/3"}],"replies":[{"embeddable":true,"href":"https:\/\/escritoras-em-portugues.com\/en\/wp-json\/wp\/v2\/comments?post=1457"}],"version-history":[{"count":8,"href":"https:\/\/escritoras-em-portugues.com\/en\/wp-json\/wp\/v2\/pages\/1457\/revisions"}],"predecessor-version":[{"id":1883,"href":"https:\/\/escritoras-em-portugues.com\/en\/wp-json\/wp\/v2\/pages\/1457\/revisions\/1883"}],"up":[{"embeddable":true,"href":"https:\/\/escritoras-em-portugues.com\/en\/wp-json\/wp\/v2\/pages\/48"}],"wp:attachment":[{"href":"https:\/\/escritoras-em-portugues.com\/en\/wp-json\/wp\/v2\/media?parent=1457"}],"curies":[{"name":"wp","href":"https:\/\/api.w.org\/{rel}","templated":true}]}}