{"id":1442,"date":"2024-01-23T15:21:16","date_gmt":"2024-01-23T15:21:16","guid":{"rendered":"https:\/\/escritoras-em-portugues.com\/?page_id=1442"},"modified":"2024-06-04T22:05:03","modified_gmt":"2024-06-04T22:05:03","slug":"eugenia-maria-teles-de-castro-da-gama-7a-marquesa-de-nisamodelo-2","status":"publish","type":"page","link":"https:\/\/escritoras-em-portugues.com\/en\/xviii\/eugenia-maria-teles-de-castro-da-gama-7a-marquesa-de-nisamodelo-2\/","title":{"rendered":"Eug\u00e9nia Maria Teles de Castro da Gama, 7\u00aa marquesa de Nisa"},"content":{"rendered":"<p><strong>NAME<\/strong> Eug\u00e9nia Maria Teles de Castro da Gama<\/p>\n<p><strong>OUTROS NOME(S)<\/strong> Eug\u00e9nia Maria Josefa Xavier Teles de Castro da Gama Ata\u00edde Noronha da Silveira e Sousa, 7\u00aa marquesa de Nisa, 1\u00aa condessa da Vidigueira e 7\u00aa condessa de Unh\u00e3o<\/p>\n<p><strong>Biographical Elements<\/strong><\/p>\n<p><strong>FATHER<\/strong> Rodrigo Xavier Teles de Castro da Gama Ata\u00edde Noronha Silveira e Sousa , 6\u00ba marqu\u00eas de Nisa, (1744-1784)<\/p>\n<p><strong>MOTHER<\/strong> Maria Ana Josefa Teles de Lima (1753-1818)<\/p>\n<p><strong>BIRTHPLACE<\/strong>\u00a0 Lisboa, Beato<\/p>\n<p><strong>DATE OF BIRTH<\/strong> 8 de Janeiro de 1776<\/p>\n<p><strong>BAPTISM PLACE<\/strong> Lisboa, Beato<\/p>\n<p><strong>BAPTISM DATE<\/strong> 9\u00a0de Janeiro de 1776<\/p>\n<p><strong>PLACE OF DEATH<\/strong> Lisboa<\/p>\n<p><strong>COUNTRY OF BIRTH<\/strong> Portugal<\/p>\n<p><strong>DATE OF DEATH<\/strong> 28 de Dezembro de 1839<\/p>\n<p><strong>MARITAL STATUS\u00a0<\/strong>Married<\/p>\n<p><strong>C\u00d4NJUGUE<\/strong> Domingos Jos\u00e9 Xavier de Lima (1765-1802)<\/p>\n<p><strong>MARRIAGE PLACE AND DATE<\/strong> Lisboa, Pena, 1790<\/p>\n<p><strong>NUMBER OF CHILDREN<\/strong> 6<\/p>\n<p><strong>CHILDREN<\/strong><\/p>\n<p>Francisca de Assis Xavier Teles da Gama, 3\u00aa condessa de Castelo Melhor<\/p>\n<p>Rodrigo Francisco Xavier Teles da Gama<\/p>\n<p>Tom\u00e1s Xavier Teles Castro Gama 8\u00ba marqu\u00eas de Nisa<\/p>\n<p>Eug\u00e9nia Francisca Xavier Teles da Fama, 1\u00aa duquesa de Palmela<\/p>\n<p>Maria Ana Francisca Jos\u00e9 Teles da Gama<\/p>\n<p>Manuel Assis Mascarenhas, 5\u00ba conde de \u00d3bidos<\/p>\n<p>Ana Francisca Maria Jos\u00e9 Xavier Teles da Gama<\/p>\n<p><strong>LANGUAGES<\/strong> Portugu\u00eas<\/p>\n<p><strong>WORKS<\/strong><\/p>\n<p><strong>HANDWRITTEN WORKS<\/strong><\/p>\n<blockquote><p>Arquivo Nacional Torre do Tombo, Condes da P\u00f3voa, liv. 7.<\/p><\/blockquote>\n<p><strong>BIBLIOGRAPHY <\/strong><\/p>\n<p>ALVES, Ivone (1996), \u201cA pequena\/grande marquesa. Eug\u00e9nia Maria Josefa Xavier Teles de Castro da Gama Ata\u00edde Noronha da Silveira e Sousa, 7\u00aa marquesa de Nisa, 11\u00aa condessa da Vidigueira e 7\u00aa condessa de Unh\u00e3o\u201d, <em>Arquivo de Cascais. Boletim Cultural do Munic\u00edpio<\/em>, No. 12, 1996, pp. 7-41.<\/p>\n<p><a href=\"https:\/\/doi.org\/10.5944\/rei.vol.11.2023.37592\">URBANO, Pedro, CARVALHO, Andr\u00e9, &#8220;The transmission of model behaviours in the correspondance between the Marchioness of Nisa and her daughter, the Countess of Palmela, ambassadress to London (1817-1819), <i>Revista de Escritoras Ib\u00e9ricas<\/i>,\u00a011, 2023, pp. 233\u2013260.<\/a><\/p>\n<p>&nbsp;<\/p>\n<p>&nbsp;<\/p>\n<p>&nbsp;<\/p>\n<p>&nbsp;<\/p>\n<p>&nbsp;<\/p>","protected":false},"excerpt":{"rendered":"<p>NOME Eug\u00e9nia Maria Teles de Castro da Gama OUTROS NOME(S) Eug\u00e9nia Maria Josefa Xavier Teles de Castro da Gama Ata\u00edde Noronha da Silveira e Sousa, 7\u00aa marquesa de Nisa, 1\u00aa condessa da Vidigueira e 7\u00aa condessa de Unh\u00e3o Elementos biogr\u00e1ficos PAI Rodrigo Xavier Teles de Castro da Gama Ata\u00edde Noronha Silveira e Sousa , 6\u00ba &#8230; <a title=\"Eug\u00e9nia Maria Teles de Castro da Gama, 7\u00aa marquesa de Nisa\" class=\"read-more\" href=\"https:\/\/escritoras-em-portugues.com\/en\/xviii\/eugenia-maria-teles-de-castro-da-gama-7a-marquesa-de-nisamodelo-2\/\" aria-label=\"Read more about Eug\u00e9nia Maria Teles de Castro da Gama, 7\u00aa marquesa de Nisa\">Read more<\/a><\/p>","protected":false},"author":1,"featured_media":0,"parent":46,"menu_order":0,"comment_status":"closed","ping_status":"closed","template":"","meta":{"cybocfi_hide_featured_image":"","footnotes":""},"class_list":["post-1442","page","type-page","status-publish"],"_links":{"self":[{"href":"https:\/\/escritoras-em-portugues.com\/en\/wp-json\/wp\/v2\/pages\/1442","targetHints":{"allow":["GET"]}}],"collection":[{"href":"https:\/\/escritoras-em-portugues.com\/en\/wp-json\/wp\/v2\/pages"}],"about":[{"href":"https:\/\/escritoras-em-portugues.com\/en\/wp-json\/wp\/v2\/types\/page"}],"author":[{"embeddable":true,"href":"https:\/\/escritoras-em-portugues.com\/en\/wp-json\/wp\/v2\/users\/1"}],"replies":[{"embeddable":true,"href":"https:\/\/escritoras-em-portugues.com\/en\/wp-json\/wp\/v2\/comments?post=1442"}],"version-history":[{"count":5,"href":"https:\/\/escritoras-em-portugues.com\/en\/wp-json\/wp\/v2\/pages\/1442\/revisions"}],"predecessor-version":[{"id":1838,"href":"https:\/\/escritoras-em-portugues.com\/en\/wp-json\/wp\/v2\/pages\/1442\/revisions\/1838"}],"up":[{"embeddable":true,"href":"https:\/\/escritoras-em-portugues.com\/en\/wp-json\/wp\/v2\/pages\/46"}],"wp:attachment":[{"href":"https:\/\/escritoras-em-portugues.com\/en\/wp-json\/wp\/v2\/media?parent=1442"}],"curies":[{"name":"wp","href":"https:\/\/api.w.org\/{rel}","templated":true}]}}