{"id":1408,"date":"2024-01-22T08:19:10","date_gmt":"2024-01-22T08:19:10","guid":{"rendered":"https:\/\/escritoras-em-portugues.com\/?page_id=1408"},"modified":"2024-06-04T22:44:23","modified_gmt":"2024-06-04T22:44:23","slug":"francisca-wood","status":"publish","type":"page","link":"https:\/\/escritoras-em-portugues.com\/en\/xix\/francisca-wood\/","title":{"rendered":"Francisca Wood"},"content":{"rendered":"<p><strong>NAME<\/strong> Francisca Wood<\/p>\n<p><strong>OUTRO(S) NOMES(S)<\/strong> <span lang=\"PT\">Francisca de Assis Martins Wood<\/span><\/p>\n<h4><\/h4>\n<h4><strong>Biographical Elements<\/strong><\/h4>\n<p><strong>BIRTHPLACE <\/strong>Santos o Velho, Lisboa<\/p>\n<p><strong>DATE OF BIRTH<\/strong> 4 Out<span lang=\"PT\">ubro 1802<\/span><\/p>\n<div><b>PROFESSION \/ POSITION \/ FUNCTION<\/b> Escritora, tradutora, editora, jornalista<\/div>\n<div><\/div>\n<div><strong>PLACE OF DEATH\u00a0<\/strong>Lisboa<\/div>\n<p>&nbsp;<\/p>\n<p><strong>DATE OF DEATH<\/strong> 27 Novembro 1900<\/p>\n<div><\/div>\n<div><b>MARITAL STATUS\u00a0<\/b>Married<\/div>\n<div><\/div>\n<div><\/div>\n<div><b>C\u00d4NJUGUE <\/b>William Thorold Wood<\/div>\n<div><\/div>\n<div><\/div>\n<div><b>MARRIAGE PLACE AND DATE <\/b>Londres, 17 Julho 1858<\/div>\n<div><\/div>\n<div><\/div>\n<div><strong>LANGUAGES<\/strong> Portugu\u00eas, Ingl\u00eas<\/div>\n<div><\/div>\n<div><\/div>\n<div><\/div>\n<h4><strong>WORKS<\/strong><\/h4>\n<p><strong>PRINTED WORKS<\/strong><\/p>\n<blockquote>\n<p style=\"font-weight: 400;\"><em>Maria Severn <\/em>(1868)<\/p>\n<\/blockquote>\n<p style=\"font-weight: 400;\"><strong>Colabora\u00e7\u00e3o na imprensa peri\u00f3dica\u00a0<\/strong><\/p>\n<blockquote>\n<p style=\"font-weight: 400;\"><em>A Voz Feminina<\/em> (1868-1869)<\/p>\n<p style=\"font-weight: 400;\"><em>O Progresso<\/em> (1869)<\/p>\n<p style=\"font-weight: 400;\"><em>Zoophilo<\/em><\/p>\n<p>&nbsp;<\/p><\/blockquote>\n<h4><strong>Bibliography<\/strong><\/h4>\n<p style=\"font-weight: 400;\">ALONZO, Claudia Pazos, <em>Francisca Wood and Nineteenth Century Periodical Culture: Pressing for Change, <\/em>Taylor and Francis, 2020.<\/p>\n<p>&nbsp;<\/p>\n<p style=\"font-weight: 400;\">ALONZO, Claudia Pazos, <em>Anticlericalismo e feminismo na imprensa oitocentista. Os artigos de fundo de Francisca de Assis Martins Wood<\/em><em>, <\/em>Instituto de Literatura Comparada Margarida Llosa<em>, <\/em>Edi\u00e7\u00f5es Afrontamento, 2021.<\/p>\n<p>&nbsp;<\/p>\n<p style=\"font-weight: 400;\"><a href=\"https:\/\/www.tandfonline.com\/doi\/abs\/10.1080\/0969725X.2017.1285615\">ALONZO, Claudia Pazos &#8220;Spreading the Word. The \u201cWoman question\u201d in the periodicals <em>A Voz Feminina<\/em> and <em>O Progresso<\/em>\u201d <em>Journal of Theoretical Humanities<\/em>, vol. 22, Issue 1, 2017, pp. 61-75.<\/a><\/p>\n<p>&nbsp;<\/p>\n<p style=\"font-weight: 400;\"><a href=\"https:\/\/doi.org\/10.3828\/jrs.2019.24\">ALONZO, Claudia Pazos \u201cA public intellectual in nineteenth-century Portugal: Francisca Wood and the press\u201d <em>Journal of Romance Studies<\/em> vol. 19, n\u00ba 3, 2019, pp. 345-370.<\/a><\/p>\n<p>&nbsp;<\/p>\n<div>\n<h6><a href=\"https:\/\/ora.ox.ac.uk\/objects\/uuid:44c8e240-2f6e-4a77-9861-b703f0a43658\"><span lang=\"EN-US\">ALONZO, Claudia Pazos \u201c<\/span>A public intellectual in nineteenth-century Portugal: Francisca Wood and the press<span lang=\"EN-US\">\u201d Institute of Modern Languages Research, 2019<\/span><\/a><\/h6>\n<\/div>\n<p>&nbsp;<\/p>\n<p style=\"font-weight: 400;\">CORTEZ, Maria Teresa <em>Os contos de Grimm em Portugal. A Recep\u00e7\u00e3o dos Kinder- e Hausm\u00e4rchen entre 1837 e 1910<\/em>, Coimbra, Minerva, 2001.<\/p>\n<p style=\"font-weight: 400;\">LEAL, Maria Ivone, <em>Um s\u00e9culo de peri\u00f3dicos femininos<\/em>, Lisboa, Comiss\u00e3o para a Igualdade e para os Direitos das Mulheres, Cadernos da Comiss\u00e3o da Condi\u00e7\u00e3o Feminina, 1995.<\/p>\n<p>&nbsp;<\/p>\n<p style=\"font-weight: 400;\"><a href=\"https:\/\/revistas.ucp.pt\/index.php\/gaudiumsciendi\/article\/view\/2557\">LOPES, Ana Maria Costa \u201cReligi\u00e3o e G\u00e9nero como formas de discrimina\u00e7\u00e3o no s\u00e9culo XIX: o casal Wood\u201d <em>Gaudium Sciendi, <\/em>2, 1 de junho 2012 pp. 51-64.<\/a><\/p>\n<p>&nbsp;<\/p>\n<p style=\"font-weight: 400;\"><a href=\"https:\/\/exaequo.apem-estudos.org\/files\/2017-12\/artigo-no-5-ana-lopes.pdf\">LOPES, Ana Maria Costa, \u201cSexo e G\u00e9nero. Algumas notas epistemol\u00f3gicas para a an\u00e1lise da mentalidade no s\u00e9culo XIX\u201d <em>Ex Aequo<\/em>, n\u00ba 1, 1999, pp. 45-60.<\/a><\/p>\n<p>&nbsp;<\/p>\n<p style=\"font-weight: 400;\">LOPES, Ana Maria Costa \u201cFrancisca de Assis Martins Wood\u201d <em>Feminae. Dicion\u00e1rio Contempor\u00e2neo,<\/em><\/p>\n<p style=\"font-weight: 400;\"><em>\u00a0<\/em><\/p>\n<p style=\"font-weight: 400;\"><a href=\"https:\/\/www.publico.pt\/2006\/01\/24\/jornal\/o-escoces-perseguido-na-madeira-por-causa-da-sua-fe-60020\">MARUJO, Ant\u00f3nio \u201cO escoc\u00eas perseguido na Madeira pela sua f\u00e9\u201d <em>Jornal P\u00fablico, <\/em>24 de Janeiro 2006<\/a><\/p>\n<p>&nbsp;<\/p>\n<p style=\"font-weight: 400;\"><a href=\"https:\/\/journals.openedition.org\/cultura\/425\">SALVADOR, Teresa \u201cEm torno dos peri\u00f3dicos femininos\u201d Cultura Revista de Hist\u00f3ria e Teoria das Ideias, vol. 26, 2009, pp. 95-117.<\/a><\/p>\n<p>&nbsp;<\/p>\n<p style=\"font-weight: 400;\"><a href=\"https:\/\/periodicos.uff.br\/revistaabril\/article\/view\/55184\">SILVA, Fabio Mario da\u00a0 \u201cAs mulheres e a imprensa no s\u00e9culo XIX: o caso de Francisca Wood.\u00a0<em>Abril \u2013 NEPA \/ UFF<\/em>,\u00a0<em>14<\/em>(29), 2022, pp. 175-178.\u00a0<\/a><\/p>","protected":false},"excerpt":{"rendered":"<p>NOME Francisca Wood OUTRO(S) NOMES(S) Francisca de Assis Martins Wood Elementos biogr\u00e1ficos LOCAL DE NASCIMENTO Santos o Velho, Lisboa DATA DE NASCIMENTO 4 Outubro 1802 PROFISS\u00c3O \/ CARGO \/ FUN\u00c7\u00c3O Escritora, tradutora, editora, jornalista LOCAL DA MORTE\u00a0Lisboa &nbsp; DATA DA MORTE 27 Novembro 1900 ESTADO\u00a0Casada C\u00d4NJUGUE William Thorold Wood LUGAR E DATA DE CASAMENTO Londres, &#8230; <a title=\"Francisca Wood\" class=\"read-more\" href=\"https:\/\/escritoras-em-portugues.com\/en\/xix\/francisca-wood\/\" aria-label=\"Read more about Francisca Wood\">Read more<\/a><\/p>","protected":false},"author":3,"featured_media":0,"parent":48,"menu_order":0,"comment_status":"closed","ping_status":"closed","template":"","meta":{"cybocfi_hide_featured_image":"","footnotes":""},"class_list":["post-1408","page","type-page","status-publish"],"_links":{"self":[{"href":"https:\/\/escritoras-em-portugues.com\/en\/wp-json\/wp\/v2\/pages\/1408","targetHints":{"allow":["GET"]}}],"collection":[{"href":"https:\/\/escritoras-em-portugues.com\/en\/wp-json\/wp\/v2\/pages"}],"about":[{"href":"https:\/\/escritoras-em-portugues.com\/en\/wp-json\/wp\/v2\/types\/page"}],"author":[{"embeddable":true,"href":"https:\/\/escritoras-em-portugues.com\/en\/wp-json\/wp\/v2\/users\/3"}],"replies":[{"embeddable":true,"href":"https:\/\/escritoras-em-portugues.com\/en\/wp-json\/wp\/v2\/comments?post=1408"}],"version-history":[{"count":9,"href":"https:\/\/escritoras-em-portugues.com\/en\/wp-json\/wp\/v2\/pages\/1408\/revisions"}],"predecessor-version":[{"id":1893,"href":"https:\/\/escritoras-em-portugues.com\/en\/wp-json\/wp\/v2\/pages\/1408\/revisions\/1893"}],"up":[{"embeddable":true,"href":"https:\/\/escritoras-em-portugues.com\/en\/wp-json\/wp\/v2\/pages\/48"}],"wp:attachment":[{"href":"https:\/\/escritoras-em-portugues.com\/en\/wp-json\/wp\/v2\/media?parent=1408"}],"curies":[{"name":"wp","href":"https:\/\/api.w.org\/{rel}","templated":true}]}}