{"id":1398,"date":"2024-01-21T21:57:07","date_gmt":"2024-01-21T21:57:07","guid":{"rendered":"https:\/\/escritoras-em-portugues.com\/?page_id=1398"},"modified":"2024-06-04T22:24:30","modified_gmt":"2024-06-04T22:24:30","slug":"antonia-gertrudes-pusich","status":"publish","type":"page","link":"https:\/\/escritoras-em-portugues.com\/en\/xix\/antonia-gertrudes-pusich\/","title":{"rendered":"Ant\u00f3nia Gertrudes Pusich"},"content":{"rendered":"<p><strong>NAME <\/strong><span lang=\"PT\">Ant\u00f3nia Gertrudes Pusich<\/span><\/p>\n<h4><strong>Biographical Elements<\/strong><\/h4>\n<p><strong>FATHER <\/strong><span lang=\"PT\">Ant\u00f3nio Pusich<\/span><\/p>\n<p><strong>MOTHER<\/strong> Ana Maria Isabel Nunes<\/p>\n<p><strong>LOCAL DO NASCIMENTO <\/strong><span lang=\"PT\">S\u00e3o Nicolau, Cabo Verde<\/span><\/p>\n<p><strong>DATE OF BIRTH <\/strong><span lang=\"PT\">1 Outubro 1805<\/span><\/p>\n<p><strong>DATE OF DEATH <\/strong><span lang=\"PT\">Lisboa, 6 de Outubro 1883<\/span><\/p>\n<p><strong>MARITAL STATUS I<\/strong> Married<\/p>\n<p><strong>C\u00d4NJUGUE <\/strong>Francisco Henriques Teixeira<\/p>\n<p><strong>DATA DO CASAMENTO\u00a0<\/strong>1830<\/p>\n<p><strong>MARITAL STATUS II <\/strong>Married<\/p>\n<p><strong>C\u00d4NJUGUE II <\/strong>Ant\u00f3nio de Melo<\/p>\n<p><strong>CHILDREN<\/strong> 1<\/p>\n<div><b>LANGUAGES <\/b><span lang=\"PT\">Portugu\u00eas, Franc\u00eas, Italiano, ingl\u00eas<\/span><\/div>\n<div><\/div>\n<div><\/div>\n<h4><strong>WORKS<\/strong><\/h4>\n<p><strong>PRINTED WORKS<\/strong><\/p>\n<blockquote>\n<p style=\"font-weight: 400;\"><em>Elegia \u00e0 morte das infelizes V\u00edtimas assassinadas por Francisco Matos Lobo<\/em> 1841<\/p>\n<p style=\"font-weight: 400;\"><em>A S. M. El Rei Fidel\u00edssimo o Sr. D. Fernando no seu Dia Natal\u00edcio<\/em><\/p>\n<p style=\"font-weight: 400;\"><em>Homenagem a Lu\u00eds de Cam\u00f5es <\/em>1880<\/p>\n<p style=\"font-weight: 400;\"><em>Olinda ou a Abadia de Cumnor Place <\/em>(poema em 5 cantos) 1848<\/p>\n<p style=\"font-weight: 400;\"><em>Constan\u00e7a ou Amor maternal <\/em>\u00a0(drama em 3 actos) 1853<\/p>\n<p style=\"font-weight: 400;\"><em>Canto \u00e0 Mem\u00f3ria de Dom Pedro Quinto<\/em> 1861<\/p>\n<p style=\"font-weight: 400;\"><em>Homenagem \u00e0 Rainha de Portugal D. Estef\u00e2nia <\/em><\/p>\n<p style=\"font-weight: 400;\"><em>Preces ou C\u00e2ntico Devoto dedicado aos Fi\u00e9is portugueses,<\/em><\/p>\n<p style=\"font-weight: 400;\"><em>Saudade<\/em><\/p>\n<p><em>Constan\u00e7a<\/em> (drama em 3 actos)<\/p>\n<p><em>O Regedor da Par\u00f3quia<\/em> (com\u00e9dia em 1 acto)<\/p>\n<p>&#8220;Correspond\u00eancia&#8221; <em>Ilustra\u00e7\u00e3o Popular,<\/em> vol. II, n\u00ba 17, 1867, p. 6.<\/p><\/blockquote>\n<p style=\"font-weight: 400;\"><strong>Publications in the periodical press <\/strong><\/p>\n<blockquote>\n<p style=\"font-weight: 400;\"><strong>\u00a0<\/strong><em>Revista Universal Lisbonense<\/em><\/p>\n<p style=\"font-weight: 400;\"><em>Revista Popular<\/em><\/p>\n<p style=\"font-weight: 400;\"><em>Assembleia Liter\u00e1ria <\/em>(fundadora) (1849-1850)<\/p>\n<p style=\"font-weight: 400;\"><em>A Benefic\u00eancia <\/em>(1852-1855)<\/p>\n<p style=\"font-weight: 400;\"><em>A Cruzada\u00a0<\/em>(1858)<\/p>\n<p style=\"font-weight: 400;\"><em>Galeria das Senhoras Deputadas<\/em><\/p>\n<p><em>A Restaura\u00e7\u00e3o<\/em> (n\u00ba 821, 30 de Junho de 1845)<\/p><\/blockquote>\n<h4><strong>Bibliography<\/strong><\/h4>\n<p style=\"font-weight: 400;\">BARROS, Thereza Leit\u00e3o de, <em>Escritoras de Portugal. G\u00e9nio feminino revelado na Literatura Portuguesa, <\/em>\u00a0Lisboa, 2 vols., Typographia de Antonio B. Antunes, 1924, vol II, p.<\/p>\n<p>CANUTO, Maria Jos\u00e9 da Silva &#8220;Necrologia&#8221; <em>A Mulher<\/em>, Ano I, n\u00ba 32, 1883.<\/p>\n<p><em>O Ocidente<\/em>, vol. VI, n\u00ba 175, 1 de Novembro de 1883.<\/p>\n<p>COSTA, Dom Ant\u00f3nio da<em>A Mulher em Portugal, <\/em>Lisboa, Companhia Nacional Editora, 1892<\/p>\n<p>STONE, Maria Em\u00edlia &#8220;<span lang=\"PT\">Ant\u00f3nia Gertrudes Pusich&#8221; Z\u00edlia Os\u00f3rio de CASTRO e Jo\u00e3o ESTEVES (coord.)\u00a0<em>Dicion\u00e1rio no Feminino (s\u00e9culos XIX-XX), <\/em>Lisboa, Livros Horizonte, 2005, pp. 127-129.\u00a0<\/span><\/p>","protected":false},"excerpt":{"rendered":"<p>NOME Ant\u00f3nia Gertrudes Pusich Elementos biogr\u00e1ficos PAI Ant\u00f3nio Pusich M\u00c3E Ana Maria Isabel Nunes LOCAL DO NASCIMENTO S\u00e3o Nicolau, Cabo Verde DATA DE NASCIMENTO 1 Outubro 1805 DATA DA MORTE Lisboa, 6 de Outubro 1883 ESTADO I Casada C\u00d4NJUGUE Francisco Henriques Teixeira DATA DO CASAMENTO\u00a01830 ESTADO II Casada C\u00d4NJUGUE II Ant\u00f3nio de Melo FILHOS 1 &#8230; <a title=\"Ant\u00f3nia Gertrudes Pusich\" class=\"read-more\" href=\"https:\/\/escritoras-em-portugues.com\/en\/xix\/antonia-gertrudes-pusich\/\" aria-label=\"Read more about Ant\u00f3nia Gertrudes Pusich\">Read more<\/a><\/p>","protected":false},"author":3,"featured_media":0,"parent":48,"menu_order":0,"comment_status":"closed","ping_status":"closed","template":"","meta":{"cybocfi_hide_featured_image":"","footnotes":""},"class_list":["post-1398","page","type-page","status-publish"],"_links":{"self":[{"href":"https:\/\/escritoras-em-portugues.com\/en\/wp-json\/wp\/v2\/pages\/1398","targetHints":{"allow":["GET"]}}],"collection":[{"href":"https:\/\/escritoras-em-portugues.com\/en\/wp-json\/wp\/v2\/pages"}],"about":[{"href":"https:\/\/escritoras-em-portugues.com\/en\/wp-json\/wp\/v2\/types\/page"}],"author":[{"embeddable":true,"href":"https:\/\/escritoras-em-portugues.com\/en\/wp-json\/wp\/v2\/users\/3"}],"replies":[{"embeddable":true,"href":"https:\/\/escritoras-em-portugues.com\/en\/wp-json\/wp\/v2\/comments?post=1398"}],"version-history":[{"count":9,"href":"https:\/\/escritoras-em-portugues.com\/en\/wp-json\/wp\/v2\/pages\/1398\/revisions"}],"predecessor-version":[{"id":1875,"href":"https:\/\/escritoras-em-portugues.com\/en\/wp-json\/wp\/v2\/pages\/1398\/revisions\/1875"}],"up":[{"embeddable":true,"href":"https:\/\/escritoras-em-portugues.com\/en\/wp-json\/wp\/v2\/pages\/48"}],"wp:attachment":[{"href":"https:\/\/escritoras-em-portugues.com\/en\/wp-json\/wp\/v2\/media?parent=1398"}],"curies":[{"name":"wp","href":"https:\/\/api.w.org\/{rel}","templated":true}]}}