{"id":1385,"date":"2024-01-19T21:21:26","date_gmt":"2024-01-19T21:21:26","guid":{"rendered":"https:\/\/escritoras-em-portugues.com\/?page_id=1385"},"modified":"2024-06-04T22:45:18","modified_gmt":"2024-06-04T22:45:18","slug":"luthgarda-guimaraes-de-caires","status":"publish","type":"page","link":"https:\/\/escritoras-em-portugues.com\/en\/xix\/luthgarda-guimaraes-de-caires\/","title":{"rendered":"Luthgarda Guimar\u00e3es de Caires"},"content":{"rendered":"<p><strong>NOME<\/strong> Luthgarda Guimar\u00e3es de Caires<\/p>\n<p><strong>NOMES OUTRA(S) FORMA(S)<\/strong> Lutgarda Guimar\u00e3es de Caires<\/p>\n<h4><strong>Elementos biogr\u00e1ficos<\/strong><\/h4>\n<p><strong>PAI \u00a0<\/strong>Jo\u00e3o Ant\u00f3nio Guimar\u00e3es<\/p>\n<p><strong>M\u00c3E\u00a0<\/strong>Maria Teresa de Barros Guimar\u00e3es<\/p>\n<p><strong>LOCAL DE NASCIMENTO\u00a0<\/strong>Vila Real de Santo Ant\u00f3nio<\/p>\n<p><strong>DATA DE NASCIMENTO<\/strong>\u00a0 13 de Novembro 1873<\/p>\n<p><strong>DATA DA MORTE<\/strong>\u00a0 30 de Mar\u00e7o 1935<\/p>\n<p><strong>ESTADO I<\/strong> Casada<\/p>\n<p><strong>C\u00d4NJUGUE I<\/strong> Serafim Soares Coelho<\/p>\n<p><strong>N\u00ba DE FILHOS\u00a0<\/strong>1<\/p>\n<p><strong>FILHOS\u00a0<\/strong>Clotilde<\/p>\n<p><strong>ESTADO II\u00a0<\/strong>Jo\u00e3o de Caires<\/p>\n<p><strong>C\u00d4NJUGUE II<\/strong><\/p>\n<div><strong><span lang=\"EN-US\">DATA DE CASAMENTO <\/span><\/strong><span lang=\"EN-US\">20 de Novembro 1893<\/span><\/div>\n<div><\/div>\n<div><strong>N\u00ba DE FILHOS <\/strong>1<\/div>\n<div><\/div>\n<div><strong>FILHOS\u00a0<\/strong>\u00c1lvaro Guimar\u00e3es de Caires (n. 5 Abril 1895)<\/div>\n<div><\/div>\n<div><\/div>\n<h4><strong>Obra<\/strong><\/h4>\n<p><strong>OBRAS IMPRESSAS<\/strong><\/p>\n<blockquote><p><em>Glic\u00ednias <\/em>1910<\/p>\n<p><em>A Bandeira Portuguesa\u00a0<\/em>1910<\/p>\n<p><em>Dan\u00e7a do Destino <\/em>1911<\/p>\n<p><em>Papoulas\u00a0<\/em>1912<\/p>\n<p><em>Dan\u00e7a do Destino<\/em> 1913<\/p>\n<p><em>Pombas Feridas<\/em> 1914<\/p>\n<p><em>Sombras e Cinzas <\/em>1916<\/p>\n<p><em>Doutor Vampiro <\/em>1921<\/p>\n<p><em>Violetas<\/em> 1922<\/p>\n<p><em>Cavalinho Branco <\/em>1930<\/p>\n<p><em>Pal\u00e1cio das Tr\u00eas Estrelas<\/em> 1930<\/p>\n<p><em>A Revolta<\/em> (trad Nelly Roussel, La R\u00e9volte)<\/p>\n<p><em>Vagabundo<\/em> (libero de \u00f3pera)<\/p><\/blockquote>\n<p><strong>OBRAS P\u00d3STUMAS<\/strong><\/p>\n<blockquote><p><em>Anoitecer<\/em><\/p>\n<p><em>\u00c1rvores benditas<\/em><\/p>\n<p><em>\u00c1guas Passadas<\/em><\/p>\n<p><em>Lenda de Guimar<\/em><\/p>\n<p><em>Nossa Senhora de Lourdes<\/em><\/p><\/blockquote>\n<p><strong>Colabora\u00e7\u00e3o na Imprensa peri\u00f3dica<\/strong><\/p>\n<blockquote><p><em> O S\u00e9culo<\/em><\/p>\n<p><em>Di\u00e1rio de Not\u00edcias<\/em><\/p>\n<p><em>A Capital<\/em><\/p><\/blockquote>\n<h4><strong>Bibliografia:<\/strong><\/h4>\n<p>B\u00d3LEO, Maria Lu\u00edsa V. de Paiva <i>Lutegarda de Caires e o Natal dos Hospitais\u00a0<\/i>Revista P\u00fablica&#8221;, n.\u00ba 82.\u00a0<i>O P\u00fablico<\/i>, 2833, de 14 de dezembro, 1997.<\/p>\n<p><span style=\"font-size: inherit;\">COELHO, Jacinto do Prado (org.) <em>Dicion\u00e1rio de Literatura,<\/em> 3\u00ba ed. vol II, Porto, Figueirinhas, 1978, p. 679.<\/span><\/p>\n<p style=\"font-weight: 400;\">ESTEVES, Jo\u00e3o,\u00a0<em>As Origens do Sufragismo Portugu\u00eas. A primeira organiza\u00e7\u00e3o sufragista portuguesa: A Associa\u00e7\u00e3o de Propaganda Feminista (1911-1918),<\/em>\u00a0Lisboa, Biz\u00e2ncio, 1998.<\/p>\n<p>[ESTEVES, Jo\u00e3o] &#8220;Lutgarda Guimar\u00e3es de Caires&#8221; in.: N\u00d3VOA, Ant\u00f3nio Sampaio da (coord.) <em>Dicion\u00e1rio de Educadores Portugueses<\/em>, pp. 226-227.<\/p>\n<p>FONSECA, Maria Odette Leonardo da, <em>Lutgarda Guimar\u00e3es de Caires, <\/em>Vila Real de Santo Ant\u00f3nio, 1973.<\/p>\n<p>MARREIROS, Gl\u00f3ria Maria, <em>Quem foi Quem? 200 Algarvios do S\u00e9culo XX,<\/em> Lisboa, Ed. Colibri, 2000, pp. 117-120.<\/p>\n<p>OLIVEIRA, Am\u00e9rico Lopes de\u00a0<em>Dicion\u00e1rio de Mulheres C\u00e9lebres, <\/em>Porto, 1981, pp. 185-186.<\/p>\n<p>SIME\u00c3O, Maria Rosalina Bento &#8220;Luthgarda Guimar\u00e3es de Caires&#8221; in.: Z\u00edlia Os\u00f3rio do CASTRO e Jo\u00e3o ESTEVES, <em>Dicion\u00e1rio no Feminino (s\u00e9culos XIX-XX), <\/em>Lisboa, Livros Horizonte, 2005, \u00a0pp. 538-541.<\/p>\n","protected":false},"excerpt":{"rendered":"<p>NOME Luthgarda Guimar\u00e3es de Caires NOMES OUTRA(S) FORMA(S) Lutgarda Guimar\u00e3es de Caires Elementos biogr\u00e1ficos PAI \u00a0Jo\u00e3o Ant\u00f3nio Guimar\u00e3es M\u00c3E\u00a0Maria Teresa de Barros Guimar\u00e3es LOCAL DE NASCIMENTO\u00a0Vila Real de Santo Ant\u00f3nio DATA DE NASCIMENTO\u00a0 13 de Novembro 1873 DATA DA MORTE\u00a0 30 de Mar\u00e7o 1935 ESTADO I Casada C\u00d4NJUGUE I Serafim Soares Coelho N\u00ba DE FILHOS\u00a01 &#8230; <a title=\"Luthgarda Guimar\u00e3es de Caires\" class=\"read-more\" href=\"https:\/\/escritoras-em-portugues.com\/en\/xix\/luthgarda-guimaraes-de-caires\/\" aria-label=\"Read more about Luthgarda Guimar\u00e3es de Caires\">Read more<\/a><\/p>","protected":false},"author":3,"featured_media":0,"parent":48,"menu_order":0,"comment_status":"closed","ping_status":"closed","template":"","meta":{"cybocfi_hide_featured_image":"","footnotes":""},"class_list":["post-1385","page","type-page","status-publish"],"_links":{"self":[{"href":"https:\/\/escritoras-em-portugues.com\/en\/wp-json\/wp\/v2\/pages\/1385","targetHints":{"allow":["GET"]}}],"collection":[{"href":"https:\/\/escritoras-em-portugues.com\/en\/wp-json\/wp\/v2\/pages"}],"about":[{"href":"https:\/\/escritoras-em-portugues.com\/en\/wp-json\/wp\/v2\/types\/page"}],"author":[{"embeddable":true,"href":"https:\/\/escritoras-em-portugues.com\/en\/wp-json\/wp\/v2\/users\/3"}],"replies":[{"embeddable":true,"href":"https:\/\/escritoras-em-portugues.com\/en\/wp-json\/wp\/v2\/comments?post=1385"}],"version-history":[{"count":10,"href":"https:\/\/escritoras-em-portugues.com\/en\/wp-json\/wp\/v2\/pages\/1385\/revisions"}],"predecessor-version":[{"id":1897,"href":"https:\/\/escritoras-em-portugues.com\/en\/wp-json\/wp\/v2\/pages\/1385\/revisions\/1897"}],"up":[{"embeddable":true,"href":"https:\/\/escritoras-em-portugues.com\/en\/wp-json\/wp\/v2\/pages\/48"}],"wp:attachment":[{"href":"https:\/\/escritoras-em-portugues.com\/en\/wp-json\/wp\/v2\/media?parent=1385"}],"curies":[{"name":"wp","href":"https:\/\/api.w.org\/{rel}","templated":true}]}}