{"id":1355,"date":"2024-01-18T16:13:19","date_gmt":"2024-01-18T16:13:19","guid":{"rendered":"https:\/\/escritoras-em-portugues.com\/?page_id=1355"},"modified":"2024-06-04T22:31:40","modified_gmt":"2024-06-04T22:31:40","slug":"anna-barbosa-de-lossio-e-seilbiz","status":"publish","type":"page","link":"https:\/\/escritoras-em-portugues.com\/en\/xix\/anna-barbosa-de-lossio-e-seilbiz\/","title":{"rendered":"Ana Barbosa de Lossio e Seilbiz"},"content":{"rendered":"<p><strong>NAME \u00a0<\/strong><span lang=\"PT\">Ana Barbosa de Lossio e Seilbiz <\/span><\/p>\n<h4><strong>Biographical Elements<\/strong><\/h4>\n<p><strong>FATHER <\/strong><span lang=\"PT\">Nuno Eug\u00e9nio de Lossio e Seilbiz<\/span><\/p>\n<p><strong>MOTHER <\/strong><span lang=\"PT\">Ana Barbara Correa d\u2019Ara\u00fajo<\/span><\/p>\n<p><strong>BIRTHPLACE\u00a0<\/strong><span lang=\"PT\">Rio de Janeiro<\/span><\/p>\n<p><strong>DATE OF BIRTH \u00a0<\/strong><span lang=\"PT\">6 Novembro 1830<\/span><\/p>\n<p><strong>DATE OF DEATH<\/strong>\u00a0 1 de Fevereiro 1877<\/p>\n<div><b><span lang=\"PT\">MARITAL STATUS <\/span><\/b><span lang=\"PT\">Married<\/span><\/div>\n<div><span lang=\"PT\"><br \/>\n<b>C\u00d4NJUGUE<\/b> Alexandre Jos\u00e9 de Mello Moraes (1816-1882)<\/span><\/div>\n<div><span lang=\"PT\"><br \/>\n<b>NUMBER OF CHILDREN<\/b> 2<\/span><\/div>\n<div><span lang=\"PT\"><br \/>\n<b>CHILDREN <\/b><\/span><\/div>\n<div><span lang=\"PT\">Maria da Concei\u00e7\u00e3o de Mello Moraes<\/span><\/div>\n<div><\/div>\n<div>\n<p><span lang=\"PT\">Alexandre Jos\u00e9 de Mello Moraes (1844-1919)<\/span><\/p>\n<p>&nbsp;<\/p>\n<\/div>\n<h4><strong>WORKS<\/strong><\/h4>\n<p><strong>PRINTED WORKS<\/strong><\/p>\n<blockquote>\n<p style=\"font-weight: 400;\"><em>O sagrado caminho da Cruz: collec\u00e7\u00e3o de trinta magnificas estampas representando as esta\u00e7\u00f5es da paix\u00e3o de Nosso Senhor Jesus Christo e outros assumptos sagrados, acompanhadas de poesias religiosas.<\/em> Rio de Janeiro, Typ. Universal dos editores E. &amp; H. Laemmert 1865.<\/p>\n<p style=\"font-weight: 400;\"><em>O passado e o presente : poesias feitas \u00e0 S. Exa. o sr. Duque de Caxias&#8230; coleccionadas por Alexandre Barbosa de Lossio Mello Moraes<\/em> por Anna Barbosa de Lossio e Seilbiz, Rio de Janeiro: Typografia do Apostolo, 1876.<\/p>\n<p style=\"font-weight: 400;\"><em>Historia da Vida de Jesus Christo<\/em>\u2026, Rio de Janeiro, Typ. Brasileira, 1863. \u201cHomenagem ao ilustrado autor do aut\u00f3grafo americano\u201d Rio de Janeiro, s. n., 1876. (Manuscrito da Biblioteca Nacional do Rio de Janeiro)<\/p>\n<\/blockquote>\n<p style=\"font-weight: 400;\"><strong>MISSING WORKS<\/strong><\/p>\n<blockquote><p><em style=\"font-weight: 400;\">Cantos religiosos,<\/em> poesia <em>(apud <\/em>SILVA<em>,<\/em> Innocencio, vol. IX, 67)<\/p><\/blockquote>\n<p>&nbsp;<\/p>\n<h4><strong>Bibliography<\/strong><\/h4>\n<p><a href=\"https:\/\/repositorio.ufsc.br\/xmlui\/handle\/123456789\/167946\">ALENCAR, Maria Eduarda dos Santos.\u00a0 \u201cTradutoras Brasileiras dos s\u00e9culos XIX e XX. Disserta\u00e7\u00e3o (mestrado) \u2013 Universidade Federal de Santa Catarina, Centro de Comunica\u00e7\u00e3o e Express\u00e3o, Programa de P\u00f3s-Gradua\u00e7\u00e3o em Estudos da Tradu\u00e7\u00e3o, Florian\u00f3polis, 2016.<\/a><\/p>\n<p><a href=\"https:\/\/www.google.com\/url?sa=t&amp;rct=j&amp;q=&amp;esrc=s&amp;source=web&amp;cd=&amp;cad=rja&amp;uact=8&amp;ved=2ahUKEwjVsNOdwsb_AhV5p5UCHbgHCK8QFnoECCEQAQ&amp;url=https%3A%2F%2Fwww.bdtd.uerj.br%3A8443%2Fbitstream%2F1%2F16546%2F5%2FTese%2520-%2520Edgleide%2520de%2520Oliveira%2520Clemente%2520da%2520Silva%2520-%25202020%2520-%2520Completo.pdf&amp;usg=AOvVaw0ZoM0gf9zsdb84-jkvC3mK\">SILVA, Edgleide de Oliveira Clemente da Silva. \u201c\u2019Civilizar pelas letras\u2019: o projeto educacional do alagoano Thomaz do Bomfim Espindola no Imp\u00e9rio brasileiro (1853-1885). Tese (doutorado), \u00a0Universidade do Estado do Rio de Janeiro, Programa de P\u00f3s Gradua\u00e7\u00e3o em Educa\u00e7\u00e3o, Rio de Janeiro, 2020.\u00a0<\/a><\/p>\n<p style=\"font-weight: 400;\">SILVA, Innocencio da, \u00a0<em>Dicion\u00e1rio Bibliographico Portuguez,<\/em> Lisboa, Imprensa Nacional, 1858, vol. \u00a0IX, p. 67.<\/p>","protected":false},"excerpt":{"rendered":"<p>NOME \u00a0Ana Barbosa de Lossio e Seilbiz Elementos biogr\u00e1ficos PAI Nuno Eug\u00e9nio de Lossio e Seilbiz M\u00c3E Ana Barbara Correa d\u2019Ara\u00fajo LOCAL DE NASCIMENTO\u00a0Rio de Janeiro DATA DE NASCIMENTO \u00a06 Novembro 1830 DATA DA MORTE\u00a0 1 de Fevereiro 1877 ESTADO Casada C\u00d4NJUGUE Alexandre Jos\u00e9 de Mello Moraes (1816-1882) N\u00ba DE FILHOS 2 FILHOS Maria da &#8230; <a title=\"Ana Barbosa de Lossio e Seilbiz\" class=\"read-more\" href=\"https:\/\/escritoras-em-portugues.com\/en\/xix\/anna-barbosa-de-lossio-e-seilbiz\/\" aria-label=\"Read more about Ana Barbosa de Lossio e Seilbiz\">Read more<\/a><\/p>","protected":false},"author":3,"featured_media":0,"parent":48,"menu_order":0,"comment_status":"closed","ping_status":"closed","template":"","meta":{"cybocfi_hide_featured_image":"","footnotes":""},"class_list":["post-1355","page","type-page","status-publish"],"_links":{"self":[{"href":"https:\/\/escritoras-em-portugues.com\/en\/wp-json\/wp\/v2\/pages\/1355","targetHints":{"allow":["GET"]}}],"collection":[{"href":"https:\/\/escritoras-em-portugues.com\/en\/wp-json\/wp\/v2\/pages"}],"about":[{"href":"https:\/\/escritoras-em-portugues.com\/en\/wp-json\/wp\/v2\/types\/page"}],"author":[{"embeddable":true,"href":"https:\/\/escritoras-em-portugues.com\/en\/wp-json\/wp\/v2\/users\/3"}],"replies":[{"embeddable":true,"href":"https:\/\/escritoras-em-portugues.com\/en\/wp-json\/wp\/v2\/comments?post=1355"}],"version-history":[{"count":8,"href":"https:\/\/escritoras-em-portugues.com\/en\/wp-json\/wp\/v2\/pages\/1355\/revisions"}],"predecessor-version":[{"id":1880,"href":"https:\/\/escritoras-em-portugues.com\/en\/wp-json\/wp\/v2\/pages\/1355\/revisions\/1880"}],"up":[{"embeddable":true,"href":"https:\/\/escritoras-em-portugues.com\/en\/wp-json\/wp\/v2\/pages\/48"}],"wp:attachment":[{"href":"https:\/\/escritoras-em-portugues.com\/en\/wp-json\/wp\/v2\/media?parent=1355"}],"curies":[{"name":"wp","href":"https:\/\/api.w.org\/{rel}","templated":true}]}}