{"id":1350,"date":"2024-01-16T22:35:23","date_gmt":"2024-01-16T22:35:23","guid":{"rendered":"https:\/\/escritoras-em-portugues.com\/?page_id=1350"},"modified":"2024-06-04T22:25:39","modified_gmt":"2024-06-04T22:25:39","slug":"angelina-vidal","status":"publish","type":"page","link":"https:\/\/escritoras-em-portugues.com\/en\/xix\/angelina-vidal\/","title":{"rendered":"Angelina Vidal"},"content":{"rendered":"<p><strong>NAME<\/strong> Angelina Vidal<\/p>\n<div><b>OUTROS NOME(S) <\/b>Angelina Casimira do Carmo da Silva Vidal<\/div>\n<div><\/div>\n<div><\/div>\n<h4><strong>Biographical Elements<\/strong><\/h4>\n<div><b>FATHER <\/b><span lang=\"PT\">Joaquim Casimiro (maestro)<\/span><\/div>\n<div><\/div>\n<div><strong><strong>MOTHER <\/strong><\/strong>Rita Adelaide de Jesus<\/div>\n<div><\/div>\n<p><strong>LOCAL<\/strong> <strong>DE NASCIMENTO <\/strong>Lisboa<\/p>\n<p><strong>DATE OF BIRTH <\/strong><span lang=\"PT\">1 de Mar\u00e7o <\/span>1853<\/p>\n<p><strong>LOCAL<\/strong> <strong>DA MORTE <\/strong>Lisboa<\/p>\n<p><strong>DATE OF DEATH <\/strong><span lang=\"PT\">1 de Agosto de 1917<\/span><\/p>\n<div><b>PROFESSION \/ POSITION \/ FUNCTION <\/b><span lang=\"PT\">Professora do Ensino Secund\u00e1rio, Professora do Conservat\u00f3rio<\/span><\/div>\n<div><\/div>\n<div><strong>MARITAL STATUS<\/strong> Married<\/div>\n<div><\/div>\n<div>\n<div><b>C\u00d4NJUGUE <\/b>Lu\u00eds Augusto de Campos Vidal<\/div>\n<\/div>\n<div><\/div>\n<div>\n<div><b>MARRIAGE PLACE AND DATE <\/b>Lisboa, 7 de Novembro 1872<\/div>\n<\/div>\n<div><\/div>\n<div>\n<div><b>NUMBER OF CHILDREN <\/b>5<\/div>\n<\/div>\n<div><\/div>\n<div><strong>CHILDREN<\/strong><\/div>\n<div>\n<p style=\"font-weight: 400;\">Maria Julieta de Campos Vidal (28 de Mar\u00e7o de 1873 &#8211; 1944)<\/p>\n<p style=\"font-weight: 400;\">Violeta de Campos Vidal (25 de Abril de 1874 &#8211; 1916)<\/p>\n<p style=\"font-weight: 400;\">Antonino de Campos Vidal (22 de Janeiro de 1876 &#8211; 14 de Julho de 1912)<\/p>\n<p style=\"font-weight: 400;\">Ema de Campos Vidal (1879 &#8211;\u00a0 1 de Fevereiro de 1885)<\/p>\n<p style=\"font-weight: 400;\">Hugo Casimiro Vidal (1886-1940)<\/p>\n<\/div>\n<div><\/div>\n<h4><strong>WORKS<\/strong><\/h4>\n<p><strong>PRINTED WORKS<\/strong><\/p>\n<blockquote>\n<pre style=\"font-weight: 400;\"><em>\u00cdcaro<\/em> 1902\r\n\r\n<em>A Morte do Esp\u00edrito<\/em> 1885\r\n\r\n<em>Nas Florestas da Vida <\/em>1906\r\n\r\n<em>Jesus no Templo <\/em>\r\n\r\n<em>\u00a0<\/em><em>Espirais de Dor<\/em>\r\n\r\n<em>O Conselheiro Ac\u00e1cio <\/em>(teatro)\r\n\r\n<em>Nobreza de Alma (teatro)<\/em>\r\n\r\n<em>Li\u00e7\u00e3o de Moral (teatro)<\/em>\r\n\r\n<em>Caminho Errado (teatro)<\/em>\r\n\r\n<em>Castigar os que Erram (teatro)<\/em>\r\n\r\n<em>\u00a0<\/em><em>O Oitavo Mandamento\u00a0<\/em>\r\n\r\n<em>\u00a0<\/em><em>Contos Negros\u00a0<\/em>\r\n\r\n<em>\u00a0<\/em><em>Contos de Cristal\u00a0<\/em><\/pre>\n<\/blockquote>\n<div><\/div>\n<div><b><span lang=\"PT\">Colabora\u00e7\u00e3o \u00a0na imprensa peri\u00f3dica<\/span><\/b><\/div>\n<div>\n<blockquote>\n<pre style=\"font-weight: 400;\"><em>Domingo Ilustrado<\/em>\r\n\r\n<em>O Trabalhador<\/em>\r\n\r\n<em>Vanguarda<\/em>\r\n\r\n<em>O Trabalho <\/em>(Set\u00fabal)\r\n\r\n<em>A Greve<\/em>\r\n\r\n<em>Liberdade<\/em>\r\n\r\n<em>Di\u00e1rio Metal\u00fargico<\/em>\r\n\r\n<em>Revolu\u00e7\u00e3o<\/em>\r\n\r\n<em>Partido Oper\u00e1rio<\/em>\r\n\r\n<em>A Cr\u00f3nica Marselhesa<\/em>\r\n\r\n<em>Com\u00e9rcio de Lisboa<\/em>\r\n\r\n<em>Partido do Povo<\/em>\r\n\r\n<em>Voz do Oper\u00e1rio<\/em>\r\n\r\n<em>Gabinete de Rep\u00f3rteres<\/em>\r\n\r\n<em>Caixeiro<\/em>\r\n\r\n<em>O S\u00e9culo<\/em>\r\n\r\n<em>Sindicato<\/em>\r\n\r\n<em>Justi\u00e7a do Povo<\/em>\r\n\r\n<em>Emancipa\u00e7\u00e3o<\/em>\r\n\r\n<em>Futuro de Angola<\/em>\r\n\r\n<em>Revista do Congresso Liter\u00e1rio do Rio Grande do Norte<\/em><\/pre>\n<\/blockquote>\n<\/div>\n<div><\/div>\n<h4><strong>Bibliography<\/strong><\/h4>\n<p style=\"font-weight: 400;\">ALVIM, Maria Helena Vilas Boas,\u00a0<em>Angelina Vidal. Uma vida ao servi\u00e7o da propaga\u00e7\u00e3o da Nova Ideia,\u00a0<\/em>Porto, s.n. 1993.<\/p>\n<p>ALVIM, Maria Helena Vilas Boas, &#8220;Angelina Casimira do Carmo Vidal&#8221; in.: Z\u00edlia Os\u00f3rio de CASTRO e Jo\u00e3o ESTEVES (coord.)\u00a0<em>Dicion\u00e1rio no Feminino,\u00a0<\/em>Lisboa, Livros Horizonte, 2005, pp. 113-122.<\/p>\n<p style=\"font-weight: 400;\">BARREIRA, Cec\u00edlia, <em>Hist\u00f3ria das nossas Av\u00f3s, <\/em>Lisboa, 1992<\/p>\n<p style=\"font-weight: 400;\">BARREIRA, Cec\u00edlia \u201cVIDAL, Angelina\u201d in.: MACHADO, \u00c1lvaro Manuel (coord.) <em>Dicion\u00e1rio de Literatura Portuguesa,<\/em> Lisboa, Presen\u00e7a, 1996, p. 499.<\/p>\n<p>NOGUEIRA, J. F. Henrique,\u00a0<em>Estudos sobre a Reforma em Portugal,<\/em> Lisboa, 1851, pp. 284 e 288.<\/p>\n<p>NUNES, Maria de F\u00e1tima &#8220;Angelina Vidal e o mundo do trabalho&#8221;\u00a0<em>A Mulher na Sociedade Portuguesa, Actas do Col\u00f3quio, <\/em>Coimbra, 1989, pp. 457-465.<\/p>\n<p style=\"font-weight: 400;\">SAMARA, Maria Alice,\u00a0<em>Oper\u00e1rias e Burguesas: As Mulheres no Tempo da Rep\u00fablica<\/em>, A Esfera dos Livros, Lisboa, 2007.<\/p>\n<p style=\"font-weight: 400;\">VIDAL, M\u00e1rio de Campos,\u00a0<em>Angelina Vidal, Escritora, Jornalista, Republicana, Revolucion\u00e1ria e Socialista,\u00a0<\/em>Parede, Tribuna da Hist\u00f3ria, 2010.<\/p>","protected":false},"excerpt":{"rendered":"<p>NOME Angelina Vidal OUTROS NOME(S) Angelina Casimira do Carmo da Silva Vidal Elementos biogr\u00e1ficos PAI Joaquim Casimiro (maestro) M\u00c3E Rita Adelaide de Jesus LOCAL DE NASCIMENTO Lisboa DATA DE NASCIMENTO 1 de Mar\u00e7o 1853 LOCAL DA MORTE Lisboa DATA DA MORTE 1 de Agosto de 1917 PROFISS\u00c3O \/ CARGO \/ FUN\u00c7\u00c3O Professora do Ensino Secund\u00e1rio, &#8230; <a title=\"Angelina Vidal\" class=\"read-more\" href=\"https:\/\/escritoras-em-portugues.com\/en\/xix\/angelina-vidal\/\" aria-label=\"Read more about Angelina Vidal\">Read more<\/a><\/p>","protected":false},"author":3,"featured_media":0,"parent":48,"menu_order":0,"comment_status":"closed","ping_status":"closed","template":"","meta":{"cybocfi_hide_featured_image":"","footnotes":""},"class_list":["post-1350","page","type-page","status-publish"],"_links":{"self":[{"href":"https:\/\/escritoras-em-portugues.com\/en\/wp-json\/wp\/v2\/pages\/1350","targetHints":{"allow":["GET"]}}],"collection":[{"href":"https:\/\/escritoras-em-portugues.com\/en\/wp-json\/wp\/v2\/pages"}],"about":[{"href":"https:\/\/escritoras-em-portugues.com\/en\/wp-json\/wp\/v2\/types\/page"}],"author":[{"embeddable":true,"href":"https:\/\/escritoras-em-portugues.com\/en\/wp-json\/wp\/v2\/users\/3"}],"replies":[{"embeddable":true,"href":"https:\/\/escritoras-em-portugues.com\/en\/wp-json\/wp\/v2\/comments?post=1350"}],"version-history":[{"count":6,"href":"https:\/\/escritoras-em-portugues.com\/en\/wp-json\/wp\/v2\/pages\/1350\/revisions"}],"predecessor-version":[{"id":1876,"href":"https:\/\/escritoras-em-portugues.com\/en\/wp-json\/wp\/v2\/pages\/1350\/revisions\/1876"}],"up":[{"embeddable":true,"href":"https:\/\/escritoras-em-portugues.com\/en\/wp-json\/wp\/v2\/pages\/48"}],"wp:attachment":[{"href":"https:\/\/escritoras-em-portugues.com\/en\/wp-json\/wp\/v2\/media?parent=1350"}],"curies":[{"name":"wp","href":"https:\/\/api.w.org\/{rel}","templated":true}]}}