{"id":1323,"date":"2024-01-16T10:42:08","date_gmt":"2024-01-16T10:42:08","guid":{"rendered":"https:\/\/escritoras-em-portugues.com\/?page_id=1323"},"modified":"2024-06-04T22:46:15","modified_gmt":"2024-06-04T22:46:15","slug":"modelo-2","status":"publish","type":"page","link":"https:\/\/escritoras-em-portugues.com\/en\/xix\/modelo-2\/","title":{"rendered":"Maria Peregrina de Sousa"},"content":{"rendered":"<p><strong>NAME <\/strong>Maria Peregrina de Sousa<\/p>\n<div><span lang=\"PT\"><strong>OTHER NAME(S) <\/strong>Maria de Sousa<\/span><\/div>\n<div><\/div>\n<div>\n<div><b>PSEUDONYM(S) \u00a0<\/b>Uma obscura Portuense, Mariposa, D.M.P., D.M.P.S., Uma Senhora da Cidade do Porto, Maria Peregrina Maia de Sousa<\/div>\n<div><\/div>\n<div><\/div>\n<div><\/div>\n<\/div>\n<h4><strong>Biographical Elements<\/strong><\/h4>\n<div><b>FATHER <\/b><span lang=\"PT\">Ant\u00f3nio Ventura de Azevedo e Sousa<\/span><\/div>\n<div><\/div>\n<div><\/div>\n<div>\n<div><b>MOTHER <\/b>Maria Margarida de Sousa Neves<\/div>\n<div><\/div>\n<div><\/div>\n<\/div>\n<div><b>BIRTHPLACE <\/b><span lang=\"PT\">Porto<\/span><\/div>\n<div><\/div>\n<div><\/div>\n<p><strong>DATE OF BIRTH <\/strong><span lang=\"PT\">13 de Fevereiro de 1809<\/span><\/p>\n<div><\/div>\n<div><b>PLACE OF DEATH <\/b>Porto<\/div>\n<div><\/div>\n<div><\/div>\n<p><strong>DATE OF DEATH \u00a0<\/strong><span lang=\"PT\">20 de Novembro de 1886 (?) \/ 16 de Novembro de 1894 (?)<\/span><\/p>\n<p><b>MARITAL STATUS <\/b>Solteira<\/p>\n<div>\n<div><b>LANGUAGES <\/b><span lang=\"PT\">Portugu\u00eas, Franc\u00eas<\/span><\/div>\n<div><\/div>\n<div><\/div>\n<\/div>\n<h4><strong>WORKS<\/strong><\/h4>\n<p><strong>PRINTED WORKS<\/strong><\/p>\n<blockquote>\n<p style=\"font-weight: 400;\"><em>Retalho do Mundo<\/em>, Porto, Editor Eduardo Pereira Barbosa, 1859.<\/p>\n<p style=\"font-weight: 400;\"><em>Maria Isabel<\/em>, Porto, Typographia de Jos\u00e9 Pereira da Silva. 1866.<\/p>\n<p style=\"font-weight: 400;\"><em>Henriqueta<\/em>, Porto, Typographia de Alexandre da Fonseca Vasconcelos, 1876.<\/p>\n<p><em>Rhadamanto ou a mana do conde, seguido do Roberto ou a for\u00e7a da simpatia, <\/em>Lisboa, Tip. de Castro Irm\u00e3o, 1863.<\/p><\/blockquote>\n<div><b><span lang=\"PT\">Publications in the periodical press<\/span><\/b><\/div>\n<div><\/div>\n<div>\n<blockquote>\n<p style=\"font-weight: 400;\">\u00a0\u201cRicardo e Margarida\u201d in <em>Archivo Popular: Leituras de Instru\u00e7\u00e3o e Recreio. Semanario Pintoresco<\/em>, Lisboa, Volume VI, 1842, pp. 154-156.<\/p>\n<\/blockquote>\n<\/div>\n<blockquote>\n<div>\n<p style=\"font-weight: 400;\">\u201cHistoria de Adelaide\u201d in <em>Archivo Popular: Leituras de Instru\u00e7\u00e3o e Recreio. Semanario Pintoresco<\/em>, Lisboa, Volume VI, pp. 370-371, 378-379, 1842.<\/p>\n<p style=\"font-weight: 400;\">\u201cZulima ou a cruz de oiro\u201d in <em>Archivo Popular: Leituras de Instru\u00e7\u00e3o e Recreio. Semanario Pintoresco<\/em>, Lisboa, Volume VII, pp. 253-254, 258-259, 270-272, 1843.<\/p>\n<\/div>\n<div>\n<p style=\"font-weight: 400;\">\u201cA falta de huma m\u00e3i\u201d in <em>Archivo Popular: Leituras de Instru\u00e7\u00e3o e Recreio. Semanario Pintoresco<\/em>, Lisboa, Volume VII, pp. 282-284, 291-292, 302-303, 1843.<\/p>\n<p style=\"font-weight: 400;\">\u201cA Longuinha\u201d in <em>Archivo Popular: Leituras de Instru\u00e7\u00e3o e Recreio. Semanario Pintoresco<\/em>, Lisboa, Volume VII, 1843, pp. 390-392, 394-396, 402-40.<\/p>\n<div><span lang=\"PT\">\u201cO passeio do cimeterio em v\u00e3o\u201d <i>Iris: Periodico de religi\u00e3o, bellas-artes, sciencia, letras, historia, poesia, romance, noticias e variedades<\/i>, Rio de Janeiro, Vol. I, 1848, pp. 331-333.<\/span><\/div>\n<div><\/div>\n<\/div>\n<div>\n<p style=\"font-weight: 400;\">\u201cDialogos familiares\u201d in <em>Iris: Periodico de religi\u00e3o, bellas-artes, sciencia, letras, historia, poesia, romance, noticias e variedades<\/em>, Rio de Janeiro, 1848, Vol. I, pp. 400-402.<\/p>\n<\/div>\n<div>\n<div><span lang=\"PT\">\u201cPepa\u201d in <i>Iris: Periodico de religi\u00e3o, bellas-artes, sciencia, letras, historia, poesia, romance, noticias e variedades<\/i>, Rio de Janeiro, Vol. I, 1848, pp. 562-567, 586-591, 627-632, 642-648.<\/span><\/div>\n<div><\/div>\n<\/div>\n<\/blockquote>\n<div>\n<blockquote>\n<p style=\"font-weight: 400;\">\u201cMaria Isabel\u201d in <em>A Esperan\u00e7a: Semanario de Recreio Litterario Dedicado \u00e1s Damas<\/em>, Lisboa, Volume I, 1865, pp. 6-7, 9-10, 19-20, 34-37, 44-48, 62-64, 67-71, 73-77,85-87, 94-95, 100-101, 121-123, 135-136, 142-144, 151-152, 156-157, 163-164, 177-179, 185- 186, 193-194, 201-204, 209- 211, 217, 225-226, 233, 244-245, 249-251, 260-262, 270-271, 287, 289-290, 298, 320, 329-330, 353-354, 361-362.<\/p>\n<p>&#8220;Supersti\u00e7\u00f5es do Minho&#8221;\u00a0<em>Revista Universal Lisbonense<\/em><\/p><\/blockquote>\n<p style=\"font-weight: 400;\"><strong>Periodicals in which he contributed<\/strong><\/p>\n<blockquote>\n<p style=\"font-weight: 400;\"><em>Arquivo Pitoresco<\/em><\/p>\n<p style=\"font-weight: 400;\"><em>Arquivo Popular<\/em><\/p>\n<p style=\"font-weight: 400;\"><em>\u00a0<\/em><em>\u00cdris <\/em>(Rio de Janeiro)<\/p>\n<p style=\"font-weight: 400;\"><em>O Pirata <\/em>(Porto)<\/p>\n<p style=\"font-weight: 400;\"><em>Miscel\u00e2nea Po\u00e9tica <\/em>(1851-1852) (Porto)<\/p>\n<p style=\"font-weight: 400;\"><em>A Aurora <\/em>(1852) (Porto)<\/p>\n<p style=\"font-weight: 400;\"><em>O Bardo <\/em>(1852-1854; 1857) <em>(Porto)<\/em><\/p>\n<p style=\"font-weight: 400;\"><em>Gazeta de Portugal (1863)<\/em><\/p>\n<p style=\"font-weight: 400;\"><em>Revista Universal Lisbonense.\u00a0<\/em>(Lisboa)<\/p>\n<p style=\"font-weight: 400;\"><em>Almanaque de Lembran\u00e7as Luso-Brasileiro<\/em><\/p>\n<p style=\"font-weight: 400;\"><em>Grinalda<\/em><em>\u00a0<\/em><\/p>\n<p style=\"font-weight: 400;\"><em>Braz Tisana<\/em><\/p>\n<p style=\"font-weight: 400;\"><em>Lidador<\/em><\/p>\n<p style=\"font-weight: 400;\"><em>Restaura\u00e7\u00e3o da Carta<\/em><\/p>\n<p style=\"font-weight: 400;\"><em>Peri\u00f3dico dos Pobres do Porto\u00a0<\/em>(Porto)<\/p>\n<p style=\"font-weight: 400;\"><em>O Panorama <\/em>(Porto)<\/p>\n<p style=\"font-weight: 400;\"><em>O Recreio das Damas<\/em><\/p>\n<p style=\"font-weight: 400;\"><em>A Esperan\u00e7a seman\u00e1rio de recreio dedicado \u00e0s Damas <\/em>(1865-1866) (Porto)<\/p>\n<p style=\"font-weight: 400;\"><em>Almanaque das Senhoras (1871-1876)<\/em><\/p>\n<p style=\"font-weight: 400;\"><em>A Borboleta <\/em>(1876) (Braga)<\/p>\n<\/blockquote>\n<\/div>\n<h4><strong>Bibliography<\/strong><\/h4>\n<p>ANDRADE, Adriano da Guerra e, <em>Dicion\u00e1rio de Pseud\u00f3nimos e Iniciais de Escritores Portugueses<\/em>, Lisboa, Biblioteca Nacional, 1999<\/p>\n<p style=\"font-weight: 400;\">BARROS, Thereza Leit\u00e3o de, <em>Escritoras de Portugal: G\u00e9nio feminino revelado na Literatura Portuguesa<\/em>, Lisboa, Volume II, 1924, pp. 179-181.<\/p>\n<p style=\"font-weight: 400;\">BIGUELINI, Elen, \u201cO travestismo na literatura escrita por mulheres em Portugal no final do s\u00e9culo XVIII e in\u00edcio do s\u00e9culo XIX\u201d in <em>Anais do VII Semin\u00e1rio Internacional e XVI Semin\u00e1rio Nacional Mulher e Literatura: Mulheres de Letras \u2013 do Oitocentismo \u00e0 Contemporaneirdade: Transforma\u00e7\u00f5es e Perspectivas<\/em>, Universidade de Caxias do Sul, 2016, pp. 280-291.<\/p>\n<div>\n<p><a href=\"http:\/\/www.cepese.pt\/portal\/pt\/publicacoes\/obras\/arte-cultura-e-patrimonio-do-romantismo-actas-do-1o-coloquio-201csaudade-perpetua201d\/maria-peregrina-de-sousa-e-sua-irma-maria-do-patrocinio-de-sousa-no-periodico-a-grinalda\"><span lang=\"PT\">BIGUELINI, Elen, \u201cMaria Peregrina de Sousa e sua irm\u00e3, Maria do Patroc\u00ednio de Sousa, no peri\u00f3dico <i>A Grinalda<\/i>\u201d in <i>Actas do 1\u00ba Col\u00f3quio \u201cSaudade Perp\u00e9tua\u201d<\/i>, 2017, pp. 712-729.<\/span><\/a><\/p>\n<div>\n<p><span lang=\"PT\">BIGUELINI, Elen, \u201cParalelos na obra de Jane Austen (1775-1817) e Maria Peregrina de Sousa (1809-1894)\u201d in <i>Anais do XXVI Congresso Internacional da ABRALIP: Ensino e pesquisa da literatura portuguesa no Brasil e no mundo<\/i>, Curitiba, 2017, pp. 444-456.<\/span><\/p>\n<div>\n<p><span lang=\"PT\"><a href=\"http:\/\/rgplrc.libware.net\/ojs\/index.php\/rcl\/article\/view\/250\">BIGUELINI, Elen, \u201c\u00abHe preciso ceder a nosso destino\u00bb: amores imposs\u00edveis em quatro obras de autoria feminina do s\u00e9culo XIX\u201d in<\/a><i>Converg\u00eancia Lus\u00edada<\/i>, 39, Rio de Janeiro, Real Gabinete Portugu\u00eas de Leitura, 2018, pp. 164-174.<\/span><\/p>\n<div>\n<p><span lang=\"PT\">BRUNO, Sampaio, \u201cVI \u2013 Soror Dolores \u2013 D. Maria Adelaide Fernandes Prata \u2013 D. Maria Peregrina de Souza\u201d <i>Portuenses Ilustres<\/i>, Porto, 1907, Tomo II, pp. 147-163.<\/span><\/p>\n<div>\n<p><span lang=\"PT\">CABRAL, Alexandre, \u201cA Grinalda\u201d in <i>Dicion\u00e1rio de Camilo Castelo Branco<\/i>, Lisboa, Caminho, 1989, p. 302.<\/span><\/p>\n<div>\n<p><span lang=\"PT\">CASTEL\u00c3O, S. M. Gon\u00e7alves. \u201cSousa, Maria Peregrina de\u201d in.: Helena Carvalh\u00e3o BUESCU (coord.) <i>Dicion\u00e1rio do Romantismo Liter\u00e1rio Portugu\u00eas<\/i>, Lisboa, Caminho, 1997, pp. 541-542.<\/span><\/p>\n<\/div>\n<div>\n<p><span lang=\"PT\">CASTILHO, Ant\u00f3nio Feliciano de. \u201cMaria Peregrina de Sousa\u201d in <i>Revista Contempor\u00e2nea de Portugal<\/i>, Lisboa, 3\u00ba ano, Tomo III, 1861, pp. 273-312.<\/span><\/p>\n<\/div>\n<div>\n<p><a href=\"http:\/\/rgplrc.libware.net\/ojs\/index.php\/rcl\/article\/viewFile\/94\/95\"><span lang=\"PT\">COMANDULLI, Ana Cristina. \u201cMaria Peregrina de Sousa (1809-1894)\u201d<i>Converg\u00eancia Lus\u00edada<\/i>, 32, Rio de Janeiro., RGPL, 2014, pp. 208-211.<\/span><\/a><\/p>\n<div><a href=\"http:\/\/oaji.net\/articles\/2016\/3931-1473951112.pdf\"><span lang=\"PT\">COMANDULLI, Ana Cristina. \u201cMaria Peregrina de Sousa escreve no <i>\u00cdris<\/i>\u201d in <i>Revista Araticum<\/i>, Programa de P\u00f3s-gradua\u00e7\u00e3o em Letras\/Estudos Liter\u00e1rios da Unimontes, v.11, n.11. Rio de Janeiro, 2015.<\/span><\/a><\/div>\n<div><\/div>\n<\/div>\n<\/div>\n<\/div>\n<div><\/div>\n<div>\n<div>\n<div>\n<p><span lang=\"PT\">ESTEVES, Jo\u00e3o, \u201cMaria Peregrina de Sousa\u201d in.: Z\u00edlia Os\u00f3rio de Castro e Jo\u00e3o Esteves (coord.), <i>Dicion\u00e1rio no Feminino (S\u00e9culos XIX-XX)<\/i>, \u00a0Lisboa, Livros Horizonte, 2005, p. 739.<\/span><\/p>\n<div>\n<p><span lang=\"PT\">GANH\u00c3O, M\u00f3nica, <\/span><span lang=\"EN-GB\"><span lang=\"PT\">&#8220;Amores no feminino: considera\u00e7\u00f5es acerca da jovem solteira na narrativa de Maria Pe<\/span><span lang=\"PT\">regrina de Sousa&#8221;<\/span><\/span><span lang=\"PT\"><i>Revista Portuguesa de Humanidades<\/i>, Vol. 23, Issue 1-2, 2019, pp. 143-168.<\/span><\/p>\n<\/div>\n<div>\n<p><span lang=\"PT\">MACHADO, \u00c1lvaro Manuel, \u201cSousa, Maria Peregrina de\u201d in \u00c1lvaro Manuel MACHADO (coord.) <i>Dicion\u00e1rio de Literatura Portuguesa<\/i>, Lisboa, Editorial Presen\u00e7a, 1996, p. 466.<\/span><\/p>\n<\/div>\n<div><span lang=\"PT\"><a href=\"http:\/\/www.bdtd.uerj.br\/tde_busca\/arquivo.php?codArquivo=9280\">MARIANO, Juliana de Souza, <i>A personagem feminina nos romances de Maria Peregrina de Sousa: ambiguidades e dualidades<\/i>, Disserta\u00e7\u00e3o de Mestrado, Universidade do Estado do Rio de Janeiro, Instituto de Letras, 2015.<\/a><\/span><\/div>\n<div><\/div>\n<\/div>\n<\/div>\n<div><\/div>\n<div>OLIVEIRA, Am\u00e9rico Lopes de\u00a0<em>Dicion\u00e1rio de Mulheres C\u00e9lebres, <\/em>Porto, Lello &amp; Irm\u00e3o, 1981, p. 1241.<\/div>\n<div><\/div>\n<div><\/div>\n<div>PIMENTEL, Alberto \u201cUma escriptora portuense\u201d <i>Figuras Humanas<\/i>, Lisboa, 1905, pp. 29-35.<\/div>\n<div><\/div>\n<div><\/div>\n<\/div>\n<div>RODRIGUES, Ernesto,\u00a0<em>M\u00e1gico Folhetim &#8211; Literatura e Jornalismo em Portugal, <\/em>Editorial Not\u00edcias, 1998.<\/div>\n<div><\/div>\n<div><\/div>\n<\/div>\n<div>SILVA, Inocencio Francisco da e Brito Aranha,\u00a0<em>Dicion\u00e1rio Bibliogr\u00e1fico\u00a0<\/em><i>Portugu\u00eas, Lisboa, Imprensa Nacional, <\/i>vol. V, p. 80; vol. VI, pp. 142-143 e p. 266; vol. VIII, p. 352, vol. XVI, p. 360.<\/div>\n<div><\/div>\n<div><\/div>\n<div>\n<div>\n<p style=\"font-weight: 400;\">VASCONCELLOS, Jos\u00e9 Leite de, \u201cD. Maria Peregrina de Sousa\u201d <em>Ensaios Ethnographicos<\/em><em>,<\/em> 2\u00aa ed., Famalic\u00e3o, s.n.,1911, Vol. I, pp. 228-240.<\/p>\n<\/div>\n<\/div>\n<\/div>\n<\/div>","protected":false},"excerpt":{"rendered":"<p>NOME Maria Peregrina de Sousa OUTRO(S) NOME(S) Maria de Sousa PSEUD\u00d3NIMO(S) \u00a0Uma obscura Portuense, Mariposa, D.M.P., D.M.P.S., Uma Senhora da Cidade do Porto, Maria Peregrina Maia de Sousa Elementos biogr\u00e1ficos PAI Ant\u00f3nio Ventura de Azevedo e Sousa M\u00c3E Maria Margarida de Sousa Neves LOCAL DE NASCIMENTO Porto DATA DE NASCIMENTO 13 de Fevereiro de 1809 &#8230; <a title=\"Maria Peregrina de Sousa\" class=\"read-more\" href=\"https:\/\/escritoras-em-portugues.com\/en\/xix\/modelo-2\/\" aria-label=\"Read more about Maria Peregrina de Sousa\">Read more<\/a><\/p>","protected":false},"author":3,"featured_media":0,"parent":48,"menu_order":0,"comment_status":"closed","ping_status":"closed","template":"","meta":{"cybocfi_hide_featured_image":"","footnotes":""},"class_list":["post-1323","page","type-page","status-publish"],"_links":{"self":[{"href":"https:\/\/escritoras-em-portugues.com\/en\/wp-json\/wp\/v2\/pages\/1323","targetHints":{"allow":["GET"]}}],"collection":[{"href":"https:\/\/escritoras-em-portugues.com\/en\/wp-json\/wp\/v2\/pages"}],"about":[{"href":"https:\/\/escritoras-em-portugues.com\/en\/wp-json\/wp\/v2\/types\/page"}],"author":[{"embeddable":true,"href":"https:\/\/escritoras-em-portugues.com\/en\/wp-json\/wp\/v2\/users\/3"}],"replies":[{"embeddable":true,"href":"https:\/\/escritoras-em-portugues.com\/en\/wp-json\/wp\/v2\/comments?post=1323"}],"version-history":[{"count":13,"href":"https:\/\/escritoras-em-portugues.com\/en\/wp-json\/wp\/v2\/pages\/1323\/revisions"}],"predecessor-version":[{"id":1900,"href":"https:\/\/escritoras-em-portugues.com\/en\/wp-json\/wp\/v2\/pages\/1323\/revisions\/1900"}],"up":[{"embeddable":true,"href":"https:\/\/escritoras-em-portugues.com\/en\/wp-json\/wp\/v2\/pages\/48"}],"wp:attachment":[{"href":"https:\/\/escritoras-em-portugues.com\/en\/wp-json\/wp\/v2\/media?parent=1323"}],"curies":[{"name":"wp","href":"https:\/\/api.w.org\/{rel}","templated":true}]}}