{"id":1297,"date":"2024-01-14T23:01:22","date_gmt":"2024-01-14T23:01:22","guid":{"rendered":"https:\/\/escritoras-em-portugues.com\/?page_id=1297"},"modified":"2024-06-04T22:31:57","modified_gmt":"2024-06-04T22:31:57","slug":"ana-amalia-moreira-de-sa-2","status":"publish","type":"page","link":"https:\/\/escritoras-em-portugues.com\/en\/xix\/ana-amalia-moreira-de-sa-2\/","title":{"rendered":"Ana Am\u00e1lia Moreira de S\u00e1"},"content":{"rendered":"<p><strong>NAME <\/strong><span lang=\"PT\">Ana Am\u00e1lia Moreira de S\u00e1<\/span><\/p>\n<p><strong>OTHER NAMES<\/strong> <span lang=\"PT\">Anna Am\u00e1lia Moreira de S\u00e1, Ana Am\u00e1lia Borges Carneiro Barreto e Couto Moreira de S\u00e1<\/span><\/p>\n<p><strong>PSEUDONYMS <\/strong>Rosa Encarnada, Ana de S\u00e1,\u00a0A poetisa do Vizela<\/p>\n<h4><strong>Biographical Elements<\/strong><\/h4>\n<div><b>FATHER \u00a0<\/b><span lang=\"PT\">Miguel Ant\u00f3nio Moreira de S\u00e1<\/span><\/div>\n<div><\/div>\n<div><\/div>\n<div><strong>MOTHER<\/strong> Bebiana Moreira de S\u00e1<\/div>\n<div><\/div>\n<div><\/div>\n<div>\n<div><b>BIRTHPLACE \u00a0<\/b>Solar dos S\u00e1s, S. Eulalia de Barrozas, Vizela<\/div>\n<div><\/div>\n<\/div>\n<p><strong>DATE OF BIRTH<\/strong> 28 de Outubro de 1823 ou 1825<\/p>\n<div><b>PLACE OF DEATH \u00a0<\/b>Solar de S\u00e1, RibaVizela<\/div>\n<div><\/div>\n<p><strong>DATE OF DEATH<\/strong>\u00a0 c. 1899<\/p>\n<p style=\"font-weight: 400;\"><strong>MARITAL STATUS\u00a0<\/strong>Married<\/p>\n<p style=\"font-weight: 400;\"><strong>C\u00d4NJUGUE<\/strong>\u00a0Manoel Antonio da Silva e Mello<\/p>\n<p style=\"font-weight: 400;\"><strong>MARRIAGE PLACE AND DATE<\/strong>\u00a01851<\/p>\n<p style=\"font-weight: 400;\"><strong>NUMBER OF CHILDREN<\/strong>\u00a01<\/p>\n<p style=\"font-weight: 400;\"><strong>CHILDREN\u00a0<\/strong><br \/>\nMiguel Ant\u00f3nio Moreira de S\u00e1 e Mello<\/p>\n<h4><strong>WORKS<\/strong><\/h4>\n<p><strong>PRINTED WORKS<\/strong><\/p>\n<blockquote>\n<p style=\"font-weight: 400;\"><em>Murm\u00farios do Vizella,<\/em>\u00a0Porto, Typ de F.G. da Fonseca, 1861.<\/p>\n<\/blockquote>\n<h4><strong>Bibliography<\/strong><\/h4>\n<p style=\"font-weight: 400;\">PIMENTEL, Alberto, <em>Figuras Humanas<\/em>, Porto, Parceria Ant\u00f3nio Maria Pereira, 1905, pgs. 183-199<\/p>\n<p style=\"font-weight: 400;\">CALDAS, Padre Ant\u00f3nio Jos\u00e9 Ferreira, <em>Guimar\u00e3es. Apontamentos para a sua Hist\u00f3ria,<\/em> Porto, Typographia de A. J. da Silva Teixeira, 1881, Vol I, p. 210.<\/p>\n<p style=\"font-weight: 400;\">SILVA, Innocencio da (e Brito Aranha), <em>Dicion\u00e1rio Bibliographico Portuguez<\/em>, Lisboa, Imprensa Nacional, 1858, Vol. VII, p. 66.<\/p>","protected":false},"excerpt":{"rendered":"<p>NOME Ana Am\u00e1lia Moreira de S\u00e1 OUTROS NOMES Anna Am\u00e1lia Moreira de S\u00e1, Ana Am\u00e1lia Borges Carneiro Barreto e Couto Moreira de S\u00e1 PSEUD\u00d3NIMOS Rosa Encarnada, Ana de S\u00e1,\u00a0A poetisa do Vizela Elementos biogr\u00e1ficos PAI \u00a0Miguel Ant\u00f3nio Moreira de S\u00e1 M\u00c3E Bebiana Moreira de S\u00e1 LOCAL DE NASCIMENTO \u00a0Solar dos S\u00e1s, S. Eulalia de Barrozas, &#8230; <a title=\"Ana Am\u00e1lia Moreira de S\u00e1\" class=\"read-more\" href=\"https:\/\/escritoras-em-portugues.com\/en\/xix\/ana-amalia-moreira-de-sa-2\/\" aria-label=\"Read more about Ana Am\u00e1lia Moreira de S\u00e1\">Read more<\/a><\/p>","protected":false},"author":3,"featured_media":0,"parent":48,"menu_order":0,"comment_status":"closed","ping_status":"closed","template":"","meta":{"cybocfi_hide_featured_image":"","footnotes":""},"class_list":["post-1297","page","type-page","status-publish"],"_links":{"self":[{"href":"https:\/\/escritoras-em-portugues.com\/en\/wp-json\/wp\/v2\/pages\/1297","targetHints":{"allow":["GET"]}}],"collection":[{"href":"https:\/\/escritoras-em-portugues.com\/en\/wp-json\/wp\/v2\/pages"}],"about":[{"href":"https:\/\/escritoras-em-portugues.com\/en\/wp-json\/wp\/v2\/types\/page"}],"author":[{"embeddable":true,"href":"https:\/\/escritoras-em-portugues.com\/en\/wp-json\/wp\/v2\/users\/3"}],"replies":[{"embeddable":true,"href":"https:\/\/escritoras-em-portugues.com\/en\/wp-json\/wp\/v2\/comments?post=1297"}],"version-history":[{"count":8,"href":"https:\/\/escritoras-em-portugues.com\/en\/wp-json\/wp\/v2\/pages\/1297\/revisions"}],"predecessor-version":[{"id":1881,"href":"https:\/\/escritoras-em-portugues.com\/en\/wp-json\/wp\/v2\/pages\/1297\/revisions\/1881"}],"up":[{"embeddable":true,"href":"https:\/\/escritoras-em-portugues.com\/en\/wp-json\/wp\/v2\/pages\/48"}],"wp:attachment":[{"href":"https:\/\/escritoras-em-portugues.com\/en\/wp-json\/wp\/v2\/media?parent=1297"}],"curies":[{"name":"wp","href":"https:\/\/api.w.org\/{rel}","templated":true}]}}