{"id":1276,"date":"2024-01-08T14:51:31","date_gmt":"2024-01-08T14:51:31","guid":{"rendered":"https:\/\/escritoras-em-portugues.com\/?page_id=1276"},"modified":"2024-06-04T22:36:15","modified_gmt":"2024-06-04T22:36:15","slug":"alice-pestana","status":"publish","type":"page","link":"https:\/\/escritoras-em-portugues.com\/en\/xix\/alice-pestana\/","title":{"rendered":"Alice Pestana"},"content":{"rendered":"<p><strong>NOME<\/strong> Alice Pestana<\/p>\n<p><strong>OUTRO(S) NOME(S)<\/strong> Alice Evelina Pestana Coelho<\/p>\n<p><strong>PSEUD\u00d3NIMO(S)\u00a0<\/strong><span lang=\"PT\">Ca\u00efel, Eduardo Ca\u00efel, Celia Elevani, Cil<\/span><\/p>\n<div><\/div>\n<h4><strong>Elementos biogr\u00e1ficos<\/strong><\/h4>\n<div><strong>PAI<\/strong> Eduardo Augusto Villar Coelho<\/div>\n<div><\/div>\n<div><strong>M\u00c3E<\/strong>\u00a0Matilde Soares Pestana<\/div>\n<div><\/div>\n<div><b>LOCAL DE NASCIMENTO \u00a0<\/b><span lang=\"PT\">Santar\u00e9m<\/span><\/div>\n<div><\/div>\n<p><strong>DATA DE NASCIMENTO<\/strong>\u00a0 7 de Abril 1870<\/p>\n<p style=\"font-weight: 400;\"><strong>PA\u00cdS<\/strong><strong>ES<\/strong><strong> ONDE <\/strong><strong>VIVEU <\/strong>Portugal (Lisboa); Espanha (Madrid) Fran\u00e7a (Paris), Reino Unido (Londres), B\u00e9lgica (Bruxelas), Su\u00ed\u00e7a<\/p>\n<p style=\"font-weight: 400;\"><span style=\"font-weight: 400;\"><strong>PROFISS\u00c3O \/ CARGO \/ FUN\u00c7\u00c3O<\/strong>\u00a0 Jornalista<\/span><\/p>\n<p><strong>LOCAL DA MORTE<\/strong> Madrid<\/p>\n<p><strong>DATA DA MORTE<\/strong>\u00a0 24 Dezembro 1929<\/p>\n<div><b>ESTADO\u00a0<\/b><span lang=\"PT\">Casada<\/span><\/div>\n<div><\/div>\n<div><b>C\u00d4NJUGUE \u00a0<\/b><span lang=\"PT\">Pedro Suarez Blanco<\/span><\/div>\n<div><\/div>\n<div>\n<div><b>LUGAR E DATA DE CASAMENTO<\/b>\u00a05 Janeiro 1901<\/div>\n<\/div>\n<div><\/div>\n<div><strong>IDIOMAS<\/strong> Portugu\u00eas, franc\u00eas, ingl\u00eas, castelhano<\/div>\n<div><\/div>\n<div><\/div>\n<h4><strong>Obra<\/strong><\/h4>\n<p><strong>OBRAS IMPRESSAS<\/strong><\/p>\n<blockquote><p>&#8220;Relatorio da viagem de estudo a estabelecimentos de instruc\u00e7\u00e3o secundaria do sexo feminino na Inglaterra, Suissa e Fran\u00e7a&#8221;\u00a0<em>Diario do Governo<\/em>, appendice ao n\u00ba 17 de 25 de Janeiro 1889.<\/p>\n<p><em>Primeiras leituras,<\/em> Lisboa, Parceria Antonio Maria Pereira, 1899. <em><br \/>\n<\/em><\/p>\n<p><em>Madame Renan<\/em>, Lisboa, Imprensa Nacional, 1896 <em><br \/>\n<\/em><\/p>\n<p><em>Amor \u00e1 antiga<\/em>, Lisboa, Parceria Antonio Maria Pereira, 1894. 2 tomos. <em><br \/>\n<\/em><\/p>\n<p><em>A filha do Jo\u00e3o do Outeiro<\/em>, Lisboa, Parceria Antonio Maria Pereira, 1894. <em><br \/>\n<\/em><\/p>\n<p><em>Genoveva Montanha<\/em>, Lisboa, Companhia Nacional Editora, 1898. <em><br \/>\n<\/em><\/p>\n<p><em>Relatorio de uma visita de estudo aos estabelecimentos de ensino profissional do sexo feminino no estrangeiro,<\/em> Lisboa, Imprensa Nacional, 1893. <em><br \/>\n<\/em><\/p>\n<p><em>O tio Victorino<\/em>. <em>Novella dedicada \u00e1s crean\u00e7as portuguezas<\/em> <em>em commemora\u00e7\u00e3o da festa nacional do quarto centenario da India<\/em>, Lisboa, Parceria Antonio Maria Pereira, 1900. <em><br \/>\n<\/em><\/p>\n<p><em>Revista branca. Dedicada aos pequenos e aos novos, <\/em>Lisboa, Parceria Antonio Maria Pereira, 1900 (24 n\u00fameros). <em><br \/>\n<\/em><\/p>\n<p><em>Commentarios \u00e1 vida<\/em>, Lisboa, Parceria Antonio Maria Pereira, 1900. <em><br \/>\n<\/em><\/p>\n<p><em>Testamento de m\u00e3e,<\/em> Novella, Lisboa, Parceria Antonio Maria Pereira, 1900. <em><br \/>\n<\/em><\/p>\n<p><em>Genoveva Monta\u00f1a,<\/em> Version espa\u00f1ola por \u00abUn lusofilo\u00bb, Madrid, Librer\u00eda de Fernando F\u00e9, <span style=\"font-size: inherit;\">1901.<\/span> <em><br \/>\n<\/em><\/p>\n<p><em>Primeira agonia,<\/em>\u00a0Episodio dramatico em 1 acto representado pela primeira vez no theatro de D. Maria II em 13 de janeiro 1900. <em><br \/>\n<\/em><\/p>\n<p><em>\u00c0s m\u00e3es e \u00e0s filhas. Contos<\/em>, Lisboa, Parceria Antonio Maria Pereira, 1886 (2\u00aa edi\u00e7\u00e3o 1888, 3\u00aa edi\u00e7\u00e3o 1900). <em><br \/>\n<\/em><\/p>\n<p><em>De longe<\/em>. Contos, Lisboa, Parceria Antonio Maria Pereira, 1904. <em><br \/>\n<\/em><\/p>\n<p><em>Dolorosa (Por) Francisco Acebal<\/em>, Traduc\u00e7\u00e3o de Caiel, Lisboa, Antonio Maria Pereira, 1905. <em><br \/>\n<\/em><\/p>\n<p><em>Retalhos de Verdade<\/em>, Lisboa, Pareceria Antonio Maria Pereira, 1908 <em><br \/>\n<\/em><\/p>\n<p><em>O que deve ser a instruc\u00e7\u00e3o secundaria da mulher<\/em>? Lisboa, typ. Estereotypia Moderna, 1892. <em><br \/>\n<\/em><\/p>\n<p><em>La femme et le paix. Appel aux m\u00e8res portugaises. (Quarto centenario do descobrimento da India. Contribui\u00e7\u00f5es da Sociedade de Geographia). <\/em>Lisboa,Imprensa Nacional, 1898.<\/p><\/blockquote>\n<p><strong>Colabora\u00e7\u00e3o na Imprensa Peri\u00f3dica<\/strong><\/p>\n<blockquote>\n<pre><em>\"1769\" O Espectro da Granja\r\n<\/em>\r\n\"Portugal e os Estrangeiros\" <em>O Espectro da Granja<\/em>\r\n<em>\r\nRep\u00fablicas<\/em>\r\n<em>\r\nCorreio da Noite<\/em>\r\n<em>\r\nO Rep\u00f3rter<\/em>\r\n<em>\r\nGazeta de Portugal<\/em>\r\n<em>\r\nO Tempo<\/em>\r\n<em>\r\nCr\u00f3nica <\/em>\r\n<em>\r\nO S\u00e9culo <\/em>\r\n<em>\r\nDi\u00e1rio de Not\u00edcias <\/em>\r\n<em>\r\nO Zo\u00f3filo <\/em>\r\n<em>\r\nFolha do Povo <\/em>\r\n<em>\r\nVanguarda <\/em>\r\n<em>\r\nA Voz do Caixeiro <\/em>\r\n\r\n<em>A Caridade<\/em>\r\n<em>\r\n\u00cd<\/em><i>ndia<\/i>\r\n<em>\r\nRevista de Educa\u00e7\u00e3o <\/em>\r\n<em>\r\nA Capital<\/em>\r\n<em>\r\n\"La mejor obra de la Rep\u00fablica Portuguesa\" La Lectura<\/em> n\u00ba 173<\/pre>\n<\/blockquote>\n<h4><strong>Bibliografia:<\/strong><\/h4>\n<p>AA VV \u00a0<em>Alice Pestana. In Memoriam (1860-1929)<\/em>, Madrid, Julio Cosamo, 1930.<\/p>\n<p><a href=\"http:\/\/www.apostadigital.com\/revistav3\/hemeroteca\/ballesteros3.pdf\">BALLESTEROS GARC\u00cdA, Rosa Maria, &#8220;So\u00f1adoras de dos mundos&#8221;\u00a0<em>Aposta Revista de Ciencias sociales, <\/em>n\u00ba 30, Julio, Agosto y Septiembre 2006, pp. 1-47<\/a><\/p>\n<p>BRAGA, Te\u00f3filo Braga, \u201cCa\u00efel\u201d, <em>La Espa\u00f1a Moderna<\/em>, 12: 139, 1900, pp. 5-10.<\/p>\n<p>C\u00c2MARA, Isabel Maria dos Santos Baptista da, <em>Pensar o feminino. Alice Pestana e a Educa\u00e7\u00e3o<\/em> [tese de Mestrado], Lisboa, Universidade Nova de Lisboa, 1996.<\/p>\n<p>ESTEVES, Jo\u00e3o, \u201cOs Prim\u00f3rdios do Feminismo em Portugal: a 1\u00aa D\u00e9cada do S\u00e9culo XX\u201d, <em>Pen\u00e9lope,<\/em> 25, 2001, pp. 87-112.<\/p>\n<p style=\"font-weight: 400;\">FONSECA, Martinho Augusto, <em>Subs\u00eddios para um Diccionario de Pseudonymos Iniciais e Obras Anonymas de Escriptores Portuguezes<\/em>, Lisboa, Typographia da Academia Real das Sciencias, 1896, p. 15.<\/p>\n<p>HERN\u00c1NDEZ D\u00cdAZ, Jos\u00e9 Mar\u00eda, \u201cAlice Pestana, educadora portuguesa republicana en la Instituci\u00f3n Libre de Ense\u00f1anza\u201d, <em>Historia de la educaci\u00f3n: Revista interuniversitaria<\/em>, 31, 2012, pp. 257-273.<\/p>\n<p>MACHADO, Bernardino, &#8220;Alice Pestana&#8221;\u00a0<em>Boletim de La Instituci\u00f3n de Libre Ense\u00f1aza, <\/em>n\u00ba 840, Abril 1930.<\/p>\n<p>MACHADO, Bernardino, \u00a0\u201cAlice Pestana\u201d, em VVAA: Alice Pestana. In Memoriam. 1860-1929, Madrid, Julio Cosamo, 1930, pp. 23-38.<\/p>\n<p><a href=\"https:\/\/revistas.uned.es\/index.php\/REI\/article\/view\/38142\/28717\">MOCHILA, Miguel Filipe, &#8220;Alice Pestana, cuatro veces nada. Una escritora portuguesa feminista en Espa\u00f1a&#8221; <em>Revista de Escritoras Ibericas, <\/em>vol. 11, 2023, pp. 169-201.<\/a><\/p>\n<p>P\u00c9REZ ISASI, Santiago e Rodrigues, Catarina Sequeira, \u201cEscritoras e intelectuales mujeres en las redes de intercambio cultural ib\u00e9rico (1870-1930): tareas pendientes\u201d, in.: Yasmina ROMERO MORALES, Sabrina L. LAROUSSI, Luca CERULLO (eds.) <em>Reescrituras del paradigma<span class=\"separador\">: <\/span><span class=\"subtitulo\">alteridad y g\u00e9nero en el mundo literario hisp\u00e1nico<\/span><\/em>, Madrid, S\u00edlex Universidad Historia, 2022, pp. 109-130.<\/p>\n<p>ROSA, Elzira Machado, <em>Bernardino Machado, Alice Pestana e a Educa\u00e7\u00e3o da Mulher nos fins do s\u00e9culo XIX<\/em>, \u00a0Lisboa, Comiss\u00e3o da Condi\u00e7\u00e3o Feminina, 1989.<\/p>\n<p>S\u00c1EZ DELGADO, Antonio \u00a0\u201cRelaciones literarias entre Portugal y Espa\u00f1a (1890-1936): hacia un nuevo paradigma\u201d, <em>1616 Anuario de la Sociedad Espa\u00f1ola de Literatura General y Comparada<\/em>, 4, 2014, pp. 25-45.<\/p>\n<p>SILVA, Inocencio Francisco da (e Brito Aranha)\u00a0<em>Dicion\u00e1rio Bibliographico Portuguez<\/em>, Lisboa, Imprensa Nacional, 1858, Vol XIX, pp. 146-148.<\/p>\n<p>SILVA, Maria Regina Tavares da,\u00a0<em>Feminismo em Portugal na voz de mulheres escritoras do in\u00edcio do s\u00e9culo XX,\u00a0<\/em>Lisboa, Comiss\u00e3o da Condi\u00e7\u00e3o Feminina, 1982.<\/p>\n<p>SILVA, Maria Regina Tavares da &#8220;Mulheres Portuguesas: Ca\u00efel&#8221;\u00a0<em>Boletim da Comiss\u00e3o da Condi\u00e7\u00e3o Feminina,\u00a0<\/em>n\u00ba 3, 1979 [reed.: &#8220;Sob o pseud\u00f3nimo de Ca\u00efel cimentou uma luta contra a futilidade&#8221;\u00a0<em>Di\u00e1rio de Not\u00edcias, <\/em>17\/05\/1981] [reed:\u00a0<em>Mulheres Portuguesas. Vidas e Obras celebradas &#8211; vidas e obras ignoradas,\u00a0<\/em>Lisboa, Comiss\u00e3o para a Igualdade e para os Direitos das Mulheres, 1991]<\/p>\n<p>SILVA, Maria Regina Tavares da &#8220;Mulheres Portuguesas Ilustres&#8221; Alma Feminina, Jan-Fev\u00aa 1930.<\/p>\n<p>SILVA, Maria Regina Tavares da &#8220;Alice Evelina Pestana Coelho&#8221; in.: Z\u00edlia Os\u00f3rio de CASTRO e Jo\u00e3o ESTEVES (dir) <em>Dicion\u00e1rio no Feminino (s\u00e9culos XIX-XX)\u00a0<\/em>Lisboa, Livros Horizonte, 2005, pp. 46-50.<\/p>\n","protected":false},"excerpt":{"rendered":"<p>NOME Alice Pestana OUTRO(S) NOME(S) Alice Evelina Pestana Coelho PSEUD\u00d3NIMO(S)\u00a0Ca\u00efel, Eduardo Ca\u00efel, Celia Elevani, Cil Elementos biogr\u00e1ficos PAI Eduardo Augusto Villar Coelho M\u00c3E\u00a0Matilde Soares Pestana LOCAL DE NASCIMENTO \u00a0Santar\u00e9m DATA DE NASCIMENTO\u00a0 7 de Abril 1870 PA\u00cdSES ONDE VIVEU Portugal (Lisboa); Espanha (Madrid) Fran\u00e7a (Paris), Reino Unido (Londres), B\u00e9lgica (Bruxelas), Su\u00ed\u00e7a PROFISS\u00c3O \/ CARGO \/ &#8230; <a title=\"Alice Pestana\" class=\"read-more\" href=\"https:\/\/escritoras-em-portugues.com\/en\/xix\/alice-pestana\/\" aria-label=\"Read more about Alice Pestana\">Read more<\/a><\/p>","protected":false},"author":3,"featured_media":0,"parent":48,"menu_order":0,"comment_status":"closed","ping_status":"closed","template":"","meta":{"cybocfi_hide_featured_image":"","footnotes":""},"class_list":["post-1276","page","type-page","status-publish"],"_links":{"self":[{"href":"https:\/\/escritoras-em-portugues.com\/en\/wp-json\/wp\/v2\/pages\/1276","targetHints":{"allow":["GET"]}}],"collection":[{"href":"https:\/\/escritoras-em-portugues.com\/en\/wp-json\/wp\/v2\/pages"}],"about":[{"href":"https:\/\/escritoras-em-portugues.com\/en\/wp-json\/wp\/v2\/types\/page"}],"author":[{"embeddable":true,"href":"https:\/\/escritoras-em-portugues.com\/en\/wp-json\/wp\/v2\/users\/3"}],"replies":[{"embeddable":true,"href":"https:\/\/escritoras-em-portugues.com\/en\/wp-json\/wp\/v2\/comments?post=1276"}],"version-history":[{"count":16,"href":"https:\/\/escritoras-em-portugues.com\/en\/wp-json\/wp\/v2\/pages\/1276\/revisions"}],"predecessor-version":[{"id":1884,"href":"https:\/\/escritoras-em-portugues.com\/en\/wp-json\/wp\/v2\/pages\/1276\/revisions\/1884"}],"up":[{"embeddable":true,"href":"https:\/\/escritoras-em-portugues.com\/en\/wp-json\/wp\/v2\/pages\/48"}],"wp:attachment":[{"href":"https:\/\/escritoras-em-portugues.com\/en\/wp-json\/wp\/v2\/media?parent=1276"}],"curies":[{"name":"wp","href":"https:\/\/api.w.org\/{rel}","templated":true}]}}