{"id":1211,"date":"2023-11-18T20:49:50","date_gmt":"2023-11-18T20:49:50","guid":{"rendered":"https:\/\/escritoras-em-portugues.com\/?page_id=1211"},"modified":"2024-06-04T22:14:57","modified_gmt":"2024-06-04T22:14:57","slug":"tomasia-caetana-de-aquino-soror","status":"publish","type":"page","link":"https:\/\/escritoras-em-portugues.com\/en\/xviii\/tomasia-caetana-de-aquino-soror\/","title":{"rendered":"Tom\u00e1sia Caetana de Aquino, Soror"},"content":{"rendered":"<p><strong>NOME <\/strong><span lang=\"PT\">Tom\u00e1sia Caetana de Aquino, Soror<\/span><\/p>\n<p><span lang=\"PT\"><strong>OUTRO(S) NOME(S)<\/strong> Thomazia Caetana de Aquino<\/span><\/p>\n<h4><strong>Elementos biogr\u00e1ficos<\/strong><\/h4>\n<p><strong>LOCAL DE NASCIMENTO<\/strong> Lisboa<\/p>\n<p><strong>DATA DE NASCIMENTO<\/strong>\u00a0 S\u00e9culo XVIII<\/p>\n<p><strong>DATA DA MORTE<\/strong>\u00a0 S\u00e9culo XVIII (?)<\/p>\n<p style=\"font-weight: 400;\"><strong>LOCAL DA PROFISS\u00c3O RELIGIOSA<\/strong> Concei\u00e7\u00e3o de Beja<\/p>\n<p style=\"font-weight: 400;\"><strong>CONVENTO<\/strong> \u00a0Concei\u00e7\u00e3o de Beja<\/p>\n<h4><strong>Obra<\/strong><\/h4>\n<p><strong>OBRAS IMPRESSAS<\/strong><\/p>\n<blockquote>\n<p style=\"font-weight: 400;\"><em>Luctuosos Ays do Pranto mais enternecido na sentida morte da Serenissima Senhora D. Francisca Infanta de Portugal expendidos em 14 Oitavas glossando nellas o celebrado Soneto, que principia. Com falta ousadia horror tyrano<\/em>. Lisboa, na Officina Rita Cassiana, 1736.<\/p>\n<p style=\"font-weight: 400;\"><em style=\"font-weight: 400;\">Tres Decimas ao mesmo Assumpto,<\/em><span style=\"font-weight: 400;\"> Lisboa, na Officina Rita Cassiana, 1736.<\/span><\/p>\n<div><span lang=\"PT\">[Segunda edi\u00e7\u00e3o]: <i>Luctuosos Ays do Pranto mais enternecido na sentida morte da Serenissima Senhora D. Francisca Infanta de Portugal, expendidos em quatorze Oytavas Rimas, glosando nellas o celebrado Soneto, que principia. Com fatal ouzadia, horror tyranno; O qual vem nos sentimentos metricos a folhas 17, numero 23. Autora Thomasia Caetana de Aquino por Dona Marianna Josefa Rio-Maior, Religiosa no Mosteiro da Concei\u00e7a\u00f5 da Cidade de Beja<\/i>, Lisboa Occidental, na Nova Officina De Mauricio Vicente de Almeyda, morador aos Sete Cotovellos junto a S. Mamede. MDCCXXXVII.<\/span><\/div>\n<\/blockquote>\n<div><\/div>\n<h4><strong>Bibliografia:<\/strong><\/h4>\n<div><span lang=\"PT\"><span lang=\"PT\"><span lang=\"PT\"><span lang=\"PT\">MACHADO, Diogo Barbosa, <\/span><\/span><\/span><\/span><i><span lang=\"PT\">Bibliotheca Luzitana: hist\u00f3rica, cr\u00edtica e cronol\u00f3gica,<\/span><\/i>Lisboa Occidental, na Officina de Antonio Isidoro da Fonseca, 1741-1759<i>, <\/i><span lang=\"PT\"><span lang=\"PT\"><span lang=\"PT\">volume III<\/span><\/span><\/span><\/div>\n","protected":false},"excerpt":{"rendered":"<p>NOME Tom\u00e1sia Caetana de Aquino, Soror OUTRO(S) NOME(S) Thomazia Caetana de Aquino Elementos biogr\u00e1ficos LOCAL DE NASCIMENTO Lisboa DATA DE NASCIMENTO\u00a0 S\u00e9culo XVIII DATA DA MORTE\u00a0 S\u00e9culo XVIII (?) LOCAL DA PROFISS\u00c3O RELIGIOSA Concei\u00e7\u00e3o de Beja CONVENTO \u00a0Concei\u00e7\u00e3o de Beja Obra OBRAS IMPRESSAS Luctuosos Ays do Pranto mais enternecido na sentida morte da Serenissima Senhora &#8230; <a title=\"Tom\u00e1sia Caetana de Aquino, Soror\" class=\"read-more\" href=\"https:\/\/escritoras-em-portugues.com\/en\/xviii\/tomasia-caetana-de-aquino-soror\/\" aria-label=\"Read more about Tom\u00e1sia Caetana de Aquino, Soror\">Read more<\/a><\/p>","protected":false},"author":3,"featured_media":0,"parent":46,"menu_order":0,"comment_status":"closed","ping_status":"closed","template":"","meta":{"cybocfi_hide_featured_image":"","footnotes":""},"class_list":["post-1211","page","type-page","status-publish"],"_links":{"self":[{"href":"https:\/\/escritoras-em-portugues.com\/en\/wp-json\/wp\/v2\/pages\/1211","targetHints":{"allow":["GET"]}}],"collection":[{"href":"https:\/\/escritoras-em-portugues.com\/en\/wp-json\/wp\/v2\/pages"}],"about":[{"href":"https:\/\/escritoras-em-portugues.com\/en\/wp-json\/wp\/v2\/types\/page"}],"author":[{"embeddable":true,"href":"https:\/\/escritoras-em-portugues.com\/en\/wp-json\/wp\/v2\/users\/3"}],"replies":[{"embeddable":true,"href":"https:\/\/escritoras-em-portugues.com\/en\/wp-json\/wp\/v2\/comments?post=1211"}],"version-history":[{"count":2,"href":"https:\/\/escritoras-em-portugues.com\/en\/wp-json\/wp\/v2\/pages\/1211\/revisions"}],"predecessor-version":[{"id":1870,"href":"https:\/\/escritoras-em-portugues.com\/en\/wp-json\/wp\/v2\/pages\/1211\/revisions\/1870"}],"up":[{"embeddable":true,"href":"https:\/\/escritoras-em-portugues.com\/en\/wp-json\/wp\/v2\/pages\/46"}],"wp:attachment":[{"href":"https:\/\/escritoras-em-portugues.com\/en\/wp-json\/wp\/v2\/media?parent=1211"}],"curies":[{"name":"wp","href":"https:\/\/api.w.org\/{rel}","templated":true}]}}