{"id":1204,"date":"2023-11-18T20:12:19","date_gmt":"2023-11-18T20:12:19","guid":{"rendered":"https:\/\/escritoras-em-portugues.com\/?page_id=1204"},"modified":"2024-06-04T22:13:28","modified_gmt":"2024-06-04T22:13:28","slug":"teresa-angelica-da-silva","status":"publish","type":"page","link":"https:\/\/escritoras-em-portugues.com\/en\/xviii\/teresa-angelica-da-silva\/","title":{"rendered":"Teresa Ang\u00e9lica da Silva"},"content":{"rendered":"<p><strong>NAME <\/strong><span lang=\"PT\">Teresa Ang\u00e9lica da Silva<\/span><\/p>\n<div><span lang=\"PT\">\u00a0\u00a0\u00a0\u00a0\u00a0\u00a0\u00a0 <\/span><\/div>\n<h4><strong>Biographical Elements<\/strong><\/h4>\n<p><strong>DATE OF BIRTH<\/strong>\u00a0 S\u00e9culo XVIII (?)<\/p>\n<p><strong>DATE OF DEATH<\/strong>\u00a0 XVIII century<\/p>\n<h4><strong>WORKS<\/strong><\/h4>\n<p><strong>PRINTED WORKS<\/strong><\/p>\n<blockquote>\n<div><i><span lang=\"PT\">Manual de Ora\u00e7\u00f5es para Assistir ao Sacrificio da Missa. Composto e Aberto ao Buril Por Tereza Angelica da Silva e Dedicado a El-Rei Nosso Senhor D. Jo\u00e3o V<\/span><\/i><span lang=\"PT\">, Lisboa, Antoine Girard, Estev\u00e3o Gautier, 1732.<\/span><\/div>\n<\/blockquote>\n<div><\/div>\n<div><\/div>\n<h4><strong>Bibliography<\/strong><\/h4>\n<p style=\"font-weight: 400;\">BARROS, Teresa Leit\u00e3o de. <em>Escritoras de Portugal.<\/em>\u00a0<em>G\u00e9nio Feminino revelado na Literatura Portuguesa<\/em>, vol. II., Lisboa, 1924, pp. 145-6.<\/p>\n<p style=\"font-weight: 400;\">SILVA, Inoc\u00eancio, Francisco da, <em>Diccion\u00e1rio Bibliographico Portuguez<\/em>, Lisboa, Imprensa Nacional, 1858-1862, vol. VII, p. 316.<\/p>\n<p style=\"font-weight: 400;\">BIblioth\u00e8que Nationale de France<\/p>","protected":false},"excerpt":{"rendered":"<p>NOME Teresa Ang\u00e9lica da Silva \u00a0\u00a0\u00a0\u00a0\u00a0\u00a0\u00a0 Elementos biogr\u00e1ficos DATA DE NASCIMENTO\u00a0 S\u00e9culo XVIII (?) DATA DA MORTE\u00a0 S\u00e9culo XVIII Obra OBRAS IMPRESSAS Manual de Ora\u00e7\u00f5es para Assistir ao Sacrificio da Missa. Composto e Aberto ao Buril Por Tereza Angelica da Silva e Dedicado a El-Rei Nosso Senhor D. Jo\u00e3o V, Lisboa, Antoine Girard, Estev\u00e3o Gautier, &#8230; <a title=\"Teresa Ang\u00e9lica da Silva\" class=\"read-more\" href=\"https:\/\/escritoras-em-portugues.com\/en\/xviii\/teresa-angelica-da-silva\/\" aria-label=\"Read more about Teresa Ang\u00e9lica da Silva\">Read more<\/a><\/p>","protected":false},"author":3,"featured_media":0,"parent":46,"menu_order":0,"comment_status":"closed","ping_status":"closed","template":"","meta":{"cybocfi_hide_featured_image":"","footnotes":""},"class_list":["post-1204","page","type-page","status-publish"],"_links":{"self":[{"href":"https:\/\/escritoras-em-portugues.com\/en\/wp-json\/wp\/v2\/pages\/1204","targetHints":{"allow":["GET"]}}],"collection":[{"href":"https:\/\/escritoras-em-portugues.com\/en\/wp-json\/wp\/v2\/pages"}],"about":[{"href":"https:\/\/escritoras-em-portugues.com\/en\/wp-json\/wp\/v2\/types\/page"}],"author":[{"embeddable":true,"href":"https:\/\/escritoras-em-portugues.com\/en\/wp-json\/wp\/v2\/users\/3"}],"replies":[{"embeddable":true,"href":"https:\/\/escritoras-em-portugues.com\/en\/wp-json\/wp\/v2\/comments?post=1204"}],"version-history":[{"count":2,"href":"https:\/\/escritoras-em-portugues.com\/en\/wp-json\/wp\/v2\/pages\/1204\/revisions"}],"predecessor-version":[{"id":1866,"href":"https:\/\/escritoras-em-portugues.com\/en\/wp-json\/wp\/v2\/pages\/1204\/revisions\/1866"}],"up":[{"embeddable":true,"href":"https:\/\/escritoras-em-portugues.com\/en\/wp-json\/wp\/v2\/pages\/46"}],"wp:attachment":[{"href":"https:\/\/escritoras-em-portugues.com\/en\/wp-json\/wp\/v2\/media?parent=1204"}],"curies":[{"name":"wp","href":"https:\/\/api.w.org\/{rel}","templated":true}]}}